{"id":73,"date":"2018-05-23T11:41:16","date_gmt":"2018-05-23T09:41:16","guid":{"rendered":"https:\/\/www.tillvaxtbohuslan.se\/vattenbruksutbildning\/?page_id=73"},"modified":"2018-05-23T11:47:56","modified_gmt":"2018-05-23T09:47:56","slug":"fisk-och-skaldjursutbildning","status":"publish","type":"page","link":"https:\/\/www.tillvaxtbohuslan.se\/vattenbruksutbildning\/fisk-och-skaldjursutbildning\/","title":{"rendered":"Fisk- och skaldjursutbildning"},"content":{"rendered":"<p>F\u00f6r dig som vill l\u00e4ra dig \u00e4nnu mer och utvecklas inom \u00e4mnet fisk- och skaldjur s\u00e5 finns det ytterligare en utbildning att s\u00f6ka till, l\u00e4s mer och ans\u00f6k h\u00e4r: <a href=\"http:\/\/www.lysekil.se\/utbildning-och-barnomsorg\/vuxenutbildning\/aktuella-utbildningar\/fisk--och-skalddjursodling.html\" target=\"_blank\" rel=\"noopener\">Utbildning inom fisk&#8211;och-skalddjursodling.<\/a><\/p>\n","protected":false},"excerpt":{"rendered":"<p>F\u00f6r dig som vill l\u00e4ra dig \u00e4nnu mer och utvecklas inom \u00e4mnet fisk- och skaldjur s\u00e5 finns det ytterligare en utbildning att s\u00f6ka till, l\u00e4s mer och ans\u00f6k h\u00e4r: Utbildning inom fisk&#8211;och-skalddjursodling.<\/p>\n","protected":false},"author":1,"featured_media":0,"parent":0,"menu_order":0,"comment_status":"closed","ping_status":"closed","template":"","meta":{"_acf_changed":false,"footnotes":""},"class_list":["post-73","page","type-page","status-publish","hentry"],"acf":[],"yoast_head":"<!-- This site is optimized with the Yoast SEO plugin v27.4 - https:\/\/yoast.com\/product\/yoast-seo-wordpress\/ -->\n<title>Fisk- och skaldjursutbildning - Vattenbruksutbildning f\u00f6r webben<\/title>\n<meta name=\"robots\" content=\"index, follow, max-snippet:-1, max-image-preview:large, max-video-preview:-1\" \/>\n<link rel=\"canonical\" href=\"https:\/\/www.tillvaxtbohuslan.se\/vattenbruksutbildning\/fisk-och-skaldjursutbildning\/\" \/>\n<meta property=\"og:locale\" content=\"sv_SE\" \/>\n<meta property=\"og:type\" content=\"article\" \/>\n<meta property=\"og:title\" content=\"Fisk- och skaldjursutbildning - Vattenbruksutbildning f\u00f6r webben\" \/>\n<meta property=\"og:description\" content=\"F\u00f6r dig som vill l\u00e4ra dig \u00e4nnu mer och utvecklas inom \u00e4mnet fisk- och skaldjur s\u00e5 finns det ytterligare en utbildning att s\u00f6ka till, l\u00e4s mer och ans\u00f6k h\u00e4r: Utbildning inom fisk&#8211;och-skalddjursodling.\" \/>\n<meta property=\"og:url\" content=\"https:\/\/www.tillvaxtbohuslan.se\/vattenbruksutbildning\/fisk-och-skaldjursutbildning\/\" \/>\n<meta property=\"og:site_name\" content=\"Vattenbruksutbildning f\u00f6r webben\" \/>\n<meta property=\"article:modified_time\" content=\"2018-05-23T09:47:56+00:00\" \/>\n<meta name=\"twitter:card\" content=\"summary_large_image\" \/>\n<script type=\"application\/ld+json\" class=\"yoast-schema-graph\">{\"@context\":\"https:\\\/\\\/schema.org\",\"@graph\":[{\"@type\":\"WebPage\",\"@id\":\"https:\\\/\\\/www.tillvaxtbohuslan.se\\\/vattenbruksutbildning\\\/fisk-och-skaldjursutbildning\\\/\",\"url\":\"https:\\\/\\\/www.tillvaxtbohuslan.se\\\/vattenbruksutbildning\\\/fisk-och-skaldjursutbildning\\\/\",\"name\":\"Fisk- och skaldjursutbildning - Vattenbruksutbildning f\u00f6r webben\",\"isPartOf\":{\"@id\":\"https:\\\/\\\/www.tillvaxtbohuslan.se\\\/vattenbruksutbildning\\\/#website\"},\"datePublished\":\"2018-05-23T09:41:16+00:00\",\"dateModified\":\"2018-05-23T09:47:56+00:00\",\"breadcrumb\":{\"@id\":\"https:\\\/\\\/www.tillvaxtbohuslan.se\\\/vattenbruksutbildning\\\/fisk-och-skaldjursutbildning\\\/#breadcrumb\"},\"inLanguage\":\"sv-SE\",\"potentialAction\":[{\"@type\":\"ReadAction\",\"target\":[\"https:\\\/\\\/www.tillvaxtbohuslan.se\\\/vattenbruksutbildning\\\/fisk-och-skaldjursutbildning\\\/\"]}]},{\"@type\":\"BreadcrumbList\",\"@id\":\"https:\\\/\\\/www.tillvaxtbohuslan.se\\\/vattenbruksutbildning\\\/fisk-och-skaldjursutbildning\\\/#breadcrumb\",\"itemListElement\":[{\"@type\":\"ListItem\",\"position\":1,\"name\":\"Hem\",\"item\":\"https:\\\/\\\/www.tillvaxtbohuslan.se\\\/vattenbruksutbildning\\\/\"},{\"@type\":\"ListItem\",\"position\":2,\"name\":\"Fisk- och skaldjursutbildning\"}]},{\"@type\":\"WebSite\",\"@id\":\"https:\\\/\\\/www.tillvaxtbohuslan.se\\\/vattenbruksutbildning\\\/#website\",\"url\":\"https:\\\/\\\/www.tillvaxtbohuslan.se\\\/vattenbruksutbildning\\\/\",\"name\":\"Vattenbruksutbildning f\u00f6r webben\",\"description\":\"\",\"potentialAction\":[{\"@type\":\"SearchAction\",\"target\":{\"@type\":\"EntryPoint\",\"urlTemplate\":\"https:\\\/\\\/www.tillvaxtbohuslan.se\\\/vattenbruksutbildning\\\/?s={search_term_string}\"},\"query-input\":{\"@type\":\"PropertyValueSpecification\",\"valueRequired\":true,\"valueName\":\"search_term_string\"}}],\"inLanguage\":\"sv-SE\"}]}<\/script>\n<!-- \/ Yoast SEO plugin. -->","yoast_head_json":{"title":"Fisk- och skaldjursutbildning - Vattenbruksutbildning f\u00f6r webben","robots":{"index":"index","follow":"follow","max-snippet":"max-snippet:-1","max-image-preview":"max-image-preview:large","max-video-preview":"max-video-preview:-1"},"canonical":"https:\/\/www.tillvaxtbohuslan.se\/vattenbruksutbildning\/fisk-och-skaldjursutbildning\/","og_locale":"sv_SE","og_type":"article","og_title":"Fisk- och skaldjursutbildning - Vattenbruksutbildning f\u00f6r webben","og_description":"F\u00f6r dig som vill l\u00e4ra dig \u00e4nnu mer och utvecklas inom \u00e4mnet fisk- och skaldjur s\u00e5 finns det ytterligare en utbildning att s\u00f6ka till, l\u00e4s mer och ans\u00f6k h\u00e4r: Utbildning inom fisk&#8211;och-skalddjursodling.","og_url":"https:\/\/www.tillvaxtbohuslan.se\/vattenbruksutbildning\/fisk-och-skaldjursutbildning\/","og_site_name":"Vattenbruksutbildning f\u00f6r webben","article_modified_time":"2018-05-23T09:47:56+00:00","twitter_card":"summary_large_image","schema":{"@context":"https:\/\/schema.org","@graph":[{"@type":"WebPage","@id":"https:\/\/www.tillvaxtbohuslan.se\/vattenbruksutbildning\/fisk-och-skaldjursutbildning\/","url":"https:\/\/www.tillvaxtbohuslan.se\/vattenbruksutbildning\/fisk-och-skaldjursutbildning\/","name":"Fisk- och skaldjursutbildning - Vattenbruksutbildning f\u00f6r webben","isPartOf":{"@id":"https:\/\/www.tillvaxtbohuslan.se\/vattenbruksutbildning\/#website"},"datePublished":"2018-05-23T09:41:16+00:00","dateModified":"2018-05-23T09:47:56+00:00","breadcrumb":{"@id":"https:\/\/www.tillvaxtbohuslan.se\/vattenbruksutbildning\/fisk-och-skaldjursutbildning\/#breadcrumb"},"inLanguage":"sv-SE","potentialAction":[{"@type":"ReadAction","target":["https:\/\/www.tillvaxtbohuslan.se\/vattenbruksutbildning\/fisk-och-skaldjursutbildning\/"]}]},{"@type":"BreadcrumbList","@id":"https:\/\/www.tillvaxtbohuslan.se\/vattenbruksutbildning\/fisk-och-skaldjursutbildning\/#breadcrumb","itemListElement":[{"@type":"ListItem","position":1,"name":"Hem","item":"https:\/\/www.tillvaxtbohuslan.se\/vattenbruksutbildning\/"},{"@type":"ListItem","position":2,"name":"Fisk- och skaldjursutbildning"}]},{"@type":"WebSite","@id":"https:\/\/www.tillvaxtbohuslan.se\/vattenbruksutbildning\/#website","url":"https:\/\/www.tillvaxtbohuslan.se\/vattenbruksutbildning\/","name":"Vattenbruksutbildning f\u00f6r webben","description":"","potentialAction":[{"@type":"SearchAction","target":{"@type":"EntryPoint","urlTemplate":"https:\/\/www.tillvaxtbohuslan.se\/vattenbruksutbildning\/?s={search_term_string}"},"query-input":{"@type":"PropertyValueSpecification","valueRequired":true,"valueName":"search_term_string"}}],"inLanguage":"sv-SE"}]}},"_links":{"self":[{"href":"https:\/\/www.tillvaxtbohuslan.se\/vattenbruksutbildning\/wp-json\/wp\/v2\/pages\/73","targetHints":{"allow":["GET"]}}],"collection":[{"href":"https:\/\/www.tillvaxtbohuslan.se\/vattenbruksutbildning\/wp-json\/wp\/v2\/pages"}],"about":[{"href":"https:\/\/www.tillvaxtbohuslan.se\/vattenbruksutbildning\/wp-json\/wp\/v2\/types\/page"}],"author":[{"embeddable":true,"href":"https:\/\/www.tillvaxtbohuslan.se\/vattenbruksutbildning\/wp-json\/wp\/v2\/users\/1"}],"replies":[{"embeddable":true,"href":"https:\/\/www.tillvaxtbohuslan.se\/vattenbruksutbildning\/wp-json\/wp\/v2\/comments?post=73"}],"version-history":[{"count":3,"href":"https:\/\/www.tillvaxtbohuslan.se\/vattenbruksutbildning\/wp-json\/wp\/v2\/pages\/73\/revisions"}],"predecessor-version":[{"id":77,"href":"https:\/\/www.tillvaxtbohuslan.se\/vattenbruksutbildning\/wp-json\/wp\/v2\/pages\/73\/revisions\/77"}],"wp:attachment":[{"href":"https:\/\/www.tillvaxtbohuslan.se\/vattenbruksutbildning\/wp-json\/wp\/v2\/media?parent=73"}],"curies":[{"name":"wp","href":"https:\/\/api.w.org\/{rel}","templated":true}]}}