{"id":23,"date":"2017-10-03T08:46:56","date_gmt":"2017-10-03T06:46:56","guid":{"rendered":"https:\/\/www.tillvaxtbohuslan.se\/vattenbruksutbildning\/?page_id=23"},"modified":"2018-05-23T15:29:38","modified_gmt":"2018-05-23T13:29:38","slug":"delmal","status":"publish","type":"page","link":"https:\/\/www.tillvaxtbohuslan.se\/vattenbruksutbildning\/delmal\/","title":{"rendered":"Utbildningarna"},"content":{"rendered":"<h1>Distansutbildning f\u00f6r n\u00e4ringslivsutvecklare<\/h1>\n<p><strong>Utbildningen inneh\u00e5ller introduktion till svenskt vattenbruk, vad man kan t\u00e4nka p\u00e5 vid nyetablering av vattenbruk, olika finansieringsl\u00f6sningar, lagstiftning och vad en entrepren\u00f6r b\u00f6r t\u00e4nka p\u00e5 vid uppstart av vattenbruksverksamhet. <\/strong><\/p>\n<p><strong>Syfte:<\/strong> f\u00f6rmedla kunskap om denna v\u00e4xande n\u00e4ring hos n\u00e4ringslivsutvecklare i Sverige f\u00f6r att dessa aktivt skall kunna bidra till fler etableringar av h\u00e5llbara vattenbruk.<strong><br \/>\nM\u00e5lgrupp:<\/strong> kommunala n\u00e4ringslivsutvecklare och andra som m\u00f6ter konkreta etableringsf\u00f6rfr\u00e5gningar<\/p>\n<h3>Avsnitt<\/h3>\n<p><a href=\"https:\/\/youtu.be\/1nAZUZThprM\" target=\"_blank\" rel=\"noopener\"><strong>Introduktion<br \/>\n<\/strong><\/a><em>Introduktion till vattenbruket i Sverige och uppl\u00e4gg f\u00f6r denna webbut<\/em><em>bildning <\/em><\/p>\n<p><a href=\"https:\/\/youtu.be\/Ai5u4MKNS4c\" target=\"_blank\" rel=\"noopener\"><strong>Hur kan n\u00e4ringslivsutvecklare arbeta med vattenbruk<\/strong><\/a><em><br \/>\n<\/em><em>R\u00f6ster fr\u00e5n n\u00e4ringslivsutvecklare med vattenbruksentrepren\u00f6rer i kommunen. <\/em><\/p>\n<p><a href=\"https:\/\/youtu.be\/qrCCHqwsXhU\" target=\"_blank\" rel=\"noopener\"><strong>Hur kan kommuner hantera en v\u00e4xande vattenbruksn\u00e4ring<\/strong><\/a><br \/>\n<em>Vad beh\u00f6ver kommunen t\u00e4nka p\u00e5 n\u00e4r en RAS-anl\u00e4ggning vill etablera sig.<\/em><\/p>\n<p><a href=\"https:\/\/youtu.be\/0S7Co4BpIgU\" target=\"_blank\" rel=\"noopener\"><strong>Lagstiftning<br \/>\n<\/strong><\/a><em>Varf\u00f6r \u00e4r det sv\u00e5rt att starta ett vattenbruk i Sverige idag? Vilken \u00e4r den viktigaste lagstiftningen som du m\u00e5ste k\u00e4nna till innan du startar?<\/em><\/p>\n<p><a href=\"https:\/\/youtu.be\/NcmC-vO3kpo\" target=\"_blank\" rel=\"noopener\"><strong>Kostnader, Ekonomi<br \/>\n<\/strong><\/a>Vad kr\u00e4vs f\u00f6r en etablering? Vilka m\u00f6jligheter finns?<\/p>\n<p><a href=\"https:\/\/youtu.be\/7vFfOf8U0Q4\" target=\"_blank\" rel=\"noopener\"><strong>N\u00e4r man vill starta ett vattenbruk<br \/>\n<\/strong><\/a><em>Vart kan man v\u00e4nda sig n\u00e4r man vill starta ett vattenbruk f\u00f6r att f\u00e5 hj\u00e4lp, r\u00e5d och svar p\u00e5 sina fr\u00e5gor?<\/em><\/p>\n<p><strong><a href=\"https:\/\/youtu.be\/ZfrSt_MeHIw\" target=\"_blank\" rel=\"noopener\">Framtiden<\/a><br \/>\n<\/strong><em>Hur kommer svenskt vattenbruk att se ut i framtiden?<\/em><\/p>\n<p><img loading=\"lazy\" decoding=\"async\" class=\"alignnone wp-image-60\" src=\"https:\/\/www.tillvaxtbohuslan.se\/vattenbruksutbildning\/wp-content\/uploads\/sites\/22\/2018\/04\/hummer.jpg\" alt=\"\" width=\"449\" height=\"359\" srcset=\"https:\/\/www.tillvaxtbohuslan.se\/vattenbruksutbildning\/wp-content\/uploads\/sites\/22\/2018\/04\/hummer.jpg 813w, https:\/\/www.tillvaxtbohuslan.se\/vattenbruksutbildning\/wp-content\/uploads\/sites\/22\/2018\/04\/hummer-300x240.jpg 300w, https:\/\/www.tillvaxtbohuslan.se\/vattenbruksutbildning\/wp-content\/uploads\/sites\/22\/2018\/04\/hummer-768x614.jpg 768w, https:\/\/www.tillvaxtbohuslan.se\/vattenbruksutbildning\/wp-content\/uploads\/sites\/22\/2018\/04\/hummer-555x444.jpg 555w\" sizes=\"auto, (max-width: 449px) 100vw, 449px\" \/><\/p>\n<p><em>\u00a0<\/em><\/p>\n<h1>Distansutbildning f\u00f6r vattenbruksentrepren\u00f6rer<\/h1>\n<p><strong>Utbildningen inneh\u00e5ller introduktion till svenskt vattenbruk, beskrivning av innovationssystemet, hur man jobbar med aff\u00e4rsmodell och marknad, marknadsf\u00f6ring och varum\u00e4rkesbyggnad, finansieringsl\u00f6sningar och personalrekrytering.<\/strong><\/p>\n<p><strong>Syfte:<\/strong> ge blivande eller etablerade entrepren\u00f6rer verktyg att utveckla h\u00e5llbara och l\u00f6nsamma aff\u00e4rsmodeller.<\/p>\n<p><strong>M\u00e5lgrupp<\/strong>: vattenbrukare<\/p>\n<h3>Avsnitt<\/h3>\n<p><a href=\"https:\/\/youtu.be\/1nAZUZThprM\" target=\"_blank\" rel=\"noopener\"><strong>Introduktion<\/strong><\/a><br \/>\n<em>Introduktion till vattenbruket i Sverige och uppl\u00e4gg f\u00f6r denna webbutbildning<\/em><\/p>\n<p><a href=\"https:\/\/youtu.be\/Au2RfbcE2iA\" target=\"_blank\" rel=\"noopener\"><strong>N\u00e4r man vill starta ett vattenbruk<br \/>\n<\/strong><\/a><em>Vart kan man v\u00e4nda sig n\u00e4r man vill starta ett vattenbruk f\u00f6r att f\u00e5 hj\u00e4lp, r\u00e5d och svar p\u00e5 sina fr\u00e5gor?<\/em><\/p>\n<p><a href=\"https:\/\/youtu.be\/7y91p3gxEwA\" target=\"_blank\" rel=\"noopener\"><strong>Innovationsst\u00f6dsystemet<\/strong><\/a><br \/>\n<em>Det \u00e4r mycket att t\u00e4nka p\u00e5 f\u00f6r en nybliven vattenbruksentrepren\u00f6r. H\u00e4r presenteras en karta \u00f6ver de st\u00f6djande funktioner som finns.<br \/>\n<\/em><\/p>\n<p><a href=\"https:\/\/youtu.be\/LqhH9LY7sfA\" target=\"_blank\" rel=\"noopener\"><strong>VP &#8211; Canvas ett s\u00e4tt att genomlysa din aff\u00e4r<\/strong><\/a><br \/>\n<em>Ett enkelt redskap f\u00f6r att f\u00e5 en fungerande aff\u00e4rsmodell.<\/em><\/p>\n<p><a href=\"https:\/\/youtu.be\/EfWUCsZs8_0\" target=\"_blank\" rel=\"noopener\"><strong>Finansiering<\/strong><\/a><br \/>\n<em>Vilka olika alternativ f\u00f6r finansiering finns?<\/em><\/p>\n<p><a href=\"https:\/\/youtu.be\/hmB5sUY_Bco\" target=\"_blank\" rel=\"noopener\"><strong>Marknad<\/strong><\/a><br \/>\n<em>Hur kan man t\u00e4nka runt marknad<\/em><\/p>\n<p><a href=\"https:\/\/youtu.be\/DC2URSxhbHU\" target=\"_blank\" rel=\"noopener\"><strong>Marknadsf\u00f6ring och varum\u00e4rkesbyggnad<\/strong><\/a><br \/>\n<em>Vad \u00e4r viktigt att t\u00e4nka p\u00e5 n\u00e4r man bygger ett varum\u00e4rke och marknadsf\u00f6r sin produkt?<\/em><\/p>\n<p><a href=\"https:\/\/youtu.be\/myf_isSfddE\" target=\"_blank\" rel=\"noopener\"><strong>Personal\/Samarbetspartners\/Investerare<br \/>\n<\/strong><\/a><em>Tips att ta med sig n\u00e4r du vill samarbeta med andra eller att anst\u00e4lla personal.<\/em><\/p>\n<p><a href=\"https:\/\/youtu.be\/ZfrSt_MeHIw\" target=\"_blank\" rel=\"noopener\"><strong>Framtiden<\/strong><\/a><br \/>\n<em>Hur kommer svenskt vattenbruk att se ut i framtiden?<\/em><\/p>\n<p>&nbsp;<\/p>\n<p>Har du synpunkter p\u00e5 utbildningen eller f\u00f6rslag p\u00e5 till\u00e4gg? Kontakta g\u00e4rna <a href=\"mailto:Daniel.krang@lysekil.se\">Daniel.krang@lysekil.se<\/a> eller <a href=\"mailto:Carl.Dahlberg@lysekil.se\">Carl.Dahlberg@lysekil.se<\/a><\/p>\n<p><img loading=\"lazy\" decoding=\"async\" class=\"wp-image-61 alignleft\" src=\"https:\/\/www.tillvaxtbohuslan.se\/vattenbruksutbildning\/wp-content\/uploads\/sites\/22\/2018\/04\/longlineodling.jpg\" alt=\"\" width=\"455\" height=\"364\" srcset=\"https:\/\/www.tillvaxtbohuslan.se\/vattenbruksutbildning\/wp-content\/uploads\/sites\/22\/2018\/04\/longlineodling.jpg 813w, https:\/\/www.tillvaxtbohuslan.se\/vattenbruksutbildning\/wp-content\/uploads\/sites\/22\/2018\/04\/longlineodling-300x240.jpg 300w, https:\/\/www.tillvaxtbohuslan.se\/vattenbruksutbildning\/wp-content\/uploads\/sites\/22\/2018\/04\/longlineodling-768x614.jpg 768w, https:\/\/www.tillvaxtbohuslan.se\/vattenbruksutbildning\/wp-content\/uploads\/sites\/22\/2018\/04\/longlineodling-555x444.jpg 555w\" sizes=\"auto, (max-width: 455px) 100vw, 455px\" \/><\/p>\n","protected":false},"excerpt":{"rendered":"<p>Distansutbildning f\u00f6r n\u00e4ringslivsutvecklare Utbildningen inneh\u00e5ller introduktion till svenskt vattenbruk, vad man kan t\u00e4nka p\u00e5 vid nyetablering av vattenbruk, olika finansieringsl\u00f6sningar, lagstiftning och vad en entrepren\u00f6r b\u00f6r t\u00e4nka p\u00e5 vid uppstart av vattenbruksverksamhet. Syfte: f\u00f6rmedla kunskap om denna v\u00e4xande n\u00e4ring hos &hellip; <a href=\"https:\/\/www.tillvaxtbohuslan.se\/vattenbruksutbildning\/delmal\/\" title=\"Utbildningarna\">Forts\u00e4tt l\u00e4sa <span class=\"meta-nav\"><i class=\"icon-long-arrow-right\"><\/i><\/span><\/a><\/p>\n","protected":false},"author":1,"featured_media":0,"parent":0,"menu_order":0,"comment_status":"closed","ping_status":"closed","template":"","meta":{"_acf_changed":false,"footnotes":""},"class_list":["post-23","page","type-page","status-publish","hentry"],"acf":[],"yoast_head":"<!-- This site is optimized with the Yoast SEO plugin v27.4 - https:\/\/yoast.com\/product\/yoast-seo-wordpress\/ -->\n<title>Utbildningarna - Vattenbruksutbildning f\u00f6r webben<\/title>\n<meta name=\"robots\" content=\"index, follow, max-snippet:-1, max-image-preview:large, max-video-preview:-1\" \/>\n<link rel=\"canonical\" href=\"https:\/\/www.tillvaxtbohuslan.se\/vattenbruksutbildning\/delmal\/\" \/>\n<meta property=\"og:locale\" content=\"sv_SE\" \/>\n<meta property=\"og:type\" content=\"article\" \/>\n<meta property=\"og:title\" content=\"Utbildningarna - Vattenbruksutbildning f\u00f6r webben\" \/>\n<meta property=\"og:description\" content=\"Distansutbildning f\u00f6r n\u00e4ringslivsutvecklare Utbildningen inneh\u00e5ller introduktion till svenskt vattenbruk, vad man kan t\u00e4nka p\u00e5 vid nyetablering av vattenbruk, olika finansieringsl\u00f6sningar, lagstiftning och vad en entrepren\u00f6r b\u00f6r t\u00e4nka p\u00e5 vid uppstart av vattenbruksverksamhet. Syfte: f\u00f6rmedla kunskap om denna v\u00e4xande n\u00e4ring hos &hellip; Forts\u00e4tt l\u00e4sa\" \/>\n<meta property=\"og:url\" content=\"https:\/\/www.tillvaxtbohuslan.se\/vattenbruksutbildning\/delmal\/\" \/>\n<meta property=\"og:site_name\" content=\"Vattenbruksutbildning f\u00f6r webben\" \/>\n<meta property=\"article:modified_time\" content=\"2018-05-23T13:29:38+00:00\" \/>\n<meta property=\"og:image\" content=\"https:\/\/www.tillvaxtbohuslan.se\/vattenbruksutbildning\/wp-content\/uploads\/sites\/22\/2018\/04\/hummer.jpg\" \/>\n<meta name=\"twitter:card\" content=\"summary_large_image\" \/>\n<meta name=\"twitter:label1\" content=\"Ber\u00e4knad l\u00e4stid\" \/>\n\t<meta name=\"twitter:data1\" content=\"2 minuter\" \/>\n<script type=\"application\/ld+json\" class=\"yoast-schema-graph\">{\"@context\":\"https:\\\/\\\/schema.org\",\"@graph\":[{\"@type\":\"WebPage\",\"@id\":\"https:\\\/\\\/www.tillvaxtbohuslan.se\\\/vattenbruksutbildning\\\/delmal\\\/\",\"url\":\"https:\\\/\\\/www.tillvaxtbohuslan.se\\\/vattenbruksutbildning\\\/delmal\\\/\",\"name\":\"Utbildningarna - Vattenbruksutbildning f\u00f6r webben\",\"isPartOf\":{\"@id\":\"https:\\\/\\\/www.tillvaxtbohuslan.se\\\/vattenbruksutbildning\\\/#website\"},\"primaryImageOfPage\":{\"@id\":\"https:\\\/\\\/www.tillvaxtbohuslan.se\\\/vattenbruksutbildning\\\/delmal\\\/#primaryimage\"},\"image\":{\"@id\":\"https:\\\/\\\/www.tillvaxtbohuslan.se\\\/vattenbruksutbildning\\\/delmal\\\/#primaryimage\"},\"thumbnailUrl\":\"https:\\\/\\\/www.tillvaxtbohuslan.se\\\/vattenbruksutbildning\\\/wp-content\\\/uploads\\\/sites\\\/22\\\/2018\\\/04\\\/hummer.jpg\",\"datePublished\":\"2017-10-03T06:46:56+00:00\",\"dateModified\":\"2018-05-23T13:29:38+00:00\",\"breadcrumb\":{\"@id\":\"https:\\\/\\\/www.tillvaxtbohuslan.se\\\/vattenbruksutbildning\\\/delmal\\\/#breadcrumb\"},\"inLanguage\":\"sv-SE\",\"potentialAction\":[{\"@type\":\"ReadAction\",\"target\":[\"https:\\\/\\\/www.tillvaxtbohuslan.se\\\/vattenbruksutbildning\\\/delmal\\\/\"]}]},{\"@type\":\"ImageObject\",\"inLanguage\":\"sv-SE\",\"@id\":\"https:\\\/\\\/www.tillvaxtbohuslan.se\\\/vattenbruksutbildning\\\/delmal\\\/#primaryimage\",\"url\":\"https:\\\/\\\/www.tillvaxtbohuslan.se\\\/vattenbruksutbildning\\\/wp-content\\\/uploads\\\/sites\\\/22\\\/2018\\\/04\\\/hummer.jpg\",\"contentUrl\":\"https:\\\/\\\/www.tillvaxtbohuslan.se\\\/vattenbruksutbildning\\\/wp-content\\\/uploads\\\/sites\\\/22\\\/2018\\\/04\\\/hummer.jpg\",\"width\":813,\"height\":650},{\"@type\":\"BreadcrumbList\",\"@id\":\"https:\\\/\\\/www.tillvaxtbohuslan.se\\\/vattenbruksutbildning\\\/delmal\\\/#breadcrumb\",\"itemListElement\":[{\"@type\":\"ListItem\",\"position\":1,\"name\":\"Hem\",\"item\":\"https:\\\/\\\/www.tillvaxtbohuslan.se\\\/vattenbruksutbildning\\\/\"},{\"@type\":\"ListItem\",\"position\":2,\"name\":\"Utbildningarna\"}]},{\"@type\":\"WebSite\",\"@id\":\"https:\\\/\\\/www.tillvaxtbohuslan.se\\\/vattenbruksutbildning\\\/#website\",\"url\":\"https:\\\/\\\/www.tillvaxtbohuslan.se\\\/vattenbruksutbildning\\\/\",\"name\":\"Vattenbruksutbildning f\u00f6r webben\",\"description\":\"\",\"potentialAction\":[{\"@type\":\"SearchAction\",\"target\":{\"@type\":\"EntryPoint\",\"urlTemplate\":\"https:\\\/\\\/www.tillvaxtbohuslan.se\\\/vattenbruksutbildning\\\/?s={search_term_string}\"},\"query-input\":{\"@type\":\"PropertyValueSpecification\",\"valueRequired\":true,\"valueName\":\"search_term_string\"}}],\"inLanguage\":\"sv-SE\"}]}<\/script>\n<!-- \/ Yoast SEO plugin. -->","yoast_head_json":{"title":"Utbildningarna - Vattenbruksutbildning f\u00f6r webben","robots":{"index":"index","follow":"follow","max-snippet":"max-snippet:-1","max-image-preview":"max-image-preview:large","max-video-preview":"max-video-preview:-1"},"canonical":"https:\/\/www.tillvaxtbohuslan.se\/vattenbruksutbildning\/delmal\/","og_locale":"sv_SE","og_type":"article","og_title":"Utbildningarna - Vattenbruksutbildning f\u00f6r webben","og_description":"Distansutbildning f\u00f6r n\u00e4ringslivsutvecklare Utbildningen inneh\u00e5ller introduktion till svenskt vattenbruk, vad man kan t\u00e4nka p\u00e5 vid nyetablering av vattenbruk, olika finansieringsl\u00f6sningar, lagstiftning och vad en entrepren\u00f6r b\u00f6r t\u00e4nka p\u00e5 vid uppstart av vattenbruksverksamhet. Syfte: f\u00f6rmedla kunskap om denna v\u00e4xande n\u00e4ring hos &hellip; Forts\u00e4tt l\u00e4sa","og_url":"https:\/\/www.tillvaxtbohuslan.se\/vattenbruksutbildning\/delmal\/","og_site_name":"Vattenbruksutbildning f\u00f6r webben","article_modified_time":"2018-05-23T13:29:38+00:00","og_image":[{"url":"https:\/\/www.tillvaxtbohuslan.se\/vattenbruksutbildning\/wp-content\/uploads\/sites\/22\/2018\/04\/hummer.jpg","type":"","width":"","height":""}],"twitter_card":"summary_large_image","twitter_misc":{"Ber\u00e4knad l\u00e4stid":"2 minuter"},"schema":{"@context":"https:\/\/schema.org","@graph":[{"@type":"WebPage","@id":"https:\/\/www.tillvaxtbohuslan.se\/vattenbruksutbildning\/delmal\/","url":"https:\/\/www.tillvaxtbohuslan.se\/vattenbruksutbildning\/delmal\/","name":"Utbildningarna - Vattenbruksutbildning f\u00f6r webben","isPartOf":{"@id":"https:\/\/www.tillvaxtbohuslan.se\/vattenbruksutbildning\/#website"},"primaryImageOfPage":{"@id":"https:\/\/www.tillvaxtbohuslan.se\/vattenbruksutbildning\/delmal\/#primaryimage"},"image":{"@id":"https:\/\/www.tillvaxtbohuslan.se\/vattenbruksutbildning\/delmal\/#primaryimage"},"thumbnailUrl":"https:\/\/www.tillvaxtbohuslan.se\/vattenbruksutbildning\/wp-content\/uploads\/sites\/22\/2018\/04\/hummer.jpg","datePublished":"2017-10-03T06:46:56+00:00","dateModified":"2018-05-23T13:29:38+00:00","breadcrumb":{"@id":"https:\/\/www.tillvaxtbohuslan.se\/vattenbruksutbildning\/delmal\/#breadcrumb"},"inLanguage":"sv-SE","potentialAction":[{"@type":"ReadAction","target":["https:\/\/www.tillvaxtbohuslan.se\/vattenbruksutbildning\/delmal\/"]}]},{"@type":"ImageObject","inLanguage":"sv-SE","@id":"https:\/\/www.tillvaxtbohuslan.se\/vattenbruksutbildning\/delmal\/#primaryimage","url":"https:\/\/www.tillvaxtbohuslan.se\/vattenbruksutbildning\/wp-content\/uploads\/sites\/22\/2018\/04\/hummer.jpg","contentUrl":"https:\/\/www.tillvaxtbohuslan.se\/vattenbruksutbildning\/wp-content\/uploads\/sites\/22\/2018\/04\/hummer.jpg","width":813,"height":650},{"@type":"BreadcrumbList","@id":"https:\/\/www.tillvaxtbohuslan.se\/vattenbruksutbildning\/delmal\/#breadcrumb","itemListElement":[{"@type":"ListItem","position":1,"name":"Hem","item":"https:\/\/www.tillvaxtbohuslan.se\/vattenbruksutbildning\/"},{"@type":"ListItem","position":2,"name":"Utbildningarna"}]},{"@type":"WebSite","@id":"https:\/\/www.tillvaxtbohuslan.se\/vattenbruksutbildning\/#website","url":"https:\/\/www.tillvaxtbohuslan.se\/vattenbruksutbildning\/","name":"Vattenbruksutbildning f\u00f6r webben","description":"","potentialAction":[{"@type":"SearchAction","target":{"@type":"EntryPoint","urlTemplate":"https:\/\/www.tillvaxtbohuslan.se\/vattenbruksutbildning\/?s={search_term_string}"},"query-input":{"@type":"PropertyValueSpecification","valueRequired":true,"valueName":"search_term_string"}}],"inLanguage":"sv-SE"}]}},"_links":{"self":[{"href":"https:\/\/www.tillvaxtbohuslan.se\/vattenbruksutbildning\/wp-json\/wp\/v2\/pages\/23","targetHints":{"allow":["GET"]}}],"collection":[{"href":"https:\/\/www.tillvaxtbohuslan.se\/vattenbruksutbildning\/wp-json\/wp\/v2\/pages"}],"about":[{"href":"https:\/\/www.tillvaxtbohuslan.se\/vattenbruksutbildning\/wp-json\/wp\/v2\/types\/page"}],"author":[{"embeddable":true,"href":"https:\/\/www.tillvaxtbohuslan.se\/vattenbruksutbildning\/wp-json\/wp\/v2\/users\/1"}],"replies":[{"embeddable":true,"href":"https:\/\/www.tillvaxtbohuslan.se\/vattenbruksutbildning\/wp-json\/wp\/v2\/comments?post=23"}],"version-history":[{"count":19,"href":"https:\/\/www.tillvaxtbohuslan.se\/vattenbruksutbildning\/wp-json\/wp\/v2\/pages\/23\/revisions"}],"predecessor-version":[{"id":42,"href":"https:\/\/www.tillvaxtbohuslan.se\/vattenbruksutbildning\/wp-json\/wp\/v2\/pages\/23\/revisions\/42"}],"wp:attachment":[{"href":"https:\/\/www.tillvaxtbohuslan.se\/vattenbruksutbildning\/wp-json\/wp\/v2\/media?parent=23"}],"curies":[{"name":"wp","href":"https:\/\/api.w.org\/{rel}","templated":true}]}}