{"id":2,"date":"2017-09-28T16:03:25","date_gmt":"2017-09-28T14:03:25","guid":{"rendered":"https:\/\/www.tillvaxtbohuslan.se\/vattenbruksutbildning\/?page_id=2"},"modified":"2018-10-23T09:38:16","modified_gmt":"2018-10-23T07:38:16","slug":"vattenbruk-for-webben","status":"publish","type":"page","link":"https:\/\/www.tillvaxtbohuslan.se\/vattenbruksutbildning\/","title":{"rendered":"Vattenbruk f\u00f6r webben"},"content":{"rendered":"<p>Tillv\u00e4xt Norra Bohusl\u00e4n har producerat en webb-baserad utbildning inom Vattenbruk, och nu \u00e4r den \u00e4ntligen lanserad och publik. Det \u00e4r ett samverkansarbete mellan kustkommunerna i Bohusl\u00e4n, Campus V\u00e4st och Swemarc. Utbildningen best\u00e5r av olika steg, som du kan l\u00e4sa mer om h\u00e4r: <a href=\"https:\/\/www.tillvaxtbohuslan.se\/vattenbruksutbildning\/delmal\/\">Utbildningarna<\/a>.<\/p>\n<p>Vattenbruk \u00e4r dels en n\u00e4ring med en tusen\u00e5rig historia och dels en framtidsbransch. En ny rapport fr\u00e5n FAO, V\u00e4rldsbanken och det internationella forskningsinstitutet IFPRI visar att tv\u00e5 tredjedelar av all fisk som konsumeras \u00e5r 2030 kommer att h\u00e4mtas fr\u00e5n fiskodlingar.<\/p>\n<p>FN:s jordbruksorganisation FAO menar att odling i framtiden kommer att bli den helt dominerande k\u00e4llan till fisk och att detta p\u00e5 ett viktigt s\u00e4tt kan bidra till att f\u00f6da jordens befolkning d\u00e5 den 2050 ber\u00e4knas kulminera kring 9,5 miljarder m\u00e4nniskor.<a href=\"#_ftnref1\" name=\"_ftn1\"><\/a><\/p>\n<p>Dessv\u00e4rre lider stor del av vattenbruksn\u00e4ringen av allvarliga milj\u00f6-utmaningar. Det beh\u00f6vs innovativa angreppss\u00e4tt f\u00f6r att m\u00f6ta dessa. Till exempel beh\u00f6ver koncept om cirkul\u00e4r ekonomi utvecklas men \u00e4ven vattenbruk i olika grader av slutna system med h\u00f6geffektiv rening och landbaserade marina vattenbruk.<\/p>\n<p>Svenskt vattenbruk producerade \u00e5r 2012 totalt cirka 15 000 ton fisk och skaldjur. Det motsvarar 1,5 procent av vad Norge producerar och ungef\u00e4r 0,2 promille av det globala vattenbruket (k\u00e4lla: SWEMARC<sup>2<\/sup>). Det finns med andra ord en enorm potential i att utveckla sektorn i Sverige. Samtidigt m\u00e5ste en exploatering ske med en genuin h\u00e5llbarhetsaspekt s\u00e5 att vi inte skapar fler problem \u00e4n vi l\u00f6ser. Det saknas en bred tradition av vattenbruk vilket \u00e4ven g\u00e4ller kunskaper. Kunskaperna finns till viss del hos forskningsakt\u00f6rer och musselodlare p\u00e5 v\u00e4stkusten men saknas i stort hos t.ex. n\u00e4ringslivsutvecklare i kommuner som hj\u00e4lper till vid f\u00f6retagsetableringar. \u00c4ven allm\u00e4nhetens kunskaper om vattenbruk \u00e4r mycket begr\u00e4nsade vilket medf\u00f6r att attityderna i samh\u00e4llet l\u00e4mnar en del \u00f6vrigt att \u00f6nska.<\/p>\n<p><a href=\"https:\/\/www.tillvaxtbohuslan.se\/vattenbruksutbildning\/wp-content\/uploads\/sites\/22\/2018\/05\/Final-folder-Vattenbruksutbildning.pdf\">H\u00e4r kan du ladda ner foldern om Vattenbruksutbildningarna<\/a><\/p>\n<p><a href=\"https:\/\/www.youtube.com\/watch?v=1nAZUZThprM&amp;list=PLIczf7yPeHSFgJ45EgYLmM5O1Se1aoOAB\">Se introduktionsfilmen h\u00e4r<\/a><\/p>\n<p><iframe loading=\"lazy\" width=\"750\" height=\"422\" src=\"https:\/\/www.youtube.com\/embed\/videoseries?list=PLIczf7yPeHSFgJ45EgYLmM5O1Se1aoOAB\" frameborder=\"0\" allow=\"autoplay; encrypted-media\" allowfullscreen><\/iframe><\/p>\n<p>Projektet finansieras av:<\/p>\n<p><img loading=\"lazy\" decoding=\"async\" class=\"alignnone wp-image-21\" src=\"https:\/\/www.tillvaxtbohuslan.se\/vattenbruksutbildning\/wp-content\/uploads\/sites\/22\/2017\/09\/Jordbruksverket_RGB.jpg\" alt=\"\" width=\"214\" height=\"181\" \/><\/p>\n<p>&nbsp;<\/p>\n","protected":false},"excerpt":{"rendered":"<p>Tillv\u00e4xt Norra Bohusl\u00e4n har producerat en webb-baserad utbildning inom Vattenbruk, och nu \u00e4r den \u00e4ntligen lanserad och publik. Det \u00e4r ett samverkansarbete mellan kustkommunerna i Bohusl\u00e4n, Campus V\u00e4st och Swemarc. Utbildningen best\u00e5r av olika steg, som du kan l\u00e4sa mer &hellip; <a href=\"https:\/\/www.tillvaxtbohuslan.se\/vattenbruksutbildning\/\" title=\"Vattenbruk f\u00f6r webben\">Forts\u00e4tt l\u00e4sa <span class=\"meta-nav\"><i class=\"icon-long-arrow-right\"><\/i><\/span><\/a><\/p>\n","protected":false},"author":14,"featured_media":0,"parent":0,"menu_order":0,"comment_status":"closed","ping_status":"closed","template":"","meta":{"_acf_changed":false,"footnotes":""},"class_list":["post-2","page","type-page","status-publish","hentry"],"acf":[],"yoast_head":"<!-- This site is optimized with the Yoast SEO plugin v27.4 - https:\/\/yoast.com\/product\/yoast-seo-wordpress\/ -->\n<title>Vattenbruk f\u00f6r webben - Vattenbruksutbildning f\u00f6r webben<\/title>\n<meta name=\"robots\" content=\"index, follow, max-snippet:-1, max-image-preview:large, max-video-preview:-1\" \/>\n<link rel=\"canonical\" href=\"https:\/\/www.tillvaxtbohuslan.se\/vattenbruksutbildning\/\" \/>\n<meta property=\"og:locale\" content=\"sv_SE\" \/>\n<meta property=\"og:type\" content=\"article\" \/>\n<meta property=\"og:title\" content=\"Vattenbruk f\u00f6r webben - Vattenbruksutbildning f\u00f6r webben\" \/>\n<meta property=\"og:description\" content=\"Tillv\u00e4xt Norra Bohusl\u00e4n har producerat en webb-baserad utbildning inom Vattenbruk, och nu \u00e4r den \u00e4ntligen lanserad och publik. Det \u00e4r ett samverkansarbete mellan kustkommunerna i Bohusl\u00e4n, Campus V\u00e4st och Swemarc. Utbildningen best\u00e5r av olika steg, som du kan l\u00e4sa mer &hellip; Forts\u00e4tt l\u00e4sa\" \/>\n<meta property=\"og:url\" content=\"https:\/\/www.tillvaxtbohuslan.se\/vattenbruksutbildning\/\" \/>\n<meta property=\"og:site_name\" content=\"Vattenbruksutbildning f\u00f6r webben\" \/>\n<meta property=\"article:modified_time\" content=\"2018-10-23T07:38:16+00:00\" \/>\n<meta property=\"og:image\" content=\"https:\/\/www.tillvaxtbohuslan.se\/vattenbruksutbildning\/wp-content\/uploads\/sites\/22\/2017\/09\/Jordbruksverket_RGB.jpg\" \/>\n<meta name=\"twitter:card\" content=\"summary_large_image\" \/>\n<meta name=\"twitter:label1\" content=\"Ber\u00e4knad l\u00e4stid\" \/>\n\t<meta name=\"twitter:data1\" content=\"2 minuter\" \/>\n<script type=\"application\/ld+json\" class=\"yoast-schema-graph\">{\"@context\":\"https:\\\/\\\/schema.org\",\"@graph\":[{\"@type\":\"WebPage\",\"@id\":\"https:\\\/\\\/www.tillvaxtbohuslan.se\\\/vattenbruksutbildning\\\/\",\"url\":\"https:\\\/\\\/www.tillvaxtbohuslan.se\\\/vattenbruksutbildning\\\/\",\"name\":\"Vattenbruk f\u00f6r webben - Vattenbruksutbildning f\u00f6r webben\",\"isPartOf\":{\"@id\":\"https:\\\/\\\/www.tillvaxtbohuslan.se\\\/vattenbruksutbildning\\\/#website\"},\"primaryImageOfPage\":{\"@id\":\"https:\\\/\\\/www.tillvaxtbohuslan.se\\\/vattenbruksutbildning\\\/#primaryimage\"},\"image\":{\"@id\":\"https:\\\/\\\/www.tillvaxtbohuslan.se\\\/vattenbruksutbildning\\\/#primaryimage\"},\"thumbnailUrl\":\"https:\\\/\\\/www.tillvaxtbohuslan.se\\\/vattenbruksutbildning\\\/wp-content\\\/uploads\\\/sites\\\/22\\\/2017\\\/09\\\/Jordbruksverket_RGB.jpg\",\"datePublished\":\"2017-09-28T14:03:25+00:00\",\"dateModified\":\"2018-10-23T07:38:16+00:00\",\"breadcrumb\":{\"@id\":\"https:\\\/\\\/www.tillvaxtbohuslan.se\\\/vattenbruksutbildning\\\/#breadcrumb\"},\"inLanguage\":\"sv-SE\",\"potentialAction\":[{\"@type\":\"ReadAction\",\"target\":[\"https:\\\/\\\/www.tillvaxtbohuslan.se\\\/vattenbruksutbildning\\\/\"]}]},{\"@type\":\"ImageObject\",\"inLanguage\":\"sv-SE\",\"@id\":\"https:\\\/\\\/www.tillvaxtbohuslan.se\\\/vattenbruksutbildning\\\/#primaryimage\",\"url\":\"https:\\\/\\\/www.tillvaxtbohuslan.se\\\/vattenbruksutbildning\\\/wp-content\\\/uploads\\\/sites\\\/22\\\/2017\\\/09\\\/Jordbruksverket_RGB.jpg\",\"contentUrl\":\"https:\\\/\\\/www.tillvaxtbohuslan.se\\\/vattenbruksutbildning\\\/wp-content\\\/uploads\\\/sites\\\/22\\\/2017\\\/09\\\/Jordbruksverket_RGB.jpg\",\"width\":300,\"height\":254},{\"@type\":\"BreadcrumbList\",\"@id\":\"https:\\\/\\\/www.tillvaxtbohuslan.se\\\/vattenbruksutbildning\\\/#breadcrumb\",\"itemListElement\":[{\"@type\":\"ListItem\",\"position\":1,\"name\":\"Hem\",\"item\":\"https:\\\/\\\/www.tillvaxtbohuslan.se\\\/vattenbruksutbildning\\\/\"},{\"@type\":\"ListItem\",\"position\":2,\"name\":\"Vattenbruk f\u00f6r webben\"}]},{\"@type\":\"WebSite\",\"@id\":\"https:\\\/\\\/www.tillvaxtbohuslan.se\\\/vattenbruksutbildning\\\/#website\",\"url\":\"https:\\\/\\\/www.tillvaxtbohuslan.se\\\/vattenbruksutbildning\\\/\",\"name\":\"Vattenbruksutbildning f\u00f6r webben\",\"description\":\"\",\"potentialAction\":[{\"@type\":\"SearchAction\",\"target\":{\"@type\":\"EntryPoint\",\"urlTemplate\":\"https:\\\/\\\/www.tillvaxtbohuslan.se\\\/vattenbruksutbildning\\\/?s={search_term_string}\"},\"query-input\":{\"@type\":\"PropertyValueSpecification\",\"valueRequired\":true,\"valueName\":\"search_term_string\"}}],\"inLanguage\":\"sv-SE\"}]}<\/script>\n<!-- \/ Yoast SEO plugin. -->","yoast_head_json":{"title":"Vattenbruk f\u00f6r webben - Vattenbruksutbildning f\u00f6r webben","robots":{"index":"index","follow":"follow","max-snippet":"max-snippet:-1","max-image-preview":"max-image-preview:large","max-video-preview":"max-video-preview:-1"},"canonical":"https:\/\/www.tillvaxtbohuslan.se\/vattenbruksutbildning\/","og_locale":"sv_SE","og_type":"article","og_title":"Vattenbruk f\u00f6r webben - Vattenbruksutbildning f\u00f6r webben","og_description":"Tillv\u00e4xt Norra Bohusl\u00e4n har producerat en webb-baserad utbildning inom Vattenbruk, och nu \u00e4r den \u00e4ntligen lanserad och publik. Det \u00e4r ett samverkansarbete mellan kustkommunerna i Bohusl\u00e4n, Campus V\u00e4st och Swemarc. Utbildningen best\u00e5r av olika steg, som du kan l\u00e4sa mer &hellip; Forts\u00e4tt l\u00e4sa","og_url":"https:\/\/www.tillvaxtbohuslan.se\/vattenbruksutbildning\/","og_site_name":"Vattenbruksutbildning f\u00f6r webben","article_modified_time":"2018-10-23T07:38:16+00:00","og_image":[{"url":"https:\/\/www.tillvaxtbohuslan.se\/vattenbruksutbildning\/wp-content\/uploads\/sites\/22\/2017\/09\/Jordbruksverket_RGB.jpg","type":"","width":"","height":""}],"twitter_card":"summary_large_image","twitter_misc":{"Ber\u00e4knad l\u00e4stid":"2 minuter"},"schema":{"@context":"https:\/\/schema.org","@graph":[{"@type":"WebPage","@id":"https:\/\/www.tillvaxtbohuslan.se\/vattenbruksutbildning\/","url":"https:\/\/www.tillvaxtbohuslan.se\/vattenbruksutbildning\/","name":"Vattenbruk f\u00f6r webben - Vattenbruksutbildning f\u00f6r webben","isPartOf":{"@id":"https:\/\/www.tillvaxtbohuslan.se\/vattenbruksutbildning\/#website"},"primaryImageOfPage":{"@id":"https:\/\/www.tillvaxtbohuslan.se\/vattenbruksutbildning\/#primaryimage"},"image":{"@id":"https:\/\/www.tillvaxtbohuslan.se\/vattenbruksutbildning\/#primaryimage"},"thumbnailUrl":"https:\/\/www.tillvaxtbohuslan.se\/vattenbruksutbildning\/wp-content\/uploads\/sites\/22\/2017\/09\/Jordbruksverket_RGB.jpg","datePublished":"2017-09-28T14:03:25+00:00","dateModified":"2018-10-23T07:38:16+00:00","breadcrumb":{"@id":"https:\/\/www.tillvaxtbohuslan.se\/vattenbruksutbildning\/#breadcrumb"},"inLanguage":"sv-SE","potentialAction":[{"@type":"ReadAction","target":["https:\/\/www.tillvaxtbohuslan.se\/vattenbruksutbildning\/"]}]},{"@type":"ImageObject","inLanguage":"sv-SE","@id":"https:\/\/www.tillvaxtbohuslan.se\/vattenbruksutbildning\/#primaryimage","url":"https:\/\/www.tillvaxtbohuslan.se\/vattenbruksutbildning\/wp-content\/uploads\/sites\/22\/2017\/09\/Jordbruksverket_RGB.jpg","contentUrl":"https:\/\/www.tillvaxtbohuslan.se\/vattenbruksutbildning\/wp-content\/uploads\/sites\/22\/2017\/09\/Jordbruksverket_RGB.jpg","width":300,"height":254},{"@type":"BreadcrumbList","@id":"https:\/\/www.tillvaxtbohuslan.se\/vattenbruksutbildning\/#breadcrumb","itemListElement":[{"@type":"ListItem","position":1,"name":"Hem","item":"https:\/\/www.tillvaxtbohuslan.se\/vattenbruksutbildning\/"},{"@type":"ListItem","position":2,"name":"Vattenbruk f\u00f6r webben"}]},{"@type":"WebSite","@id":"https:\/\/www.tillvaxtbohuslan.se\/vattenbruksutbildning\/#website","url":"https:\/\/www.tillvaxtbohuslan.se\/vattenbruksutbildning\/","name":"Vattenbruksutbildning f\u00f6r webben","description":"","potentialAction":[{"@type":"SearchAction","target":{"@type":"EntryPoint","urlTemplate":"https:\/\/www.tillvaxtbohuslan.se\/vattenbruksutbildning\/?s={search_term_string}"},"query-input":{"@type":"PropertyValueSpecification","valueRequired":true,"valueName":"search_term_string"}}],"inLanguage":"sv-SE"}]}},"_links":{"self":[{"href":"https:\/\/www.tillvaxtbohuslan.se\/vattenbruksutbildning\/wp-json\/wp\/v2\/pages\/2","targetHints":{"allow":["GET"]}}],"collection":[{"href":"https:\/\/www.tillvaxtbohuslan.se\/vattenbruksutbildning\/wp-json\/wp\/v2\/pages"}],"about":[{"href":"https:\/\/www.tillvaxtbohuslan.se\/vattenbruksutbildning\/wp-json\/wp\/v2\/types\/page"}],"author":[{"embeddable":true,"href":"https:\/\/www.tillvaxtbohuslan.se\/vattenbruksutbildning\/wp-json\/wp\/v2\/users\/14"}],"replies":[{"embeddable":true,"href":"https:\/\/www.tillvaxtbohuslan.se\/vattenbruksutbildning\/wp-json\/wp\/v2\/comments?post=2"}],"version-history":[{"count":13,"href":"https:\/\/www.tillvaxtbohuslan.se\/vattenbruksutbildning\/wp-json\/wp\/v2\/pages\/2\/revisions"}],"predecessor-version":[{"id":81,"href":"https:\/\/www.tillvaxtbohuslan.se\/vattenbruksutbildning\/wp-json\/wp\/v2\/pages\/2\/revisions\/81"}],"wp:attachment":[{"href":"https:\/\/www.tillvaxtbohuslan.se\/vattenbruksutbildning\/wp-json\/wp\/v2\/media?parent=2"}],"curies":[{"name":"wp","href":"https:\/\/api.w.org\/{rel}","templated":true}]}}