{"id":7,"date":"2014-02-19T16:40:50","date_gmt":"2014-02-19T15:40:50","guid":{"rendered":"https:\/\/www.tillvaxtbohuslan.se\/suscod\/?page_id=7"},"modified":"2014-09-09T15:49:50","modified_gmt":"2014-09-09T13:49:50","slug":"finansiarer","status":"publish","type":"page","link":"https:\/\/www.tillvaxtbohuslan.se\/suscod\/finansiarer\/","title":{"rendered":"Finansi\u00e4rer"},"content":{"rendered":"<p><a title=\" (l\u00e4nk till annan webbplats, \u00f6ppnas i nytt f\u00f6nster)\" href=\"http:\/\/www.vgregion.se\/sv\/Vastra-Gotalandsregionen\/startsida\/Regionutveckling\/\" target=\"_blank\" rel=\"external\">The North Sea Region Programme<br \/>\nV\u00e4stra G\u00f6talandsregionen<\/a><br \/>\n<a title=\" (l\u00e4nk till annan webbplats, \u00f6ppnas i nytt f\u00f6nster)\" href=\"http:\/\/www.fyrbodal.se\/\" target=\"_blank\" rel=\"external\">Fyrbodals kommunalf\u00f6rbund<\/a><br \/>\n<a title=\" (l\u00e4nk till annan webbplats, \u00f6ppnas i nytt f\u00f6nster)\" href=\"http:\/\/www.lst.se\/vastragotaland\" target=\"_blank\" rel=\"external\">L\u00e4nsstyrelsen i V\u00e4stra G\u00f6taland<\/a><br \/>\n<a title=\" (l\u00e4nk till annan webbplats, \u00f6ppnas i nytt f\u00f6nster)\" href=\"http:\/\/www.lysekil.se\/\" target=\"_blank\" rel=\"external\">Lysekils Kommun<\/a><br \/>\n<a title=\" (l\u00e4nk till annan webbplats, \u00f6ppnas i nytt f\u00f6nster)\" href=\"http:\/\/www.munkedal.se\/\" target=\"_blank\" rel=\"external\">Munkedals Kommun<\/a><br \/>\n<a title=\" (l\u00e4nk till annan webbplats, \u00f6ppnas i nytt f\u00f6nster)\" href=\"http:\/\/www.tanum.se\/\" target=\"_blank\" rel=\"external\">Tanums Kommun<\/a><br \/>\n<a title=\" (l\u00e4nk till annan webbplats, \u00f6ppnas i nytt f\u00f6nster)\" href=\"http:\/\/www.sotenas.se\/\" target=\"_blank\" rel=\"external\">Soten\u00e4s Kommun<\/a><br \/>\n<a title=\" (l\u00e4nk till annan webbplats, \u00f6ppnas i nytt f\u00f6nster)\" href=\"http:\/\/www.stromstad.se\/\" target=\"_blank\" rel=\"external\">Str\u00f6mstads Kommun<\/a><\/p>\n","protected":false},"excerpt":{"rendered":"<p>The North Sea Region Programme V\u00e4stra G\u00f6talandsregionen Fyrbodals kommunalf\u00f6rbund L\u00e4nsstyrelsen i V\u00e4stra G\u00f6taland Lysekils Kommun Munkedals Kommun Tanums Kommun Soten\u00e4s Kommun Str\u00f6mstads Kommun<\/p>\n","protected":false},"author":1,"featured_media":0,"parent":0,"menu_order":0,"comment_status":"closed","ping_status":"open","template":"","meta":{"_acf_changed":false,"footnotes":""},"class_list":["post-7","page","type-page","status-publish","hentry"],"acf":[],"yoast_head":"<!-- This site is optimized with the Yoast SEO plugin v27.4 - https:\/\/yoast.com\/product\/yoast-seo-wordpress\/ -->\n<title>Finansi\u00e4rer - SUSCOD<\/title>\n<meta name=\"robots\" content=\"index, follow, max-snippet:-1, max-image-preview:large, max-video-preview:-1\" \/>\n<link rel=\"canonical\" href=\"https:\/\/www.tillvaxtbohuslan.se\/suscod\/finansiarer\/\" \/>\n<script type=\"application\/ld+json\" class=\"yoast-schema-graph\">{\"@context\":\"https:\\\/\\\/schema.org\",\"@graph\":[{\"@type\":\"WebPage\",\"@id\":\"https:\\\/\\\/www.tillvaxtbohuslan.se\\\/suscod\\\/finansiarer\\\/\",\"url\":\"https:\\\/\\\/www.tillvaxtbohuslan.se\\\/suscod\\\/finansiarer\\\/\",\"name\":\"Finansi\u00e4rer - SUSCOD\",\"isPartOf\":{\"@id\":\"https:\\\/\\\/www.tillvaxtbohuslan.se\\\/suscod\\\/#website\"},\"datePublished\":\"2014-02-19T15:40:50+00:00\",\"dateModified\":\"2014-09-09T13:49:50+00:00\",\"breadcrumb\":{\"@id\":\"https:\\\/\\\/www.tillvaxtbohuslan.se\\\/suscod\\\/finansiarer\\\/#breadcrumb\"},\"inLanguage\":\"sv-SE\",\"potentialAction\":[{\"@type\":\"ReadAction\",\"target\":[\"https:\\\/\\\/www.tillvaxtbohuslan.se\\\/suscod\\\/finansiarer\\\/\"]}]},{\"@type\":\"BreadcrumbList\",\"@id\":\"https:\\\/\\\/www.tillvaxtbohuslan.se\\\/suscod\\\/finansiarer\\\/#breadcrumb\",\"itemListElement\":[{\"@type\":\"ListItem\",\"position\":1,\"name\":\"Hem\",\"item\":\"https:\\\/\\\/www.tillvaxtbohuslan.se\\\/suscod\\\/\"},{\"@type\":\"ListItem\",\"position\":2,\"name\":\"Finansi\u00e4rer\"}]},{\"@type\":\"WebSite\",\"@id\":\"https:\\\/\\\/www.tillvaxtbohuslan.se\\\/suscod\\\/#website\",\"url\":\"https:\\\/\\\/www.tillvaxtbohuslan.se\\\/suscod\\\/\",\"name\":\"SUSCOD\",\"description\":\"\",\"potentialAction\":[{\"@type\":\"SearchAction\",\"target\":{\"@type\":\"EntryPoint\",\"urlTemplate\":\"https:\\\/\\\/www.tillvaxtbohuslan.se\\\/suscod\\\/?s={search_term_string}\"},\"query-input\":{\"@type\":\"PropertyValueSpecification\",\"valueRequired\":true,\"valueName\":\"search_term_string\"}}],\"inLanguage\":\"sv-SE\"}]}<\/script>\n<!-- \/ Yoast SEO plugin. -->","yoast_head_json":{"title":"Finansi\u00e4rer - SUSCOD","robots":{"index":"index","follow":"follow","max-snippet":"max-snippet:-1","max-image-preview":"max-image-preview:large","max-video-preview":"max-video-preview:-1"},"canonical":"https:\/\/www.tillvaxtbohuslan.se\/suscod\/finansiarer\/","schema":{"@context":"https:\/\/schema.org","@graph":[{"@type":"WebPage","@id":"https:\/\/www.tillvaxtbohuslan.se\/suscod\/finansiarer\/","url":"https:\/\/www.tillvaxtbohuslan.se\/suscod\/finansiarer\/","name":"Finansi\u00e4rer - SUSCOD","isPartOf":{"@id":"https:\/\/www.tillvaxtbohuslan.se\/suscod\/#website"},"datePublished":"2014-02-19T15:40:50+00:00","dateModified":"2014-09-09T13:49:50+00:00","breadcrumb":{"@id":"https:\/\/www.tillvaxtbohuslan.se\/suscod\/finansiarer\/#breadcrumb"},"inLanguage":"sv-SE","potentialAction":[{"@type":"ReadAction","target":["https:\/\/www.tillvaxtbohuslan.se\/suscod\/finansiarer\/"]}]},{"@type":"BreadcrumbList","@id":"https:\/\/www.tillvaxtbohuslan.se\/suscod\/finansiarer\/#breadcrumb","itemListElement":[{"@type":"ListItem","position":1,"name":"Hem","item":"https:\/\/www.tillvaxtbohuslan.se\/suscod\/"},{"@type":"ListItem","position":2,"name":"Finansi\u00e4rer"}]},{"@type":"WebSite","@id":"https:\/\/www.tillvaxtbohuslan.se\/suscod\/#website","url":"https:\/\/www.tillvaxtbohuslan.se\/suscod\/","name":"SUSCOD","description":"","potentialAction":[{"@type":"SearchAction","target":{"@type":"EntryPoint","urlTemplate":"https:\/\/www.tillvaxtbohuslan.se\/suscod\/?s={search_term_string}"},"query-input":{"@type":"PropertyValueSpecification","valueRequired":true,"valueName":"search_term_string"}}],"inLanguage":"sv-SE"}]}},"_links":{"self":[{"href":"https:\/\/www.tillvaxtbohuslan.se\/suscod\/wp-json\/wp\/v2\/pages\/7","targetHints":{"allow":["GET"]}}],"collection":[{"href":"https:\/\/www.tillvaxtbohuslan.se\/suscod\/wp-json\/wp\/v2\/pages"}],"about":[{"href":"https:\/\/www.tillvaxtbohuslan.se\/suscod\/wp-json\/wp\/v2\/types\/page"}],"author":[{"embeddable":true,"href":"https:\/\/www.tillvaxtbohuslan.se\/suscod\/wp-json\/wp\/v2\/users\/1"}],"replies":[{"embeddable":true,"href":"https:\/\/www.tillvaxtbohuslan.se\/suscod\/wp-json\/wp\/v2\/comments?post=7"}],"version-history":[{"count":5,"href":"https:\/\/www.tillvaxtbohuslan.se\/suscod\/wp-json\/wp\/v2\/pages\/7\/revisions"}],"predecessor-version":[{"id":181,"href":"https:\/\/www.tillvaxtbohuslan.se\/suscod\/wp-json\/wp\/v2\/pages\/7\/revisions\/181"}],"wp:attachment":[{"href":"https:\/\/www.tillvaxtbohuslan.se\/suscod\/wp-json\/wp\/v2\/media?parent=7"}],"curies":[{"name":"wp","href":"https:\/\/api.w.org\/{rel}","templated":true}]}}