{"id":2,"date":"2014-02-19T15:33:04","date_gmt":"2014-02-19T14:33:04","guid":{"rendered":"https:\/\/www.tillvaxtbohuslan.se\/suscod\/?page_id=2"},"modified":"2014-09-09T15:49:51","modified_gmt":"2014-09-09T13:49:51","slug":"suscod","status":"publish","type":"page","link":"https:\/\/www.tillvaxtbohuslan.se\/suscod\/","title":{"rendered":"SUSCOD"},"content":{"rendered":"<p>SUSCOD \u00e4r en f\u00f6rkortning av Sustainable coastal development in practice, p\u00e5 svenska H\u00e5llbar kustutveckling i praktiken. Tanken \u00e4r att erbjuda tillg\u00e5ng till samarbete och praktiska instrument, som kan f\u00f6rb\u00e4ttra livskvaliteten i kustomr\u00e5dena.<\/p>\n<p><b>M\u00e5l<\/b><br \/>\nI norra Bohusl\u00e4n finns stark ekonomi, h\u00f6g milj\u00f6kvalitet samt livskraftiga, levande och attraktiva platser att bo och verka p\u00e5. Det \u00f6vergripande m\u00e5let var att forts\u00e4tta utvecklingen av kustzonerna och samtidigt f\u00f6rb\u00e4ttra kvaliteten genom internationellt samarbete.<\/p>\n<p>SUSCOD gav kommunerna m\u00f6jlighet att forts\u00e4tta det strategiarbete som de hade p\u00e5b\u00f6rjat inom den tidigare satsningen Kustzonsplanering &amp; landsbygdsutveckling.<\/p>\n<p><b>Gemensam handlingsplan<br \/>\n<\/b>Den gemensamma handlingsplan som kommunerna uppr\u00e4ttade h\u00f6sten 2010 ska fungera i handling och \u00e5rligen f\u00f6rnyas.<\/p>\n<p>En viktig uppgift var ocks\u00e5 att n\u00e5 ut till olika intressenter i kommunerna, bland annat genom en \u00e5rlig m\u00e4ssa f\u00f6r del\u00e5rsboende och bes\u00f6kare.<\/p>\n<p>En ambition var att etablera en plattform f\u00f6r fortsatt arbete inom integrerad f\u00f6rvaltning. Den skulle kunna st\u00f6dja och inspirera till h\u00e5llbar kustutveckling under \u00e5rtionden fram\u00f6ver.<\/p>\n<p><b>Europeiskt samarbete<br \/>\n<\/b>SUSCOD var ett samarbete mellan Sverige, Skottland, England, Belgien, Holland och Danmark med provinsen North Holland som Lead partner. Samarbetet var ett Interreg Nordsj\u00f6-projekt med delfinansiering fr\u00e5n The European Regional Development Fund.<\/p>\n<p>&nbsp;<\/p>\n","protected":false},"excerpt":{"rendered":"<p>SUSCOD \u00e4r en f\u00f6rkortning av Sustainable coastal development in practice, p\u00e5 svenska H\u00e5llbar kustutveckling i praktiken. Tanken \u00e4r att erbjuda tillg\u00e5ng till samarbete och praktiska instrument, som kan f\u00f6rb\u00e4ttra livskvaliteten i kustomr\u00e5dena. M\u00e5l I norra Bohusl\u00e4n finns stark ekonomi, h\u00f6g &hellip; <a href=\"https:\/\/www.tillvaxtbohuslan.se\/suscod\/\" title=\"SUSCOD\">Forts\u00e4tt l\u00e4sa <span class=\"meta-nav\"><i class=\"icon-long-arrow-right\"><\/i><\/span><\/a><\/p>\n","protected":false},"author":1,"featured_media":0,"parent":0,"menu_order":0,"comment_status":"closed","ping_status":"closed","template":"","meta":{"_acf_changed":false,"footnotes":""},"class_list":["post-2","page","type-page","status-publish","hentry"],"acf":[],"yoast_head":"<!-- This site is optimized with the Yoast SEO plugin v27.4 - https:\/\/yoast.com\/product\/yoast-seo-wordpress\/ -->\n<title>SUSCOD - SUSCOD<\/title>\n<meta name=\"robots\" content=\"index, follow, max-snippet:-1, max-image-preview:large, max-video-preview:-1\" \/>\n<link rel=\"canonical\" href=\"https:\/\/www.tillvaxtbohuslan.se\/suscod\/\" \/>\n<meta name=\"twitter:label1\" content=\"Ber\u00e4knad l\u00e4stid\" \/>\n\t<meta name=\"twitter:data1\" content=\"1 minut\" \/>\n<script type=\"application\/ld+json\" class=\"yoast-schema-graph\">{\"@context\":\"https:\\\/\\\/schema.org\",\"@graph\":[{\"@type\":\"WebPage\",\"@id\":\"https:\\\/\\\/www.tillvaxtbohuslan.se\\\/suscod\\\/\",\"url\":\"https:\\\/\\\/www.tillvaxtbohuslan.se\\\/suscod\\\/\",\"name\":\"SUSCOD - SUSCOD\",\"isPartOf\":{\"@id\":\"https:\\\/\\\/www.tillvaxtbohuslan.se\\\/suscod\\\/#website\"},\"datePublished\":\"2014-02-19T14:33:04+00:00\",\"dateModified\":\"2014-09-09T13:49:51+00:00\",\"breadcrumb\":{\"@id\":\"https:\\\/\\\/www.tillvaxtbohuslan.se\\\/suscod\\\/#breadcrumb\"},\"inLanguage\":\"sv-SE\",\"potentialAction\":[{\"@type\":\"ReadAction\",\"target\":[\"https:\\\/\\\/www.tillvaxtbohuslan.se\\\/suscod\\\/\"]}]},{\"@type\":\"BreadcrumbList\",\"@id\":\"https:\\\/\\\/www.tillvaxtbohuslan.se\\\/suscod\\\/#breadcrumb\",\"itemListElement\":[{\"@type\":\"ListItem\",\"position\":1,\"name\":\"Hem\",\"item\":\"https:\\\/\\\/www.tillvaxtbohuslan.se\\\/suscod\\\/\"},{\"@type\":\"ListItem\",\"position\":2,\"name\":\"SUSCOD\"}]},{\"@type\":\"WebSite\",\"@id\":\"https:\\\/\\\/www.tillvaxtbohuslan.se\\\/suscod\\\/#website\",\"url\":\"https:\\\/\\\/www.tillvaxtbohuslan.se\\\/suscod\\\/\",\"name\":\"SUSCOD\",\"description\":\"\",\"potentialAction\":[{\"@type\":\"SearchAction\",\"target\":{\"@type\":\"EntryPoint\",\"urlTemplate\":\"https:\\\/\\\/www.tillvaxtbohuslan.se\\\/suscod\\\/?s={search_term_string}\"},\"query-input\":{\"@type\":\"PropertyValueSpecification\",\"valueRequired\":true,\"valueName\":\"search_term_string\"}}],\"inLanguage\":\"sv-SE\"}]}<\/script>\n<!-- \/ Yoast SEO plugin. -->","yoast_head_json":{"title":"SUSCOD - SUSCOD","robots":{"index":"index","follow":"follow","max-snippet":"max-snippet:-1","max-image-preview":"max-image-preview:large","max-video-preview":"max-video-preview:-1"},"canonical":"https:\/\/www.tillvaxtbohuslan.se\/suscod\/","twitter_misc":{"Ber\u00e4knad l\u00e4stid":"1 minut"},"schema":{"@context":"https:\/\/schema.org","@graph":[{"@type":"WebPage","@id":"https:\/\/www.tillvaxtbohuslan.se\/suscod\/","url":"https:\/\/www.tillvaxtbohuslan.se\/suscod\/","name":"SUSCOD - SUSCOD","isPartOf":{"@id":"https:\/\/www.tillvaxtbohuslan.se\/suscod\/#website"},"datePublished":"2014-02-19T14:33:04+00:00","dateModified":"2014-09-09T13:49:51+00:00","breadcrumb":{"@id":"https:\/\/www.tillvaxtbohuslan.se\/suscod\/#breadcrumb"},"inLanguage":"sv-SE","potentialAction":[{"@type":"ReadAction","target":["https:\/\/www.tillvaxtbohuslan.se\/suscod\/"]}]},{"@type":"BreadcrumbList","@id":"https:\/\/www.tillvaxtbohuslan.se\/suscod\/#breadcrumb","itemListElement":[{"@type":"ListItem","position":1,"name":"Hem","item":"https:\/\/www.tillvaxtbohuslan.se\/suscod\/"},{"@type":"ListItem","position":2,"name":"SUSCOD"}]},{"@type":"WebSite","@id":"https:\/\/www.tillvaxtbohuslan.se\/suscod\/#website","url":"https:\/\/www.tillvaxtbohuslan.se\/suscod\/","name":"SUSCOD","description":"","potentialAction":[{"@type":"SearchAction","target":{"@type":"EntryPoint","urlTemplate":"https:\/\/www.tillvaxtbohuslan.se\/suscod\/?s={search_term_string}"},"query-input":{"@type":"PropertyValueSpecification","valueRequired":true,"valueName":"search_term_string"}}],"inLanguage":"sv-SE"}]}},"_links":{"self":[{"href":"https:\/\/www.tillvaxtbohuslan.se\/suscod\/wp-json\/wp\/v2\/pages\/2","targetHints":{"allow":["GET"]}}],"collection":[{"href":"https:\/\/www.tillvaxtbohuslan.se\/suscod\/wp-json\/wp\/v2\/pages"}],"about":[{"href":"https:\/\/www.tillvaxtbohuslan.se\/suscod\/wp-json\/wp\/v2\/types\/page"}],"author":[{"embeddable":true,"href":"https:\/\/www.tillvaxtbohuslan.se\/suscod\/wp-json\/wp\/v2\/users\/1"}],"replies":[{"embeddable":true,"href":"https:\/\/www.tillvaxtbohuslan.se\/suscod\/wp-json\/wp\/v2\/comments?post=2"}],"version-history":[{"count":12,"href":"https:\/\/www.tillvaxtbohuslan.se\/suscod\/wp-json\/wp\/v2\/pages\/2\/revisions"}],"predecessor-version":[{"id":199,"href":"https:\/\/www.tillvaxtbohuslan.se\/suscod\/wp-json\/wp\/v2\/pages\/2\/revisions\/199"}],"wp:attachment":[{"href":"https:\/\/www.tillvaxtbohuslan.se\/suscod\/wp-json\/wp\/v2\/media?parent=2"}],"curies":[{"name":"wp","href":"https:\/\/api.w.org\/{rel}","templated":true}]}}