{"id":152,"date":"2014-03-31T12:54:00","date_gmt":"2014-03-31T10:54:00","guid":{"rendered":"https:\/\/www.tillvaxtbohuslan.se\/suscod\/?page_id=152"},"modified":"2014-09-09T15:49:51","modified_gmt":"2014-09-09T13:49:51","slug":"avslutning-grupparbete-och-samtal-med-lokala-politiker","status":"publish","type":"page","link":"https:\/\/www.tillvaxtbohuslan.se\/suscod\/helarsboende-och-bostadsbyggande-pa-landsbygden-och-skargarden\/avslutning-grupparbete-och-samtal-med-lokala-politiker\/","title":{"rendered":"Avslutning &#8211; grupparbete och samtal med lokala politiker"},"content":{"rendered":"<p><a href=\"https:\/\/www.tillvaxtbohuslan.se\/suscod\/wp-content\/uploads\/sites\/3\/2014\/03\/bild-avslutning-grupparbete.jpg\"><img loading=\"lazy\" decoding=\"async\" class=\"img-responsive img-responsive alignnone size-full wp-image-153\" alt=\"bild-avslutning-grupparbete\" src=\"https:\/\/www.tillvaxtbohuslan.se\/suscod\/wp-content\/uploads\/sites\/3\/2014\/03\/bild-avslutning-grupparbete.jpg\" width=\"510\" height=\"250\" srcset=\"https:\/\/www.tillvaxtbohuslan.se\/suscod\/wp-content\/uploads\/sites\/3\/2014\/03\/bild-avslutning-grupparbete.jpg 510w, https:\/\/www.tillvaxtbohuslan.se\/suscod\/wp-content\/uploads\/sites\/3\/2014\/03\/bild-avslutning-grupparbete-300x147.jpg 300w\" sizes=\"auto, (max-width: 510px) 100vw, 510px\" \/><\/a><br \/>\nDagen summerades med deltagarnas egna tolkningar av vad som beh\u00f6ver och kan g\u00f6ras f\u00f6r att f\u00e5 fart p\u00e5 landsbygdsboendet. <a href=\"https:\/\/www.tillvaxtbohuslan.se\/suscod\/wp-content\/uploads\/sites\/3\/2014\/03\/tabell-hensbacka-herrgard.pdf\">Resultatet finns sammanfattat i tabellen i l\u00e4nkad pdf<\/a>. (pdf, 86.2 kB)<\/p>\n<p>Moderator f\u00f6r dagen, Roland Lex\u00e9n, samtalade ocks\u00e5 med lokala politiker som uttryckte sin insikt om allvaret i utmaningen att locka fler hel\u00e5rsboende. Infrastruktur lyftes fram som en kritisk fr\u00e5ga f\u00f6r framtiden, h\u00e4r vilar ansvaret tungt p\u00e5 regionen. En vassare framtoning efterlystes, sm\u00e5 kommuner i behov av statliga investeringar m\u00e5ste v\u00e5ga ifr\u00e5gas\u00e4tta underlagen bakom de prioriteringar som g\u00f6rs och som ofta leder till att det stora kapitalet hamnar i storstadsregionerna.<\/p>\n<p>Samtalet handlade ocks\u00e5 om delaktighet och utmaningen att f\u00e5 del\u00e5rsboende aktiva och bidragande i det kommunala planeringsarbetet. Flera kommuner utryckte h\u00f6ga ambitioner i denna riktning.<\/p>\n<p>Hyresr\u00e4tter ans\u00e5gs s\u00e4rskilt viktigt. Fr\u00e5gan om hur de privata bolagen kan f\u00f6rm\u00e5s att b\u00f6rja bygga, ans\u00e5gs kr\u00e4va en s\u00e4rskild analys och \u00f6kat fokus.<\/p>\n","protected":false},"excerpt":{"rendered":"<p>Dagen summerades med deltagarnas egna tolkningar av vad som beh\u00f6ver och kan g\u00f6ras f\u00f6r att f\u00e5 fart p\u00e5 landsbygdsboendet. Resultatet finns sammanfattat i tabellen i l\u00e4nkad pdf. (pdf, 86.2 kB) Moderator f\u00f6r dagen, Roland Lex\u00e9n, samtalade ocks\u00e5 med lokala politiker &hellip; <a href=\"https:\/\/www.tillvaxtbohuslan.se\/suscod\/helarsboende-och-bostadsbyggande-pa-landsbygden-och-skargarden\/avslutning-grupparbete-och-samtal-med-lokala-politiker\/\" title=\"Avslutning &#8211; grupparbete och samtal med lokala politiker\">Forts\u00e4tt l\u00e4sa <span class=\"meta-nav\"><i class=\"icon-long-arrow-right\"><\/i><\/span><\/a><\/p>\n","protected":false},"author":1,"featured_media":0,"parent":110,"menu_order":0,"comment_status":"closed","ping_status":"open","template":"","meta":{"_acf_changed":false,"footnotes":""},"class_list":["post-152","page","type-page","status-publish","hentry"],"acf":[],"yoast_head":"<!-- This site is optimized with the Yoast SEO plugin v27.4 - https:\/\/yoast.com\/product\/yoast-seo-wordpress\/ -->\n<title>Avslutning - grupparbete och samtal med lokala politiker - SUSCOD<\/title>\n<meta name=\"robots\" content=\"index, follow, max-snippet:-1, max-image-preview:large, max-video-preview:-1\" \/>\n<link rel=\"canonical\" href=\"https:\/\/www.tillvaxtbohuslan.se\/suscod\/helarsboende-och-bostadsbyggande-pa-landsbygden-och-skargarden\/avslutning-grupparbete-och-samtal-med-lokala-politiker\/\" \/>\n<meta name=\"twitter:label1\" content=\"Ber\u00e4knad l\u00e4stid\" \/>\n\t<meta name=\"twitter:data1\" content=\"1 minut\" \/>\n<script type=\"application\/ld+json\" class=\"yoast-schema-graph\">{\"@context\":\"https:\\\/\\\/schema.org\",\"@graph\":[{\"@type\":\"WebPage\",\"@id\":\"https:\\\/\\\/www.tillvaxtbohuslan.se\\\/suscod\\\/helarsboende-och-bostadsbyggande-pa-landsbygden-och-skargarden\\\/avslutning-grupparbete-och-samtal-med-lokala-politiker\\\/\",\"url\":\"https:\\\/\\\/www.tillvaxtbohuslan.se\\\/suscod\\\/helarsboende-och-bostadsbyggande-pa-landsbygden-och-skargarden\\\/avslutning-grupparbete-och-samtal-med-lokala-politiker\\\/\",\"name\":\"Avslutning - grupparbete och samtal med lokala politiker - SUSCOD\",\"isPartOf\":{\"@id\":\"https:\\\/\\\/www.tillvaxtbohuslan.se\\\/suscod\\\/#website\"},\"primaryImageOfPage\":{\"@id\":\"https:\\\/\\\/www.tillvaxtbohuslan.se\\\/suscod\\\/helarsboende-och-bostadsbyggande-pa-landsbygden-och-skargarden\\\/avslutning-grupparbete-och-samtal-med-lokala-politiker\\\/#primaryimage\"},\"image\":{\"@id\":\"https:\\\/\\\/www.tillvaxtbohuslan.se\\\/suscod\\\/helarsboende-och-bostadsbyggande-pa-landsbygden-och-skargarden\\\/avslutning-grupparbete-och-samtal-med-lokala-politiker\\\/#primaryimage\"},\"thumbnailUrl\":\"https:\\\/\\\/www.tillvaxtbohuslan.se\\\/suscod\\\/wp-content\\\/uploads\\\/sites\\\/3\\\/2014\\\/03\\\/bild-avslutning-grupparbete.jpg\",\"datePublished\":\"2014-03-31T10:54:00+00:00\",\"dateModified\":\"2014-09-09T13:49:51+00:00\",\"breadcrumb\":{\"@id\":\"https:\\\/\\\/www.tillvaxtbohuslan.se\\\/suscod\\\/helarsboende-och-bostadsbyggande-pa-landsbygden-och-skargarden\\\/avslutning-grupparbete-och-samtal-med-lokala-politiker\\\/#breadcrumb\"},\"inLanguage\":\"sv-SE\",\"potentialAction\":[{\"@type\":\"ReadAction\",\"target\":[\"https:\\\/\\\/www.tillvaxtbohuslan.se\\\/suscod\\\/helarsboende-och-bostadsbyggande-pa-landsbygden-och-skargarden\\\/avslutning-grupparbete-och-samtal-med-lokala-politiker\\\/\"]}]},{\"@type\":\"ImageObject\",\"inLanguage\":\"sv-SE\",\"@id\":\"https:\\\/\\\/www.tillvaxtbohuslan.se\\\/suscod\\\/helarsboende-och-bostadsbyggande-pa-landsbygden-och-skargarden\\\/avslutning-grupparbete-och-samtal-med-lokala-politiker\\\/#primaryimage\",\"url\":\"https:\\\/\\\/www.tillvaxtbohuslan.se\\\/suscod\\\/wp-content\\\/uploads\\\/sites\\\/3\\\/2014\\\/03\\\/bild-avslutning-grupparbete.jpg\",\"contentUrl\":\"https:\\\/\\\/www.tillvaxtbohuslan.se\\\/suscod\\\/wp-content\\\/uploads\\\/sites\\\/3\\\/2014\\\/03\\\/bild-avslutning-grupparbete.jpg\",\"width\":510,\"height\":250},{\"@type\":\"BreadcrumbList\",\"@id\":\"https:\\\/\\\/www.tillvaxtbohuslan.se\\\/suscod\\\/helarsboende-och-bostadsbyggande-pa-landsbygden-och-skargarden\\\/avslutning-grupparbete-och-samtal-med-lokala-politiker\\\/#breadcrumb\",\"itemListElement\":[{\"@type\":\"ListItem\",\"position\":1,\"name\":\"Hem\",\"item\":\"https:\\\/\\\/www.tillvaxtbohuslan.se\\\/suscod\\\/\"},{\"@type\":\"ListItem\",\"position\":2,\"name\":\"Hel\u00e5rsboende och bostadsbyggande p\u00e5 landsbygden och i sk\u00e4rg\u00e5rden\",\"item\":\"https:\\\/\\\/www.tillvaxtbohuslan.se\\\/suscod\\\/helarsboende-och-bostadsbyggande-pa-landsbygden-och-skargarden\\\/\"},{\"@type\":\"ListItem\",\"position\":3,\"name\":\"Avslutning &#8211; grupparbete och samtal med lokala politiker\"}]},{\"@type\":\"WebSite\",\"@id\":\"https:\\\/\\\/www.tillvaxtbohuslan.se\\\/suscod\\\/#website\",\"url\":\"https:\\\/\\\/www.tillvaxtbohuslan.se\\\/suscod\\\/\",\"name\":\"SUSCOD\",\"description\":\"\",\"potentialAction\":[{\"@type\":\"SearchAction\",\"target\":{\"@type\":\"EntryPoint\",\"urlTemplate\":\"https:\\\/\\\/www.tillvaxtbohuslan.se\\\/suscod\\\/?s={search_term_string}\"},\"query-input\":{\"@type\":\"PropertyValueSpecification\",\"valueRequired\":true,\"valueName\":\"search_term_string\"}}],\"inLanguage\":\"sv-SE\"}]}<\/script>\n<!-- \/ Yoast SEO plugin. -->","yoast_head_json":{"title":"Avslutning - grupparbete och samtal med lokala politiker - SUSCOD","robots":{"index":"index","follow":"follow","max-snippet":"max-snippet:-1","max-image-preview":"max-image-preview:large","max-video-preview":"max-video-preview:-1"},"canonical":"https:\/\/www.tillvaxtbohuslan.se\/suscod\/helarsboende-och-bostadsbyggande-pa-landsbygden-och-skargarden\/avslutning-grupparbete-och-samtal-med-lokala-politiker\/","twitter_misc":{"Ber\u00e4knad l\u00e4stid":"1 minut"},"schema":{"@context":"https:\/\/schema.org","@graph":[{"@type":"WebPage","@id":"https:\/\/www.tillvaxtbohuslan.se\/suscod\/helarsboende-och-bostadsbyggande-pa-landsbygden-och-skargarden\/avslutning-grupparbete-och-samtal-med-lokala-politiker\/","url":"https:\/\/www.tillvaxtbohuslan.se\/suscod\/helarsboende-och-bostadsbyggande-pa-landsbygden-och-skargarden\/avslutning-grupparbete-och-samtal-med-lokala-politiker\/","name":"Avslutning - grupparbete och samtal med lokala politiker - SUSCOD","isPartOf":{"@id":"https:\/\/www.tillvaxtbohuslan.se\/suscod\/#website"},"primaryImageOfPage":{"@id":"https:\/\/www.tillvaxtbohuslan.se\/suscod\/helarsboende-och-bostadsbyggande-pa-landsbygden-och-skargarden\/avslutning-grupparbete-och-samtal-med-lokala-politiker\/#primaryimage"},"image":{"@id":"https:\/\/www.tillvaxtbohuslan.se\/suscod\/helarsboende-och-bostadsbyggande-pa-landsbygden-och-skargarden\/avslutning-grupparbete-och-samtal-med-lokala-politiker\/#primaryimage"},"thumbnailUrl":"https:\/\/www.tillvaxtbohuslan.se\/suscod\/wp-content\/uploads\/sites\/3\/2014\/03\/bild-avslutning-grupparbete.jpg","datePublished":"2014-03-31T10:54:00+00:00","dateModified":"2014-09-09T13:49:51+00:00","breadcrumb":{"@id":"https:\/\/www.tillvaxtbohuslan.se\/suscod\/helarsboende-och-bostadsbyggande-pa-landsbygden-och-skargarden\/avslutning-grupparbete-och-samtal-med-lokala-politiker\/#breadcrumb"},"inLanguage":"sv-SE","potentialAction":[{"@type":"ReadAction","target":["https:\/\/www.tillvaxtbohuslan.se\/suscod\/helarsboende-och-bostadsbyggande-pa-landsbygden-och-skargarden\/avslutning-grupparbete-och-samtal-med-lokala-politiker\/"]}]},{"@type":"ImageObject","inLanguage":"sv-SE","@id":"https:\/\/www.tillvaxtbohuslan.se\/suscod\/helarsboende-och-bostadsbyggande-pa-landsbygden-och-skargarden\/avslutning-grupparbete-och-samtal-med-lokala-politiker\/#primaryimage","url":"https:\/\/www.tillvaxtbohuslan.se\/suscod\/wp-content\/uploads\/sites\/3\/2014\/03\/bild-avslutning-grupparbete.jpg","contentUrl":"https:\/\/www.tillvaxtbohuslan.se\/suscod\/wp-content\/uploads\/sites\/3\/2014\/03\/bild-avslutning-grupparbete.jpg","width":510,"height":250},{"@type":"BreadcrumbList","@id":"https:\/\/www.tillvaxtbohuslan.se\/suscod\/helarsboende-och-bostadsbyggande-pa-landsbygden-och-skargarden\/avslutning-grupparbete-och-samtal-med-lokala-politiker\/#breadcrumb","itemListElement":[{"@type":"ListItem","position":1,"name":"Hem","item":"https:\/\/www.tillvaxtbohuslan.se\/suscod\/"},{"@type":"ListItem","position":2,"name":"Hel\u00e5rsboende och bostadsbyggande p\u00e5 landsbygden och i sk\u00e4rg\u00e5rden","item":"https:\/\/www.tillvaxtbohuslan.se\/suscod\/helarsboende-och-bostadsbyggande-pa-landsbygden-och-skargarden\/"},{"@type":"ListItem","position":3,"name":"Avslutning &#8211; grupparbete och samtal med lokala politiker"}]},{"@type":"WebSite","@id":"https:\/\/www.tillvaxtbohuslan.se\/suscod\/#website","url":"https:\/\/www.tillvaxtbohuslan.se\/suscod\/","name":"SUSCOD","description":"","potentialAction":[{"@type":"SearchAction","target":{"@type":"EntryPoint","urlTemplate":"https:\/\/www.tillvaxtbohuslan.se\/suscod\/?s={search_term_string}"},"query-input":{"@type":"PropertyValueSpecification","valueRequired":true,"valueName":"search_term_string"}}],"inLanguage":"sv-SE"}]}},"_links":{"self":[{"href":"https:\/\/www.tillvaxtbohuslan.se\/suscod\/wp-json\/wp\/v2\/pages\/152","targetHints":{"allow":["GET"]}}],"collection":[{"href":"https:\/\/www.tillvaxtbohuslan.se\/suscod\/wp-json\/wp\/v2\/pages"}],"about":[{"href":"https:\/\/www.tillvaxtbohuslan.se\/suscod\/wp-json\/wp\/v2\/types\/page"}],"author":[{"embeddable":true,"href":"https:\/\/www.tillvaxtbohuslan.se\/suscod\/wp-json\/wp\/v2\/users\/1"}],"replies":[{"embeddable":true,"href":"https:\/\/www.tillvaxtbohuslan.se\/suscod\/wp-json\/wp\/v2\/comments?post=152"}],"version-history":[{"count":2,"href":"https:\/\/www.tillvaxtbohuslan.se\/suscod\/wp-json\/wp\/v2\/pages\/152\/revisions"}],"predecessor-version":[{"id":196,"href":"https:\/\/www.tillvaxtbohuslan.se\/suscod\/wp-json\/wp\/v2\/pages\/152\/revisions\/196"}],"up":[{"embeddable":true,"href":"https:\/\/www.tillvaxtbohuslan.se\/suscod\/wp-json\/wp\/v2\/pages\/110"}],"wp:attachment":[{"href":"https:\/\/www.tillvaxtbohuslan.se\/suscod\/wp-json\/wp\/v2\/media?parent=152"}],"curies":[{"name":"wp","href":"https:\/\/api.w.org\/{rel}","templated":true}]}}