{"id":149,"date":"2014-03-31T12:46:52","date_gmt":"2014-03-31T10:46:52","guid":{"rendered":"https:\/\/www.tillvaxtbohuslan.se\/suscod\/?page_id=149"},"modified":"2014-09-09T15:49:50","modified_gmt":"2014-09-09T13:49:50","slug":"attraktionskraft-sverige-boende-som-tillvaxtfraga","status":"publish","type":"page","link":"https:\/\/www.tillvaxtbohuslan.se\/suscod\/helarsboende-och-bostadsbyggande-pa-landsbygden-och-skargarden\/attraktionskraft-sverige-boende-som-tillvaxtfraga\/","title":{"rendered":"Attraktionskraft Sverige \u2013 boende som tillv\u00e4xtfr\u00e5ga"},"content":{"rendered":"<div id=\"attachment_150\" style=\"width: 520px\" class=\"wp-caption alignnone\"><a href=\"https:\/\/www.tillvaxtbohuslan.se\/suscod\/wp-content\/uploads\/sites\/3\/2014\/03\/bild-atraktionskraft-sverige.jpg\"><img loading=\"lazy\" decoding=\"async\" aria-describedby=\"caption-attachment-150\" class=\"img-responsive img-responsive size-full wp-image-150\" alt=\"bild-atraktionskraft-sverige\" src=\"https:\/\/www.tillvaxtbohuslan.se\/suscod\/wp-content\/uploads\/sites\/3\/2014\/03\/bild-atraktionskraft-sverige.jpg\" width=\"510\" height=\"250\" srcset=\"https:\/\/www.tillvaxtbohuslan.se\/suscod\/wp-content\/uploads\/sites\/3\/2014\/03\/bild-atraktionskraft-sverige.jpg 510w, https:\/\/www.tillvaxtbohuslan.se\/suscod\/wp-content\/uploads\/sites\/3\/2014\/03\/bild-atraktionskraft-sverige-300x147.jpg 300w\" sizes=\"auto, (max-width: 510px) 100vw, 510px\" \/><\/a><p id=\"caption-attachment-150\" class=\"wp-caption-text\">Viktor Johnson, politiskt sakkunnig, N\u00e4ringsdepartementet<\/p><\/div>\n<p>Viktor Johnson, ansvarig f\u00f6r fr\u00e5gor om regional tillv\u00e4xt vid Regeringskansliet \u2013 redogjorde kort f\u00f6r m\u00e5let med den regionala tillv\u00e4xtpolitiken \u2013 utvecklingskraft i alla delar av landet. \u201dAlla delar kan och ska bidra till v\u00e5rt lands tillv\u00e4xt\u201d, sade Johnson. Men f\u00f6r att utvecklingskraften ska ges f\u00f6ruts\u00e4ttningar m\u00e5ste det finnas f\u00f6ruts\u00e4ttningar f\u00f6r tillv\u00e4xt, n\u00e4ringslivsklimatet lyftes fram som en s\u00e5dan. Tillv\u00e4xten f\u00f6rklarades ocks\u00e5 vara beroende av infrastuktur, utbildningssystem, arbetsmarknadspolitik samt attraktiviteten i de milj\u00f6er i vilka m\u00e4nniskor bor och verkar.<\/p>\n<p>Utbildning och jobb beskrevs som det mest betydande faktorerna bakom arbetsmarknadens r\u00f6rlighet. \u201dMan kan ocks\u00e5 se att service \u00e4r viktigt, skolor av bra kvalitet, tillg\u00e5ng till livsmedel liksom och sociala strukturer\/m\u00f6tesplatser. Infrastruktur, kompetensf\u00f6rs\u00f6rjning, f\u00f6retagsklimat och fr\u00e5gor kopplat till attraktivitet har stor betydelse f\u00f6r inflyttning och tillv\u00e4xt\u201d, resonerade Johnson som \u00e4ven redogjorde \u00e4en f\u00f6r initiativet \u201dAttraktionskraft Sverige\u201d &#8211; en dialogplattform f\u00f6r att \u00f6ka fokus p\u00e5 betydelsen av attraktivitet f\u00f6r tillv\u00e4xt. \u201dN\u00e4ringsministern har antagit visionen att Sverige ska bli v\u00e4rldens b\u00e4sta land att vistas, bo och verka i f\u00f6rklarade Johnson som betonade att initiativet handlar mycket om att l\u00e4nka samman befintliga fr\u00e5gor och politikomr\u00e5det med nya.<\/p>\n<p>B\u00e5de f\u00f6retag och det civila samh\u00e4llet konstaterades ha betydelsefull roll. \u201dFr\u00e5n regeringens sida har man hittills initierat en dialog med bland andra SKL, Arena f\u00f6r tillv\u00e4xt, handelskamrarna och f\u00f6retagarna, f\u00f6r att diskutera hur vi tillsammans kan bidra f\u00f6r att n\u00e5 m\u00e5ls\u00e4ttningen. Flera andra akt\u00f6rer sagt sig villiga att ansluta sig\u201d, sade Johnson som ocks\u00e5 ber\u00e4ttade att boendefr\u00e5gornas koppling till tillv\u00e4xt \u00e4r ett av Attraktionskraft Sveriges fokusomr\u00e5den.<\/p>\n<p>F\u00f6r att koppla samman boende och tillv\u00e4xtperspektivet f\u00f6ljer regeringen bland annat upp nya PBL som ger \u00f6versiktsplaneringen en mer strategisk roll. \u00d6P ska nu tydligare \u00e4n tidigare visa hur kommunerna t\u00e4nker ta h\u00e4nsyn till regionala och nationella m\u00e5l \u2013 allt i syfte att fr\u00e4mja tv\u00e4rt\u00e4nkandet. \u201dStrandskyddsreglerna \u00e4r ett annat insatsomr\u00e5de \u2013 till\u00e4mpningen inte blivit som man har t\u00e4nkt, f\u00e5 landsbygdskommuner utnyttjat m\u00f6jligheten till l\u00e4ttnader f\u00f6r strandn\u00e4ra byggnation via landsbygdsomr\u00e5den. Regeringen lanserar d\u00e4rf\u00f6r ett nytt kompetens- och planeringsst\u00f6d till kommuner\u201d, informerade Johnson. Fr\u00e5n b\u00f6rjan av okt 2012 kan kommuner och L\u00e4nsstyrelser s\u00f6ka medel f\u00f6r att f\u00e5 hj\u00e4lp att utse landsbygdsomr\u00e5den, st\u00f6det kommer att administreras av Boverket.<\/p>\n<p>\u201dStaten kan bidra till det attraktiva Sverige genom att skapa strukturella f\u00f6ruts\u00e4ttningar, men mycket av det som beh\u00f6ver g\u00f6ras ligger inom kommunala ansvarsomr\u00e5den som bra skola, och omsorg\u201d, menade Johnson som ocks\u00e5 uttalade tankar om att landsbygden kanske inte kommer att se ut som den g\u00f6r idag \u2013 samh\u00e4llen har kommit och g\u00e5tt i alla tider. Men alla kan ta ett ansvar f\u00f6r sin egen utveckling.<\/p>\n<p>P\u00e5 fr\u00e5gan om \u00f6nskem\u00e5l i fr\u00e5ga om lokal politik utryckte Johnson en f\u00f6rhoppning om f\u00f6rb\u00e4ttringar i kommuners f\u00f6rm\u00e5ga att se utanf\u00f6r kommungr\u00e4nsen och analysera hur man kan arbeta med kommun\u00f6vergripande utmaningar.<\/p>\n","protected":false},"excerpt":{"rendered":"<p>Viktor Johnson, ansvarig f\u00f6r fr\u00e5gor om regional tillv\u00e4xt vid Regeringskansliet \u2013 redogjorde kort f\u00f6r m\u00e5let med den regionala tillv\u00e4xtpolitiken \u2013 utvecklingskraft i alla delar av landet. \u201dAlla delar kan och ska bidra till v\u00e5rt lands tillv\u00e4xt\u201d, sade Johnson. Men f\u00f6r &hellip; <a href=\"https:\/\/www.tillvaxtbohuslan.se\/suscod\/helarsboende-och-bostadsbyggande-pa-landsbygden-och-skargarden\/attraktionskraft-sverige-boende-som-tillvaxtfraga\/\" title=\"Attraktionskraft Sverige \u2013 boende som tillv\u00e4xtfr\u00e5ga\">Forts\u00e4tt l\u00e4sa <span class=\"meta-nav\"><i class=\"icon-long-arrow-right\"><\/i><\/span><\/a><\/p>\n","protected":false},"author":1,"featured_media":0,"parent":110,"menu_order":0,"comment_status":"closed","ping_status":"open","template":"","meta":{"_acf_changed":false,"footnotes":""},"class_list":["post-149","page","type-page","status-publish","hentry"],"acf":[],"yoast_head":"<!-- This site is optimized with the Yoast SEO plugin v27.4 - https:\/\/yoast.com\/product\/yoast-seo-wordpress\/ -->\n<title>Attraktionskraft Sverige \u2013 boende som tillv\u00e4xtfr\u00e5ga - SUSCOD<\/title>\n<meta name=\"robots\" content=\"index, follow, max-snippet:-1, max-image-preview:large, max-video-preview:-1\" \/>\n<link rel=\"canonical\" href=\"https:\/\/www.tillvaxtbohuslan.se\/suscod\/helarsboende-och-bostadsbyggande-pa-landsbygden-och-skargarden\/attraktionskraft-sverige-boende-som-tillvaxtfraga\/\" \/>\n<meta name=\"twitter:label1\" content=\"Ber\u00e4knad l\u00e4stid\" \/>\n\t<meta name=\"twitter:data1\" content=\"3 minuter\" \/>\n<script type=\"application\/ld+json\" class=\"yoast-schema-graph\">{\"@context\":\"https:\\\/\\\/schema.org\",\"@graph\":[{\"@type\":\"WebPage\",\"@id\":\"https:\\\/\\\/www.tillvaxtbohuslan.se\\\/suscod\\\/helarsboende-och-bostadsbyggande-pa-landsbygden-och-skargarden\\\/attraktionskraft-sverige-boende-som-tillvaxtfraga\\\/\",\"url\":\"https:\\\/\\\/www.tillvaxtbohuslan.se\\\/suscod\\\/helarsboende-och-bostadsbyggande-pa-landsbygden-och-skargarden\\\/attraktionskraft-sverige-boende-som-tillvaxtfraga\\\/\",\"name\":\"Attraktionskraft Sverige \u2013 boende som tillv\u00e4xtfr\u00e5ga - SUSCOD\",\"isPartOf\":{\"@id\":\"https:\\\/\\\/www.tillvaxtbohuslan.se\\\/suscod\\\/#website\"},\"primaryImageOfPage\":{\"@id\":\"https:\\\/\\\/www.tillvaxtbohuslan.se\\\/suscod\\\/helarsboende-och-bostadsbyggande-pa-landsbygden-och-skargarden\\\/attraktionskraft-sverige-boende-som-tillvaxtfraga\\\/#primaryimage\"},\"image\":{\"@id\":\"https:\\\/\\\/www.tillvaxtbohuslan.se\\\/suscod\\\/helarsboende-och-bostadsbyggande-pa-landsbygden-och-skargarden\\\/attraktionskraft-sverige-boende-som-tillvaxtfraga\\\/#primaryimage\"},\"thumbnailUrl\":\"https:\\\/\\\/www.tillvaxtbohuslan.se\\\/suscod\\\/wp-content\\\/uploads\\\/sites\\\/3\\\/2014\\\/03\\\/bild-atraktionskraft-sverige.jpg\",\"datePublished\":\"2014-03-31T10:46:52+00:00\",\"dateModified\":\"2014-09-09T13:49:50+00:00\",\"breadcrumb\":{\"@id\":\"https:\\\/\\\/www.tillvaxtbohuslan.se\\\/suscod\\\/helarsboende-och-bostadsbyggande-pa-landsbygden-och-skargarden\\\/attraktionskraft-sverige-boende-som-tillvaxtfraga\\\/#breadcrumb\"},\"inLanguage\":\"sv-SE\",\"potentialAction\":[{\"@type\":\"ReadAction\",\"target\":[\"https:\\\/\\\/www.tillvaxtbohuslan.se\\\/suscod\\\/helarsboende-och-bostadsbyggande-pa-landsbygden-och-skargarden\\\/attraktionskraft-sverige-boende-som-tillvaxtfraga\\\/\"]}]},{\"@type\":\"ImageObject\",\"inLanguage\":\"sv-SE\",\"@id\":\"https:\\\/\\\/www.tillvaxtbohuslan.se\\\/suscod\\\/helarsboende-och-bostadsbyggande-pa-landsbygden-och-skargarden\\\/attraktionskraft-sverige-boende-som-tillvaxtfraga\\\/#primaryimage\",\"url\":\"https:\\\/\\\/www.tillvaxtbohuslan.se\\\/suscod\\\/wp-content\\\/uploads\\\/sites\\\/3\\\/2014\\\/03\\\/bild-atraktionskraft-sverige.jpg\",\"contentUrl\":\"https:\\\/\\\/www.tillvaxtbohuslan.se\\\/suscod\\\/wp-content\\\/uploads\\\/sites\\\/3\\\/2014\\\/03\\\/bild-atraktionskraft-sverige.jpg\",\"width\":510,\"height\":250},{\"@type\":\"BreadcrumbList\",\"@id\":\"https:\\\/\\\/www.tillvaxtbohuslan.se\\\/suscod\\\/helarsboende-och-bostadsbyggande-pa-landsbygden-och-skargarden\\\/attraktionskraft-sverige-boende-som-tillvaxtfraga\\\/#breadcrumb\",\"itemListElement\":[{\"@type\":\"ListItem\",\"position\":1,\"name\":\"Hem\",\"item\":\"https:\\\/\\\/www.tillvaxtbohuslan.se\\\/suscod\\\/\"},{\"@type\":\"ListItem\",\"position\":2,\"name\":\"Hel\u00e5rsboende och bostadsbyggande p\u00e5 landsbygden och i sk\u00e4rg\u00e5rden\",\"item\":\"https:\\\/\\\/www.tillvaxtbohuslan.se\\\/suscod\\\/helarsboende-och-bostadsbyggande-pa-landsbygden-och-skargarden\\\/\"},{\"@type\":\"ListItem\",\"position\":3,\"name\":\"Attraktionskraft Sverige \u2013 boende som tillv\u00e4xtfr\u00e5ga\"}]},{\"@type\":\"WebSite\",\"@id\":\"https:\\\/\\\/www.tillvaxtbohuslan.se\\\/suscod\\\/#website\",\"url\":\"https:\\\/\\\/www.tillvaxtbohuslan.se\\\/suscod\\\/\",\"name\":\"SUSCOD\",\"description\":\"\",\"potentialAction\":[{\"@type\":\"SearchAction\",\"target\":{\"@type\":\"EntryPoint\",\"urlTemplate\":\"https:\\\/\\\/www.tillvaxtbohuslan.se\\\/suscod\\\/?s={search_term_string}\"},\"query-input\":{\"@type\":\"PropertyValueSpecification\",\"valueRequired\":true,\"valueName\":\"search_term_string\"}}],\"inLanguage\":\"sv-SE\"}]}<\/script>\n<!-- \/ Yoast SEO plugin. -->","yoast_head_json":{"title":"Attraktionskraft Sverige \u2013 boende som tillv\u00e4xtfr\u00e5ga - SUSCOD","robots":{"index":"index","follow":"follow","max-snippet":"max-snippet:-1","max-image-preview":"max-image-preview:large","max-video-preview":"max-video-preview:-1"},"canonical":"https:\/\/www.tillvaxtbohuslan.se\/suscod\/helarsboende-och-bostadsbyggande-pa-landsbygden-och-skargarden\/attraktionskraft-sverige-boende-som-tillvaxtfraga\/","twitter_misc":{"Ber\u00e4knad l\u00e4stid":"3 minuter"},"schema":{"@context":"https:\/\/schema.org","@graph":[{"@type":"WebPage","@id":"https:\/\/www.tillvaxtbohuslan.se\/suscod\/helarsboende-och-bostadsbyggande-pa-landsbygden-och-skargarden\/attraktionskraft-sverige-boende-som-tillvaxtfraga\/","url":"https:\/\/www.tillvaxtbohuslan.se\/suscod\/helarsboende-och-bostadsbyggande-pa-landsbygden-och-skargarden\/attraktionskraft-sverige-boende-som-tillvaxtfraga\/","name":"Attraktionskraft Sverige \u2013 boende som tillv\u00e4xtfr\u00e5ga - SUSCOD","isPartOf":{"@id":"https:\/\/www.tillvaxtbohuslan.se\/suscod\/#website"},"primaryImageOfPage":{"@id":"https:\/\/www.tillvaxtbohuslan.se\/suscod\/helarsboende-och-bostadsbyggande-pa-landsbygden-och-skargarden\/attraktionskraft-sverige-boende-som-tillvaxtfraga\/#primaryimage"},"image":{"@id":"https:\/\/www.tillvaxtbohuslan.se\/suscod\/helarsboende-och-bostadsbyggande-pa-landsbygden-och-skargarden\/attraktionskraft-sverige-boende-som-tillvaxtfraga\/#primaryimage"},"thumbnailUrl":"https:\/\/www.tillvaxtbohuslan.se\/suscod\/wp-content\/uploads\/sites\/3\/2014\/03\/bild-atraktionskraft-sverige.jpg","datePublished":"2014-03-31T10:46:52+00:00","dateModified":"2014-09-09T13:49:50+00:00","breadcrumb":{"@id":"https:\/\/www.tillvaxtbohuslan.se\/suscod\/helarsboende-och-bostadsbyggande-pa-landsbygden-och-skargarden\/attraktionskraft-sverige-boende-som-tillvaxtfraga\/#breadcrumb"},"inLanguage":"sv-SE","potentialAction":[{"@type":"ReadAction","target":["https:\/\/www.tillvaxtbohuslan.se\/suscod\/helarsboende-och-bostadsbyggande-pa-landsbygden-och-skargarden\/attraktionskraft-sverige-boende-som-tillvaxtfraga\/"]}]},{"@type":"ImageObject","inLanguage":"sv-SE","@id":"https:\/\/www.tillvaxtbohuslan.se\/suscod\/helarsboende-och-bostadsbyggande-pa-landsbygden-och-skargarden\/attraktionskraft-sverige-boende-som-tillvaxtfraga\/#primaryimage","url":"https:\/\/www.tillvaxtbohuslan.se\/suscod\/wp-content\/uploads\/sites\/3\/2014\/03\/bild-atraktionskraft-sverige.jpg","contentUrl":"https:\/\/www.tillvaxtbohuslan.se\/suscod\/wp-content\/uploads\/sites\/3\/2014\/03\/bild-atraktionskraft-sverige.jpg","width":510,"height":250},{"@type":"BreadcrumbList","@id":"https:\/\/www.tillvaxtbohuslan.se\/suscod\/helarsboende-och-bostadsbyggande-pa-landsbygden-och-skargarden\/attraktionskraft-sverige-boende-som-tillvaxtfraga\/#breadcrumb","itemListElement":[{"@type":"ListItem","position":1,"name":"Hem","item":"https:\/\/www.tillvaxtbohuslan.se\/suscod\/"},{"@type":"ListItem","position":2,"name":"Hel\u00e5rsboende och bostadsbyggande p\u00e5 landsbygden och i sk\u00e4rg\u00e5rden","item":"https:\/\/www.tillvaxtbohuslan.se\/suscod\/helarsboende-och-bostadsbyggande-pa-landsbygden-och-skargarden\/"},{"@type":"ListItem","position":3,"name":"Attraktionskraft Sverige \u2013 boende som tillv\u00e4xtfr\u00e5ga"}]},{"@type":"WebSite","@id":"https:\/\/www.tillvaxtbohuslan.se\/suscod\/#website","url":"https:\/\/www.tillvaxtbohuslan.se\/suscod\/","name":"SUSCOD","description":"","potentialAction":[{"@type":"SearchAction","target":{"@type":"EntryPoint","urlTemplate":"https:\/\/www.tillvaxtbohuslan.se\/suscod\/?s={search_term_string}"},"query-input":{"@type":"PropertyValueSpecification","valueRequired":true,"valueName":"search_term_string"}}],"inLanguage":"sv-SE"}]}},"_links":{"self":[{"href":"https:\/\/www.tillvaxtbohuslan.se\/suscod\/wp-json\/wp\/v2\/pages\/149","targetHints":{"allow":["GET"]}}],"collection":[{"href":"https:\/\/www.tillvaxtbohuslan.se\/suscod\/wp-json\/wp\/v2\/pages"}],"about":[{"href":"https:\/\/www.tillvaxtbohuslan.se\/suscod\/wp-json\/wp\/v2\/types\/page"}],"author":[{"embeddable":true,"href":"https:\/\/www.tillvaxtbohuslan.se\/suscod\/wp-json\/wp\/v2\/users\/1"}],"replies":[{"embeddable":true,"href":"https:\/\/www.tillvaxtbohuslan.se\/suscod\/wp-json\/wp\/v2\/comments?post=149"}],"version-history":[{"count":2,"href":"https:\/\/www.tillvaxtbohuslan.se\/suscod\/wp-json\/wp\/v2\/pages\/149\/revisions"}],"predecessor-version":[{"id":195,"href":"https:\/\/www.tillvaxtbohuslan.se\/suscod\/wp-json\/wp\/v2\/pages\/149\/revisions\/195"}],"up":[{"embeddable":true,"href":"https:\/\/www.tillvaxtbohuslan.se\/suscod\/wp-json\/wp\/v2\/pages\/110"}],"wp:attachment":[{"href":"https:\/\/www.tillvaxtbohuslan.se\/suscod\/wp-json\/wp\/v2\/media?parent=149"}],"curies":[{"name":"wp","href":"https:\/\/api.w.org\/{rel}","templated":true}]}}