{"id":143,"date":"2014-03-31T12:38:57","date_gmt":"2014-03-31T10:38:57","guid":{"rendered":"https:\/\/www.tillvaxtbohuslan.se\/suscod\/?page_id=143"},"modified":"2014-09-09T15:49:51","modified_gmt":"2014-09-09T13:49:51","slug":"politisk-vilja-pa-lokal-regional-och-nationell-niva-samtal-korthet","status":"publish","type":"page","link":"https:\/\/www.tillvaxtbohuslan.se\/suscod\/helarsboende-och-bostadsbyggande-pa-landsbygden-och-skargarden\/politisk-vilja-pa-lokal-regional-och-nationell-niva-samtal-korthet\/","title":{"rendered":"Politisk vilja p\u00e5 lokal, regional och nationell niv\u00e5 \u2013 samtal i korthet"},"content":{"rendered":"<h2><a href=\"https:\/\/www.tillvaxtbohuslan.se\/suscod\/wp-content\/uploads\/sites\/3\/2014\/03\/bild-politisk-vilja-lokal-och-nationell-niva.jpg\"><img loading=\"lazy\" decoding=\"async\" class=\"img-responsive img-responsive alignnone size-full wp-image-144\" alt=\"bild-politisk-vilja-lokal-och-nationell-niva\" src=\"https:\/\/www.tillvaxtbohuslan.se\/suscod\/wp-content\/uploads\/sites\/3\/2014\/03\/bild-politisk-vilja-lokal-och-nationell-niva.jpg\" width=\"510\" height=\"250\" srcset=\"https:\/\/www.tillvaxtbohuslan.se\/suscod\/wp-content\/uploads\/sites\/3\/2014\/03\/bild-politisk-vilja-lokal-och-nationell-niva.jpg 510w, https:\/\/www.tillvaxtbohuslan.se\/suscod\/wp-content\/uploads\/sites\/3\/2014\/03\/bild-politisk-vilja-lokal-och-nationell-niva-300x147.jpg 300w\" sizes=\"auto, (max-width: 510px) 100vw, 510px\" \/><\/a><\/h2>\n<h2>Lars Tysklind &#8211; riksdagsledamot (fp)<\/h2>\n<p>\u201dMan kan konstatera att det byggs f\u00f6r lite, och att det har varit s\u00e5 l\u00e4nge. Bostadspolitik konstaterades vara ett komplext omr\u00e5de, inriktningen f\u00f6r politiken p\u00e5 riksplanen \u00e4r att skapa l\u00e5ngssiktigt stabila regelverk f\u00f6r byggande och boende. Staten har ocks\u00e5 till uppgift ocks\u00e5 att skapa neutralitet\/balans mellan uppl\u00e5telseformerna. Det utreds f\u00f6r n\u00e4rvarande om hyresr\u00e4tten \u00e4r missgynnad.<\/p>\n<p>Ett led i arbetet \u00e4r nya PBL med avsikt att f\u00f6renkla. Revideringen av strandskyddslagstiftning \u00e4r ett annat sp\u00e5r \u2013 h\u00e4r ser regeringen nu \u00f6ver resultatet. Det \u00e4r definitivt regeringens ambition att underl\u00e4tta f\u00f6r byggande p\u00e5 landsbygden, \u00e4ven i omr\u00e5den med l\u00e5ga marknadsv\u00e4rden.\u201d<\/p>\n<h2>Roland Karlsson &#8211; ledamot i Regionala utvecklingsn\u00e4mnden<\/h2>\n<p>Redogjorde f\u00f6r V\u00e4stra G\u00f6talandsregionens roll som paraply f\u00f6r 49 kommuner och pekade p\u00e5 betydelsen av bra infrastruktur. En faktor d\u00e4r de statliga medlen \u00e4r avg\u00f6rande f\u00f6r utvecklingen. Regionen ans\u00e5gs ha en viktig roll i uppdraget f\u00f6r utveckling i sk\u00e4rg\u00e5rd och landsbygd. Det \u00e4r nu dags att b\u00f6rja t\u00e4nka bortom storstadsprioriteringarna om landsbygden ska ha en framtid.<\/p>\n<h2>Peter Hemlin\u2013 Soten\u00e4s bost\u00e4der<\/h2>\n<p>\u201dSoten\u00e4s kommun har l\u00e5g arbetsl\u00f6shet, bra skola och \u00e4ldreomsorg. Men vi har v\u00e4ldigt d\u00e5liga v\u00e4gar. Vi skulle kunna ha varit ett eldorado f\u00f6r cykelturism etc med b\u00e4ttre infrastruktur. Vi tar just nu fram en ny bostadsf\u00f6rs\u00f6rjningsplan, faktadel finns p\u00e5 kommunens webbplats. Delaktighet bland medborgarna efterstr\u00e4vas. Vi har byggt kommunala l\u00e4genheter och bygger ytterligare \u2013 mer \u00e4n 400 nya l\u00e4genheter planeras inom mandatperioden. Soten\u00e4s bost\u00e4der tar ett ansvar, men den privata marknaden m\u00e5ste g\u00f6ra det stora jobbet.\u201d<\/p>\n<h2>Anders Olsson, ordf AB Str\u00f6mstadsbyggen<\/h2>\n<p>\u201dHur sv\u00e5rt kan det vara? I Str\u00f6mstad har vi en bostadsk\u00f6 p\u00e5 cirka 8-900 pers. Cirka h\u00e4lften kan anses vara aktiv. L\u00e5ng f\u00e4rdigst\u00e4llandetid fr\u00e5n projektering till inflyttning samt ogynnsamt skatte- och kostnadsl\u00e4ge \u00e4r hinder f\u00f6r byggandet. Kostnadsl\u00e4ge och hyresniv\u00e5 harmonierar inte. Processen att skapa l\u00e4genheter i attraktiva omr\u00e5den blir alltf\u00f6r komplicerad och alltf\u00f6r dyr. Det \u00e4r ett bekymmer att regelverk p\u00e5 regional och lokal niv\u00e5 (parkeringsnormer och annat) l\u00e4gger krokben f\u00f6r lokala ambitioner.\u201d<\/p>\n","protected":false},"excerpt":{"rendered":"<p>Lars Tysklind &#8211; riksdagsledamot (fp) \u201dMan kan konstatera att det byggs f\u00f6r lite, och att det har varit s\u00e5 l\u00e4nge. Bostadspolitik konstaterades vara ett komplext omr\u00e5de, inriktningen f\u00f6r politiken p\u00e5 riksplanen \u00e4r att skapa l\u00e5ngssiktigt stabila regelverk f\u00f6r byggande och &hellip; <a href=\"https:\/\/www.tillvaxtbohuslan.se\/suscod\/helarsboende-och-bostadsbyggande-pa-landsbygden-och-skargarden\/politisk-vilja-pa-lokal-regional-och-nationell-niva-samtal-korthet\/\" title=\"Politisk vilja p\u00e5 lokal, regional och nationell niv\u00e5 \u2013 samtal i korthet\">Forts\u00e4tt l\u00e4sa <span class=\"meta-nav\"><i class=\"icon-long-arrow-right\"><\/i><\/span><\/a><\/p>\n","protected":false},"author":1,"featured_media":0,"parent":110,"menu_order":0,"comment_status":"closed","ping_status":"open","template":"","meta":{"_acf_changed":false,"footnotes":""},"class_list":["post-143","page","type-page","status-publish","hentry"],"acf":[],"yoast_head":"<!-- This site is optimized with the Yoast SEO plugin v27.4 - https:\/\/yoast.com\/product\/yoast-seo-wordpress\/ -->\n<title>Politisk vilja p\u00e5 lokal, regional och nationell niv\u00e5 \u2013 samtal i korthet - SUSCOD<\/title>\n<meta name=\"robots\" content=\"index, follow, max-snippet:-1, max-image-preview:large, max-video-preview:-1\" \/>\n<link rel=\"canonical\" href=\"https:\/\/www.tillvaxtbohuslan.se\/suscod\/helarsboende-och-bostadsbyggande-pa-landsbygden-och-skargarden\/politisk-vilja-pa-lokal-regional-och-nationell-niva-samtal-korthet\/\" \/>\n<meta name=\"twitter:label1\" content=\"Ber\u00e4knad l\u00e4stid\" \/>\n\t<meta name=\"twitter:data1\" content=\"2 minuter\" \/>\n<script type=\"application\/ld+json\" class=\"yoast-schema-graph\">{\"@context\":\"https:\\\/\\\/schema.org\",\"@graph\":[{\"@type\":\"WebPage\",\"@id\":\"https:\\\/\\\/www.tillvaxtbohuslan.se\\\/suscod\\\/helarsboende-och-bostadsbyggande-pa-landsbygden-och-skargarden\\\/politisk-vilja-pa-lokal-regional-och-nationell-niva-samtal-korthet\\\/\",\"url\":\"https:\\\/\\\/www.tillvaxtbohuslan.se\\\/suscod\\\/helarsboende-och-bostadsbyggande-pa-landsbygden-och-skargarden\\\/politisk-vilja-pa-lokal-regional-och-nationell-niva-samtal-korthet\\\/\",\"name\":\"Politisk vilja p\u00e5 lokal, regional och nationell niv\u00e5 \u2013 samtal i korthet - SUSCOD\",\"isPartOf\":{\"@id\":\"https:\\\/\\\/www.tillvaxtbohuslan.se\\\/suscod\\\/#website\"},\"primaryImageOfPage\":{\"@id\":\"https:\\\/\\\/www.tillvaxtbohuslan.se\\\/suscod\\\/helarsboende-och-bostadsbyggande-pa-landsbygden-och-skargarden\\\/politisk-vilja-pa-lokal-regional-och-nationell-niva-samtal-korthet\\\/#primaryimage\"},\"image\":{\"@id\":\"https:\\\/\\\/www.tillvaxtbohuslan.se\\\/suscod\\\/helarsboende-och-bostadsbyggande-pa-landsbygden-och-skargarden\\\/politisk-vilja-pa-lokal-regional-och-nationell-niva-samtal-korthet\\\/#primaryimage\"},\"thumbnailUrl\":\"https:\\\/\\\/www.tillvaxtbohuslan.se\\\/suscod\\\/wp-content\\\/uploads\\\/sites\\\/3\\\/2014\\\/03\\\/bild-politisk-vilja-lokal-och-nationell-niva.jpg\",\"datePublished\":\"2014-03-31T10:38:57+00:00\",\"dateModified\":\"2014-09-09T13:49:51+00:00\",\"breadcrumb\":{\"@id\":\"https:\\\/\\\/www.tillvaxtbohuslan.se\\\/suscod\\\/helarsboende-och-bostadsbyggande-pa-landsbygden-och-skargarden\\\/politisk-vilja-pa-lokal-regional-och-nationell-niva-samtal-korthet\\\/#breadcrumb\"},\"inLanguage\":\"sv-SE\",\"potentialAction\":[{\"@type\":\"ReadAction\",\"target\":[\"https:\\\/\\\/www.tillvaxtbohuslan.se\\\/suscod\\\/helarsboende-och-bostadsbyggande-pa-landsbygden-och-skargarden\\\/politisk-vilja-pa-lokal-regional-och-nationell-niva-samtal-korthet\\\/\"]}]},{\"@type\":\"ImageObject\",\"inLanguage\":\"sv-SE\",\"@id\":\"https:\\\/\\\/www.tillvaxtbohuslan.se\\\/suscod\\\/helarsboende-och-bostadsbyggande-pa-landsbygden-och-skargarden\\\/politisk-vilja-pa-lokal-regional-och-nationell-niva-samtal-korthet\\\/#primaryimage\",\"url\":\"https:\\\/\\\/www.tillvaxtbohuslan.se\\\/suscod\\\/wp-content\\\/uploads\\\/sites\\\/3\\\/2014\\\/03\\\/bild-politisk-vilja-lokal-och-nationell-niva.jpg\",\"contentUrl\":\"https:\\\/\\\/www.tillvaxtbohuslan.se\\\/suscod\\\/wp-content\\\/uploads\\\/sites\\\/3\\\/2014\\\/03\\\/bild-politisk-vilja-lokal-och-nationell-niva.jpg\",\"width\":510,\"height\":250},{\"@type\":\"BreadcrumbList\",\"@id\":\"https:\\\/\\\/www.tillvaxtbohuslan.se\\\/suscod\\\/helarsboende-och-bostadsbyggande-pa-landsbygden-och-skargarden\\\/politisk-vilja-pa-lokal-regional-och-nationell-niva-samtal-korthet\\\/#breadcrumb\",\"itemListElement\":[{\"@type\":\"ListItem\",\"position\":1,\"name\":\"Hem\",\"item\":\"https:\\\/\\\/www.tillvaxtbohuslan.se\\\/suscod\\\/\"},{\"@type\":\"ListItem\",\"position\":2,\"name\":\"Hel\u00e5rsboende och bostadsbyggande p\u00e5 landsbygden och i sk\u00e4rg\u00e5rden\",\"item\":\"https:\\\/\\\/www.tillvaxtbohuslan.se\\\/suscod\\\/helarsboende-och-bostadsbyggande-pa-landsbygden-och-skargarden\\\/\"},{\"@type\":\"ListItem\",\"position\":3,\"name\":\"Politisk vilja p\u00e5 lokal, regional och nationell niv\u00e5 \u2013 samtal i korthet\"}]},{\"@type\":\"WebSite\",\"@id\":\"https:\\\/\\\/www.tillvaxtbohuslan.se\\\/suscod\\\/#website\",\"url\":\"https:\\\/\\\/www.tillvaxtbohuslan.se\\\/suscod\\\/\",\"name\":\"SUSCOD\",\"description\":\"\",\"potentialAction\":[{\"@type\":\"SearchAction\",\"target\":{\"@type\":\"EntryPoint\",\"urlTemplate\":\"https:\\\/\\\/www.tillvaxtbohuslan.se\\\/suscod\\\/?s={search_term_string}\"},\"query-input\":{\"@type\":\"PropertyValueSpecification\",\"valueRequired\":true,\"valueName\":\"search_term_string\"}}],\"inLanguage\":\"sv-SE\"}]}<\/script>\n<!-- \/ Yoast SEO plugin. -->","yoast_head_json":{"title":"Politisk vilja p\u00e5 lokal, regional och nationell niv\u00e5 \u2013 samtal i korthet - SUSCOD","robots":{"index":"index","follow":"follow","max-snippet":"max-snippet:-1","max-image-preview":"max-image-preview:large","max-video-preview":"max-video-preview:-1"},"canonical":"https:\/\/www.tillvaxtbohuslan.se\/suscod\/helarsboende-och-bostadsbyggande-pa-landsbygden-och-skargarden\/politisk-vilja-pa-lokal-regional-och-nationell-niva-samtal-korthet\/","twitter_misc":{"Ber\u00e4knad l\u00e4stid":"2 minuter"},"schema":{"@context":"https:\/\/schema.org","@graph":[{"@type":"WebPage","@id":"https:\/\/www.tillvaxtbohuslan.se\/suscod\/helarsboende-och-bostadsbyggande-pa-landsbygden-och-skargarden\/politisk-vilja-pa-lokal-regional-och-nationell-niva-samtal-korthet\/","url":"https:\/\/www.tillvaxtbohuslan.se\/suscod\/helarsboende-och-bostadsbyggande-pa-landsbygden-och-skargarden\/politisk-vilja-pa-lokal-regional-och-nationell-niva-samtal-korthet\/","name":"Politisk vilja p\u00e5 lokal, regional och nationell niv\u00e5 \u2013 samtal i korthet - SUSCOD","isPartOf":{"@id":"https:\/\/www.tillvaxtbohuslan.se\/suscod\/#website"},"primaryImageOfPage":{"@id":"https:\/\/www.tillvaxtbohuslan.se\/suscod\/helarsboende-och-bostadsbyggande-pa-landsbygden-och-skargarden\/politisk-vilja-pa-lokal-regional-och-nationell-niva-samtal-korthet\/#primaryimage"},"image":{"@id":"https:\/\/www.tillvaxtbohuslan.se\/suscod\/helarsboende-och-bostadsbyggande-pa-landsbygden-och-skargarden\/politisk-vilja-pa-lokal-regional-och-nationell-niva-samtal-korthet\/#primaryimage"},"thumbnailUrl":"https:\/\/www.tillvaxtbohuslan.se\/suscod\/wp-content\/uploads\/sites\/3\/2014\/03\/bild-politisk-vilja-lokal-och-nationell-niva.jpg","datePublished":"2014-03-31T10:38:57+00:00","dateModified":"2014-09-09T13:49:51+00:00","breadcrumb":{"@id":"https:\/\/www.tillvaxtbohuslan.se\/suscod\/helarsboende-och-bostadsbyggande-pa-landsbygden-och-skargarden\/politisk-vilja-pa-lokal-regional-och-nationell-niva-samtal-korthet\/#breadcrumb"},"inLanguage":"sv-SE","potentialAction":[{"@type":"ReadAction","target":["https:\/\/www.tillvaxtbohuslan.se\/suscod\/helarsboende-och-bostadsbyggande-pa-landsbygden-och-skargarden\/politisk-vilja-pa-lokal-regional-och-nationell-niva-samtal-korthet\/"]}]},{"@type":"ImageObject","inLanguage":"sv-SE","@id":"https:\/\/www.tillvaxtbohuslan.se\/suscod\/helarsboende-och-bostadsbyggande-pa-landsbygden-och-skargarden\/politisk-vilja-pa-lokal-regional-och-nationell-niva-samtal-korthet\/#primaryimage","url":"https:\/\/www.tillvaxtbohuslan.se\/suscod\/wp-content\/uploads\/sites\/3\/2014\/03\/bild-politisk-vilja-lokal-och-nationell-niva.jpg","contentUrl":"https:\/\/www.tillvaxtbohuslan.se\/suscod\/wp-content\/uploads\/sites\/3\/2014\/03\/bild-politisk-vilja-lokal-och-nationell-niva.jpg","width":510,"height":250},{"@type":"BreadcrumbList","@id":"https:\/\/www.tillvaxtbohuslan.se\/suscod\/helarsboende-och-bostadsbyggande-pa-landsbygden-och-skargarden\/politisk-vilja-pa-lokal-regional-och-nationell-niva-samtal-korthet\/#breadcrumb","itemListElement":[{"@type":"ListItem","position":1,"name":"Hem","item":"https:\/\/www.tillvaxtbohuslan.se\/suscod\/"},{"@type":"ListItem","position":2,"name":"Hel\u00e5rsboende och bostadsbyggande p\u00e5 landsbygden och i sk\u00e4rg\u00e5rden","item":"https:\/\/www.tillvaxtbohuslan.se\/suscod\/helarsboende-och-bostadsbyggande-pa-landsbygden-och-skargarden\/"},{"@type":"ListItem","position":3,"name":"Politisk vilja p\u00e5 lokal, regional och nationell niv\u00e5 \u2013 samtal i korthet"}]},{"@type":"WebSite","@id":"https:\/\/www.tillvaxtbohuslan.se\/suscod\/#website","url":"https:\/\/www.tillvaxtbohuslan.se\/suscod\/","name":"SUSCOD","description":"","potentialAction":[{"@type":"SearchAction","target":{"@type":"EntryPoint","urlTemplate":"https:\/\/www.tillvaxtbohuslan.se\/suscod\/?s={search_term_string}"},"query-input":{"@type":"PropertyValueSpecification","valueRequired":true,"valueName":"search_term_string"}}],"inLanguage":"sv-SE"}]}},"_links":{"self":[{"href":"https:\/\/www.tillvaxtbohuslan.se\/suscod\/wp-json\/wp\/v2\/pages\/143","targetHints":{"allow":["GET"]}}],"collection":[{"href":"https:\/\/www.tillvaxtbohuslan.se\/suscod\/wp-json\/wp\/v2\/pages"}],"about":[{"href":"https:\/\/www.tillvaxtbohuslan.se\/suscod\/wp-json\/wp\/v2\/types\/page"}],"author":[{"embeddable":true,"href":"https:\/\/www.tillvaxtbohuslan.se\/suscod\/wp-json\/wp\/v2\/users\/1"}],"replies":[{"embeddable":true,"href":"https:\/\/www.tillvaxtbohuslan.se\/suscod\/wp-json\/wp\/v2\/comments?post=143"}],"version-history":[{"count":2,"href":"https:\/\/www.tillvaxtbohuslan.se\/suscod\/wp-json\/wp\/v2\/pages\/143\/revisions"}],"predecessor-version":[{"id":194,"href":"https:\/\/www.tillvaxtbohuslan.se\/suscod\/wp-json\/wp\/v2\/pages\/143\/revisions\/194"}],"up":[{"embeddable":true,"href":"https:\/\/www.tillvaxtbohuslan.se\/suscod\/wp-json\/wp\/v2\/pages\/110"}],"wp:attachment":[{"href":"https:\/\/www.tillvaxtbohuslan.se\/suscod\/wp-json\/wp\/v2\/media?parent=143"}],"curies":[{"name":"wp","href":"https:\/\/api.w.org\/{rel}","templated":true}]}}