{"id":139,"date":"2014-03-31T12:27:39","date_gmt":"2014-03-31T10:27:39","guid":{"rendered":"https:\/\/www.tillvaxtbohuslan.se\/suscod\/?page_id=139"},"modified":"2014-09-09T15:49:51","modified_gmt":"2014-09-09T13:49:51","slug":"hinder-och-mojligheter-boende-och-byggande-samtal-korthet","status":"publish","type":"page","link":"https:\/\/www.tillvaxtbohuslan.se\/suscod\/helarsboende-och-bostadsbyggande-pa-landsbygden-och-skargarden\/hinder-och-mojligheter-boende-och-byggande-samtal-korthet\/","title":{"rendered":"Hinder och m\u00f6jligheter f\u00f6r boende och byggande \u2013 samtal i korthet"},"content":{"rendered":"<h2><a href=\"https:\/\/www.tillvaxtbohuslan.se\/suscod\/wp-content\/uploads\/sites\/3\/2014\/03\/bilder-hinder-och-mojligheter.jpg\"><img loading=\"lazy\" decoding=\"async\" class=\"img-responsive img-responsive alignnone size-full wp-image-141\" alt=\"bilder-hinder-och-mojligheter\" src=\"https:\/\/www.tillvaxtbohuslan.se\/suscod\/wp-content\/uploads\/sites\/3\/2014\/03\/bilder-hinder-och-mojligheter.jpg\" width=\"510\" height=\"250\" srcset=\"https:\/\/www.tillvaxtbohuslan.se\/suscod\/wp-content\/uploads\/sites\/3\/2014\/03\/bilder-hinder-och-mojligheter.jpg 510w, https:\/\/www.tillvaxtbohuslan.se\/suscod\/wp-content\/uploads\/sites\/3\/2014\/03\/bilder-hinder-och-mojligheter-300x147.jpg 300w\" sizes=\"auto, (max-width: 510px) 100vw, 510px\" \/><\/a><\/h2>\n<h2>G\u00f6ran Karlsson, L\u00e4nsstyrelsen i V\u00e4stra G\u00f6taland<\/h2>\n<p>\u201dL\u00e4nsstyrelsen vill vara en proaktiv part i \u00f6versikts- och detaljplanearbetet. Utmaningen i v\u00e5rt omr\u00e5de \u00e4r att f\u00e5 fram bost\u00e4der f\u00f6r permanentboende. Det \u00e4r tydligt att det finns en brist p\u00e5 hyresr\u00e4tter i norra Bohusl\u00e4n. Vi m\u00e5ste g\u00e5 fr\u00e5n bostadsf\u00f6rs\u00f6rjning mot boendeplanering och l\u00e4gga in ett socialt perspektiv i arbetet. Det \u00e4r ocks\u00e5 viktigt att lyfta in fr\u00e5gan p\u00e5 den politiska dagordningen s\u00e5 att alla akt\u00f6rer vet vad som \u00e4r kommunens ambition och hur man vill v\u00e4xa.\u201d<\/p>\n<h2>Markus Erlandsson \u2013 Erlandssons bygg<\/h2>\n<p>\u201dKr\u00e5ngliga planprocesser, os\u00e4kerheter och \u00f6verdriven h\u00e4nsyn bromsar. Vi efterlyser \u00f6kad tydlighet, offensiv markpolitik och starkare styrning mot m\u00e5let \u2013 att skapa nya bost\u00e4der. Kommuner och andra akt\u00f6rer kan bidra genom att skapa nytta f\u00f6r bostadsbolaget (s\u00e4kerst\u00e4lla jobb f\u00f6r arbetskraft) genom en l\u00e5ngsiktig planering och tydligt fokus. Infrastrukturen \u00e4r viktig \u2013 ur ett G\u00f6teborgsperspektiv \u00e4r det uppenbart att du bor b\u00e4ttre h\u00e4r uppe, i norra Bohusl\u00e4n finns otroliga kvaliteter och m\u00f6jligheter.\u201d<\/p>\n<h2>Torbj\u00f6rn Sj\u00f6gren \u2013 fastighets\u00e4garna<\/h2>\n<p>\u201dViljan att bidra till en positiv utvecklingen finns bland hyresv\u00e4rdarna, men f\u00f6ruts\u00e4ttningarna beh\u00f6ver f\u00f6rb\u00e4ttras. Systemet beh\u00f6ver trimmas bland annat genom f\u00f6rb\u00e4ttrade skattem\u00e4ssiga f\u00f6ruts\u00e4ttningar f\u00f6r hyresr\u00e4tter. Med dagens kostnadsl\u00e4ge, avgifter f\u00f6r VA etc \u00e4r det sv\u00e5rt f\u00e5 ekonomi i bygge av hyresr\u00e4tter. Samtidigt \u00e4r hyresr\u00e4tterna viktiga f\u00f6r r\u00f6rligheten p\u00e5 marknaden. S\u00e4nk avgifterna och s\u00e4nk skatten.\u201d<\/p>\n<h2>Anna Brunnsby \u2013 m\u00e4klare<\/h2>\n<p>\u201dN\u00e4rhet till service, bekv\u00e4mlighet, skolg\u00e5ng och kommunikationer \u2013 m\u00e5nga parametrar spelar in vid val av bostad. I fr\u00e5ga om fritidshus m\u00e4rker vi h\u00e4r i Munkedal att vi har m\u00e5nga fler norska spekulanter \u00e4n tidigare. Kravet p\u00e5 15 procent kontantinsats har kylt av marknaden. Utveckling fram\u00f6ver ser ljus ut, Munkedal har stor potential. Inflyttare fr\u00e5n Uddevalla \u00e4r en viktig m\u00e5lgrupp, vi har f\u00f6rdelen att kunna erbjuda prisv\u00e4rda bost\u00e4der.\u201d<\/p>\n<h2>Rosita Molld\u00e9n och Magnus Wideng\u00e5rd \u2013 bank<\/h2>\n<p>\u201dKravet p\u00e5 15 procent kontantinsats sl\u00e5r h\u00e5rdare i ett omr\u00e5de med h\u00f6g prisniv\u00e5. Vi m\u00e4rker att barnfamiljerna i allt mindre utstr\u00e4ckning k\u00f6per hus i kustbandet. Hetast i Tanum \u00e4r centrala Tanum. Hur olja upp systemet? Det finska systemet verkar lovande, staten g\u00e5r in med ca 18 procent. Det hade f\u00e5tt fart p\u00e5 byggandet i Bullaren!\u201d<\/p>\n<h2>Lena Boman \u2013 planerare<\/h2>\n<p>Inst\u00e4mmer i det som sagts och anser att det \u00e4r viktigt att ta fasta p\u00e5 att service \u00e4r en viktig del av attraktionskraften. Det \u00e4r ocks\u00e5 tydligt att n\u00e4r kommunen tar sitt ansvar och styr leder det till en h\u00f6gre andel hel\u00e5rsboende.<\/p>\n","protected":false},"excerpt":{"rendered":"<p>G\u00f6ran Karlsson, L\u00e4nsstyrelsen i V\u00e4stra G\u00f6taland \u201dL\u00e4nsstyrelsen vill vara en proaktiv part i \u00f6versikts- och detaljplanearbetet. Utmaningen i v\u00e5rt omr\u00e5de \u00e4r att f\u00e5 fram bost\u00e4der f\u00f6r permanentboende. Det \u00e4r tydligt att det finns en brist p\u00e5 hyresr\u00e4tter i norra Bohusl\u00e4n. &hellip; <a href=\"https:\/\/www.tillvaxtbohuslan.se\/suscod\/helarsboende-och-bostadsbyggande-pa-landsbygden-och-skargarden\/hinder-och-mojligheter-boende-och-byggande-samtal-korthet\/\" title=\"Hinder och m\u00f6jligheter f\u00f6r boende och byggande \u2013 samtal i korthet\">Forts\u00e4tt l\u00e4sa <span class=\"meta-nav\"><i class=\"icon-long-arrow-right\"><\/i><\/span><\/a><\/p>\n","protected":false},"author":1,"featured_media":0,"parent":110,"menu_order":0,"comment_status":"closed","ping_status":"open","template":"","meta":{"_acf_changed":false,"footnotes":""},"class_list":["post-139","page","type-page","status-publish","hentry"],"acf":[],"yoast_head":"<!-- This site is optimized with the Yoast SEO plugin v27.4 - https:\/\/yoast.com\/product\/yoast-seo-wordpress\/ -->\n<title>Hinder och m\u00f6jligheter f\u00f6r boende och byggande \u2013 samtal i korthet - SUSCOD<\/title>\n<meta name=\"robots\" content=\"index, follow, max-snippet:-1, max-image-preview:large, max-video-preview:-1\" \/>\n<link rel=\"canonical\" href=\"https:\/\/www.tillvaxtbohuslan.se\/suscod\/helarsboende-och-bostadsbyggande-pa-landsbygden-och-skargarden\/hinder-och-mojligheter-boende-och-byggande-samtal-korthet\/\" \/>\n<meta name=\"twitter:label1\" content=\"Ber\u00e4knad l\u00e4stid\" \/>\n\t<meta name=\"twitter:data1\" content=\"2 minuter\" \/>\n<script type=\"application\/ld+json\" class=\"yoast-schema-graph\">{\"@context\":\"https:\\\/\\\/schema.org\",\"@graph\":[{\"@type\":\"WebPage\",\"@id\":\"https:\\\/\\\/www.tillvaxtbohuslan.se\\\/suscod\\\/helarsboende-och-bostadsbyggande-pa-landsbygden-och-skargarden\\\/hinder-och-mojligheter-boende-och-byggande-samtal-korthet\\\/\",\"url\":\"https:\\\/\\\/www.tillvaxtbohuslan.se\\\/suscod\\\/helarsboende-och-bostadsbyggande-pa-landsbygden-och-skargarden\\\/hinder-och-mojligheter-boende-och-byggande-samtal-korthet\\\/\",\"name\":\"Hinder och m\u00f6jligheter f\u00f6r boende och byggande \u2013 samtal i korthet - SUSCOD\",\"isPartOf\":{\"@id\":\"https:\\\/\\\/www.tillvaxtbohuslan.se\\\/suscod\\\/#website\"},\"primaryImageOfPage\":{\"@id\":\"https:\\\/\\\/www.tillvaxtbohuslan.se\\\/suscod\\\/helarsboende-och-bostadsbyggande-pa-landsbygden-och-skargarden\\\/hinder-och-mojligheter-boende-och-byggande-samtal-korthet\\\/#primaryimage\"},\"image\":{\"@id\":\"https:\\\/\\\/www.tillvaxtbohuslan.se\\\/suscod\\\/helarsboende-och-bostadsbyggande-pa-landsbygden-och-skargarden\\\/hinder-och-mojligheter-boende-och-byggande-samtal-korthet\\\/#primaryimage\"},\"thumbnailUrl\":\"https:\\\/\\\/www.tillvaxtbohuslan.se\\\/suscod\\\/wp-content\\\/uploads\\\/sites\\\/3\\\/2014\\\/03\\\/bilder-hinder-och-mojligheter.jpg\",\"datePublished\":\"2014-03-31T10:27:39+00:00\",\"dateModified\":\"2014-09-09T13:49:51+00:00\",\"breadcrumb\":{\"@id\":\"https:\\\/\\\/www.tillvaxtbohuslan.se\\\/suscod\\\/helarsboende-och-bostadsbyggande-pa-landsbygden-och-skargarden\\\/hinder-och-mojligheter-boende-och-byggande-samtal-korthet\\\/#breadcrumb\"},\"inLanguage\":\"sv-SE\",\"potentialAction\":[{\"@type\":\"ReadAction\",\"target\":[\"https:\\\/\\\/www.tillvaxtbohuslan.se\\\/suscod\\\/helarsboende-och-bostadsbyggande-pa-landsbygden-och-skargarden\\\/hinder-och-mojligheter-boende-och-byggande-samtal-korthet\\\/\"]}]},{\"@type\":\"ImageObject\",\"inLanguage\":\"sv-SE\",\"@id\":\"https:\\\/\\\/www.tillvaxtbohuslan.se\\\/suscod\\\/helarsboende-och-bostadsbyggande-pa-landsbygden-och-skargarden\\\/hinder-och-mojligheter-boende-och-byggande-samtal-korthet\\\/#primaryimage\",\"url\":\"https:\\\/\\\/www.tillvaxtbohuslan.se\\\/suscod\\\/wp-content\\\/uploads\\\/sites\\\/3\\\/2014\\\/03\\\/bilder-hinder-och-mojligheter.jpg\",\"contentUrl\":\"https:\\\/\\\/www.tillvaxtbohuslan.se\\\/suscod\\\/wp-content\\\/uploads\\\/sites\\\/3\\\/2014\\\/03\\\/bilder-hinder-och-mojligheter.jpg\",\"width\":510,\"height\":250},{\"@type\":\"BreadcrumbList\",\"@id\":\"https:\\\/\\\/www.tillvaxtbohuslan.se\\\/suscod\\\/helarsboende-och-bostadsbyggande-pa-landsbygden-och-skargarden\\\/hinder-och-mojligheter-boende-och-byggande-samtal-korthet\\\/#breadcrumb\",\"itemListElement\":[{\"@type\":\"ListItem\",\"position\":1,\"name\":\"Hem\",\"item\":\"https:\\\/\\\/www.tillvaxtbohuslan.se\\\/suscod\\\/\"},{\"@type\":\"ListItem\",\"position\":2,\"name\":\"Hel\u00e5rsboende och bostadsbyggande p\u00e5 landsbygden och i sk\u00e4rg\u00e5rden\",\"item\":\"https:\\\/\\\/www.tillvaxtbohuslan.se\\\/suscod\\\/helarsboende-och-bostadsbyggande-pa-landsbygden-och-skargarden\\\/\"},{\"@type\":\"ListItem\",\"position\":3,\"name\":\"Hinder och m\u00f6jligheter f\u00f6r boende och byggande \u2013 samtal i korthet\"}]},{\"@type\":\"WebSite\",\"@id\":\"https:\\\/\\\/www.tillvaxtbohuslan.se\\\/suscod\\\/#website\",\"url\":\"https:\\\/\\\/www.tillvaxtbohuslan.se\\\/suscod\\\/\",\"name\":\"SUSCOD\",\"description\":\"\",\"potentialAction\":[{\"@type\":\"SearchAction\",\"target\":{\"@type\":\"EntryPoint\",\"urlTemplate\":\"https:\\\/\\\/www.tillvaxtbohuslan.se\\\/suscod\\\/?s={search_term_string}\"},\"query-input\":{\"@type\":\"PropertyValueSpecification\",\"valueRequired\":true,\"valueName\":\"search_term_string\"}}],\"inLanguage\":\"sv-SE\"}]}<\/script>\n<!-- \/ Yoast SEO plugin. -->","yoast_head_json":{"title":"Hinder och m\u00f6jligheter f\u00f6r boende och byggande \u2013 samtal i korthet - SUSCOD","robots":{"index":"index","follow":"follow","max-snippet":"max-snippet:-1","max-image-preview":"max-image-preview:large","max-video-preview":"max-video-preview:-1"},"canonical":"https:\/\/www.tillvaxtbohuslan.se\/suscod\/helarsboende-och-bostadsbyggande-pa-landsbygden-och-skargarden\/hinder-och-mojligheter-boende-och-byggande-samtal-korthet\/","twitter_misc":{"Ber\u00e4knad l\u00e4stid":"2 minuter"},"schema":{"@context":"https:\/\/schema.org","@graph":[{"@type":"WebPage","@id":"https:\/\/www.tillvaxtbohuslan.se\/suscod\/helarsboende-och-bostadsbyggande-pa-landsbygden-och-skargarden\/hinder-och-mojligheter-boende-och-byggande-samtal-korthet\/","url":"https:\/\/www.tillvaxtbohuslan.se\/suscod\/helarsboende-och-bostadsbyggande-pa-landsbygden-och-skargarden\/hinder-och-mojligheter-boende-och-byggande-samtal-korthet\/","name":"Hinder och m\u00f6jligheter f\u00f6r boende och byggande \u2013 samtal i korthet - SUSCOD","isPartOf":{"@id":"https:\/\/www.tillvaxtbohuslan.se\/suscod\/#website"},"primaryImageOfPage":{"@id":"https:\/\/www.tillvaxtbohuslan.se\/suscod\/helarsboende-och-bostadsbyggande-pa-landsbygden-och-skargarden\/hinder-och-mojligheter-boende-och-byggande-samtal-korthet\/#primaryimage"},"image":{"@id":"https:\/\/www.tillvaxtbohuslan.se\/suscod\/helarsboende-och-bostadsbyggande-pa-landsbygden-och-skargarden\/hinder-och-mojligheter-boende-och-byggande-samtal-korthet\/#primaryimage"},"thumbnailUrl":"https:\/\/www.tillvaxtbohuslan.se\/suscod\/wp-content\/uploads\/sites\/3\/2014\/03\/bilder-hinder-och-mojligheter.jpg","datePublished":"2014-03-31T10:27:39+00:00","dateModified":"2014-09-09T13:49:51+00:00","breadcrumb":{"@id":"https:\/\/www.tillvaxtbohuslan.se\/suscod\/helarsboende-och-bostadsbyggande-pa-landsbygden-och-skargarden\/hinder-och-mojligheter-boende-och-byggande-samtal-korthet\/#breadcrumb"},"inLanguage":"sv-SE","potentialAction":[{"@type":"ReadAction","target":["https:\/\/www.tillvaxtbohuslan.se\/suscod\/helarsboende-och-bostadsbyggande-pa-landsbygden-och-skargarden\/hinder-och-mojligheter-boende-och-byggande-samtal-korthet\/"]}]},{"@type":"ImageObject","inLanguage":"sv-SE","@id":"https:\/\/www.tillvaxtbohuslan.se\/suscod\/helarsboende-och-bostadsbyggande-pa-landsbygden-och-skargarden\/hinder-och-mojligheter-boende-och-byggande-samtal-korthet\/#primaryimage","url":"https:\/\/www.tillvaxtbohuslan.se\/suscod\/wp-content\/uploads\/sites\/3\/2014\/03\/bilder-hinder-och-mojligheter.jpg","contentUrl":"https:\/\/www.tillvaxtbohuslan.se\/suscod\/wp-content\/uploads\/sites\/3\/2014\/03\/bilder-hinder-och-mojligheter.jpg","width":510,"height":250},{"@type":"BreadcrumbList","@id":"https:\/\/www.tillvaxtbohuslan.se\/suscod\/helarsboende-och-bostadsbyggande-pa-landsbygden-och-skargarden\/hinder-och-mojligheter-boende-och-byggande-samtal-korthet\/#breadcrumb","itemListElement":[{"@type":"ListItem","position":1,"name":"Hem","item":"https:\/\/www.tillvaxtbohuslan.se\/suscod\/"},{"@type":"ListItem","position":2,"name":"Hel\u00e5rsboende och bostadsbyggande p\u00e5 landsbygden och i sk\u00e4rg\u00e5rden","item":"https:\/\/www.tillvaxtbohuslan.se\/suscod\/helarsboende-och-bostadsbyggande-pa-landsbygden-och-skargarden\/"},{"@type":"ListItem","position":3,"name":"Hinder och m\u00f6jligheter f\u00f6r boende och byggande \u2013 samtal i korthet"}]},{"@type":"WebSite","@id":"https:\/\/www.tillvaxtbohuslan.se\/suscod\/#website","url":"https:\/\/www.tillvaxtbohuslan.se\/suscod\/","name":"SUSCOD","description":"","potentialAction":[{"@type":"SearchAction","target":{"@type":"EntryPoint","urlTemplate":"https:\/\/www.tillvaxtbohuslan.se\/suscod\/?s={search_term_string}"},"query-input":{"@type":"PropertyValueSpecification","valueRequired":true,"valueName":"search_term_string"}}],"inLanguage":"sv-SE"}]}},"_links":{"self":[{"href":"https:\/\/www.tillvaxtbohuslan.se\/suscod\/wp-json\/wp\/v2\/pages\/139","targetHints":{"allow":["GET"]}}],"collection":[{"href":"https:\/\/www.tillvaxtbohuslan.se\/suscod\/wp-json\/wp\/v2\/pages"}],"about":[{"href":"https:\/\/www.tillvaxtbohuslan.se\/suscod\/wp-json\/wp\/v2\/types\/page"}],"author":[{"embeddable":true,"href":"https:\/\/www.tillvaxtbohuslan.se\/suscod\/wp-json\/wp\/v2\/users\/1"}],"replies":[{"embeddable":true,"href":"https:\/\/www.tillvaxtbohuslan.se\/suscod\/wp-json\/wp\/v2\/comments?post=139"}],"version-history":[{"count":3,"href":"https:\/\/www.tillvaxtbohuslan.se\/suscod\/wp-json\/wp\/v2\/pages\/139\/revisions"}],"predecessor-version":[{"id":193,"href":"https:\/\/www.tillvaxtbohuslan.se\/suscod\/wp-json\/wp\/v2\/pages\/139\/revisions\/193"}],"up":[{"embeddable":true,"href":"https:\/\/www.tillvaxtbohuslan.se\/suscod\/wp-json\/wp\/v2\/pages\/110"}],"wp:attachment":[{"href":"https:\/\/www.tillvaxtbohuslan.se\/suscod\/wp-json\/wp\/v2\/media?parent=139"}],"curies":[{"name":"wp","href":"https:\/\/api.w.org\/{rel}","templated":true}]}}