{"id":130,"date":"2014-03-31T12:12:55","date_gmt":"2014-03-31T10:12:55","guid":{"rendered":"https:\/\/www.tillvaxtbohuslan.se\/suscod\/?page_id=130"},"modified":"2014-09-09T15:49:50","modified_gmt":"2014-09-09T13:49:50","slug":"alla-ska-bidra-tillvaxten-vilka-forutsattningar-behover-vi-da","status":"publish","type":"page","link":"https:\/\/www.tillvaxtbohuslan.se\/suscod\/helarsboende-och-bostadsbyggande-pa-landsbygden-och-skargarden\/alla-ska-bidra-tillvaxten-vilka-forutsattningar-behover-vi-da\/","title":{"rendered":"Alla ska bidra tillv\u00e4xten \u2013 vilka f\u00f6ruts\u00e4ttningar beh\u00f6ver vi d\u00e5?"},"content":{"rendered":"<div id=\"attachment_131\" style=\"width: 520px\" class=\"wp-caption alignnone\"><a href=\"https:\/\/www.tillvaxtbohuslan.se\/suscod\/wp-content\/uploads\/sites\/3\/2014\/03\/bild-alla-ska-bidra-till-tillvaxt.jpg\"><img loading=\"lazy\" decoding=\"async\" aria-describedby=\"caption-attachment-131\" class=\"img-responsive img-responsive size-full wp-image-131\" alt=\"bild-alla-ska-bidra-till-tillvaxt\" src=\"https:\/\/www.tillvaxtbohuslan.se\/suscod\/wp-content\/uploads\/sites\/3\/2014\/03\/bild-alla-ska-bidra-till-tillvaxt.jpg\" width=\"510\" height=\"250\" srcset=\"https:\/\/www.tillvaxtbohuslan.se\/suscod\/wp-content\/uploads\/sites\/3\/2014\/03\/bild-alla-ska-bidra-till-tillvaxt.jpg 510w, https:\/\/www.tillvaxtbohuslan.se\/suscod\/wp-content\/uploads\/sites\/3\/2014\/03\/bild-alla-ska-bidra-till-tillvaxt-300x147.jpg 300w\" sizes=\"auto, (max-width: 510px) 100vw, 510px\" \/><\/a><p id=\"caption-attachment-131\" class=\"wp-caption-text\">Martin Olausson, diverseutredare<\/p><\/div>\n<p>Martin Olausson kn\u00f6t in boendefr\u00e5gorna i ett vidare tillv\u00e4xtperspektiv och konstaterade att samh\u00e4llsplanering och bostadsbyggande \u00e4r centrala fr\u00e5gor i allt tillv\u00e4xtarbete. Men vad menar vi med tillv\u00e4xt? \u201dAtt vi l\u00e4r och utvecklas\u201d, summerade Martin Olausson som redogjorde f\u00f6r statistik som visade att v\u00e4rdet av det vi arbetar \u00f6kat \u00f6ver tid. Han konstaterade att tillv\u00e4xt \u00e4r ett positivt laddat ord, men att det ocks\u00e5 handlar om att tillv\u00e4xten m\u00e5ste vara h\u00e5llbar p\u00e5 l\u00e5ng sikt.<\/p>\n<p>F\u00f6ruts\u00e4ttningarna f\u00f6r tillv\u00e4xt och utveckling i norra Bohusl\u00e4n beskrevs som goda, inte minst med tanke p\u00e5 n\u00e4rheten till storstadsregioner i norr och s\u00f6der. \u201dOm inte denna sp\u00e4nnande del av Sverige kan vara med och bidra till tillv\u00e4xten s\u00e5 vore det konstigt, l\u00f6d omd\u00f6met\u201d<\/p>\n<p>N\u00e5got universalrecept f\u00f6r tillv\u00e4xt konstaterades inte finnas, anstr\u00e4ngningarna m\u00e5ste anpassas till de lokala f\u00f6ruts\u00e4ttningarna. \u201dUppgiften blir att locka till sig kompetens, arbetskraft och inv\u00e5nare. Men det handlar inte bara om att locka nya, utan ocks\u00e5 om att beh\u00e5lla r\u00e4tt kompetens\u201d, sade Olausson som menade att platsens attraktivitet kommer att spela en nyckelroll f\u00f6r kommunernas framg\u00e5ng. I ett st\u00f6rre perspektiv ventilerades att \u00e4ven utbildningssystemet m\u00e5ste t\u00e4nka till, kanske m\u00e5ste studietiden komprimeras och tydligare incitament f\u00f6r ett tidigare intr\u00e4de p\u00e5 arbetsmarknaden skapas.<\/p>\n<p>Vad kan en kommun g\u00f6ra f\u00f6r att st\u00e4rka sin attraktivitet? F\u00f6retagen \u00e4r en motor, men kommuner och regionerna m\u00e5ste hj\u00e4lpas \u00e5t att skapa de n\u00f6dv\u00e4ndiga f\u00f6ruts\u00e4ttningarna f\u00f6r f\u00f6retagen.<\/p>\n<p>\u201dKommunens viktigaste verktyg \u00e4r det kommunala planmonopolet och m\u00f6jligheten att styra samh\u00e4llsplaneringen. Det \u00e4r nu viktigare \u00e4n n\u00e5gonsin att koppla ihop utvecklingsplanering med fysisk planering. Liksom att koppla samman dem med finansiella och strukturella fl\u00f6den som Leader och andra omr\u00e5desst\u00f6d\u201d, sade Olausson.<\/p>\n<p>\u201dDet \u00e4r ocks\u00e5 viktigt att fundera \u00f6ver den geografiska r\u00e4ckvidden, vad som \u00e4r rimligt att planera f\u00f6r. Kommuner i samverkan m\u00e5ste vara klara \u00f6ver vad som \u00e4r vitsen med samverkan. \u201dTydligt fokus i samh\u00e4llsplaneringen konkretiserar tillv\u00e4xtarbetet\u201d, menade Olausson som flaggade f\u00f6r Myndigheten f\u00f6r tillv\u00e4xtanalys kommande rapport om kopplingen mellan fysisk planering och h\u00e5llbar tillv\u00e4xt (aviserad i feb 2013).<\/p>\n","protected":false},"excerpt":{"rendered":"<p>Martin Olausson kn\u00f6t in boendefr\u00e5gorna i ett vidare tillv\u00e4xtperspektiv och konstaterade att samh\u00e4llsplanering och bostadsbyggande \u00e4r centrala fr\u00e5gor i allt tillv\u00e4xtarbete. Men vad menar vi med tillv\u00e4xt? \u201dAtt vi l\u00e4r och utvecklas\u201d, summerade Martin Olausson som redogjorde f\u00f6r statistik som &hellip; <a href=\"https:\/\/www.tillvaxtbohuslan.se\/suscod\/helarsboende-och-bostadsbyggande-pa-landsbygden-och-skargarden\/alla-ska-bidra-tillvaxten-vilka-forutsattningar-behover-vi-da\/\" title=\"Alla ska bidra tillv\u00e4xten \u2013 vilka f\u00f6ruts\u00e4ttningar beh\u00f6ver vi d\u00e5?\">Forts\u00e4tt l\u00e4sa <span class=\"meta-nav\"><i class=\"icon-long-arrow-right\"><\/i><\/span><\/a><\/p>\n","protected":false},"author":1,"featured_media":0,"parent":110,"menu_order":0,"comment_status":"closed","ping_status":"open","template":"","meta":{"_acf_changed":false,"footnotes":""},"class_list":["post-130","page","type-page","status-publish","hentry"],"acf":[],"yoast_head":"<!-- This site is optimized with the Yoast SEO plugin v27.4 - https:\/\/yoast.com\/product\/yoast-seo-wordpress\/ -->\n<title>Alla ska bidra tillv\u00e4xten \u2013 vilka f\u00f6ruts\u00e4ttningar beh\u00f6ver vi d\u00e5? - SUSCOD<\/title>\n<meta name=\"robots\" content=\"index, follow, max-snippet:-1, max-image-preview:large, max-video-preview:-1\" \/>\n<link rel=\"canonical\" href=\"https:\/\/www.tillvaxtbohuslan.se\/suscod\/helarsboende-och-bostadsbyggande-pa-landsbygden-och-skargarden\/alla-ska-bidra-tillvaxten-vilka-forutsattningar-behover-vi-da\/\" \/>\n<meta name=\"twitter:label1\" content=\"Ber\u00e4knad l\u00e4stid\" \/>\n\t<meta name=\"twitter:data1\" content=\"2 minuter\" \/>\n<script type=\"application\/ld+json\" class=\"yoast-schema-graph\">{\"@context\":\"https:\\\/\\\/schema.org\",\"@graph\":[{\"@type\":\"WebPage\",\"@id\":\"https:\\\/\\\/www.tillvaxtbohuslan.se\\\/suscod\\\/helarsboende-och-bostadsbyggande-pa-landsbygden-och-skargarden\\\/alla-ska-bidra-tillvaxten-vilka-forutsattningar-behover-vi-da\\\/\",\"url\":\"https:\\\/\\\/www.tillvaxtbohuslan.se\\\/suscod\\\/helarsboende-och-bostadsbyggande-pa-landsbygden-och-skargarden\\\/alla-ska-bidra-tillvaxten-vilka-forutsattningar-behover-vi-da\\\/\",\"name\":\"Alla ska bidra tillv\u00e4xten \u2013 vilka f\u00f6ruts\u00e4ttningar beh\u00f6ver vi d\u00e5? - SUSCOD\",\"isPartOf\":{\"@id\":\"https:\\\/\\\/www.tillvaxtbohuslan.se\\\/suscod\\\/#website\"},\"primaryImageOfPage\":{\"@id\":\"https:\\\/\\\/www.tillvaxtbohuslan.se\\\/suscod\\\/helarsboende-och-bostadsbyggande-pa-landsbygden-och-skargarden\\\/alla-ska-bidra-tillvaxten-vilka-forutsattningar-behover-vi-da\\\/#primaryimage\"},\"image\":{\"@id\":\"https:\\\/\\\/www.tillvaxtbohuslan.se\\\/suscod\\\/helarsboende-och-bostadsbyggande-pa-landsbygden-och-skargarden\\\/alla-ska-bidra-tillvaxten-vilka-forutsattningar-behover-vi-da\\\/#primaryimage\"},\"thumbnailUrl\":\"https:\\\/\\\/www.tillvaxtbohuslan.se\\\/suscod\\\/wp-content\\\/uploads\\\/sites\\\/3\\\/2014\\\/03\\\/bild-alla-ska-bidra-till-tillvaxt.jpg\",\"datePublished\":\"2014-03-31T10:12:55+00:00\",\"dateModified\":\"2014-09-09T13:49:50+00:00\",\"breadcrumb\":{\"@id\":\"https:\\\/\\\/www.tillvaxtbohuslan.se\\\/suscod\\\/helarsboende-och-bostadsbyggande-pa-landsbygden-och-skargarden\\\/alla-ska-bidra-tillvaxten-vilka-forutsattningar-behover-vi-da\\\/#breadcrumb\"},\"inLanguage\":\"sv-SE\",\"potentialAction\":[{\"@type\":\"ReadAction\",\"target\":[\"https:\\\/\\\/www.tillvaxtbohuslan.se\\\/suscod\\\/helarsboende-och-bostadsbyggande-pa-landsbygden-och-skargarden\\\/alla-ska-bidra-tillvaxten-vilka-forutsattningar-behover-vi-da\\\/\"]}]},{\"@type\":\"ImageObject\",\"inLanguage\":\"sv-SE\",\"@id\":\"https:\\\/\\\/www.tillvaxtbohuslan.se\\\/suscod\\\/helarsboende-och-bostadsbyggande-pa-landsbygden-och-skargarden\\\/alla-ska-bidra-tillvaxten-vilka-forutsattningar-behover-vi-da\\\/#primaryimage\",\"url\":\"https:\\\/\\\/www.tillvaxtbohuslan.se\\\/suscod\\\/wp-content\\\/uploads\\\/sites\\\/3\\\/2014\\\/03\\\/bild-alla-ska-bidra-till-tillvaxt.jpg\",\"contentUrl\":\"https:\\\/\\\/www.tillvaxtbohuslan.se\\\/suscod\\\/wp-content\\\/uploads\\\/sites\\\/3\\\/2014\\\/03\\\/bild-alla-ska-bidra-till-tillvaxt.jpg\",\"width\":510,\"height\":250},{\"@type\":\"BreadcrumbList\",\"@id\":\"https:\\\/\\\/www.tillvaxtbohuslan.se\\\/suscod\\\/helarsboende-och-bostadsbyggande-pa-landsbygden-och-skargarden\\\/alla-ska-bidra-tillvaxten-vilka-forutsattningar-behover-vi-da\\\/#breadcrumb\",\"itemListElement\":[{\"@type\":\"ListItem\",\"position\":1,\"name\":\"Hem\",\"item\":\"https:\\\/\\\/www.tillvaxtbohuslan.se\\\/suscod\\\/\"},{\"@type\":\"ListItem\",\"position\":2,\"name\":\"Hel\u00e5rsboende och bostadsbyggande p\u00e5 landsbygden och i sk\u00e4rg\u00e5rden\",\"item\":\"https:\\\/\\\/www.tillvaxtbohuslan.se\\\/suscod\\\/helarsboende-och-bostadsbyggande-pa-landsbygden-och-skargarden\\\/\"},{\"@type\":\"ListItem\",\"position\":3,\"name\":\"Alla ska bidra tillv\u00e4xten \u2013 vilka f\u00f6ruts\u00e4ttningar beh\u00f6ver vi d\u00e5?\"}]},{\"@type\":\"WebSite\",\"@id\":\"https:\\\/\\\/www.tillvaxtbohuslan.se\\\/suscod\\\/#website\",\"url\":\"https:\\\/\\\/www.tillvaxtbohuslan.se\\\/suscod\\\/\",\"name\":\"SUSCOD\",\"description\":\"\",\"potentialAction\":[{\"@type\":\"SearchAction\",\"target\":{\"@type\":\"EntryPoint\",\"urlTemplate\":\"https:\\\/\\\/www.tillvaxtbohuslan.se\\\/suscod\\\/?s={search_term_string}\"},\"query-input\":{\"@type\":\"PropertyValueSpecification\",\"valueRequired\":true,\"valueName\":\"search_term_string\"}}],\"inLanguage\":\"sv-SE\"}]}<\/script>\n<!-- \/ Yoast SEO plugin. -->","yoast_head_json":{"title":"Alla ska bidra tillv\u00e4xten \u2013 vilka f\u00f6ruts\u00e4ttningar beh\u00f6ver vi d\u00e5? - SUSCOD","robots":{"index":"index","follow":"follow","max-snippet":"max-snippet:-1","max-image-preview":"max-image-preview:large","max-video-preview":"max-video-preview:-1"},"canonical":"https:\/\/www.tillvaxtbohuslan.se\/suscod\/helarsboende-och-bostadsbyggande-pa-landsbygden-och-skargarden\/alla-ska-bidra-tillvaxten-vilka-forutsattningar-behover-vi-da\/","twitter_misc":{"Ber\u00e4knad l\u00e4stid":"2 minuter"},"schema":{"@context":"https:\/\/schema.org","@graph":[{"@type":"WebPage","@id":"https:\/\/www.tillvaxtbohuslan.se\/suscod\/helarsboende-och-bostadsbyggande-pa-landsbygden-och-skargarden\/alla-ska-bidra-tillvaxten-vilka-forutsattningar-behover-vi-da\/","url":"https:\/\/www.tillvaxtbohuslan.se\/suscod\/helarsboende-och-bostadsbyggande-pa-landsbygden-och-skargarden\/alla-ska-bidra-tillvaxten-vilka-forutsattningar-behover-vi-da\/","name":"Alla ska bidra tillv\u00e4xten \u2013 vilka f\u00f6ruts\u00e4ttningar beh\u00f6ver vi d\u00e5? - SUSCOD","isPartOf":{"@id":"https:\/\/www.tillvaxtbohuslan.se\/suscod\/#website"},"primaryImageOfPage":{"@id":"https:\/\/www.tillvaxtbohuslan.se\/suscod\/helarsboende-och-bostadsbyggande-pa-landsbygden-och-skargarden\/alla-ska-bidra-tillvaxten-vilka-forutsattningar-behover-vi-da\/#primaryimage"},"image":{"@id":"https:\/\/www.tillvaxtbohuslan.se\/suscod\/helarsboende-och-bostadsbyggande-pa-landsbygden-och-skargarden\/alla-ska-bidra-tillvaxten-vilka-forutsattningar-behover-vi-da\/#primaryimage"},"thumbnailUrl":"https:\/\/www.tillvaxtbohuslan.se\/suscod\/wp-content\/uploads\/sites\/3\/2014\/03\/bild-alla-ska-bidra-till-tillvaxt.jpg","datePublished":"2014-03-31T10:12:55+00:00","dateModified":"2014-09-09T13:49:50+00:00","breadcrumb":{"@id":"https:\/\/www.tillvaxtbohuslan.se\/suscod\/helarsboende-och-bostadsbyggande-pa-landsbygden-och-skargarden\/alla-ska-bidra-tillvaxten-vilka-forutsattningar-behover-vi-da\/#breadcrumb"},"inLanguage":"sv-SE","potentialAction":[{"@type":"ReadAction","target":["https:\/\/www.tillvaxtbohuslan.se\/suscod\/helarsboende-och-bostadsbyggande-pa-landsbygden-och-skargarden\/alla-ska-bidra-tillvaxten-vilka-forutsattningar-behover-vi-da\/"]}]},{"@type":"ImageObject","inLanguage":"sv-SE","@id":"https:\/\/www.tillvaxtbohuslan.se\/suscod\/helarsboende-och-bostadsbyggande-pa-landsbygden-och-skargarden\/alla-ska-bidra-tillvaxten-vilka-forutsattningar-behover-vi-da\/#primaryimage","url":"https:\/\/www.tillvaxtbohuslan.se\/suscod\/wp-content\/uploads\/sites\/3\/2014\/03\/bild-alla-ska-bidra-till-tillvaxt.jpg","contentUrl":"https:\/\/www.tillvaxtbohuslan.se\/suscod\/wp-content\/uploads\/sites\/3\/2014\/03\/bild-alla-ska-bidra-till-tillvaxt.jpg","width":510,"height":250},{"@type":"BreadcrumbList","@id":"https:\/\/www.tillvaxtbohuslan.se\/suscod\/helarsboende-och-bostadsbyggande-pa-landsbygden-och-skargarden\/alla-ska-bidra-tillvaxten-vilka-forutsattningar-behover-vi-da\/#breadcrumb","itemListElement":[{"@type":"ListItem","position":1,"name":"Hem","item":"https:\/\/www.tillvaxtbohuslan.se\/suscod\/"},{"@type":"ListItem","position":2,"name":"Hel\u00e5rsboende och bostadsbyggande p\u00e5 landsbygden och i sk\u00e4rg\u00e5rden","item":"https:\/\/www.tillvaxtbohuslan.se\/suscod\/helarsboende-och-bostadsbyggande-pa-landsbygden-och-skargarden\/"},{"@type":"ListItem","position":3,"name":"Alla ska bidra tillv\u00e4xten \u2013 vilka f\u00f6ruts\u00e4ttningar beh\u00f6ver vi d\u00e5?"}]},{"@type":"WebSite","@id":"https:\/\/www.tillvaxtbohuslan.se\/suscod\/#website","url":"https:\/\/www.tillvaxtbohuslan.se\/suscod\/","name":"SUSCOD","description":"","potentialAction":[{"@type":"SearchAction","target":{"@type":"EntryPoint","urlTemplate":"https:\/\/www.tillvaxtbohuslan.se\/suscod\/?s={search_term_string}"},"query-input":{"@type":"PropertyValueSpecification","valueRequired":true,"valueName":"search_term_string"}}],"inLanguage":"sv-SE"}]}},"_links":{"self":[{"href":"https:\/\/www.tillvaxtbohuslan.se\/suscod\/wp-json\/wp\/v2\/pages\/130","targetHints":{"allow":["GET"]}}],"collection":[{"href":"https:\/\/www.tillvaxtbohuslan.se\/suscod\/wp-json\/wp\/v2\/pages"}],"about":[{"href":"https:\/\/www.tillvaxtbohuslan.se\/suscod\/wp-json\/wp\/v2\/types\/page"}],"author":[{"embeddable":true,"href":"https:\/\/www.tillvaxtbohuslan.se\/suscod\/wp-json\/wp\/v2\/users\/1"}],"replies":[{"embeddable":true,"href":"https:\/\/www.tillvaxtbohuslan.se\/suscod\/wp-json\/wp\/v2\/comments?post=130"}],"version-history":[{"count":3,"href":"https:\/\/www.tillvaxtbohuslan.se\/suscod\/wp-json\/wp\/v2\/pages\/130\/revisions"}],"predecessor-version":[{"id":170,"href":"https:\/\/www.tillvaxtbohuslan.se\/suscod\/wp-json\/wp\/v2\/pages\/130\/revisions\/170"}],"up":[{"embeddable":true,"href":"https:\/\/www.tillvaxtbohuslan.se\/suscod\/wp-json\/wp\/v2\/pages\/110"}],"wp:attachment":[{"href":"https:\/\/www.tillvaxtbohuslan.se\/suscod\/wp-json\/wp\/v2\/media?parent=130"}],"curies":[{"name":"wp","href":"https:\/\/api.w.org\/{rel}","templated":true}]}}