{"id":125,"date":"2014-03-31T12:08:07","date_gmt":"2014-03-31T10:08:07","guid":{"rendered":"https:\/\/www.tillvaxtbohuslan.se\/suscod\/?page_id=125"},"modified":"2014-09-09T15:49:51","modified_gmt":"2014-09-09T13:49:51","slug":"boende-byggande-och-tillvaxt-sverige","status":"publish","type":"page","link":"https:\/\/www.tillvaxtbohuslan.se\/suscod\/helarsboende-och-bostadsbyggande-pa-landsbygden-och-skargarden\/boende-byggande-och-tillvaxt-sverige\/","title":{"rendered":"Boende, byggande och tillv\u00e4xt i Sverige"},"content":{"rendered":"<div id=\"attachment_126\" style=\"width: 520px\" class=\"wp-caption alignnone\"><a href=\"https:\/\/www.tillvaxtbohuslan.se\/suscod\/wp-content\/uploads\/sites\/3\/2014\/03\/bild-boende-tillvaxt-sverige.jpg\"><img loading=\"lazy\" decoding=\"async\" aria-describedby=\"caption-attachment-126\" class=\"img-responsive img-responsive  wp-image-126\" alt=\"bild-boende-tillvaxt-sverige\" src=\"https:\/\/www.tillvaxtbohuslan.se\/suscod\/wp-content\/uploads\/sites\/3\/2014\/03\/bild-boende-tillvaxt-sverige.jpg\" width=\"510\" height=\"250\" srcset=\"https:\/\/www.tillvaxtbohuslan.se\/suscod\/wp-content\/uploads\/sites\/3\/2014\/03\/bild-boende-tillvaxt-sverige.jpg 510w, https:\/\/www.tillvaxtbohuslan.se\/suscod\/wp-content\/uploads\/sites\/3\/2014\/03\/bild-boende-tillvaxt-sverige-300x147.jpg 300w\" sizes=\"auto, (max-width: 510px) 100vw, 510px\" \/><\/a><p id=\"caption-attachment-126\" class=\"wp-caption-text\">Roland Lex\u00e9n, chef f\u00f6r Arena f\u00f6r tillv\u00e4xt och moderator f\u00f6r konferensen<\/p><\/div>\n<p>Roland Lex\u00e9n beskrev inledningsvis sin organisations uppgift \u2013 att bidra till att processer f\u00f6r regional och lokal tillv\u00e4xt fungerar s\u00e5 bra som m\u00f6jligt. Han ber\u00f6mde initiativet bakom konferensen och kn\u00f6t an till organisationen Hela Sverige ska levas paroll i senaste numret av medlemstidningen: \u201dDet \u00e4r nog nu\u201d. Ska landsbygden \u00f6verleva \u00e4r det m\u00e5nga som m\u00e5ste kavla upp \u00e4rmarna.<\/p>\n<p>Lex\u00e9n satte in boendefr\u00e5gan i ett st\u00f6rre sammanhang genom en blixtrande resa genom det moderna Sveriges utveckling fr\u00e5n jordbrukssamh\u00e4llet via internationalisering, \u00f6kad r\u00f6rlighet p\u00e5 arbetsmarknaden, urbanisering, produktivitetsjakt och omstrukturering mot dagens specialiserade ekonomi med st\u00f6rre och mer effektiva enheter.<\/p>\n<p>\u201dUtvecklingen g\u00e5r rasande snabbt, f\u00f6r kommuner och alla andra akt\u00f6rer g\u00e4ller det att bygga kapacitet f\u00f6r att m\u00f6ta omv\u00e4rldsf\u00f6r\u00e4ndringarna\u201d, manade Lex\u00e9n. Kunskap om flyttstr\u00f6mmar i det egna geografiska omr\u00e5det liksom om sk\u00e4len till inv\u00e5narnas val av liv och boende \u00e4r angel\u00e4get. \u201dLivsval\u201d \u00e4r enligt Lex\u00e9n ett fenomen som h\u00f6r nutiden till. F\u00f6rr flyttade man av arbetssk\u00e4l, idag v\u00e4ger hela familjens vardag tungt vid val av bostadsort. \u201dDet handlar om kvalitet p\u00e5 skolan, p\u00e5 m\u00f6jligheterna till en rik fritid, men sj\u00e4lvklart ocks\u00e5 om arbetstillf\u00e4llen.\u201d<\/p>\n<p>Roland Lex\u00e9n pekade p\u00e5 dagens tydliga urbaniseringstendenser d\u00e4r M\u00e4lardalen, v\u00e4stra Sverige samt Sk\u00e5ne v\u00e4xer. Mer \u00e4n h\u00e4lften av Sveriges kommuner tappar inv\u00e5nare, fr\u00e4mst till storst\u00e4der och till h\u00f6gskole-\/universitetsst\u00e4der. \u201dI ljuset av en \u00e5ldrande befolkning inneb\u00e4r detta enorma utmaningar f\u00f6r m\u00e5nga kommuner\u201d, p\u00e5talade Lex\u00e9n. \u201dVi lever i en tid av \u00f6kad regional konkurrens och samverkan i en helt ny ekonomisk geografi\u201d. En annan verklighet att r\u00e4tta sig efter \u00e4r att staten inte l\u00e4ngre kan f\u00f6rv\u00e4ntas r\u00e4ta upp skevheter mellan kommuner, alla f\u00e5r jobba utifr\u00e5n sina egna f\u00f6ruts\u00e4ttningar. H\u00e4r \u00e4r det viktigt att se \u00f6ver hur man uppfyller kriterier f\u00f6r att vara en attraktiv kommun att bo och leva i. Utmaningen i form av konkurrens om inv\u00e5nare och en krympande arbetsf\u00f6r befolkning delas av civilsamh\u00e4llet, n\u00e4ringsliv, kommuner och regioner.<\/p>\n<p>Myndigheten f\u00f6r tillv\u00e4xtanalys beskrivning av f\u00f6ruts\u00e4ttningar f\u00f6r att en ort ska attrahera nyinflyttning\/beh\u00e5lla sin befolkning lyftes fram: &#8211; bra infrastruktur (v\u00e4gar, kommunikationer, bredband) &#8211; god offentlig service (skolor, v\u00e5rdcentral, barnomsorg, aff\u00e4r, mack etc) &#8211; n\u00e4rhet till arbetsmarknader &#8211; attraktivt boende (g\u00e4rna n\u00e4ra vatten) &#8211; goda sociala strukturer (f\u00f6reningsliv, kyrka, idrott, ideella organisationer, hem och skola, eldsj\u00e4lar etc)<\/p>\n<p>Roland Lex\u00e9n drog slutligen en lans f\u00f6r en nyttoinriktad approach p\u00e5 boendefr\u00e5gan: planera f\u00f6r boendem\u00f6jligheter utifr\u00e5n efterfr\u00e5gan p\u00e5 arbetsmarknaden, var vill faktiskt arbetstagarna bo? Och se till v\u00e4rden viktiga f\u00f6r den v\u00e4xande bes\u00f6ksn\u00e4ringen, st\u00e4rk hel\u00e5rsboendet i omr\u00e5den viktiga f\u00f6r bes\u00f6ksn\u00e4ringen; \u201dMan vill inte komma till ett samh\u00e4lle som \u00e4r som en kuliss\u201d, p\u00e5pekade Lex\u00e9n.<\/p>\n<p>F\u00f6redragsh\u00e5llaren tog avslutningsvis p\u00e5 sig Sveriges kommuner och Landstings f\u00f6rbunds kavaj och redogjorde bland annat f\u00f6r organisationens slutsatser av vad som beh\u00f6ver g\u00f6ras f\u00f6r att fr\u00e4mja byggandet:<\/p>\n<ul>\n<li>Ta fram riktlinjer f\u00f6r bostadsf\u00f6rs\u00f6rjning\/boendeplanering<\/li>\n<\/ul>\n<p>&#8211; i dialog med alla akt\u00f6rer (f\u00f6reningsliv, olika f\u00f6rvaltningar, banker, m\u00e4klare, byggare, bostadsf\u00f6retag, n\u00e4rliggande kommuner, m.fl) &#8211; Kommunen blir en mer samordnande kraftfull akt\u00f6r om bra underlag och dialog finns<\/p>\n<ul>\n<li>Pressa kostnader f\u00f6r byggande<\/li>\n<\/ul>\n<p>&#8211; SABO g\u00f6r t ex samordnade upphandlingar f\u00f6r mindre flerbostadshus f\u00f6r byggande i liten skala (KOMBO-hus) och nu ocks\u00e5 f\u00f6r punkthus p\u00e5 5-8 v\u00e5ningar<\/p>\n<ul>\n<li>Utnyttja ut\u00f6kade m\u00f6jligheter till kreditgarantier fr\u00e5n 11 juni 2012<\/li>\n<\/ul>\n<p>&#8211; F\u00f6r att fr\u00e4mja bostadsbyggande p\u00e5 orter med l\u00e5ga marknadsv\u00e4rden kan Statens Bostadskreditn\u00e4mnd st\u00e4lla ut garantier upp till 90 % av kostnaden f\u00f6r ny- eller ombyggnad. Den tidigare begr\u00e4nsningen om ett maximalt garanterat belopp p\u00e5 2 miljoner kronor per l\u00e4genhet \u00e4r borttagen.<\/p>\n","protected":false},"excerpt":{"rendered":"<p>Roland Lex\u00e9n beskrev inledningsvis sin organisations uppgift \u2013 att bidra till att processer f\u00f6r regional och lokal tillv\u00e4xt fungerar s\u00e5 bra som m\u00f6jligt. Han ber\u00f6mde initiativet bakom konferensen och kn\u00f6t an till organisationen Hela Sverige ska levas paroll i senaste &hellip; <a href=\"https:\/\/www.tillvaxtbohuslan.se\/suscod\/helarsboende-och-bostadsbyggande-pa-landsbygden-och-skargarden\/boende-byggande-och-tillvaxt-sverige\/\" title=\"Boende, byggande och tillv\u00e4xt i Sverige\">Forts\u00e4tt l\u00e4sa <span class=\"meta-nav\"><i class=\"icon-long-arrow-right\"><\/i><\/span><\/a><\/p>\n","protected":false},"author":1,"featured_media":0,"parent":110,"menu_order":0,"comment_status":"closed","ping_status":"open","template":"","meta":{"_acf_changed":false,"footnotes":""},"class_list":["post-125","page","type-page","status-publish","hentry"],"acf":[],"yoast_head":"<!-- This site is optimized with the Yoast SEO plugin v27.4 - https:\/\/yoast.com\/product\/yoast-seo-wordpress\/ -->\n<title>Boende, byggande och tillv\u00e4xt i Sverige - SUSCOD<\/title>\n<meta name=\"robots\" content=\"index, follow, max-snippet:-1, max-image-preview:large, max-video-preview:-1\" \/>\n<link rel=\"canonical\" href=\"https:\/\/www.tillvaxtbohuslan.se\/suscod\/helarsboende-och-bostadsbyggande-pa-landsbygden-och-skargarden\/boende-byggande-och-tillvaxt-sverige\/\" \/>\n<meta name=\"twitter:label1\" content=\"Ber\u00e4knad l\u00e4stid\" \/>\n\t<meta name=\"twitter:data1\" content=\"4 minuter\" \/>\n<script type=\"application\/ld+json\" class=\"yoast-schema-graph\">{\"@context\":\"https:\\\/\\\/schema.org\",\"@graph\":[{\"@type\":\"WebPage\",\"@id\":\"https:\\\/\\\/www.tillvaxtbohuslan.se\\\/suscod\\\/helarsboende-och-bostadsbyggande-pa-landsbygden-och-skargarden\\\/boende-byggande-och-tillvaxt-sverige\\\/\",\"url\":\"https:\\\/\\\/www.tillvaxtbohuslan.se\\\/suscod\\\/helarsboende-och-bostadsbyggande-pa-landsbygden-och-skargarden\\\/boende-byggande-och-tillvaxt-sverige\\\/\",\"name\":\"Boende, byggande och tillv\u00e4xt i Sverige - SUSCOD\",\"isPartOf\":{\"@id\":\"https:\\\/\\\/www.tillvaxtbohuslan.se\\\/suscod\\\/#website\"},\"primaryImageOfPage\":{\"@id\":\"https:\\\/\\\/www.tillvaxtbohuslan.se\\\/suscod\\\/helarsboende-och-bostadsbyggande-pa-landsbygden-och-skargarden\\\/boende-byggande-och-tillvaxt-sverige\\\/#primaryimage\"},\"image\":{\"@id\":\"https:\\\/\\\/www.tillvaxtbohuslan.se\\\/suscod\\\/helarsboende-och-bostadsbyggande-pa-landsbygden-och-skargarden\\\/boende-byggande-och-tillvaxt-sverige\\\/#primaryimage\"},\"thumbnailUrl\":\"https:\\\/\\\/www.tillvaxtbohuslan.se\\\/suscod\\\/wp-content\\\/uploads\\\/sites\\\/3\\\/2014\\\/03\\\/bild-boende-tillvaxt-sverige.jpg\",\"datePublished\":\"2014-03-31T10:08:07+00:00\",\"dateModified\":\"2014-09-09T13:49:51+00:00\",\"breadcrumb\":{\"@id\":\"https:\\\/\\\/www.tillvaxtbohuslan.se\\\/suscod\\\/helarsboende-och-bostadsbyggande-pa-landsbygden-och-skargarden\\\/boende-byggande-och-tillvaxt-sverige\\\/#breadcrumb\"},\"inLanguage\":\"sv-SE\",\"potentialAction\":[{\"@type\":\"ReadAction\",\"target\":[\"https:\\\/\\\/www.tillvaxtbohuslan.se\\\/suscod\\\/helarsboende-och-bostadsbyggande-pa-landsbygden-och-skargarden\\\/boende-byggande-och-tillvaxt-sverige\\\/\"]}]},{\"@type\":\"ImageObject\",\"inLanguage\":\"sv-SE\",\"@id\":\"https:\\\/\\\/www.tillvaxtbohuslan.se\\\/suscod\\\/helarsboende-och-bostadsbyggande-pa-landsbygden-och-skargarden\\\/boende-byggande-och-tillvaxt-sverige\\\/#primaryimage\",\"url\":\"https:\\\/\\\/www.tillvaxtbohuslan.se\\\/suscod\\\/wp-content\\\/uploads\\\/sites\\\/3\\\/2014\\\/03\\\/bild-boende-tillvaxt-sverige.jpg\",\"contentUrl\":\"https:\\\/\\\/www.tillvaxtbohuslan.se\\\/suscod\\\/wp-content\\\/uploads\\\/sites\\\/3\\\/2014\\\/03\\\/bild-boende-tillvaxt-sverige.jpg\",\"width\":510,\"height\":250},{\"@type\":\"BreadcrumbList\",\"@id\":\"https:\\\/\\\/www.tillvaxtbohuslan.se\\\/suscod\\\/helarsboende-och-bostadsbyggande-pa-landsbygden-och-skargarden\\\/boende-byggande-och-tillvaxt-sverige\\\/#breadcrumb\",\"itemListElement\":[{\"@type\":\"ListItem\",\"position\":1,\"name\":\"Hem\",\"item\":\"https:\\\/\\\/www.tillvaxtbohuslan.se\\\/suscod\\\/\"},{\"@type\":\"ListItem\",\"position\":2,\"name\":\"Hel\u00e5rsboende och bostadsbyggande p\u00e5 landsbygden och i sk\u00e4rg\u00e5rden\",\"item\":\"https:\\\/\\\/www.tillvaxtbohuslan.se\\\/suscod\\\/helarsboende-och-bostadsbyggande-pa-landsbygden-och-skargarden\\\/\"},{\"@type\":\"ListItem\",\"position\":3,\"name\":\"Boende, byggande och tillv\u00e4xt i Sverige\"}]},{\"@type\":\"WebSite\",\"@id\":\"https:\\\/\\\/www.tillvaxtbohuslan.se\\\/suscod\\\/#website\",\"url\":\"https:\\\/\\\/www.tillvaxtbohuslan.se\\\/suscod\\\/\",\"name\":\"SUSCOD\",\"description\":\"\",\"potentialAction\":[{\"@type\":\"SearchAction\",\"target\":{\"@type\":\"EntryPoint\",\"urlTemplate\":\"https:\\\/\\\/www.tillvaxtbohuslan.se\\\/suscod\\\/?s={search_term_string}\"},\"query-input\":{\"@type\":\"PropertyValueSpecification\",\"valueRequired\":true,\"valueName\":\"search_term_string\"}}],\"inLanguage\":\"sv-SE\"}]}<\/script>\n<!-- \/ Yoast SEO plugin. -->","yoast_head_json":{"title":"Boende, byggande och tillv\u00e4xt i Sverige - SUSCOD","robots":{"index":"index","follow":"follow","max-snippet":"max-snippet:-1","max-image-preview":"max-image-preview:large","max-video-preview":"max-video-preview:-1"},"canonical":"https:\/\/www.tillvaxtbohuslan.se\/suscod\/helarsboende-och-bostadsbyggande-pa-landsbygden-och-skargarden\/boende-byggande-och-tillvaxt-sverige\/","twitter_misc":{"Ber\u00e4knad l\u00e4stid":"4 minuter"},"schema":{"@context":"https:\/\/schema.org","@graph":[{"@type":"WebPage","@id":"https:\/\/www.tillvaxtbohuslan.se\/suscod\/helarsboende-och-bostadsbyggande-pa-landsbygden-och-skargarden\/boende-byggande-och-tillvaxt-sverige\/","url":"https:\/\/www.tillvaxtbohuslan.se\/suscod\/helarsboende-och-bostadsbyggande-pa-landsbygden-och-skargarden\/boende-byggande-och-tillvaxt-sverige\/","name":"Boende, byggande och tillv\u00e4xt i Sverige - SUSCOD","isPartOf":{"@id":"https:\/\/www.tillvaxtbohuslan.se\/suscod\/#website"},"primaryImageOfPage":{"@id":"https:\/\/www.tillvaxtbohuslan.se\/suscod\/helarsboende-och-bostadsbyggande-pa-landsbygden-och-skargarden\/boende-byggande-och-tillvaxt-sverige\/#primaryimage"},"image":{"@id":"https:\/\/www.tillvaxtbohuslan.se\/suscod\/helarsboende-och-bostadsbyggande-pa-landsbygden-och-skargarden\/boende-byggande-och-tillvaxt-sverige\/#primaryimage"},"thumbnailUrl":"https:\/\/www.tillvaxtbohuslan.se\/suscod\/wp-content\/uploads\/sites\/3\/2014\/03\/bild-boende-tillvaxt-sverige.jpg","datePublished":"2014-03-31T10:08:07+00:00","dateModified":"2014-09-09T13:49:51+00:00","breadcrumb":{"@id":"https:\/\/www.tillvaxtbohuslan.se\/suscod\/helarsboende-och-bostadsbyggande-pa-landsbygden-och-skargarden\/boende-byggande-och-tillvaxt-sverige\/#breadcrumb"},"inLanguage":"sv-SE","potentialAction":[{"@type":"ReadAction","target":["https:\/\/www.tillvaxtbohuslan.se\/suscod\/helarsboende-och-bostadsbyggande-pa-landsbygden-och-skargarden\/boende-byggande-och-tillvaxt-sverige\/"]}]},{"@type":"ImageObject","inLanguage":"sv-SE","@id":"https:\/\/www.tillvaxtbohuslan.se\/suscod\/helarsboende-och-bostadsbyggande-pa-landsbygden-och-skargarden\/boende-byggande-och-tillvaxt-sverige\/#primaryimage","url":"https:\/\/www.tillvaxtbohuslan.se\/suscod\/wp-content\/uploads\/sites\/3\/2014\/03\/bild-boende-tillvaxt-sverige.jpg","contentUrl":"https:\/\/www.tillvaxtbohuslan.se\/suscod\/wp-content\/uploads\/sites\/3\/2014\/03\/bild-boende-tillvaxt-sverige.jpg","width":510,"height":250},{"@type":"BreadcrumbList","@id":"https:\/\/www.tillvaxtbohuslan.se\/suscod\/helarsboende-och-bostadsbyggande-pa-landsbygden-och-skargarden\/boende-byggande-och-tillvaxt-sverige\/#breadcrumb","itemListElement":[{"@type":"ListItem","position":1,"name":"Hem","item":"https:\/\/www.tillvaxtbohuslan.se\/suscod\/"},{"@type":"ListItem","position":2,"name":"Hel\u00e5rsboende och bostadsbyggande p\u00e5 landsbygden och i sk\u00e4rg\u00e5rden","item":"https:\/\/www.tillvaxtbohuslan.se\/suscod\/helarsboende-och-bostadsbyggande-pa-landsbygden-och-skargarden\/"},{"@type":"ListItem","position":3,"name":"Boende, byggande och tillv\u00e4xt i Sverige"}]},{"@type":"WebSite","@id":"https:\/\/www.tillvaxtbohuslan.se\/suscod\/#website","url":"https:\/\/www.tillvaxtbohuslan.se\/suscod\/","name":"SUSCOD","description":"","potentialAction":[{"@type":"SearchAction","target":{"@type":"EntryPoint","urlTemplate":"https:\/\/www.tillvaxtbohuslan.se\/suscod\/?s={search_term_string}"},"query-input":{"@type":"PropertyValueSpecification","valueRequired":true,"valueName":"search_term_string"}}],"inLanguage":"sv-SE"}]}},"_links":{"self":[{"href":"https:\/\/www.tillvaxtbohuslan.se\/suscod\/wp-json\/wp\/v2\/pages\/125","targetHints":{"allow":["GET"]}}],"collection":[{"href":"https:\/\/www.tillvaxtbohuslan.se\/suscod\/wp-json\/wp\/v2\/pages"}],"about":[{"href":"https:\/\/www.tillvaxtbohuslan.se\/suscod\/wp-json\/wp\/v2\/types\/page"}],"author":[{"embeddable":true,"href":"https:\/\/www.tillvaxtbohuslan.se\/suscod\/wp-json\/wp\/v2\/users\/1"}],"replies":[{"embeddable":true,"href":"https:\/\/www.tillvaxtbohuslan.se\/suscod\/wp-json\/wp\/v2\/comments?post=125"}],"version-history":[{"count":5,"href":"https:\/\/www.tillvaxtbohuslan.se\/suscod\/wp-json\/wp\/v2\/pages\/125\/revisions"}],"predecessor-version":[{"id":190,"href":"https:\/\/www.tillvaxtbohuslan.se\/suscod\/wp-json\/wp\/v2\/pages\/125\/revisions\/190"}],"up":[{"embeddable":true,"href":"https:\/\/www.tillvaxtbohuslan.se\/suscod\/wp-json\/wp\/v2\/pages\/110"}],"wp:attachment":[{"href":"https:\/\/www.tillvaxtbohuslan.se\/suscod\/wp-json\/wp\/v2\/media?parent=125"}],"curies":[{"name":"wp","href":"https:\/\/api.w.org\/{rel}","templated":true}]}}