{"id":120,"date":"2014-03-31T12:02:31","date_gmt":"2014-03-31T10:02:31","guid":{"rendered":"https:\/\/www.tillvaxtbohuslan.se\/suscod\/?page_id=120"},"modified":"2014-09-09T15:49:51","modified_gmt":"2014-09-09T13:49:51","slug":"bakgrund-och-syfte-med-dagen-2","status":"publish","type":"page","link":"https:\/\/www.tillvaxtbohuslan.se\/suscod\/helarsboende-och-bostadsbyggande-pa-landsbygden-och-skargarden\/bakgrund-och-syfte-med-dagen-2\/","title":{"rendered":"Bakgrund och syfte med dagen"},"content":{"rendered":"<div id=\"attachment_122\" style=\"width: 520px\" class=\"wp-caption alignnone\"><a href=\"https:\/\/www.tillvaxtbohuslan.se\/suscod\/wp-content\/uploads\/sites\/3\/2014\/03\/bild-bakgrund-syfte.jpg\"><img loading=\"lazy\" decoding=\"async\" aria-describedby=\"caption-attachment-122\" class=\"img-responsive img-responsive  wp-image-122\" alt=\"bild-bakgrund-syfte\" src=\"https:\/\/www.tillvaxtbohuslan.se\/suscod\/wp-content\/uploads\/sites\/3\/2014\/03\/bild-bakgrund-syfte.jpg\" width=\"510\" height=\"250\" srcset=\"https:\/\/www.tillvaxtbohuslan.se\/suscod\/wp-content\/uploads\/sites\/3\/2014\/03\/bild-bakgrund-syfte.jpg 510w, https:\/\/www.tillvaxtbohuslan.se\/suscod\/wp-content\/uploads\/sites\/3\/2014\/03\/bild-bakgrund-syfte-300x147.jpg 300w\" sizes=\"auto, (max-width: 510px) 100vw, 510px\" \/><\/a><p id=\"caption-attachment-122\" class=\"wp-caption-text\">Elsie Hellstr\u00f6m, processledare f\u00f6r Tillv\u00e4xtsekretariatet, norra Bohusl\u00e4n och Krister Olsson, verksamhetsledare f\u00f6r Leader Ranrike<\/p><\/div>\n<p>Elsie Hellstr\u00f6m, beskrev fr\u00e5gan om byggande och boende som en tillv\u00e4xtfr\u00e5ga med m\u00e5nga dimensioner. Det handlar om nybyggnation och tillg\u00e5ng till ett varierat utbud av bost\u00e4der, men ocks\u00e5 om balans mellan bevarande och utveckling. \u201dHur skapar vi f\u00f6ruts\u00e4ttningar f\u00f6r byggande utan att riskera de v\u00e4rden som Bohusl\u00e4n lever av, sin rika natur- och kulturmilj\u00f6?\u201d, fr\u00e5gade Hellstr\u00f6m som fortsatte: \u201dHur kan vi flytta delar av exploateringstrycket fr\u00e5n kusten mot inlandet och hur planerar och styr vi konkret mot hel\u00e5rsboende?\u201d<\/p>\n<p>\u201dVi vet sedan tidigare att antalet bost\u00e4der \u00f6kar i v\u00e5ra kommuner, men befolkningen \u00f6kar inte i samma takt. Samtidigt finns vi i en dynamisk och attraktiv region, mitt mellan storst\u00e4derna Oslo och G\u00f6teborg. Hur kan vi utnyttja det geografiska l\u00e4get och varf\u00f6r ser det ut som det g\u00f6r.\u201d<\/p>\n<p>Krister Olsson, ber\u00e4ttade om Leader som arbetsmodell f\u00f6r att utveckla landsbygdens ekonomi och kopplingen till boendet. En f\u00f6ruts\u00e4ttning f\u00f6r en v\u00e4xande ekonomi p\u00e5 landsbygden \u00e4r givetvis att det finns tillg\u00e5ng till bost\u00e4der.<\/p>\n<p>Ensidighet i bostadsutbudet beskrivs i Leader Ranrikes utvecklingsplan som en av omr\u00e5dets svagheter. Rekommendationen till m\u00f6tesdeltagarna var att i boendeplaneringen ocks\u00e5 analysera fr\u00e5gorna: Vad \u00e4r grundvalen f\u00f6r en livskraftig bygd?, Varf\u00f6r vill m\u00e4nniskor bo h\u00e4r?, och Varf\u00f6r vill m\u00e4nniskor starta f\u00f6retag h\u00e4r?<\/p>\n<p>Olsson f\u00f6rtydligade ocks\u00e5 att den nu aktuella konferensen genomf\u00f6rs inom ramen f\u00f6r ett Leader-projekt med namnet &#8221;Nya bost\u00e4der norra Bohusl\u00e4n&#8221;. Syftet \u00e4r att ta fram diskussions- och beslutsunderlag via m\u00f6ten mellan samh\u00e4llsf\u00f6reningar, exploat\u00f6rer, forskare, politiker, planerare mfl. Man vill ocks\u00e5 under projekttiden f\u00e5 till en m\u00f6tesplats f\u00f6r privata och offentliga akt\u00f6rer inom bostadsbranschen som kan bidra till samverkan f\u00f6r \u00f6kat bostadsbyggande i norra Bohusl\u00e4n.<\/p>\n","protected":false},"excerpt":{"rendered":"<p>Elsie Hellstr\u00f6m, beskrev fr\u00e5gan om byggande och boende som en tillv\u00e4xtfr\u00e5ga med m\u00e5nga dimensioner. Det handlar om nybyggnation och tillg\u00e5ng till ett varierat utbud av bost\u00e4der, men ocks\u00e5 om balans mellan bevarande och utveckling. \u201dHur skapar vi f\u00f6ruts\u00e4ttningar f\u00f6r byggande &hellip; <a href=\"https:\/\/www.tillvaxtbohuslan.se\/suscod\/helarsboende-och-bostadsbyggande-pa-landsbygden-och-skargarden\/bakgrund-och-syfte-med-dagen-2\/\" title=\"Bakgrund och syfte med dagen\">Forts\u00e4tt l\u00e4sa <span class=\"meta-nav\"><i class=\"icon-long-arrow-right\"><\/i><\/span><\/a><\/p>\n","protected":false},"author":1,"featured_media":0,"parent":110,"menu_order":0,"comment_status":"closed","ping_status":"open","template":"","meta":{"_acf_changed":false,"footnotes":""},"class_list":["post-120","page","type-page","status-publish","hentry"],"acf":[],"yoast_head":"<!-- This site is optimized with the Yoast SEO plugin v27.4 - https:\/\/yoast.com\/product\/yoast-seo-wordpress\/ -->\n<title>Bakgrund och syfte med dagen - SUSCOD<\/title>\n<meta name=\"robots\" content=\"index, follow, max-snippet:-1, max-image-preview:large, max-video-preview:-1\" \/>\n<link rel=\"canonical\" href=\"https:\/\/www.tillvaxtbohuslan.se\/suscod\/helarsboende-och-bostadsbyggande-pa-landsbygden-och-skargarden\/bakgrund-och-syfte-med-dagen-2\/\" \/>\n<meta name=\"twitter:label1\" content=\"Ber\u00e4knad l\u00e4stid\" \/>\n\t<meta name=\"twitter:data1\" content=\"2 minuter\" \/>\n<script type=\"application\/ld+json\" class=\"yoast-schema-graph\">{\"@context\":\"https:\\\/\\\/schema.org\",\"@graph\":[{\"@type\":\"WebPage\",\"@id\":\"https:\\\/\\\/www.tillvaxtbohuslan.se\\\/suscod\\\/helarsboende-och-bostadsbyggande-pa-landsbygden-och-skargarden\\\/bakgrund-och-syfte-med-dagen-2\\\/\",\"url\":\"https:\\\/\\\/www.tillvaxtbohuslan.se\\\/suscod\\\/helarsboende-och-bostadsbyggande-pa-landsbygden-och-skargarden\\\/bakgrund-och-syfte-med-dagen-2\\\/\",\"name\":\"Bakgrund och syfte med dagen - SUSCOD\",\"isPartOf\":{\"@id\":\"https:\\\/\\\/www.tillvaxtbohuslan.se\\\/suscod\\\/#website\"},\"primaryImageOfPage\":{\"@id\":\"https:\\\/\\\/www.tillvaxtbohuslan.se\\\/suscod\\\/helarsboende-och-bostadsbyggande-pa-landsbygden-och-skargarden\\\/bakgrund-och-syfte-med-dagen-2\\\/#primaryimage\"},\"image\":{\"@id\":\"https:\\\/\\\/www.tillvaxtbohuslan.se\\\/suscod\\\/helarsboende-och-bostadsbyggande-pa-landsbygden-och-skargarden\\\/bakgrund-och-syfte-med-dagen-2\\\/#primaryimage\"},\"thumbnailUrl\":\"https:\\\/\\\/www.tillvaxtbohuslan.se\\\/suscod\\\/wp-content\\\/uploads\\\/sites\\\/3\\\/2014\\\/03\\\/bild-bakgrund-syfte.jpg\",\"datePublished\":\"2014-03-31T10:02:31+00:00\",\"dateModified\":\"2014-09-09T13:49:51+00:00\",\"breadcrumb\":{\"@id\":\"https:\\\/\\\/www.tillvaxtbohuslan.se\\\/suscod\\\/helarsboende-och-bostadsbyggande-pa-landsbygden-och-skargarden\\\/bakgrund-och-syfte-med-dagen-2\\\/#breadcrumb\"},\"inLanguage\":\"sv-SE\",\"potentialAction\":[{\"@type\":\"ReadAction\",\"target\":[\"https:\\\/\\\/www.tillvaxtbohuslan.se\\\/suscod\\\/helarsboende-och-bostadsbyggande-pa-landsbygden-och-skargarden\\\/bakgrund-och-syfte-med-dagen-2\\\/\"]}]},{\"@type\":\"ImageObject\",\"inLanguage\":\"sv-SE\",\"@id\":\"https:\\\/\\\/www.tillvaxtbohuslan.se\\\/suscod\\\/helarsboende-och-bostadsbyggande-pa-landsbygden-och-skargarden\\\/bakgrund-och-syfte-med-dagen-2\\\/#primaryimage\",\"url\":\"https:\\\/\\\/www.tillvaxtbohuslan.se\\\/suscod\\\/wp-content\\\/uploads\\\/sites\\\/3\\\/2014\\\/03\\\/bild-bakgrund-syfte.jpg\",\"contentUrl\":\"https:\\\/\\\/www.tillvaxtbohuslan.se\\\/suscod\\\/wp-content\\\/uploads\\\/sites\\\/3\\\/2014\\\/03\\\/bild-bakgrund-syfte.jpg\",\"width\":510,\"height\":250},{\"@type\":\"BreadcrumbList\",\"@id\":\"https:\\\/\\\/www.tillvaxtbohuslan.se\\\/suscod\\\/helarsboende-och-bostadsbyggande-pa-landsbygden-och-skargarden\\\/bakgrund-och-syfte-med-dagen-2\\\/#breadcrumb\",\"itemListElement\":[{\"@type\":\"ListItem\",\"position\":1,\"name\":\"Hem\",\"item\":\"https:\\\/\\\/www.tillvaxtbohuslan.se\\\/suscod\\\/\"},{\"@type\":\"ListItem\",\"position\":2,\"name\":\"Hel\u00e5rsboende och bostadsbyggande p\u00e5 landsbygden och i sk\u00e4rg\u00e5rden\",\"item\":\"https:\\\/\\\/www.tillvaxtbohuslan.se\\\/suscod\\\/helarsboende-och-bostadsbyggande-pa-landsbygden-och-skargarden\\\/\"},{\"@type\":\"ListItem\",\"position\":3,\"name\":\"Bakgrund och syfte med dagen\"}]},{\"@type\":\"WebSite\",\"@id\":\"https:\\\/\\\/www.tillvaxtbohuslan.se\\\/suscod\\\/#website\",\"url\":\"https:\\\/\\\/www.tillvaxtbohuslan.se\\\/suscod\\\/\",\"name\":\"SUSCOD\",\"description\":\"\",\"potentialAction\":[{\"@type\":\"SearchAction\",\"target\":{\"@type\":\"EntryPoint\",\"urlTemplate\":\"https:\\\/\\\/www.tillvaxtbohuslan.se\\\/suscod\\\/?s={search_term_string}\"},\"query-input\":{\"@type\":\"PropertyValueSpecification\",\"valueRequired\":true,\"valueName\":\"search_term_string\"}}],\"inLanguage\":\"sv-SE\"}]}<\/script>\n<!-- \/ Yoast SEO plugin. -->","yoast_head_json":{"title":"Bakgrund och syfte med dagen - SUSCOD","robots":{"index":"index","follow":"follow","max-snippet":"max-snippet:-1","max-image-preview":"max-image-preview:large","max-video-preview":"max-video-preview:-1"},"canonical":"https:\/\/www.tillvaxtbohuslan.se\/suscod\/helarsboende-och-bostadsbyggande-pa-landsbygden-och-skargarden\/bakgrund-och-syfte-med-dagen-2\/","twitter_misc":{"Ber\u00e4knad l\u00e4stid":"2 minuter"},"schema":{"@context":"https:\/\/schema.org","@graph":[{"@type":"WebPage","@id":"https:\/\/www.tillvaxtbohuslan.se\/suscod\/helarsboende-och-bostadsbyggande-pa-landsbygden-och-skargarden\/bakgrund-och-syfte-med-dagen-2\/","url":"https:\/\/www.tillvaxtbohuslan.se\/suscod\/helarsboende-och-bostadsbyggande-pa-landsbygden-och-skargarden\/bakgrund-och-syfte-med-dagen-2\/","name":"Bakgrund och syfte med dagen - SUSCOD","isPartOf":{"@id":"https:\/\/www.tillvaxtbohuslan.se\/suscod\/#website"},"primaryImageOfPage":{"@id":"https:\/\/www.tillvaxtbohuslan.se\/suscod\/helarsboende-och-bostadsbyggande-pa-landsbygden-och-skargarden\/bakgrund-och-syfte-med-dagen-2\/#primaryimage"},"image":{"@id":"https:\/\/www.tillvaxtbohuslan.se\/suscod\/helarsboende-och-bostadsbyggande-pa-landsbygden-och-skargarden\/bakgrund-och-syfte-med-dagen-2\/#primaryimage"},"thumbnailUrl":"https:\/\/www.tillvaxtbohuslan.se\/suscod\/wp-content\/uploads\/sites\/3\/2014\/03\/bild-bakgrund-syfte.jpg","datePublished":"2014-03-31T10:02:31+00:00","dateModified":"2014-09-09T13:49:51+00:00","breadcrumb":{"@id":"https:\/\/www.tillvaxtbohuslan.se\/suscod\/helarsboende-och-bostadsbyggande-pa-landsbygden-och-skargarden\/bakgrund-och-syfte-med-dagen-2\/#breadcrumb"},"inLanguage":"sv-SE","potentialAction":[{"@type":"ReadAction","target":["https:\/\/www.tillvaxtbohuslan.se\/suscod\/helarsboende-och-bostadsbyggande-pa-landsbygden-och-skargarden\/bakgrund-och-syfte-med-dagen-2\/"]}]},{"@type":"ImageObject","inLanguage":"sv-SE","@id":"https:\/\/www.tillvaxtbohuslan.se\/suscod\/helarsboende-och-bostadsbyggande-pa-landsbygden-och-skargarden\/bakgrund-och-syfte-med-dagen-2\/#primaryimage","url":"https:\/\/www.tillvaxtbohuslan.se\/suscod\/wp-content\/uploads\/sites\/3\/2014\/03\/bild-bakgrund-syfte.jpg","contentUrl":"https:\/\/www.tillvaxtbohuslan.se\/suscod\/wp-content\/uploads\/sites\/3\/2014\/03\/bild-bakgrund-syfte.jpg","width":510,"height":250},{"@type":"BreadcrumbList","@id":"https:\/\/www.tillvaxtbohuslan.se\/suscod\/helarsboende-och-bostadsbyggande-pa-landsbygden-och-skargarden\/bakgrund-och-syfte-med-dagen-2\/#breadcrumb","itemListElement":[{"@type":"ListItem","position":1,"name":"Hem","item":"https:\/\/www.tillvaxtbohuslan.se\/suscod\/"},{"@type":"ListItem","position":2,"name":"Hel\u00e5rsboende och bostadsbyggande p\u00e5 landsbygden och i sk\u00e4rg\u00e5rden","item":"https:\/\/www.tillvaxtbohuslan.se\/suscod\/helarsboende-och-bostadsbyggande-pa-landsbygden-och-skargarden\/"},{"@type":"ListItem","position":3,"name":"Bakgrund och syfte med dagen"}]},{"@type":"WebSite","@id":"https:\/\/www.tillvaxtbohuslan.se\/suscod\/#website","url":"https:\/\/www.tillvaxtbohuslan.se\/suscod\/","name":"SUSCOD","description":"","potentialAction":[{"@type":"SearchAction","target":{"@type":"EntryPoint","urlTemplate":"https:\/\/www.tillvaxtbohuslan.se\/suscod\/?s={search_term_string}"},"query-input":{"@type":"PropertyValueSpecification","valueRequired":true,"valueName":"search_term_string"}}],"inLanguage":"sv-SE"}]}},"_links":{"self":[{"href":"https:\/\/www.tillvaxtbohuslan.se\/suscod\/wp-json\/wp\/v2\/pages\/120","targetHints":{"allow":["GET"]}}],"collection":[{"href":"https:\/\/www.tillvaxtbohuslan.se\/suscod\/wp-json\/wp\/v2\/pages"}],"about":[{"href":"https:\/\/www.tillvaxtbohuslan.se\/suscod\/wp-json\/wp\/v2\/types\/page"}],"author":[{"embeddable":true,"href":"https:\/\/www.tillvaxtbohuslan.se\/suscod\/wp-json\/wp\/v2\/users\/1"}],"replies":[{"embeddable":true,"href":"https:\/\/www.tillvaxtbohuslan.se\/suscod\/wp-json\/wp\/v2\/comments?post=120"}],"version-history":[{"count":4,"href":"https:\/\/www.tillvaxtbohuslan.se\/suscod\/wp-json\/wp\/v2\/pages\/120\/revisions"}],"predecessor-version":[{"id":189,"href":"https:\/\/www.tillvaxtbohuslan.se\/suscod\/wp-json\/wp\/v2\/pages\/120\/revisions\/189"}],"up":[{"embeddable":true,"href":"https:\/\/www.tillvaxtbohuslan.se\/suscod\/wp-json\/wp\/v2\/pages\/110"}],"wp:attachment":[{"href":"https:\/\/www.tillvaxtbohuslan.se\/suscod\/wp-json\/wp\/v2\/media?parent=120"}],"curies":[{"name":"wp","href":"https:\/\/api.w.org\/{rel}","templated":true}]}}