{"id":2,"date":"2014-02-19T14:39:28","date_gmt":"2014-02-19T13:39:28","guid":{"rendered":"https:\/\/www.tillvaxtbohuslan.se\/testar\/?page_id=2"},"modified":"2017-03-08T09:43:50","modified_gmt":"2017-03-08T08:43:50","slug":"startsida-dop-om-mig-till-ratt-namn-och-byt-ut-permalank","status":"publish","type":"page","link":"https:\/\/www.tillvaxtbohuslan.se\/renkustlinje\/","title":{"rendered":"Ren Kustlinje"},"content":{"rendered":"<p>Varje timme, \u00e5ret runt, flyter det iland en kubikmeter marint skr\u00e4p vid Bohusl\u00e4ns kust. Avfallet \u00e4r ett hot mot turistn\u00e4ringen, fisket och andra verksamheter med kust och hav som bas \u2013 men ocks\u00e5 hela v\u00e5r havsmilj\u00f6. Samma problem finns i Norge och Danmark och tillsammans driver vi nu f\u00f6rprojektet Ren kustlinje f\u00f6r att hitta l\u00f6sningar.<\/p>\n<h5><strong>( Detta projekt \u00e4r nu en avslutad satsning f\u00f6r Tillv\u00e4xt Norra Bohusl\u00e4n, och drivs vidare i ett nytt projekt som du kan l\u00e4sa mer om <a href=\"http:\/\/www.renkustlinje.se\/\">h\u00e4r )<\/a><\/strong><\/h5>\n<p><strong>M\u00e5l<\/strong><\/p>\n<p>M\u00e5let med f\u00f6rprojektet Ren kustlinje \u00e4r att hitta former f\u00f6r att ta hand om det marina avfallet och stoppa nedskr\u00e4pningen redan vid k\u00e4llan. D\u00e4rf\u00f6r kartl\u00e4gger vi arbetsmetoder, utforskar finansieringsmodeller och samverkar med forskningsinstitut.<\/p>\n<p>Nationellt och regionalt f\u00f6r vi en dialog om marint avfall och lokalt har vi ett samarbete \u00f6ver gr\u00e4nserna. Vi \u00e4r aktiva i det internationella utvecklingsarbetet inom EU, i f\u00f6rsta hand via nationella myndigheter och organisationer samt organisationen KIMO.<\/p>\n<p><strong>Huvudprojekt n\u00e4sta steg<\/strong><\/p>\n<p>Dessutom bildar Tillv\u00e4xt Norra Bohusl\u00e4n tillsammans danska och norska kommuner partnerskap f\u00f6r att under EU:s n\u00e4sta Interreg-period kunna driva ett huvudprojekt inom marint skr\u00e4p. D\u00e5 kommer vi att utveckla arbetss\u00e4tt, modeller f\u00f6r finansiering, metoder f\u00f6r sortering och hantering av statistik. Vi ska \u00e4ven f\u00f6ra ut forskningsresultat p\u00e5 lokal niv\u00e5 f\u00f6r att medverka till att havs- och kustmilj\u00f6n blir b\u00e4ttre.<\/p>\n<p><strong>St\u00e4rka teknisk utveckling<\/strong><\/p>\n<p>Det \u00e4r mycket viktigt att hitta l\u00e5ngsiktiga l\u00f6sningar f\u00f6r marint avfall. D\u00e4rf\u00f6r \u00e4r det ett prioriterat omr\u00e5de att st\u00e4rka forskning, teknisk utveckling och innovation. Nya tekniska l\u00f6sningar kan ocks\u00e5 leda till nya jobb med att sortera och \u00e5tervinna marint skr\u00e4p. En uppgift \u00e4r \u00e4ven att utveckla metoder f\u00f6r att kartl\u00e4gga och m\u00e4ta skr\u00e4pet.<\/p>\n<p><strong>\u00d6ka konkurrenskraften<\/strong><\/p>\n<p>Inom f\u00f6rprojektet finns f\u00f6retag och organisationer som utvecklar nya aff\u00e4rsid\u00e9er med koppling till marint avfall, till exempel \u00e5teranv\u00e4ndning och \u00e5tervinning av skr\u00e4pet. Det kan bidra till att \u00f6ka f\u00f6retagens konkurrenskraft.<\/p>\n<p><strong>Fr\u00e4mja syssels\u00e4ttningen<\/strong><\/p>\n<p>N\u00e4r nya aff\u00e4rsid\u00e9er f\u00f6ds kan det fr\u00e4mja syssels\u00e4ttningenoch \u00f6ka arbetskraftens r\u00f6rlighet.<\/p>\n<p><strong>Minska koldioxidutsl\u00e4ppen<\/strong><\/p>\n<p>Att st\u00f6dja \u00f6verg\u00e5ngen till en koldioxidsn\u00e5l ekonomi \u00e4r viktigt i hela v\u00e5rt samh\u00e4lle, \u00e4ven f\u00f6r havsmilj\u00f6n. I f\u00f6rprojektet kommer vi dock inte att fokusera p\u00e5 aktiviteter f\u00f6r att minska koldioxidutsl\u00e4ppen.<\/p>\n<p><strong>Investera i bildning<\/strong><\/p>\n<p>Det \u00e4r oerh\u00f6rt viktigt utveckla infrastrukturer f\u00f6r utbildning och fortbildning. Milj\u00f6problem hotar haven och kusten och det g\u00e4ller att kunna m\u00f6ta dem. Forskningsresultat beh\u00f6ver oms\u00e4ttas till kunskap och \u201dverktyg\u201d f\u00f6r m\u00e4nniskor i olika \u00e5lder och grupper.<\/p>\n<p><strong>Starkare samarbeten<\/strong><\/p>\n<p>Ett viktigt syfte med f\u00f6rprojektet \u00e4r att \u00f6ka kapaciteten och effektiviteten f\u00f6r att kunna ta hand om det marina skr\u00e4pet och stoppa nedskr\u00e4pningen vid k\u00e4llan. Det kr\u00e4ver ett samarbete \u2013 internationellt, nationellt, regionalt och kommunalt.<\/p>\n<p><strong>Organisation<\/strong><\/p>\n<p>F\u00f6rprojektet Ren kustlinje har partnerskap med kommuner, avfallsbolag, regionala organisationer och internationella organisationer. Parterna kopplar projektet till ordinarie styr- och ledningsgrupper i respektive land f\u00f6r att f\u00f6rankra det kommande huvudprojektet.<\/p>\n<p>Str\u00f6mstad kommun \u00e4r svensk projekt\u00e4gare och Oslofjordens Friluftsr\u00e5d norsk.<\/p>\n<p><strong>\u00a0<\/strong><\/p>\n<h2>Bilder fr\u00e5n studiebes\u00f6ket i Danmark<\/h2>\n<p>&nbsp;<\/p>\n<p><a href=\"https:\/\/www.tillvaxtbohuslan.se\/renkustlinje\/wp-content\/uploads\/sites\/13\/2014\/02\/webb-Omsparad-bild.jpg\"><img loading=\"lazy\" decoding=\"async\" class=\"img-responsive img-responsive text-center alignnone wp-image-150 size-medium\" src=\"https:\/\/www.tillvaxtbohuslan.se\/renkustlinje\/wp-content\/uploads\/sites\/13\/2014\/02\/webb-Omsparad-bild-225x300.jpg\" alt=\"webb-Omsparad-bild\" width=\"225\" height=\"300\" srcset=\"https:\/\/www.tillvaxtbohuslan.se\/renkustlinje\/wp-content\/uploads\/sites\/13\/2014\/02\/webb-Omsparad-bild-225x300.jpg 225w, https:\/\/www.tillvaxtbohuslan.se\/renkustlinje\/wp-content\/uploads\/sites\/13\/2014\/02\/webb-Omsparad-bild-768x1024.jpg 768w, https:\/\/www.tillvaxtbohuslan.se\/renkustlinje\/wp-content\/uploads\/sites\/13\/2014\/02\/webb-Omsparad-bild-416x555.jpg 416w, https:\/\/www.tillvaxtbohuslan.se\/renkustlinje\/wp-content\/uploads\/sites\/13\/2014\/02\/webb-Omsparad-bild.jpg 1224w\" sizes=\"auto, (max-width: 225px) 100vw, 225px\" \/><img loading=\"lazy\" decoding=\"async\" class=\"img-responsive img-responsive text-center alignnone wp-image-151 size-medium\" src=\"https:\/\/www.tillvaxtbohuslan.se\/renkustlinje\/wp-content\/uploads\/sites\/13\/2014\/02\/webb-omsparad-bild-2--225x300.jpg\" alt=\"webb-omsparad-bild-2-\" width=\"225\" height=\"300\" srcset=\"https:\/\/www.tillvaxtbohuslan.se\/renkustlinje\/wp-content\/uploads\/sites\/13\/2014\/02\/webb-omsparad-bild-2--225x300.jpg 225w, https:\/\/www.tillvaxtbohuslan.se\/renkustlinje\/wp-content\/uploads\/sites\/13\/2014\/02\/webb-omsparad-bild-2--768x1024.jpg 768w, https:\/\/www.tillvaxtbohuslan.se\/renkustlinje\/wp-content\/uploads\/sites\/13\/2014\/02\/webb-omsparad-bild-2--416x555.jpg 416w, https:\/\/www.tillvaxtbohuslan.se\/renkustlinje\/wp-content\/uploads\/sites\/13\/2014\/02\/webb-omsparad-bild-2-.jpg 1224w\" sizes=\"auto, (max-width: 225px) 100vw, 225px\" \/><\/a><\/p>\n<p>&nbsp;<\/p>\n<p>&nbsp;<\/p>\n<h2><strong>Finansi\u00e4rer<\/strong><\/h2>\n<p><a href=\"https:\/\/www.tillvaxtbohuslan.se\/renkustlinje\/wp-content\/uploads\/sites\/13\/2014\/02\/Samlet-EUOKS-logo_farve_lilleSV.jpg\"><img loading=\"lazy\" decoding=\"async\" class=\"img-responsive img-responsive text-center size-full wp-image-143\" src=\"https:\/\/www.tillvaxtbohuslan.se\/renkustlinje\/wp-content\/uploads\/sites\/13\/2014\/02\/Samlet-EUOKS-logo_farve_lilleSV.jpg\" alt=\"Samlet EUOKS-logo_farve_lilleSV\" width=\"611\" height=\"85\" srcset=\"https:\/\/www.tillvaxtbohuslan.se\/renkustlinje\/wp-content\/uploads\/sites\/13\/2014\/02\/Samlet-EUOKS-logo_farve_lilleSV.jpg 611w, https:\/\/www.tillvaxtbohuslan.se\/renkustlinje\/wp-content\/uploads\/sites\/13\/2014\/02\/Samlet-EUOKS-logo_farve_lilleSV-300x41.jpg 300w, https:\/\/www.tillvaxtbohuslan.se\/renkustlinje\/wp-content\/uploads\/sites\/13\/2014\/02\/Samlet-EUOKS-logo_farve_lilleSV-555x77.jpg 555w\" sizes=\"auto, (max-width: 611px) 100vw, 611px\" \/><\/a><\/p>\n<p>&nbsp;<\/p>\n<h2><strong>Medfinansi\u00e4rer<\/strong><\/h2>\n<p>\u00d6vriga kommuner i Bohusl\u00e4n<\/p>\n<p>&nbsp;<\/p>\n<h2><strong>Partners<\/strong><\/h2>\n<p><a href=\"http:\/\/www.orust.se\/\" target=\"_blank\">Orust kommun &#8211; svensk partner<br \/>\n<\/a><a href=\"http:\/\/www.kimointernational.org\/Denmark.aspx\" target=\"_blank\">Kimo &#8211; Dansk partner<\/a><br \/>\n<a href=\"http:\/\/esoe.dk\/forside.aspx\" target=\"_blank\">Esoe Avfallsbolaget &#8211; Dansk partner<\/a><br \/>\n<a href=\"http:\/\/www.oslofjorden.org\/portal\/page\/portal\/of\" target=\"_blank\">Oslofjordens friluftsr\u00e5d &#8211; Norsk partner <\/a><\/p>\n","protected":false},"excerpt":{"rendered":"<p>Varje timme, \u00e5ret runt, flyter det iland en kubikmeter marint skr\u00e4p vid Bohusl\u00e4ns kust. Avfallet \u00e4r ett hot mot turistn\u00e4ringen, fisket och andra verksamheter med kust och hav som bas \u2013 men ocks\u00e5 hela v\u00e5r havsmilj\u00f6. Samma problem finns i &hellip; <a href=\"https:\/\/www.tillvaxtbohuslan.se\/renkustlinje\/\" title=\"Ren Kustlinje\">Forts\u00e4tt l\u00e4sa <span class=\"meta-nav\"><i class=\"icon-long-arrow-right\"><\/i><\/span><\/a><\/p>\n","protected":false},"author":1,"featured_media":0,"parent":0,"menu_order":0,"comment_status":"closed","ping_status":"closed","template":"","meta":{"_acf_changed":false,"footnotes":""},"class_list":["post-2","page","type-page","status-publish","hentry"],"acf":[],"yoast_head":"<!-- This site is optimized with the Yoast SEO plugin v27.4 - https:\/\/yoast.com\/product\/yoast-seo-wordpress\/ -->\n<title>Ren Kustlinje - Ren kustlinje<\/title>\n<meta name=\"robots\" content=\"index, follow, max-snippet:-1, max-image-preview:large, max-video-preview:-1\" \/>\n<link rel=\"canonical\" href=\"https:\/\/www.tillvaxtbohuslan.se\/renkustlinje\/\" \/>\n<meta name=\"twitter:label1\" content=\"Ber\u00e4knad l\u00e4stid\" \/>\n\t<meta name=\"twitter:data1\" content=\"3 minuter\" \/>\n<script type=\"application\/ld+json\" class=\"yoast-schema-graph\">{\"@context\":\"https:\\\/\\\/schema.org\",\"@graph\":[{\"@type\":\"WebPage\",\"@id\":\"https:\\\/\\\/www.tillvaxtbohuslan.se\\\/renkustlinje\\\/\",\"url\":\"https:\\\/\\\/www.tillvaxtbohuslan.se\\\/renkustlinje\\\/\",\"name\":\"Ren Kustlinje - Ren kustlinje\",\"isPartOf\":{\"@id\":\"https:\\\/\\\/www.tillvaxtbohuslan.se\\\/renkustlinje\\\/#website\"},\"primaryImageOfPage\":{\"@id\":\"https:\\\/\\\/www.tillvaxtbohuslan.se\\\/renkustlinje\\\/#primaryimage\"},\"image\":{\"@id\":\"https:\\\/\\\/www.tillvaxtbohuslan.se\\\/renkustlinje\\\/#primaryimage\"},\"thumbnailUrl\":\"https:\\\/\\\/www.tillvaxtbohuslan.se\\\/renkustlinje\\\/wp-content\\\/uploads\\\/sites\\\/13\\\/2014\\\/02\\\/webb-Omsparad-bild-225x300.jpg\",\"datePublished\":\"2014-02-19T13:39:28+00:00\",\"dateModified\":\"2017-03-08T08:43:50+00:00\",\"inLanguage\":\"sv-SE\",\"potentialAction\":[{\"@type\":\"ReadAction\",\"target\":[\"https:\\\/\\\/www.tillvaxtbohuslan.se\\\/renkustlinje\\\/\"]}]},{\"@type\":\"ImageObject\",\"inLanguage\":\"sv-SE\",\"@id\":\"https:\\\/\\\/www.tillvaxtbohuslan.se\\\/renkustlinje\\\/#primaryimage\",\"url\":\"https:\\\/\\\/www.tillvaxtbohuslan.se\\\/renkustlinje\\\/wp-content\\\/uploads\\\/sites\\\/13\\\/2014\\\/02\\\/webb-Omsparad-bild.jpg\",\"contentUrl\":\"https:\\\/\\\/www.tillvaxtbohuslan.se\\\/renkustlinje\\\/wp-content\\\/uploads\\\/sites\\\/13\\\/2014\\\/02\\\/webb-Omsparad-bild.jpg\",\"width\":1224,\"height\":1632},{\"@type\":\"WebSite\",\"@id\":\"https:\\\/\\\/www.tillvaxtbohuslan.se\\\/renkustlinje\\\/#website\",\"url\":\"https:\\\/\\\/www.tillvaxtbohuslan.se\\\/renkustlinje\\\/\",\"name\":\"Ren kustlinje\",\"description\":\"\",\"potentialAction\":[{\"@type\":\"SearchAction\",\"target\":{\"@type\":\"EntryPoint\",\"urlTemplate\":\"https:\\\/\\\/www.tillvaxtbohuslan.se\\\/renkustlinje\\\/?s={search_term_string}\"},\"query-input\":{\"@type\":\"PropertyValueSpecification\",\"valueRequired\":true,\"valueName\":\"search_term_string\"}}],\"inLanguage\":\"sv-SE\"}]}<\/script>\n<!-- \/ Yoast SEO plugin. -->","yoast_head_json":{"title":"Ren Kustlinje - Ren kustlinje","robots":{"index":"index","follow":"follow","max-snippet":"max-snippet:-1","max-image-preview":"max-image-preview:large","max-video-preview":"max-video-preview:-1"},"canonical":"https:\/\/www.tillvaxtbohuslan.se\/renkustlinje\/","twitter_misc":{"Ber\u00e4knad l\u00e4stid":"3 minuter"},"schema":{"@context":"https:\/\/schema.org","@graph":[{"@type":"WebPage","@id":"https:\/\/www.tillvaxtbohuslan.se\/renkustlinje\/","url":"https:\/\/www.tillvaxtbohuslan.se\/renkustlinje\/","name":"Ren Kustlinje - Ren kustlinje","isPartOf":{"@id":"https:\/\/www.tillvaxtbohuslan.se\/renkustlinje\/#website"},"primaryImageOfPage":{"@id":"https:\/\/www.tillvaxtbohuslan.se\/renkustlinje\/#primaryimage"},"image":{"@id":"https:\/\/www.tillvaxtbohuslan.se\/renkustlinje\/#primaryimage"},"thumbnailUrl":"https:\/\/www.tillvaxtbohuslan.se\/renkustlinje\/wp-content\/uploads\/sites\/13\/2014\/02\/webb-Omsparad-bild-225x300.jpg","datePublished":"2014-02-19T13:39:28+00:00","dateModified":"2017-03-08T08:43:50+00:00","inLanguage":"sv-SE","potentialAction":[{"@type":"ReadAction","target":["https:\/\/www.tillvaxtbohuslan.se\/renkustlinje\/"]}]},{"@type":"ImageObject","inLanguage":"sv-SE","@id":"https:\/\/www.tillvaxtbohuslan.se\/renkustlinje\/#primaryimage","url":"https:\/\/www.tillvaxtbohuslan.se\/renkustlinje\/wp-content\/uploads\/sites\/13\/2014\/02\/webb-Omsparad-bild.jpg","contentUrl":"https:\/\/www.tillvaxtbohuslan.se\/renkustlinje\/wp-content\/uploads\/sites\/13\/2014\/02\/webb-Omsparad-bild.jpg","width":1224,"height":1632},{"@type":"WebSite","@id":"https:\/\/www.tillvaxtbohuslan.se\/renkustlinje\/#website","url":"https:\/\/www.tillvaxtbohuslan.se\/renkustlinje\/","name":"Ren kustlinje","description":"","potentialAction":[{"@type":"SearchAction","target":{"@type":"EntryPoint","urlTemplate":"https:\/\/www.tillvaxtbohuslan.se\/renkustlinje\/?s={search_term_string}"},"query-input":{"@type":"PropertyValueSpecification","valueRequired":true,"valueName":"search_term_string"}}],"inLanguage":"sv-SE"}]}},"_links":{"self":[{"href":"https:\/\/www.tillvaxtbohuslan.se\/renkustlinje\/wp-json\/wp\/v2\/pages\/2","targetHints":{"allow":["GET"]}}],"collection":[{"href":"https:\/\/www.tillvaxtbohuslan.se\/renkustlinje\/wp-json\/wp\/v2\/pages"}],"about":[{"href":"https:\/\/www.tillvaxtbohuslan.se\/renkustlinje\/wp-json\/wp\/v2\/types\/page"}],"author":[{"embeddable":true,"href":"https:\/\/www.tillvaxtbohuslan.se\/renkustlinje\/wp-json\/wp\/v2\/users\/1"}],"replies":[{"embeddable":true,"href":"https:\/\/www.tillvaxtbohuslan.se\/renkustlinje\/wp-json\/wp\/v2\/comments?post=2"}],"version-history":[{"count":19,"href":"https:\/\/www.tillvaxtbohuslan.se\/renkustlinje\/wp-json\/wp\/v2\/pages\/2\/revisions"}],"predecessor-version":[{"id":160,"href":"https:\/\/www.tillvaxtbohuslan.se\/renkustlinje\/wp-json\/wp\/v2\/pages\/2\/revisions\/160"}],"wp:attachment":[{"href":"https:\/\/www.tillvaxtbohuslan.se\/renkustlinje\/wp-json\/wp\/v2\/media?parent=2"}],"curies":[{"name":"wp","href":"https:\/\/api.w.org\/{rel}","templated":true}]}}