{"id":288,"date":"2017-07-04T14:32:23","date_gmt":"2017-07-04T12:32:23","guid":{"rendered":"https:\/\/www.tillvaxtbohuslan.se\/mub\/?page_id=288"},"modified":"2020-04-21T11:27:38","modified_gmt":"2020-04-21T09:27:38","slug":"utveckling-av-de-maritima-naringarna-bohuslan","status":"publish","type":"page","link":"https:\/\/www.tillvaxtbohuslan.se\/mub\/utveckling-av-de-maritima-naringarna-bohuslan\/","title":{"rendered":"Om Maritim utveckling i Bohusl\u00e4n"},"content":{"rendered":"<h3>F\u00f6rl\u00e4ngt Projekt Maritim utveckling i Bohusl\u00e4n 2.0<\/h3>\n<p><strong>Gl\u00e4djande nog har MUB f\u00f6rl\u00e4ngts i 1,5 \u00e5r! Nu \u00e4r Orust och Munkedal med de ursprungliga kommunerna Str\u00f6mstad, Tanum, Soten\u00e4s och Lysekil. Huvudfokus f\u00f6r projektet blir att ytterligare testa och utveckla aff\u00e4rscoacharbetet samt utveckla lokala f\u00f6retagsarenor. Huvudfinansi\u00e4rer f\u00f6rutom kommunerna och G\u00f6teborgs universitet \u00e4r Fyrbodals kommunalf\u00f6rbund och Europeiska regionala utvecklingsfonden.<\/strong><\/p>\n<p>Maritim Utveckling i Bohusl\u00e4n del 1 var ett projekt med st\u00f6d ifr\u00e5n EU\u2019s regionala utvecklingsfond beviljat \u00e5t Tillv\u00e4xt Norra Bohusl\u00e4n. Projektet l\u00f6pte under 3 \u00e5r och hade en total budget p\u00e5 drygt 9 miljoner kronor. Projektets syfte var att st\u00f6tta och skapa goda f\u00f6ruts\u00e4ttningar \u00e5t de maritima n\u00e4ringarna i Bohusl\u00e4n. Vi har gjort denna film f\u00f6r att kortfattat summera projektet. Vi vill passa p\u00e5 att rikta ett stort tack till alla er som p\u00e5 olika s\u00e4tt varit engagerade i projektet!<\/p>\n<div style=\"width: 750px;\" class=\"wp-video\"><video class=\"wp-video-shortcode\" id=\"video-288-1\" width=\"750\" height=\"422\" preload=\"metadata\" controls=\"controls\"><source type=\"video\/mp4\" src=\"https:\/\/www.tillvaxtbohuslan.se\/mub\/wp-content\/uploads\/sites\/15\/2019\/09\/Maritim-Utveckling-Bohuslan.mp4?_=1\" \/><a href=\"https:\/\/www.tillvaxtbohuslan.se\/mub\/wp-content\/uploads\/sites\/15\/2019\/09\/Maritim-Utveckling-Bohuslan.mp4\">https:\/\/www.tillvaxtbohuslan.se\/mub\/wp-content\/uploads\/sites\/15\/2019\/09\/Maritim-Utveckling-Bohuslan.mp4<\/a><\/video><\/div>\n<p>Arbetet fokuserar p\u00e5 maritim turismutveckling men involverar \u00e4ven f\u00f6retag inom sk\u00e4rg\u00e5rdstransporter och marina livsmedel. Innovationsarenan \u00e4r central i projektet. Den ska ge f\u00f6retag m\u00f6jlighet att utveckla sina verksamheter via aff\u00e4rs- och produktutveckling i samverkan med andra f\u00f6retag, forskning och offentliga akt\u00f6rer.<\/p>\n<p>Ett flertal insatser har gjorts inom g\u00e4sthamnsutveckling, kunskapsturism, kusttransporter och marina livsmedel. En gemensam evenemangsstrategi f\u00f6r de fyra kommunerna \u00e4r antagen och en evenemangshandbok f\u00f6r arrang\u00f6rer publicerad p\u00e5 kommunernas hemsidor.<\/p>\n<p>H\u00e4r kan du ladda ner:<br \/>\n<a href=\"http:\/\/www.tillvaxtbohuslan.se\/mub\/wp-content\/uploads\/sites\/15\/2016\/06\/Pressrelease-Maritim-Utveckling-i-Bohusl\u00e4n-160608-2.docx\">Pressrelease Maritim Utveckling i Bohusl\u00e4n<\/a><br \/>\n<a href=\"http:\/\/www.tillvaxtbohuslan.se\/mub\/wp-content\/uploads\/sites\/15\/2017\/09\/mub-folder_webversion.pdf\">MUB-folder i pdf-format<\/a><br \/>\n<a href=\"http:\/\/www.tillvaxtbohuslan.se\/mub\/wp-content\/uploads\/sites\/15\/2014\/02\/mub_2017-05-04_eng-version2.pdf\">Maritime development in Bohusl\u00e4n &#8211; English information folder\u00a0<\/a><\/p>\n<p>Kontakta projektledare<br \/>\n<strong>Carl Dahlberg<\/strong><br \/>\nMobil: +46 76 808 22 60<br \/>\nE-post: <a href=\"mailto:Carl.Dahlberg@lysekil.se\">Carl.Dahlberg@lysekil.se <\/a><\/p>\n<p>f\u00f6r mer information.<\/p>\n","protected":false},"excerpt":{"rendered":"<p>F\u00f6rl\u00e4ngt Projekt Maritim utveckling i Bohusl\u00e4n 2.0 Gl\u00e4djande nog har MUB f\u00f6rl\u00e4ngts i 1,5 \u00e5r! Nu \u00e4r Orust och Munkedal med de ursprungliga kommunerna Str\u00f6mstad, Tanum, Soten\u00e4s och Lysekil. Huvudfokus f\u00f6r projektet blir att ytterligare testa och utveckla aff\u00e4rscoacharbetet samt &hellip; <a href=\"https:\/\/www.tillvaxtbohuslan.se\/mub\/utveckling-av-de-maritima-naringarna-bohuslan\/\" title=\"Om Maritim utveckling i Bohusl\u00e4n\">Forts\u00e4tt l\u00e4sa <span class=\"meta-nav\"><i class=\"icon-long-arrow-right\"><\/i><\/span><\/a><\/p>\n","protected":false},"author":1,"featured_media":0,"parent":0,"menu_order":0,"comment_status":"closed","ping_status":"closed","template":"","meta":{"_acf_changed":false,"footnotes":""},"class_list":["post-288","page","type-page","status-publish","hentry"],"acf":[],"yoast_head":"<!-- This site is optimized with the Yoast SEO plugin v27.4 - https:\/\/yoast.com\/product\/yoast-seo-wordpress\/ -->\n<title>Om Maritim utveckling i Bohusl\u00e4n - Maritim utveckling i Bohusl\u00e4n<\/title>\n<meta name=\"robots\" content=\"index, follow, max-snippet:-1, max-image-preview:large, max-video-preview:-1\" \/>\n<link rel=\"canonical\" href=\"https:\/\/www.tillvaxtbohuslan.se\/mub\/utveckling-av-de-maritima-naringarna-bohuslan\/\" \/>\n<meta name=\"twitter:label1\" content=\"Ber\u00e4knad l\u00e4stid\" \/>\n\t<meta name=\"twitter:data1\" content=\"1 minut\" \/>\n<script type=\"application\/ld+json\" class=\"yoast-schema-graph\">{\"@context\":\"https:\\\/\\\/schema.org\",\"@graph\":[{\"@type\":\"WebPage\",\"@id\":\"https:\\\/\\\/www.tillvaxtbohuslan.se\\\/mub\\\/utveckling-av-de-maritima-naringarna-bohuslan\\\/\",\"url\":\"https:\\\/\\\/www.tillvaxtbohuslan.se\\\/mub\\\/utveckling-av-de-maritima-naringarna-bohuslan\\\/\",\"name\":\"Om Maritim utveckling i Bohusl\u00e4n - Maritim utveckling i Bohusl\u00e4n\",\"isPartOf\":{\"@id\":\"https:\\\/\\\/www.tillvaxtbohuslan.se\\\/mub\\\/#website\"},\"datePublished\":\"2017-07-04T12:32:23+00:00\",\"dateModified\":\"2020-04-21T09:27:38+00:00\",\"breadcrumb\":{\"@id\":\"https:\\\/\\\/www.tillvaxtbohuslan.se\\\/mub\\\/utveckling-av-de-maritima-naringarna-bohuslan\\\/#breadcrumb\"},\"inLanguage\":\"sv-SE\",\"potentialAction\":[{\"@type\":\"ReadAction\",\"target\":[\"https:\\\/\\\/www.tillvaxtbohuslan.se\\\/mub\\\/utveckling-av-de-maritima-naringarna-bohuslan\\\/\"]}]},{\"@type\":\"BreadcrumbList\",\"@id\":\"https:\\\/\\\/www.tillvaxtbohuslan.se\\\/mub\\\/utveckling-av-de-maritima-naringarna-bohuslan\\\/#breadcrumb\",\"itemListElement\":[{\"@type\":\"ListItem\",\"position\":1,\"name\":\"Hem\",\"item\":\"https:\\\/\\\/www.tillvaxtbohuslan.se\\\/mub\\\/\"},{\"@type\":\"ListItem\",\"position\":2,\"name\":\"Om Maritim utveckling i Bohusl\u00e4n\"}]},{\"@type\":\"WebSite\",\"@id\":\"https:\\\/\\\/www.tillvaxtbohuslan.se\\\/mub\\\/#website\",\"url\":\"https:\\\/\\\/www.tillvaxtbohuslan.se\\\/mub\\\/\",\"name\":\"Maritim utveckling i Bohusl\u00e4n\",\"description\":\"\",\"potentialAction\":[{\"@type\":\"SearchAction\",\"target\":{\"@type\":\"EntryPoint\",\"urlTemplate\":\"https:\\\/\\\/www.tillvaxtbohuslan.se\\\/mub\\\/?s={search_term_string}\"},\"query-input\":{\"@type\":\"PropertyValueSpecification\",\"valueRequired\":true,\"valueName\":\"search_term_string\"}}],\"inLanguage\":\"sv-SE\"}]}<\/script>\n<!-- \/ Yoast SEO plugin. -->","yoast_head_json":{"title":"Om Maritim utveckling i Bohusl\u00e4n - Maritim utveckling i Bohusl\u00e4n","robots":{"index":"index","follow":"follow","max-snippet":"max-snippet:-1","max-image-preview":"max-image-preview:large","max-video-preview":"max-video-preview:-1"},"canonical":"https:\/\/www.tillvaxtbohuslan.se\/mub\/utveckling-av-de-maritima-naringarna-bohuslan\/","twitter_misc":{"Ber\u00e4knad l\u00e4stid":"1 minut"},"schema":{"@context":"https:\/\/schema.org","@graph":[{"@type":"WebPage","@id":"https:\/\/www.tillvaxtbohuslan.se\/mub\/utveckling-av-de-maritima-naringarna-bohuslan\/","url":"https:\/\/www.tillvaxtbohuslan.se\/mub\/utveckling-av-de-maritima-naringarna-bohuslan\/","name":"Om Maritim utveckling i Bohusl\u00e4n - Maritim utveckling i Bohusl\u00e4n","isPartOf":{"@id":"https:\/\/www.tillvaxtbohuslan.se\/mub\/#website"},"datePublished":"2017-07-04T12:32:23+00:00","dateModified":"2020-04-21T09:27:38+00:00","breadcrumb":{"@id":"https:\/\/www.tillvaxtbohuslan.se\/mub\/utveckling-av-de-maritima-naringarna-bohuslan\/#breadcrumb"},"inLanguage":"sv-SE","potentialAction":[{"@type":"ReadAction","target":["https:\/\/www.tillvaxtbohuslan.se\/mub\/utveckling-av-de-maritima-naringarna-bohuslan\/"]}]},{"@type":"BreadcrumbList","@id":"https:\/\/www.tillvaxtbohuslan.se\/mub\/utveckling-av-de-maritima-naringarna-bohuslan\/#breadcrumb","itemListElement":[{"@type":"ListItem","position":1,"name":"Hem","item":"https:\/\/www.tillvaxtbohuslan.se\/mub\/"},{"@type":"ListItem","position":2,"name":"Om Maritim utveckling i Bohusl\u00e4n"}]},{"@type":"WebSite","@id":"https:\/\/www.tillvaxtbohuslan.se\/mub\/#website","url":"https:\/\/www.tillvaxtbohuslan.se\/mub\/","name":"Maritim utveckling i Bohusl\u00e4n","description":"","potentialAction":[{"@type":"SearchAction","target":{"@type":"EntryPoint","urlTemplate":"https:\/\/www.tillvaxtbohuslan.se\/mub\/?s={search_term_string}"},"query-input":{"@type":"PropertyValueSpecification","valueRequired":true,"valueName":"search_term_string"}}],"inLanguage":"sv-SE"}]}},"_links":{"self":[{"href":"https:\/\/www.tillvaxtbohuslan.se\/mub\/wp-json\/wp\/v2\/pages\/288","targetHints":{"allow":["GET"]}}],"collection":[{"href":"https:\/\/www.tillvaxtbohuslan.se\/mub\/wp-json\/wp\/v2\/pages"}],"about":[{"href":"https:\/\/www.tillvaxtbohuslan.se\/mub\/wp-json\/wp\/v2\/types\/page"}],"author":[{"embeddable":true,"href":"https:\/\/www.tillvaxtbohuslan.se\/mub\/wp-json\/wp\/v2\/users\/1"}],"replies":[{"embeddable":true,"href":"https:\/\/www.tillvaxtbohuslan.se\/mub\/wp-json\/wp\/v2\/comments?post=288"}],"version-history":[{"count":12,"href":"https:\/\/www.tillvaxtbohuslan.se\/mub\/wp-json\/wp\/v2\/pages\/288\/revisions"}],"predecessor-version":[{"id":503,"href":"https:\/\/www.tillvaxtbohuslan.se\/mub\/wp-json\/wp\/v2\/pages\/288\/revisions\/503"}],"wp:attachment":[{"href":"https:\/\/www.tillvaxtbohuslan.se\/mub\/wp-json\/wp\/v2\/media?parent=288"}],"curies":[{"name":"wp","href":"https:\/\/api.w.org\/{rel}","templated":true}]}}