{"id":216,"date":"2017-01-10T14:31:02","date_gmt":"2017-01-10T13:31:02","guid":{"rendered":"https:\/\/www.tillvaxtbohuslan.se\/maritim-utveckling-i-bohuslan\/?page_id=216"},"modified":"2020-04-22T13:21:20","modified_gmt":"2020-04-22T11:21:20","slug":"gasthamnar-och-skargardstransporter","status":"publish","type":"page","link":"https:\/\/www.tillvaxtbohuslan.se\/mub\/gasthamnar-och-skargardstransporter\/","title":{"rendered":"G\u00e4sthamnar och Sk\u00e4rg\u00e5rdstransporter"},"content":{"rendered":"\t\t<div data-elementor-type=\"wp-page\" data-elementor-id=\"216\" class=\"elementor elementor-216\">\n\t\t\t\t\t\t<section class=\"elementor-section elementor-top-section elementor-element elementor-element-4ccb7a5 elementor-section-boxed elementor-section-height-default elementor-section-height-default\" data-id=\"4ccb7a5\" data-element_type=\"section\" data-e-type=\"section\">\n\t\t\t\t\t\t<div class=\"elementor-container elementor-column-gap-no\">\n\t\t\t\t\t<div class=\"elementor-column elementor-col-33 elementor-top-column elementor-element elementor-element-b1b643f\" data-id=\"b1b643f\" data-element_type=\"column\" data-e-type=\"column\">\n\t\t\t<div class=\"elementor-widget-wrap elementor-element-populated\">\n\t\t\t\t\t\t<div class=\"elementor-element elementor-element-d2edbb1 elementor-widget elementor-widget-image\" data-id=\"d2edbb1\" data-element_type=\"widget\" data-e-type=\"widget\" data-widget_type=\"image.default\">\n\t\t\t\t<div class=\"elementor-widget-container\">\n\t\t\t\t\t\t\t\t\t\t\t\t\t\t\t<img fetchpriority=\"high\" decoding=\"async\" width=\"570\" height=\"570\" src=\"https:\/\/www.tillvaxtbohuslan.se\/mub\/wp-content\/uploads\/sites\/15\/2018\/05\/gasthamnar.jpg\" class=\"attachment-large size-large wp-image-364\" alt=\"\" srcset=\"https:\/\/www.tillvaxtbohuslan.se\/mub\/wp-content\/uploads\/sites\/15\/2018\/05\/gasthamnar.jpg 570w, https:\/\/www.tillvaxtbohuslan.se\/mub\/wp-content\/uploads\/sites\/15\/2018\/05\/gasthamnar-150x150.jpg 150w, https:\/\/www.tillvaxtbohuslan.se\/mub\/wp-content\/uploads\/sites\/15\/2018\/05\/gasthamnar-300x300.jpg 300w, https:\/\/www.tillvaxtbohuslan.se\/mub\/wp-content\/uploads\/sites\/15\/2018\/05\/gasthamnar-555x555.jpg 555w\" sizes=\"(max-width: 570px) 100vw, 570px\" \/>\t\t\t\t\t\t\t\t\t\t\t\t\t\t\t<\/div>\n\t\t\t\t<\/div>\n\t\t\t\t\t<\/div>\n\t\t<\/div>\n\t\t\t\t<div class=\"elementor-column elementor-col-66 elementor-top-column elementor-element elementor-element-0f10e0f\" data-id=\"0f10e0f\" data-element_type=\"column\" data-e-type=\"column\">\n\t\t\t<div class=\"elementor-widget-wrap elementor-element-populated\">\n\t\t\t\t\t\t<div class=\"elementor-element elementor-element-c9763a4 elementor-widget elementor-widget-text-editor\" data-id=\"c9763a4\" data-element_type=\"widget\" data-e-type=\"widget\" data-widget_type=\"text-editor.default\">\n\t\t\t\t<div class=\"elementor-widget-container\">\n\t\t\t\t\t\t\t\t\t<p>SMTF och Riksf\u00f6reningen G\u00e4sthamnar Sverige (RGS) (AllAshore\u00ae) str\u00e4var, tillsammans med kommunerna i norra Bohusl\u00e4n, efter att hitta bra former f\u00f6r att st\u00e4rka f\u00f6retagandet runt m\u00f6tesplatsen i hamnen. Hamnarna och \u00e4ven g\u00e4sthamnarna drivs p\u00e5 olika s\u00e4tt l\u00e4ngs med Bohuskusten och projektet utvecklar samverkan mellan dessa. Detta genom workshops och n\u00e4tverkstr\u00e4ffar. Projektet arbetar ocks\u00e5 f\u00f6r ut\u00f6kade st\u00e4llplatsm\u00f6jligheter f\u00f6r husbilar i nya s\u00e4songer.<\/p><p>I samarbete med Turistr\u00e5det V\u00e4stsverige har projektet ut\u00f6kat antalet akt\u00f6rer i satsningen B\u00e5tluffa i Bohusl\u00e4n. L\u00e4s mer h\u00e4r.\u00a0<a href=\"https:\/\/www.vastsverige.com\/bohuslan\/batluffa\/\">https:\/\/www.vastsverige.com\/bohuslan\/batluffa\/<\/a><\/p><p>Projektet har anordnat n\u00e4tverkstr\u00e4ffar f\u00f6r hamnar och sk\u00e4rg\u00e5rdsrederier f\u00f6r att underl\u00e4tta ut\u00f6kad samverkan.<\/p><p><span style=\"font-weight: bold;\">Projektledare\u00a0<br \/><\/span>Carl Dahlberg<br \/><a href=\"mailto:Carl.Dahlberg@lysekil.se\">Carl.Dahlberg@lysekil.se<\/a><\/p>\t\t\t\t\t\t\t\t<\/div>\n\t\t\t\t<\/div>\n\t\t\t\t\t<\/div>\n\t\t<\/div>\n\t\t\t\t\t<\/div>\n\t\t<\/section>\n\t\t\t\t<\/div>\n\t\t","protected":false},"excerpt":{"rendered":"<p>SMTF och Riksf\u00f6reningen G\u00e4sthamnar Sverige (RGS) (AllAshore\u00ae) str\u00e4var, tillsammans med kommunerna i norra Bohusl\u00e4n, efter att hitta bra former f\u00f6r att st\u00e4rka f\u00f6retagandet runt m\u00f6tesplatsen i hamnen. Hamnarna och \u00e4ven g\u00e4sthamnarna drivs p\u00e5 olika s\u00e4tt l\u00e4ngs med Bohuskusten och projektet &hellip; <a href=\"https:\/\/www.tillvaxtbohuslan.se\/mub\/gasthamnar-och-skargardstransporter\/\" title=\"G\u00e4sthamnar och Sk\u00e4rg\u00e5rdstransporter\">Forts\u00e4tt l\u00e4sa <span class=\"meta-nav\"><i class=\"icon-long-arrow-right\"><\/i><\/span><\/a><\/p>\n","protected":false},"author":1,"featured_media":0,"parent":0,"menu_order":0,"comment_status":"closed","ping_status":"closed","template":"","meta":{"_acf_changed":false,"footnotes":""},"class_list":["post-216","page","type-page","status-publish","hentry"],"acf":[],"yoast_head":"<!-- This site is optimized with the Yoast SEO plugin v27.4 - https:\/\/yoast.com\/product\/yoast-seo-wordpress\/ -->\n<title>G\u00e4sthamnar och Sk\u00e4rg\u00e5rdstransporter - Maritim utveckling i Bohusl\u00e4n<\/title>\n<meta name=\"robots\" content=\"index, follow, max-snippet:-1, max-image-preview:large, max-video-preview:-1\" \/>\n<link rel=\"canonical\" href=\"https:\/\/www.tillvaxtbohuslan.se\/mub\/gasthamnar-och-skargardstransporter\/\" \/>\n<meta name=\"twitter:label1\" content=\"Ber\u00e4knad l\u00e4stid\" \/>\n\t<meta name=\"twitter:data1\" content=\"1 minut\" \/>\n<script type=\"application\/ld+json\" class=\"yoast-schema-graph\">{\"@context\":\"https:\\\/\\\/schema.org\",\"@graph\":[{\"@type\":\"WebPage\",\"@id\":\"https:\\\/\\\/www.tillvaxtbohuslan.se\\\/mub\\\/gasthamnar-och-skargardstransporter\\\/\",\"url\":\"https:\\\/\\\/www.tillvaxtbohuslan.se\\\/mub\\\/gasthamnar-och-skargardstransporter\\\/\",\"name\":\"G\u00e4sthamnar och Sk\u00e4rg\u00e5rdstransporter - Maritim utveckling i Bohusl\u00e4n\",\"isPartOf\":{\"@id\":\"https:\\\/\\\/www.tillvaxtbohuslan.se\\\/mub\\\/#website\"},\"primaryImageOfPage\":{\"@id\":\"https:\\\/\\\/www.tillvaxtbohuslan.se\\\/mub\\\/gasthamnar-och-skargardstransporter\\\/#primaryimage\"},\"image\":{\"@id\":\"https:\\\/\\\/www.tillvaxtbohuslan.se\\\/mub\\\/gasthamnar-och-skargardstransporter\\\/#primaryimage\"},\"thumbnailUrl\":\"https:\\\/\\\/www.tillvaxtbohuslan.se\\\/mub\\\/wp-content\\\/uploads\\\/sites\\\/15\\\/2018\\\/05\\\/gasthamnar.jpg\",\"datePublished\":\"2017-01-10T13:31:02+00:00\",\"dateModified\":\"2020-04-22T11:21:20+00:00\",\"breadcrumb\":{\"@id\":\"https:\\\/\\\/www.tillvaxtbohuslan.se\\\/mub\\\/gasthamnar-och-skargardstransporter\\\/#breadcrumb\"},\"inLanguage\":\"sv-SE\",\"potentialAction\":[{\"@type\":\"ReadAction\",\"target\":[\"https:\\\/\\\/www.tillvaxtbohuslan.se\\\/mub\\\/gasthamnar-och-skargardstransporter\\\/\"]}]},{\"@type\":\"ImageObject\",\"inLanguage\":\"sv-SE\",\"@id\":\"https:\\\/\\\/www.tillvaxtbohuslan.se\\\/mub\\\/gasthamnar-och-skargardstransporter\\\/#primaryimage\",\"url\":\"https:\\\/\\\/www.tillvaxtbohuslan.se\\\/mub\\\/wp-content\\\/uploads\\\/sites\\\/15\\\/2018\\\/05\\\/gasthamnar.jpg\",\"contentUrl\":\"https:\\\/\\\/www.tillvaxtbohuslan.se\\\/mub\\\/wp-content\\\/uploads\\\/sites\\\/15\\\/2018\\\/05\\\/gasthamnar.jpg\",\"width\":570,\"height\":570},{\"@type\":\"BreadcrumbList\",\"@id\":\"https:\\\/\\\/www.tillvaxtbohuslan.se\\\/mub\\\/gasthamnar-och-skargardstransporter\\\/#breadcrumb\",\"itemListElement\":[{\"@type\":\"ListItem\",\"position\":1,\"name\":\"Hem\",\"item\":\"https:\\\/\\\/www.tillvaxtbohuslan.se\\\/mub\\\/\"},{\"@type\":\"ListItem\",\"position\":2,\"name\":\"G\u00e4sthamnar och Sk\u00e4rg\u00e5rdstransporter\"}]},{\"@type\":\"WebSite\",\"@id\":\"https:\\\/\\\/www.tillvaxtbohuslan.se\\\/mub\\\/#website\",\"url\":\"https:\\\/\\\/www.tillvaxtbohuslan.se\\\/mub\\\/\",\"name\":\"Maritim utveckling i Bohusl\u00e4n\",\"description\":\"\",\"potentialAction\":[{\"@type\":\"SearchAction\",\"target\":{\"@type\":\"EntryPoint\",\"urlTemplate\":\"https:\\\/\\\/www.tillvaxtbohuslan.se\\\/mub\\\/?s={search_term_string}\"},\"query-input\":{\"@type\":\"PropertyValueSpecification\",\"valueRequired\":true,\"valueName\":\"search_term_string\"}}],\"inLanguage\":\"sv-SE\"}]}<\/script>\n<!-- \/ Yoast SEO plugin. -->","yoast_head_json":{"title":"G\u00e4sthamnar och Sk\u00e4rg\u00e5rdstransporter - Maritim utveckling i Bohusl\u00e4n","robots":{"index":"index","follow":"follow","max-snippet":"max-snippet:-1","max-image-preview":"max-image-preview:large","max-video-preview":"max-video-preview:-1"},"canonical":"https:\/\/www.tillvaxtbohuslan.se\/mub\/gasthamnar-och-skargardstransporter\/","twitter_misc":{"Ber\u00e4knad l\u00e4stid":"1 minut"},"schema":{"@context":"https:\/\/schema.org","@graph":[{"@type":"WebPage","@id":"https:\/\/www.tillvaxtbohuslan.se\/mub\/gasthamnar-och-skargardstransporter\/","url":"https:\/\/www.tillvaxtbohuslan.se\/mub\/gasthamnar-och-skargardstransporter\/","name":"G\u00e4sthamnar och Sk\u00e4rg\u00e5rdstransporter - Maritim utveckling i Bohusl\u00e4n","isPartOf":{"@id":"https:\/\/www.tillvaxtbohuslan.se\/mub\/#website"},"primaryImageOfPage":{"@id":"https:\/\/www.tillvaxtbohuslan.se\/mub\/gasthamnar-och-skargardstransporter\/#primaryimage"},"image":{"@id":"https:\/\/www.tillvaxtbohuslan.se\/mub\/gasthamnar-och-skargardstransporter\/#primaryimage"},"thumbnailUrl":"https:\/\/www.tillvaxtbohuslan.se\/mub\/wp-content\/uploads\/sites\/15\/2018\/05\/gasthamnar.jpg","datePublished":"2017-01-10T13:31:02+00:00","dateModified":"2020-04-22T11:21:20+00:00","breadcrumb":{"@id":"https:\/\/www.tillvaxtbohuslan.se\/mub\/gasthamnar-och-skargardstransporter\/#breadcrumb"},"inLanguage":"sv-SE","potentialAction":[{"@type":"ReadAction","target":["https:\/\/www.tillvaxtbohuslan.se\/mub\/gasthamnar-och-skargardstransporter\/"]}]},{"@type":"ImageObject","inLanguage":"sv-SE","@id":"https:\/\/www.tillvaxtbohuslan.se\/mub\/gasthamnar-och-skargardstransporter\/#primaryimage","url":"https:\/\/www.tillvaxtbohuslan.se\/mub\/wp-content\/uploads\/sites\/15\/2018\/05\/gasthamnar.jpg","contentUrl":"https:\/\/www.tillvaxtbohuslan.se\/mub\/wp-content\/uploads\/sites\/15\/2018\/05\/gasthamnar.jpg","width":570,"height":570},{"@type":"BreadcrumbList","@id":"https:\/\/www.tillvaxtbohuslan.se\/mub\/gasthamnar-och-skargardstransporter\/#breadcrumb","itemListElement":[{"@type":"ListItem","position":1,"name":"Hem","item":"https:\/\/www.tillvaxtbohuslan.se\/mub\/"},{"@type":"ListItem","position":2,"name":"G\u00e4sthamnar och Sk\u00e4rg\u00e5rdstransporter"}]},{"@type":"WebSite","@id":"https:\/\/www.tillvaxtbohuslan.se\/mub\/#website","url":"https:\/\/www.tillvaxtbohuslan.se\/mub\/","name":"Maritim utveckling i Bohusl\u00e4n","description":"","potentialAction":[{"@type":"SearchAction","target":{"@type":"EntryPoint","urlTemplate":"https:\/\/www.tillvaxtbohuslan.se\/mub\/?s={search_term_string}"},"query-input":{"@type":"PropertyValueSpecification","valueRequired":true,"valueName":"search_term_string"}}],"inLanguage":"sv-SE"}]}},"_links":{"self":[{"href":"https:\/\/www.tillvaxtbohuslan.se\/mub\/wp-json\/wp\/v2\/pages\/216","targetHints":{"allow":["GET"]}}],"collection":[{"href":"https:\/\/www.tillvaxtbohuslan.se\/mub\/wp-json\/wp\/v2\/pages"}],"about":[{"href":"https:\/\/www.tillvaxtbohuslan.se\/mub\/wp-json\/wp\/v2\/types\/page"}],"author":[{"embeddable":true,"href":"https:\/\/www.tillvaxtbohuslan.se\/mub\/wp-json\/wp\/v2\/users\/1"}],"replies":[{"embeddable":true,"href":"https:\/\/www.tillvaxtbohuslan.se\/mub\/wp-json\/wp\/v2\/comments?post=216"}],"version-history":[{"count":11,"href":"https:\/\/www.tillvaxtbohuslan.se\/mub\/wp-json\/wp\/v2\/pages\/216\/revisions"}],"predecessor-version":[{"id":521,"href":"https:\/\/www.tillvaxtbohuslan.se\/mub\/wp-json\/wp\/v2\/pages\/216\/revisions\/521"}],"wp:attachment":[{"href":"https:\/\/www.tillvaxtbohuslan.se\/mub\/wp-json\/wp\/v2\/media?parent=216"}],"curies":[{"name":"wp","href":"https:\/\/api.w.org\/{rel}","templated":true}]}}