{"id":214,"date":"2017-01-10T14:30:06","date_gmt":"2017-01-10T13:30:06","guid":{"rendered":"https:\/\/www.tillvaxtbohuslan.se\/maritim-utveckling-i-bohuslan\/?page_id=214"},"modified":"2020-04-21T11:42:30","modified_gmt":"2020-04-21T09:42:30","slug":"marina-livsmedel","status":"publish","type":"page","link":"https:\/\/www.tillvaxtbohuslan.se\/mub\/marina-livsmedel\/","title":{"rendered":"Marina Livsmedel"},"content":{"rendered":"<p><img fetchpriority=\"high\" decoding=\"async\" src=\"https:\/\/www.tillvaxtbohuslan.se\/mub\/wp-content\/uploads\/sites\/15\/2018\/05\/rakor-webb-1.jpg\" alt=\"\" width=\"550\" height=\"550\" \/><\/p>\n<p>\u201dDet ska lukta fisk i Bohusl\u00e4n\u201d Marina r\u00e5varor \u00e4r en viktig del i b\u00e5de varum\u00e4rket Bohusl\u00e4n och f\u00f6r de marina n\u00e4ringar som verkar d\u00e4r.<\/p>\n<p>Projektet fr\u00e4mjar utveckling av odling, fiske\/sk\u00f6rd och f\u00f6r\u00e4dling av dessa r\u00e5varor.<\/p>\n<p><strong>Delprojektledare<\/strong><br \/>\nTobias Nygren<br \/>\n<a href=\"mailto:tobias.nygren@oru.se\">tobias.nygren@oru.se<\/a><\/p>\n<p><strong>Projektledare<\/strong><br \/>\nRen\u00e9e Daun<br \/>\n<a href=\"mailto:carl.dahlberg@lysekil.se\">carl.dahlberg@lysekil.se<\/a><\/p>\n","protected":false},"excerpt":{"rendered":"<p>\u201dDet ska lukta fisk i Bohusl\u00e4n\u201d Marina r\u00e5varor \u00e4r en viktig del i b\u00e5de varum\u00e4rket Bohusl\u00e4n och f\u00f6r de marina n\u00e4ringar som verkar d\u00e4r. Projektet fr\u00e4mjar utveckling av odling, fiske\/sk\u00f6rd och f\u00f6r\u00e4dling av dessa r\u00e5varor. Delprojektledare Tobias Nygren tobias.nygren@oru.se Projektledare &hellip; <a href=\"https:\/\/www.tillvaxtbohuslan.se\/mub\/marina-livsmedel\/\" title=\"Marina Livsmedel\">Forts\u00e4tt l\u00e4sa <span class=\"meta-nav\"><i class=\"icon-long-arrow-right\"><\/i><\/span><\/a><\/p>\n","protected":false},"author":1,"featured_media":0,"parent":0,"menu_order":0,"comment_status":"closed","ping_status":"closed","template":"","meta":{"_acf_changed":false,"footnotes":""},"class_list":["post-214","page","type-page","status-publish","hentry"],"acf":[],"yoast_head":"<!-- This site is optimized with the Yoast SEO plugin v27.4 - https:\/\/yoast.com\/product\/yoast-seo-wordpress\/ -->\n<title>Marina Livsmedel - Maritim utveckling i Bohusl\u00e4n<\/title>\n<meta name=\"robots\" content=\"index, follow, max-snippet:-1, max-image-preview:large, max-video-preview:-1\" \/>\n<link rel=\"canonical\" href=\"https:\/\/www.tillvaxtbohuslan.se\/mub\/marina-livsmedel\/\" \/>\n<script type=\"application\/ld+json\" class=\"yoast-schema-graph\">{\"@context\":\"https:\\\/\\\/schema.org\",\"@graph\":[{\"@type\":\"WebPage\",\"@id\":\"https:\\\/\\\/www.tillvaxtbohuslan.se\\\/mub\\\/marina-livsmedel\\\/\",\"url\":\"https:\\\/\\\/www.tillvaxtbohuslan.se\\\/mub\\\/marina-livsmedel\\\/\",\"name\":\"Marina Livsmedel - Maritim utveckling i Bohusl\u00e4n\",\"isPartOf\":{\"@id\":\"https:\\\/\\\/www.tillvaxtbohuslan.se\\\/mub\\\/#website\"},\"primaryImageOfPage\":{\"@id\":\"https:\\\/\\\/www.tillvaxtbohuslan.se\\\/mub\\\/marina-livsmedel\\\/#primaryimage\"},\"image\":{\"@id\":\"https:\\\/\\\/www.tillvaxtbohuslan.se\\\/mub\\\/marina-livsmedel\\\/#primaryimage\"},\"thumbnailUrl\":\"https:\\\/\\\/www.tillvaxtbohuslan.se\\\/mub\\\/wp-content\\\/uploads\\\/sites\\\/15\\\/2018\\\/05\\\/rakor-webb-1.jpg\",\"datePublished\":\"2017-01-10T13:30:06+00:00\",\"dateModified\":\"2020-04-21T09:42:30+00:00\",\"breadcrumb\":{\"@id\":\"https:\\\/\\\/www.tillvaxtbohuslan.se\\\/mub\\\/marina-livsmedel\\\/#breadcrumb\"},\"inLanguage\":\"sv-SE\",\"potentialAction\":[{\"@type\":\"ReadAction\",\"target\":[\"https:\\\/\\\/www.tillvaxtbohuslan.se\\\/mub\\\/marina-livsmedel\\\/\"]}]},{\"@type\":\"ImageObject\",\"inLanguage\":\"sv-SE\",\"@id\":\"https:\\\/\\\/www.tillvaxtbohuslan.se\\\/mub\\\/marina-livsmedel\\\/#primaryimage\",\"url\":\"https:\\\/\\\/www.tillvaxtbohuslan.se\\\/mub\\\/wp-content\\\/uploads\\\/sites\\\/15\\\/2018\\\/05\\\/rakor-webb-1.jpg\",\"contentUrl\":\"https:\\\/\\\/www.tillvaxtbohuslan.se\\\/mub\\\/wp-content\\\/uploads\\\/sites\\\/15\\\/2018\\\/05\\\/rakor-webb-1.jpg\",\"width\":550,\"height\":550},{\"@type\":\"BreadcrumbList\",\"@id\":\"https:\\\/\\\/www.tillvaxtbohuslan.se\\\/mub\\\/marina-livsmedel\\\/#breadcrumb\",\"itemListElement\":[{\"@type\":\"ListItem\",\"position\":1,\"name\":\"Hem\",\"item\":\"https:\\\/\\\/www.tillvaxtbohuslan.se\\\/mub\\\/\"},{\"@type\":\"ListItem\",\"position\":2,\"name\":\"Marina Livsmedel\"}]},{\"@type\":\"WebSite\",\"@id\":\"https:\\\/\\\/www.tillvaxtbohuslan.se\\\/mub\\\/#website\",\"url\":\"https:\\\/\\\/www.tillvaxtbohuslan.se\\\/mub\\\/\",\"name\":\"Maritim utveckling i Bohusl\u00e4n\",\"description\":\"\",\"potentialAction\":[{\"@type\":\"SearchAction\",\"target\":{\"@type\":\"EntryPoint\",\"urlTemplate\":\"https:\\\/\\\/www.tillvaxtbohuslan.se\\\/mub\\\/?s={search_term_string}\"},\"query-input\":{\"@type\":\"PropertyValueSpecification\",\"valueRequired\":true,\"valueName\":\"search_term_string\"}}],\"inLanguage\":\"sv-SE\"}]}<\/script>\n<!-- \/ Yoast SEO plugin. -->","yoast_head_json":{"title":"Marina Livsmedel - Maritim utveckling i Bohusl\u00e4n","robots":{"index":"index","follow":"follow","max-snippet":"max-snippet:-1","max-image-preview":"max-image-preview:large","max-video-preview":"max-video-preview:-1"},"canonical":"https:\/\/www.tillvaxtbohuslan.se\/mub\/marina-livsmedel\/","schema":{"@context":"https:\/\/schema.org","@graph":[{"@type":"WebPage","@id":"https:\/\/www.tillvaxtbohuslan.se\/mub\/marina-livsmedel\/","url":"https:\/\/www.tillvaxtbohuslan.se\/mub\/marina-livsmedel\/","name":"Marina Livsmedel - Maritim utveckling i Bohusl\u00e4n","isPartOf":{"@id":"https:\/\/www.tillvaxtbohuslan.se\/mub\/#website"},"primaryImageOfPage":{"@id":"https:\/\/www.tillvaxtbohuslan.se\/mub\/marina-livsmedel\/#primaryimage"},"image":{"@id":"https:\/\/www.tillvaxtbohuslan.se\/mub\/marina-livsmedel\/#primaryimage"},"thumbnailUrl":"https:\/\/www.tillvaxtbohuslan.se\/mub\/wp-content\/uploads\/sites\/15\/2018\/05\/rakor-webb-1.jpg","datePublished":"2017-01-10T13:30:06+00:00","dateModified":"2020-04-21T09:42:30+00:00","breadcrumb":{"@id":"https:\/\/www.tillvaxtbohuslan.se\/mub\/marina-livsmedel\/#breadcrumb"},"inLanguage":"sv-SE","potentialAction":[{"@type":"ReadAction","target":["https:\/\/www.tillvaxtbohuslan.se\/mub\/marina-livsmedel\/"]}]},{"@type":"ImageObject","inLanguage":"sv-SE","@id":"https:\/\/www.tillvaxtbohuslan.se\/mub\/marina-livsmedel\/#primaryimage","url":"https:\/\/www.tillvaxtbohuslan.se\/mub\/wp-content\/uploads\/sites\/15\/2018\/05\/rakor-webb-1.jpg","contentUrl":"https:\/\/www.tillvaxtbohuslan.se\/mub\/wp-content\/uploads\/sites\/15\/2018\/05\/rakor-webb-1.jpg","width":550,"height":550},{"@type":"BreadcrumbList","@id":"https:\/\/www.tillvaxtbohuslan.se\/mub\/marina-livsmedel\/#breadcrumb","itemListElement":[{"@type":"ListItem","position":1,"name":"Hem","item":"https:\/\/www.tillvaxtbohuslan.se\/mub\/"},{"@type":"ListItem","position":2,"name":"Marina Livsmedel"}]},{"@type":"WebSite","@id":"https:\/\/www.tillvaxtbohuslan.se\/mub\/#website","url":"https:\/\/www.tillvaxtbohuslan.se\/mub\/","name":"Maritim utveckling i Bohusl\u00e4n","description":"","potentialAction":[{"@type":"SearchAction","target":{"@type":"EntryPoint","urlTemplate":"https:\/\/www.tillvaxtbohuslan.se\/mub\/?s={search_term_string}"},"query-input":{"@type":"PropertyValueSpecification","valueRequired":true,"valueName":"search_term_string"}}],"inLanguage":"sv-SE"}]}},"_links":{"self":[{"href":"https:\/\/www.tillvaxtbohuslan.se\/mub\/wp-json\/wp\/v2\/pages\/214","targetHints":{"allow":["GET"]}}],"collection":[{"href":"https:\/\/www.tillvaxtbohuslan.se\/mub\/wp-json\/wp\/v2\/pages"}],"about":[{"href":"https:\/\/www.tillvaxtbohuslan.se\/mub\/wp-json\/wp\/v2\/types\/page"}],"author":[{"embeddable":true,"href":"https:\/\/www.tillvaxtbohuslan.se\/mub\/wp-json\/wp\/v2\/users\/1"}],"replies":[{"embeddable":true,"href":"https:\/\/www.tillvaxtbohuslan.se\/mub\/wp-json\/wp\/v2\/comments?post=214"}],"version-history":[{"count":15,"href":"https:\/\/www.tillvaxtbohuslan.se\/mub\/wp-json\/wp\/v2\/pages\/214\/revisions"}],"predecessor-version":[{"id":511,"href":"https:\/\/www.tillvaxtbohuslan.se\/mub\/wp-json\/wp\/v2\/pages\/214\/revisions\/511"}],"wp:attachment":[{"href":"https:\/\/www.tillvaxtbohuslan.se\/mub\/wp-json\/wp\/v2\/media?parent=214"}],"curies":[{"name":"wp","href":"https:\/\/api.w.org\/{rel}","templated":true}]}}