{"id":212,"date":"2017-01-10T14:29:20","date_gmt":"2017-01-10T13:29:20","guid":{"rendered":"https:\/\/www.tillvaxtbohuslan.se\/maritim-utveckling-i-bohuslan\/?page_id=212"},"modified":"2020-04-21T11:43:24","modified_gmt":"2020-04-21T09:43:24","slug":"kunskapsturism","status":"publish","type":"page","link":"https:\/\/www.tillvaxtbohuslan.se\/mub\/kunskapsturism\/","title":{"rendered":"Kunskapsturism"},"content":{"rendered":"<p><img fetchpriority=\"high\" decoding=\"async\" src=\"https:\/\/www.tillvaxtbohuslan.se\/mub\/wp-content\/uploads\/sites\/15\/2018\/05\/salsafari-webb.jpg\" sizes=\"(max-width: 550px) 100vw, 550px\" srcset=\"https:\/\/www.tillvaxtbohuslan.se\/mub\/wp-content\/uploads\/sites\/15\/2018\/05\/salsafari-webb.jpg 550w, https:\/\/www.tillvaxtbohuslan.se\/mub\/wp-content\/uploads\/sites\/15\/2018\/05\/salsafari-webb-150x150.jpg 150w, https:\/\/www.tillvaxtbohuslan.se\/mub\/wp-content\/uploads\/sites\/15\/2018\/05\/salsafari-webb-300x300.jpg 300w\" alt=\"\" width=\"550\" height=\"550\" \/><\/p>\n<p>Behovet av att st\u00e4rka n\u00e4tverket mellan guider \u00e4r stort. Projektet har gjort en kartl\u00e4ggning av omr\u00e5dets guider. Detta har skapat f\u00f6rst\u00e5else f\u00f6r deras behov av kunskap, n\u00e4tverk och aff\u00e4rsutveckling. Genom workshops har projektet fr\u00e4mjat samverkan, innovation och upplevelseproduktion.<\/p>\n<p>Science Tourism \u00e4r ett nytt begrepp inom turismen. Projektet bidrar till att fler f\u00f6retag f\u00e5r kopplingar till forskningen och den kunskap som finns d\u00e4r. Att tillsammans, forskare och f\u00f6retag se vad som skulle kunna paketeras och erbjudas till bes\u00f6kare\/turister.<\/p>\n<p><b>Projektledar<i>e<\/i><\/b><\/p>\n<p>Maria Persson<i>, <\/i>Forskare<i><br \/>\n<\/i><a href=\"mailto:maria.persson@archaeology.gu.se\">maria.persson@archaeology.gu.se<\/a><\/p>\n<p>070 582 59 21<\/p>\n","protected":false},"excerpt":{"rendered":"<p>Behovet av att st\u00e4rka n\u00e4tverket mellan guider \u00e4r stort. Projektet har gjort en kartl\u00e4ggning av omr\u00e5dets guider. Detta har skapat f\u00f6rst\u00e5else f\u00f6r deras behov av kunskap, n\u00e4tverk och aff\u00e4rsutveckling. Genom workshops har projektet fr\u00e4mjat samverkan, innovation och upplevelseproduktion. Science Tourism &hellip; <a href=\"https:\/\/www.tillvaxtbohuslan.se\/mub\/kunskapsturism\/\" title=\"Kunskapsturism\">Forts\u00e4tt l\u00e4sa <span class=\"meta-nav\"><i class=\"icon-long-arrow-right\"><\/i><\/span><\/a><\/p>\n","protected":false},"author":1,"featured_media":0,"parent":0,"menu_order":0,"comment_status":"closed","ping_status":"closed","template":"","meta":{"_acf_changed":false,"footnotes":""},"class_list":["post-212","page","type-page","status-publish","hentry"],"acf":[],"yoast_head":"<!-- This site is optimized with the Yoast SEO plugin v27.4 - https:\/\/yoast.com\/product\/yoast-seo-wordpress\/ -->\n<title>Kunskapsturism - Maritim utveckling i Bohusl\u00e4n<\/title>\n<meta name=\"robots\" content=\"index, follow, max-snippet:-1, max-image-preview:large, max-video-preview:-1\" \/>\n<link rel=\"canonical\" href=\"https:\/\/www.tillvaxtbohuslan.se\/mub\/kunskapsturism\/\" \/>\n<meta name=\"twitter:label1\" content=\"Ber\u00e4knad l\u00e4stid\" \/>\n\t<meta name=\"twitter:data1\" content=\"1 minut\" \/>\n<script type=\"application\/ld+json\" class=\"yoast-schema-graph\">{\"@context\":\"https:\\\/\\\/schema.org\",\"@graph\":[{\"@type\":\"WebPage\",\"@id\":\"https:\\\/\\\/www.tillvaxtbohuslan.se\\\/mub\\\/kunskapsturism\\\/\",\"url\":\"https:\\\/\\\/www.tillvaxtbohuslan.se\\\/mub\\\/kunskapsturism\\\/\",\"name\":\"Kunskapsturism - Maritim utveckling i Bohusl\u00e4n\",\"isPartOf\":{\"@id\":\"https:\\\/\\\/www.tillvaxtbohuslan.se\\\/mub\\\/#website\"},\"primaryImageOfPage\":{\"@id\":\"https:\\\/\\\/www.tillvaxtbohuslan.se\\\/mub\\\/kunskapsturism\\\/#primaryimage\"},\"image\":{\"@id\":\"https:\\\/\\\/www.tillvaxtbohuslan.se\\\/mub\\\/kunskapsturism\\\/#primaryimage\"},\"thumbnailUrl\":\"https:\\\/\\\/www.tillvaxtbohuslan.se\\\/mub\\\/wp-content\\\/uploads\\\/sites\\\/15\\\/2018\\\/05\\\/salsafari-webb.jpg\",\"datePublished\":\"2017-01-10T13:29:20+00:00\",\"dateModified\":\"2020-04-21T09:43:24+00:00\",\"breadcrumb\":{\"@id\":\"https:\\\/\\\/www.tillvaxtbohuslan.se\\\/mub\\\/kunskapsturism\\\/#breadcrumb\"},\"inLanguage\":\"sv-SE\",\"potentialAction\":[{\"@type\":\"ReadAction\",\"target\":[\"https:\\\/\\\/www.tillvaxtbohuslan.se\\\/mub\\\/kunskapsturism\\\/\"]}]},{\"@type\":\"ImageObject\",\"inLanguage\":\"sv-SE\",\"@id\":\"https:\\\/\\\/www.tillvaxtbohuslan.se\\\/mub\\\/kunskapsturism\\\/#primaryimage\",\"url\":\"https:\\\/\\\/www.tillvaxtbohuslan.se\\\/mub\\\/wp-content\\\/uploads\\\/sites\\\/15\\\/2018\\\/05\\\/salsafari-webb.jpg\",\"contentUrl\":\"https:\\\/\\\/www.tillvaxtbohuslan.se\\\/mub\\\/wp-content\\\/uploads\\\/sites\\\/15\\\/2018\\\/05\\\/salsafari-webb.jpg\",\"width\":550,\"height\":550},{\"@type\":\"BreadcrumbList\",\"@id\":\"https:\\\/\\\/www.tillvaxtbohuslan.se\\\/mub\\\/kunskapsturism\\\/#breadcrumb\",\"itemListElement\":[{\"@type\":\"ListItem\",\"position\":1,\"name\":\"Hem\",\"item\":\"https:\\\/\\\/www.tillvaxtbohuslan.se\\\/mub\\\/\"},{\"@type\":\"ListItem\",\"position\":2,\"name\":\"Kunskapsturism\"}]},{\"@type\":\"WebSite\",\"@id\":\"https:\\\/\\\/www.tillvaxtbohuslan.se\\\/mub\\\/#website\",\"url\":\"https:\\\/\\\/www.tillvaxtbohuslan.se\\\/mub\\\/\",\"name\":\"Maritim utveckling i Bohusl\u00e4n\",\"description\":\"\",\"potentialAction\":[{\"@type\":\"SearchAction\",\"target\":{\"@type\":\"EntryPoint\",\"urlTemplate\":\"https:\\\/\\\/www.tillvaxtbohuslan.se\\\/mub\\\/?s={search_term_string}\"},\"query-input\":{\"@type\":\"PropertyValueSpecification\",\"valueRequired\":true,\"valueName\":\"search_term_string\"}}],\"inLanguage\":\"sv-SE\"}]}<\/script>\n<!-- \/ Yoast SEO plugin. -->","yoast_head_json":{"title":"Kunskapsturism - Maritim utveckling i Bohusl\u00e4n","robots":{"index":"index","follow":"follow","max-snippet":"max-snippet:-1","max-image-preview":"max-image-preview:large","max-video-preview":"max-video-preview:-1"},"canonical":"https:\/\/www.tillvaxtbohuslan.se\/mub\/kunskapsturism\/","twitter_misc":{"Ber\u00e4knad l\u00e4stid":"1 minut"},"schema":{"@context":"https:\/\/schema.org","@graph":[{"@type":"WebPage","@id":"https:\/\/www.tillvaxtbohuslan.se\/mub\/kunskapsturism\/","url":"https:\/\/www.tillvaxtbohuslan.se\/mub\/kunskapsturism\/","name":"Kunskapsturism - Maritim utveckling i Bohusl\u00e4n","isPartOf":{"@id":"https:\/\/www.tillvaxtbohuslan.se\/mub\/#website"},"primaryImageOfPage":{"@id":"https:\/\/www.tillvaxtbohuslan.se\/mub\/kunskapsturism\/#primaryimage"},"image":{"@id":"https:\/\/www.tillvaxtbohuslan.se\/mub\/kunskapsturism\/#primaryimage"},"thumbnailUrl":"https:\/\/www.tillvaxtbohuslan.se\/mub\/wp-content\/uploads\/sites\/15\/2018\/05\/salsafari-webb.jpg","datePublished":"2017-01-10T13:29:20+00:00","dateModified":"2020-04-21T09:43:24+00:00","breadcrumb":{"@id":"https:\/\/www.tillvaxtbohuslan.se\/mub\/kunskapsturism\/#breadcrumb"},"inLanguage":"sv-SE","potentialAction":[{"@type":"ReadAction","target":["https:\/\/www.tillvaxtbohuslan.se\/mub\/kunskapsturism\/"]}]},{"@type":"ImageObject","inLanguage":"sv-SE","@id":"https:\/\/www.tillvaxtbohuslan.se\/mub\/kunskapsturism\/#primaryimage","url":"https:\/\/www.tillvaxtbohuslan.se\/mub\/wp-content\/uploads\/sites\/15\/2018\/05\/salsafari-webb.jpg","contentUrl":"https:\/\/www.tillvaxtbohuslan.se\/mub\/wp-content\/uploads\/sites\/15\/2018\/05\/salsafari-webb.jpg","width":550,"height":550},{"@type":"BreadcrumbList","@id":"https:\/\/www.tillvaxtbohuslan.se\/mub\/kunskapsturism\/#breadcrumb","itemListElement":[{"@type":"ListItem","position":1,"name":"Hem","item":"https:\/\/www.tillvaxtbohuslan.se\/mub\/"},{"@type":"ListItem","position":2,"name":"Kunskapsturism"}]},{"@type":"WebSite","@id":"https:\/\/www.tillvaxtbohuslan.se\/mub\/#website","url":"https:\/\/www.tillvaxtbohuslan.se\/mub\/","name":"Maritim utveckling i Bohusl\u00e4n","description":"","potentialAction":[{"@type":"SearchAction","target":{"@type":"EntryPoint","urlTemplate":"https:\/\/www.tillvaxtbohuslan.se\/mub\/?s={search_term_string}"},"query-input":{"@type":"PropertyValueSpecification","valueRequired":true,"valueName":"search_term_string"}}],"inLanguage":"sv-SE"}]}},"_links":{"self":[{"href":"https:\/\/www.tillvaxtbohuslan.se\/mub\/wp-json\/wp\/v2\/pages\/212","targetHints":{"allow":["GET"]}}],"collection":[{"href":"https:\/\/www.tillvaxtbohuslan.se\/mub\/wp-json\/wp\/v2\/pages"}],"about":[{"href":"https:\/\/www.tillvaxtbohuslan.se\/mub\/wp-json\/wp\/v2\/types\/page"}],"author":[{"embeddable":true,"href":"https:\/\/www.tillvaxtbohuslan.se\/mub\/wp-json\/wp\/v2\/users\/1"}],"replies":[{"embeddable":true,"href":"https:\/\/www.tillvaxtbohuslan.se\/mub\/wp-json\/wp\/v2\/comments?post=212"}],"version-history":[{"count":14,"href":"https:\/\/www.tillvaxtbohuslan.se\/mub\/wp-json\/wp\/v2\/pages\/212\/revisions"}],"predecessor-version":[{"id":512,"href":"https:\/\/www.tillvaxtbohuslan.se\/mub\/wp-json\/wp\/v2\/pages\/212\/revisions\/512"}],"wp:attachment":[{"href":"https:\/\/www.tillvaxtbohuslan.se\/mub\/wp-json\/wp\/v2\/media?parent=212"}],"curies":[{"name":"wp","href":"https:\/\/api.w.org\/{rel}","templated":true}]}}