{"id":206,"date":"2017-01-10T14:26:04","date_gmt":"2017-01-10T13:26:04","guid":{"rendered":"https:\/\/www.tillvaxtbohuslan.se\/maritim-utveckling-i-bohuslan\/?page_id=206"},"modified":"2021-03-23T14:28:01","modified_gmt":"2021-03-23T13:28:01","slug":"innovationsarena","status":"publish","type":"page","link":"https:\/\/www.tillvaxtbohuslan.se\/mub\/innovationsarena\/","title":{"rendered":"Innovationsarena"},"content":{"rendered":"<p><img fetchpriority=\"high\" decoding=\"async\" src=\"https:\/\/www.tillvaxtbohuslan.se\/mub\/wp-content\/uploads\/sites\/15\/2018\/05\/dykare-webb-2.jpg\" alt=\"\" width=\"550\" height=\"550\" \/><\/p>\n<p>Aff\u00e4rsutveckling \u00e4r en r\u00f6d tr\u00e5d genom hela projektet. Vi kommer att driva en upps\u00f6kande verksamhet men framf\u00f6rallt vara lyh\u00f6rda vid v\u00e5ra olika aktiviteter och event. Det ger m\u00f6jlighet att f\u00e5nga upp de f\u00f6retag som har id\u00e9er som kan utvecklas.<\/p>\n<p>I flera av aktiviteterna kommer innovationsarenan kopplas till befintliga forskningsprojekt och kompetenser som finns inom universiteten. Produkt- och aff\u00e4rsutveckling kommer fokuseras p\u00e5 h\u00e5llbar turism och ett innovativt angreppss\u00e4tt.<\/p>\n<p>Vi tar fram f\u00f6rslag p\u00e5 organisation och arbetss\u00e4tt f\u00f6r en framtida innovationsarena f\u00f6r turistf\u00f6retag under 2018.<\/p>\n<p>I detta arbete kommer vi ta h\u00e4nsyn j\u00e4mst\u00e4lldhet, milj\u00f6 och lika m\u00f6jligheter.<\/p>\n<p>Se\u00a0 <a href=\"http:\/\/www.foretagsarenor.se\">www.foretagsarenor.se<\/a><\/p>\n<p>Projektledare<br \/>\nCarl Dahlberg<br \/>\n<a style=\"background-color: #ffffff;\" href=\"mailto:renee.daun@lysekil.se\">carl.dahlberg@lysekil.se<\/a><strong><br \/>\n<\/strong><\/p>\n<p><strong>Forskare<\/strong><br \/>\nEva-Maria Jernsand<br \/>\nForskare vid Handelsh\u00f6gskolan GU<br \/>\n<a href=\"mailto:eva.maria.jernsand@handels.gu.se\">eva.maria.jernsand@handels.gu.se<\/a><\/p>\n","protected":false},"excerpt":{"rendered":"<p>Aff\u00e4rsutveckling \u00e4r en r\u00f6d tr\u00e5d genom hela projektet. Vi kommer att driva en upps\u00f6kande verksamhet men framf\u00f6rallt vara lyh\u00f6rda vid v\u00e5ra olika aktiviteter och event. Det ger m\u00f6jlighet att f\u00e5nga upp de f\u00f6retag som har id\u00e9er som kan utvecklas. I &hellip; <a href=\"https:\/\/www.tillvaxtbohuslan.se\/mub\/innovationsarena\/\" title=\"Innovationsarena\">Forts\u00e4tt l\u00e4sa <span class=\"meta-nav\"><i class=\"icon-long-arrow-right\"><\/i><\/span><\/a><\/p>\n","protected":false},"author":1,"featured_media":0,"parent":0,"menu_order":0,"comment_status":"closed","ping_status":"closed","template":"","meta":{"_acf_changed":false,"footnotes":""},"class_list":["post-206","page","type-page","status-publish","hentry"],"acf":[],"yoast_head":"<!-- This site is optimized with the Yoast SEO plugin v27.4 - https:\/\/yoast.com\/product\/yoast-seo-wordpress\/ -->\n<title>Innovationsarena - Maritim utveckling i Bohusl\u00e4n<\/title>\n<meta name=\"robots\" content=\"index, follow, max-snippet:-1, max-image-preview:large, max-video-preview:-1\" \/>\n<link rel=\"canonical\" href=\"https:\/\/www.tillvaxtbohuslan.se\/mub\/innovationsarena\/\" \/>\n<meta name=\"twitter:label1\" content=\"Ber\u00e4knad l\u00e4stid\" \/>\n\t<meta name=\"twitter:data1\" content=\"1 minut\" \/>\n<script type=\"application\/ld+json\" class=\"yoast-schema-graph\">{\"@context\":\"https:\\\/\\\/schema.org\",\"@graph\":[{\"@type\":\"WebPage\",\"@id\":\"https:\\\/\\\/www.tillvaxtbohuslan.se\\\/mub\\\/innovationsarena\\\/\",\"url\":\"https:\\\/\\\/www.tillvaxtbohuslan.se\\\/mub\\\/innovationsarena\\\/\",\"name\":\"Innovationsarena - Maritim utveckling i Bohusl\u00e4n\",\"isPartOf\":{\"@id\":\"https:\\\/\\\/www.tillvaxtbohuslan.se\\\/mub\\\/#website\"},\"primaryImageOfPage\":{\"@id\":\"https:\\\/\\\/www.tillvaxtbohuslan.se\\\/mub\\\/innovationsarena\\\/#primaryimage\"},\"image\":{\"@id\":\"https:\\\/\\\/www.tillvaxtbohuslan.se\\\/mub\\\/innovationsarena\\\/#primaryimage\"},\"thumbnailUrl\":\"https:\\\/\\\/www.tillvaxtbohuslan.se\\\/mub\\\/wp-content\\\/uploads\\\/sites\\\/15\\\/2018\\\/05\\\/dykare-webb-2.jpg\",\"datePublished\":\"2017-01-10T13:26:04+00:00\",\"dateModified\":\"2021-03-23T13:28:01+00:00\",\"breadcrumb\":{\"@id\":\"https:\\\/\\\/www.tillvaxtbohuslan.se\\\/mub\\\/innovationsarena\\\/#breadcrumb\"},\"inLanguage\":\"sv-SE\",\"potentialAction\":[{\"@type\":\"ReadAction\",\"target\":[\"https:\\\/\\\/www.tillvaxtbohuslan.se\\\/mub\\\/innovationsarena\\\/\"]}]},{\"@type\":\"ImageObject\",\"inLanguage\":\"sv-SE\",\"@id\":\"https:\\\/\\\/www.tillvaxtbohuslan.se\\\/mub\\\/innovationsarena\\\/#primaryimage\",\"url\":\"https:\\\/\\\/www.tillvaxtbohuslan.se\\\/mub\\\/wp-content\\\/uploads\\\/sites\\\/15\\\/2018\\\/05\\\/dykare-webb-2.jpg\",\"contentUrl\":\"https:\\\/\\\/www.tillvaxtbohuslan.se\\\/mub\\\/wp-content\\\/uploads\\\/sites\\\/15\\\/2018\\\/05\\\/dykare-webb-2.jpg\",\"width\":550,\"height\":550},{\"@type\":\"BreadcrumbList\",\"@id\":\"https:\\\/\\\/www.tillvaxtbohuslan.se\\\/mub\\\/innovationsarena\\\/#breadcrumb\",\"itemListElement\":[{\"@type\":\"ListItem\",\"position\":1,\"name\":\"Hem\",\"item\":\"https:\\\/\\\/www.tillvaxtbohuslan.se\\\/mub\\\/\"},{\"@type\":\"ListItem\",\"position\":2,\"name\":\"Innovationsarena\"}]},{\"@type\":\"WebSite\",\"@id\":\"https:\\\/\\\/www.tillvaxtbohuslan.se\\\/mub\\\/#website\",\"url\":\"https:\\\/\\\/www.tillvaxtbohuslan.se\\\/mub\\\/\",\"name\":\"Maritim utveckling i Bohusl\u00e4n\",\"description\":\"\",\"potentialAction\":[{\"@type\":\"SearchAction\",\"target\":{\"@type\":\"EntryPoint\",\"urlTemplate\":\"https:\\\/\\\/www.tillvaxtbohuslan.se\\\/mub\\\/?s={search_term_string}\"},\"query-input\":{\"@type\":\"PropertyValueSpecification\",\"valueRequired\":true,\"valueName\":\"search_term_string\"}}],\"inLanguage\":\"sv-SE\"}]}<\/script>\n<!-- \/ Yoast SEO plugin. -->","yoast_head_json":{"title":"Innovationsarena - Maritim utveckling i Bohusl\u00e4n","robots":{"index":"index","follow":"follow","max-snippet":"max-snippet:-1","max-image-preview":"max-image-preview:large","max-video-preview":"max-video-preview:-1"},"canonical":"https:\/\/www.tillvaxtbohuslan.se\/mub\/innovationsarena\/","twitter_misc":{"Ber\u00e4knad l\u00e4stid":"1 minut"},"schema":{"@context":"https:\/\/schema.org","@graph":[{"@type":"WebPage","@id":"https:\/\/www.tillvaxtbohuslan.se\/mub\/innovationsarena\/","url":"https:\/\/www.tillvaxtbohuslan.se\/mub\/innovationsarena\/","name":"Innovationsarena - Maritim utveckling i Bohusl\u00e4n","isPartOf":{"@id":"https:\/\/www.tillvaxtbohuslan.se\/mub\/#website"},"primaryImageOfPage":{"@id":"https:\/\/www.tillvaxtbohuslan.se\/mub\/innovationsarena\/#primaryimage"},"image":{"@id":"https:\/\/www.tillvaxtbohuslan.se\/mub\/innovationsarena\/#primaryimage"},"thumbnailUrl":"https:\/\/www.tillvaxtbohuslan.se\/mub\/wp-content\/uploads\/sites\/15\/2018\/05\/dykare-webb-2.jpg","datePublished":"2017-01-10T13:26:04+00:00","dateModified":"2021-03-23T13:28:01+00:00","breadcrumb":{"@id":"https:\/\/www.tillvaxtbohuslan.se\/mub\/innovationsarena\/#breadcrumb"},"inLanguage":"sv-SE","potentialAction":[{"@type":"ReadAction","target":["https:\/\/www.tillvaxtbohuslan.se\/mub\/innovationsarena\/"]}]},{"@type":"ImageObject","inLanguage":"sv-SE","@id":"https:\/\/www.tillvaxtbohuslan.se\/mub\/innovationsarena\/#primaryimage","url":"https:\/\/www.tillvaxtbohuslan.se\/mub\/wp-content\/uploads\/sites\/15\/2018\/05\/dykare-webb-2.jpg","contentUrl":"https:\/\/www.tillvaxtbohuslan.se\/mub\/wp-content\/uploads\/sites\/15\/2018\/05\/dykare-webb-2.jpg","width":550,"height":550},{"@type":"BreadcrumbList","@id":"https:\/\/www.tillvaxtbohuslan.se\/mub\/innovationsarena\/#breadcrumb","itemListElement":[{"@type":"ListItem","position":1,"name":"Hem","item":"https:\/\/www.tillvaxtbohuslan.se\/mub\/"},{"@type":"ListItem","position":2,"name":"Innovationsarena"}]},{"@type":"WebSite","@id":"https:\/\/www.tillvaxtbohuslan.se\/mub\/#website","url":"https:\/\/www.tillvaxtbohuslan.se\/mub\/","name":"Maritim utveckling i Bohusl\u00e4n","description":"","potentialAction":[{"@type":"SearchAction","target":{"@type":"EntryPoint","urlTemplate":"https:\/\/www.tillvaxtbohuslan.se\/mub\/?s={search_term_string}"},"query-input":{"@type":"PropertyValueSpecification","valueRequired":true,"valueName":"search_term_string"}}],"inLanguage":"sv-SE"}]}},"_links":{"self":[{"href":"https:\/\/www.tillvaxtbohuslan.se\/mub\/wp-json\/wp\/v2\/pages\/206","targetHints":{"allow":["GET"]}}],"collection":[{"href":"https:\/\/www.tillvaxtbohuslan.se\/mub\/wp-json\/wp\/v2\/pages"}],"about":[{"href":"https:\/\/www.tillvaxtbohuslan.se\/mub\/wp-json\/wp\/v2\/types\/page"}],"author":[{"embeddable":true,"href":"https:\/\/www.tillvaxtbohuslan.se\/mub\/wp-json\/wp\/v2\/users\/1"}],"replies":[{"embeddable":true,"href":"https:\/\/www.tillvaxtbohuslan.se\/mub\/wp-json\/wp\/v2\/comments?post=206"}],"version-history":[{"count":17,"href":"https:\/\/www.tillvaxtbohuslan.se\/mub\/wp-json\/wp\/v2\/pages\/206\/revisions"}],"predecessor-version":[{"id":539,"href":"https:\/\/www.tillvaxtbohuslan.se\/mub\/wp-json\/wp\/v2\/pages\/206\/revisions\/539"}],"wp:attachment":[{"href":"https:\/\/www.tillvaxtbohuslan.se\/mub\/wp-json\/wp\/v2\/media?parent=206"}],"curies":[{"name":"wp","href":"https:\/\/api.w.org\/{rel}","templated":true}]}}