{"id":185,"date":"2016-12-23T10:15:36","date_gmt":"2016-12-23T09:15:36","guid":{"rendered":"https:\/\/www.tillvaxtbohuslan.se\/maritim-utveckling-i-bohuslan\/?page_id=185"},"modified":"2021-03-23T14:29:34","modified_gmt":"2021-03-23T13:29:34","slug":"finansiarer","status":"publish","type":"page","link":"https:\/\/www.tillvaxtbohuslan.se\/mub\/finansiarer\/","title":{"rendered":"Finansi\u00e4rer"},"content":{"rendered":"<p>Projektet finansieras av Europeiska regionala utvecklingsfonden genom Tillv\u00e4xtverket samt av V\u00e4stra G\u00f6talandsregionen. Ansvarig f\u00f6r projektet \u00e4r Tillv\u00e4xt Norra Bohusl\u00e4n, en samverkansarena f\u00f6r kommunerna Lysekil, Soten\u00e4s, Str\u00f6mstad och Tanum som \u00e4r medfinansi\u00e4rer tillsammans med G\u00f6teborgs Universitet.<\/p>\n<p><img decoding=\"async\" class=\"alignnone wp-image-186\" src=\"https:\/\/www.tillvaxtbohuslan.se\/maritim-utveckling-i-bohuslan\/wp-content\/uploads\/sites\/15\/2016\/12\/NY-VGR.jpg\" alt=\"ny-vgr\" width=\"403\" height=\"82\" srcset=\"https:\/\/www.tillvaxtbohuslan.se\/mub\/wp-content\/uploads\/sites\/15\/2016\/12\/NY-VGR.jpg 787w, https:\/\/www.tillvaxtbohuslan.se\/mub\/wp-content\/uploads\/sites\/15\/2016\/12\/NY-VGR-300x61.jpg 300w, https:\/\/www.tillvaxtbohuslan.se\/mub\/wp-content\/uploads\/sites\/15\/2016\/12\/NY-VGR-768x156.jpg 768w, https:\/\/www.tillvaxtbohuslan.se\/mub\/wp-content\/uploads\/sites\/15\/2016\/12\/NY-VGR-555x113.jpg 555w\" sizes=\"(max-width: 403px) 100vw, 403px\" \/> <img decoding=\"async\" class=\"alignnone wp-image-172\" src=\"https:\/\/www.tillvaxtbohuslan.se\/maritim-utveckling-i-bohuslan\/wp-content\/uploads\/sites\/15\/2014\/02\/EUlogo_v_RGB.jpg\" alt=\"EUlogo_v_RGB\" width=\"339\" height=\"118\" \/><\/p>\n<p><a href=\"https:\/\/www.tillvaxtbohuslan.se\/mub\/wp-content\/uploads\/sites\/15\/2020\/04\/logotyp-fyrbodal-cmyk.jpg\"><img decoding=\"async\" class=\"alignnone size-medium wp-image-499\" src=\"https:\/\/www.tillvaxtbohuslan.se\/mub\/wp-content\/uploads\/sites\/15\/2020\/04\/logotyp-fyrbodal-cmyk-300x107.jpg\" alt=\"\" width=\"300\" height=\"107\" srcset=\"https:\/\/www.tillvaxtbohuslan.se\/mub\/wp-content\/uploads\/sites\/15\/2020\/04\/logotyp-fyrbodal-cmyk-300x107.jpg 300w, https:\/\/www.tillvaxtbohuslan.se\/mub\/wp-content\/uploads\/sites\/15\/2020\/04\/logotyp-fyrbodal-cmyk-1024x366.jpg 1024w, https:\/\/www.tillvaxtbohuslan.se\/mub\/wp-content\/uploads\/sites\/15\/2020\/04\/logotyp-fyrbodal-cmyk-768x275.jpg 768w, https:\/\/www.tillvaxtbohuslan.se\/mub\/wp-content\/uploads\/sites\/15\/2020\/04\/logotyp-fyrbodal-cmyk-555x198.jpg 555w, https:\/\/www.tillvaxtbohuslan.se\/mub\/wp-content\/uploads\/sites\/15\/2020\/04\/logotyp-fyrbodal-cmyk.jpg 1505w\" sizes=\"(max-width: 300px) 100vw, 300px\" \/><\/a><\/p>\n","protected":false},"excerpt":{"rendered":"<p>Projektet finansieras av Europeiska regionala utvecklingsfonden genom Tillv\u00e4xtverket samt av V\u00e4stra G\u00f6talandsregionen. Ansvarig f\u00f6r projektet \u00e4r Tillv\u00e4xt Norra Bohusl\u00e4n, en samverkansarena f\u00f6r kommunerna Lysekil, Soten\u00e4s, Str\u00f6mstad och Tanum som \u00e4r medfinansi\u00e4rer tillsammans med G\u00f6teborgs Universitet.<\/p>\n","protected":false},"author":1,"featured_media":0,"parent":0,"menu_order":0,"comment_status":"closed","ping_status":"closed","template":"","meta":{"_acf_changed":false,"footnotes":""},"class_list":["post-185","page","type-page","status-publish","hentry"],"acf":[],"yoast_head":"<!-- This site is optimized with the Yoast SEO plugin v27.4 - https:\/\/yoast.com\/product\/yoast-seo-wordpress\/ -->\n<title>Finansi\u00e4rer - Maritim utveckling i Bohusl\u00e4n<\/title>\n<meta name=\"robots\" content=\"index, follow, max-snippet:-1, max-image-preview:large, max-video-preview:-1\" \/>\n<link rel=\"canonical\" href=\"https:\/\/www.tillvaxtbohuslan.se\/mub\/finansiarer\/\" \/>\n<meta name=\"twitter:label1\" content=\"Ber\u00e4knad l\u00e4stid\" \/>\n\t<meta name=\"twitter:data1\" content=\"1 minut\" \/>\n<script type=\"application\/ld+json\" class=\"yoast-schema-graph\">{\"@context\":\"https:\\\/\\\/schema.org\",\"@graph\":[{\"@type\":\"WebPage\",\"@id\":\"https:\\\/\\\/www.tillvaxtbohuslan.se\\\/mub\\\/finansiarer\\\/\",\"url\":\"https:\\\/\\\/www.tillvaxtbohuslan.se\\\/mub\\\/finansiarer\\\/\",\"name\":\"Finansi\u00e4rer - Maritim utveckling i Bohusl\u00e4n\",\"isPartOf\":{\"@id\":\"https:\\\/\\\/www.tillvaxtbohuslan.se\\\/mub\\\/#website\"},\"primaryImageOfPage\":{\"@id\":\"https:\\\/\\\/www.tillvaxtbohuslan.se\\\/mub\\\/finansiarer\\\/#primaryimage\"},\"image\":{\"@id\":\"https:\\\/\\\/www.tillvaxtbohuslan.se\\\/mub\\\/finansiarer\\\/#primaryimage\"},\"thumbnailUrl\":\"https:\\\/\\\/www.tillvaxtbohuslan.se\\\/maritim-utveckling-i-bohuslan\\\/wp-content\\\/uploads\\\/sites\\\/15\\\/2016\\\/12\\\/NY-VGR.jpg\",\"datePublished\":\"2016-12-23T09:15:36+00:00\",\"dateModified\":\"2021-03-23T13:29:34+00:00\",\"breadcrumb\":{\"@id\":\"https:\\\/\\\/www.tillvaxtbohuslan.se\\\/mub\\\/finansiarer\\\/#breadcrumb\"},\"inLanguage\":\"sv-SE\",\"potentialAction\":[{\"@type\":\"ReadAction\",\"target\":[\"https:\\\/\\\/www.tillvaxtbohuslan.se\\\/mub\\\/finansiarer\\\/\"]}]},{\"@type\":\"ImageObject\",\"inLanguage\":\"sv-SE\",\"@id\":\"https:\\\/\\\/www.tillvaxtbohuslan.se\\\/mub\\\/finansiarer\\\/#primaryimage\",\"url\":\"https:\\\/\\\/www.tillvaxtbohuslan.se\\\/maritim-utveckling-i-bohuslan\\\/wp-content\\\/uploads\\\/sites\\\/15\\\/2016\\\/12\\\/NY-VGR.jpg\",\"contentUrl\":\"https:\\\/\\\/www.tillvaxtbohuslan.se\\\/maritim-utveckling-i-bohuslan\\\/wp-content\\\/uploads\\\/sites\\\/15\\\/2016\\\/12\\\/NY-VGR.jpg\"},{\"@type\":\"BreadcrumbList\",\"@id\":\"https:\\\/\\\/www.tillvaxtbohuslan.se\\\/mub\\\/finansiarer\\\/#breadcrumb\",\"itemListElement\":[{\"@type\":\"ListItem\",\"position\":1,\"name\":\"Hem\",\"item\":\"https:\\\/\\\/www.tillvaxtbohuslan.se\\\/mub\\\/\"},{\"@type\":\"ListItem\",\"position\":2,\"name\":\"Finansi\u00e4rer\"}]},{\"@type\":\"WebSite\",\"@id\":\"https:\\\/\\\/www.tillvaxtbohuslan.se\\\/mub\\\/#website\",\"url\":\"https:\\\/\\\/www.tillvaxtbohuslan.se\\\/mub\\\/\",\"name\":\"Maritim utveckling i Bohusl\u00e4n\",\"description\":\"\",\"potentialAction\":[{\"@type\":\"SearchAction\",\"target\":{\"@type\":\"EntryPoint\",\"urlTemplate\":\"https:\\\/\\\/www.tillvaxtbohuslan.se\\\/mub\\\/?s={search_term_string}\"},\"query-input\":{\"@type\":\"PropertyValueSpecification\",\"valueRequired\":true,\"valueName\":\"search_term_string\"}}],\"inLanguage\":\"sv-SE\"}]}<\/script>\n<!-- \/ Yoast SEO plugin. -->","yoast_head_json":{"title":"Finansi\u00e4rer - Maritim utveckling i Bohusl\u00e4n","robots":{"index":"index","follow":"follow","max-snippet":"max-snippet:-1","max-image-preview":"max-image-preview:large","max-video-preview":"max-video-preview:-1"},"canonical":"https:\/\/www.tillvaxtbohuslan.se\/mub\/finansiarer\/","twitter_misc":{"Ber\u00e4knad l\u00e4stid":"1 minut"},"schema":{"@context":"https:\/\/schema.org","@graph":[{"@type":"WebPage","@id":"https:\/\/www.tillvaxtbohuslan.se\/mub\/finansiarer\/","url":"https:\/\/www.tillvaxtbohuslan.se\/mub\/finansiarer\/","name":"Finansi\u00e4rer - Maritim utveckling i Bohusl\u00e4n","isPartOf":{"@id":"https:\/\/www.tillvaxtbohuslan.se\/mub\/#website"},"primaryImageOfPage":{"@id":"https:\/\/www.tillvaxtbohuslan.se\/mub\/finansiarer\/#primaryimage"},"image":{"@id":"https:\/\/www.tillvaxtbohuslan.se\/mub\/finansiarer\/#primaryimage"},"thumbnailUrl":"https:\/\/www.tillvaxtbohuslan.se\/maritim-utveckling-i-bohuslan\/wp-content\/uploads\/sites\/15\/2016\/12\/NY-VGR.jpg","datePublished":"2016-12-23T09:15:36+00:00","dateModified":"2021-03-23T13:29:34+00:00","breadcrumb":{"@id":"https:\/\/www.tillvaxtbohuslan.se\/mub\/finansiarer\/#breadcrumb"},"inLanguage":"sv-SE","potentialAction":[{"@type":"ReadAction","target":["https:\/\/www.tillvaxtbohuslan.se\/mub\/finansiarer\/"]}]},{"@type":"ImageObject","inLanguage":"sv-SE","@id":"https:\/\/www.tillvaxtbohuslan.se\/mub\/finansiarer\/#primaryimage","url":"https:\/\/www.tillvaxtbohuslan.se\/maritim-utveckling-i-bohuslan\/wp-content\/uploads\/sites\/15\/2016\/12\/NY-VGR.jpg","contentUrl":"https:\/\/www.tillvaxtbohuslan.se\/maritim-utveckling-i-bohuslan\/wp-content\/uploads\/sites\/15\/2016\/12\/NY-VGR.jpg"},{"@type":"BreadcrumbList","@id":"https:\/\/www.tillvaxtbohuslan.se\/mub\/finansiarer\/#breadcrumb","itemListElement":[{"@type":"ListItem","position":1,"name":"Hem","item":"https:\/\/www.tillvaxtbohuslan.se\/mub\/"},{"@type":"ListItem","position":2,"name":"Finansi\u00e4rer"}]},{"@type":"WebSite","@id":"https:\/\/www.tillvaxtbohuslan.se\/mub\/#website","url":"https:\/\/www.tillvaxtbohuslan.se\/mub\/","name":"Maritim utveckling i Bohusl\u00e4n","description":"","potentialAction":[{"@type":"SearchAction","target":{"@type":"EntryPoint","urlTemplate":"https:\/\/www.tillvaxtbohuslan.se\/mub\/?s={search_term_string}"},"query-input":{"@type":"PropertyValueSpecification","valueRequired":true,"valueName":"search_term_string"}}],"inLanguage":"sv-SE"}]}},"_links":{"self":[{"href":"https:\/\/www.tillvaxtbohuslan.se\/mub\/wp-json\/wp\/v2\/pages\/185","targetHints":{"allow":["GET"]}}],"collection":[{"href":"https:\/\/www.tillvaxtbohuslan.se\/mub\/wp-json\/wp\/v2\/pages"}],"about":[{"href":"https:\/\/www.tillvaxtbohuslan.se\/mub\/wp-json\/wp\/v2\/types\/page"}],"author":[{"embeddable":true,"href":"https:\/\/www.tillvaxtbohuslan.se\/mub\/wp-json\/wp\/v2\/users\/1"}],"replies":[{"embeddable":true,"href":"https:\/\/www.tillvaxtbohuslan.se\/mub\/wp-json\/wp\/v2\/comments?post=185"}],"version-history":[{"count":5,"href":"https:\/\/www.tillvaxtbohuslan.se\/mub\/wp-json\/wp\/v2\/pages\/185\/revisions"}],"predecessor-version":[{"id":540,"href":"https:\/\/www.tillvaxtbohuslan.se\/mub\/wp-json\/wp\/v2\/pages\/185\/revisions\/540"}],"wp:attachment":[{"href":"https:\/\/www.tillvaxtbohuslan.se\/mub\/wp-json\/wp\/v2\/media?parent=185"}],"curies":[{"name":"wp","href":"https:\/\/api.w.org\/{rel}","templated":true}]}}