{"id":208,"date":"2017-01-13T09:50:08","date_gmt":"2017-01-13T08:50:08","guid":{"rendered":"https:\/\/www.tillvaxtbohuslan.se\/maritim-naringslivsstrategi\/?page_id=208"},"modified":"2017-01-19T14:02:17","modified_gmt":"2017-01-19T13:02:17","slug":"forskning","status":"publish","type":"page","link":"https:\/\/www.tillvaxtbohuslan.se\/maritim-naringslivsstrategi\/forskning\/","title":{"rendered":"Kluster Framtida n\u00e4ringar och Forskning"},"content":{"rendered":"<p>Sedan artonhundratalet har marin forskning bedrivits i Norra Bohusl\u00e4n. Idag finns h\u00e4r en bred bas av institutioner och stationer som forskar, utbildar och samverkar. Gemensamt g\u00f6r denna bredd av praktisk, teoretisk och didaktisk kunskap regionen till en h\u00e4ftig plats f\u00f6r f\u00f6retag med nya id\u00e9er inom den maritima sektorn.<\/p>\n<p>Ladda ner faktabladet <a href=\"https:\/\/www.tillvaxtbohuslan.se\/maritim-naringslivsstrategi\/wp-content\/uploads\/sites\/20\/2017\/01\/Framtida-n\u00e4ringar-och-forskning.pdf\">Framtida n\u00e4ringar och forskning<\/a><\/p>\n<p><strong>Kosterhavets Nationalpark<\/strong><br \/>\nCentralpunkt f\u00f6r kommunikation och utbildning till allm\u00e4nheten om livet i havet och marina v\u00e4rden i v\u00e4sterhavet.<\/p>\n<p><strong>Lov\u00e9ncentret Tj\u00e4rn\u00f6 \u2013 G\u00f6teborgs Universitet<\/strong><br \/>\nStark forskningsstation med expertis inom kemisk ekologi, artbildning, akvakultur, \u2026 Infrastuktur med b\u00e5tar, marina laboratorier f\u00f6r kort och l\u00e5ngtids f\u00f6rs\u00f6k, Mass-SPEC, ROV\u2026 Universitetsutbildning med m\u00f6jlighet att f\u00f6rl\u00e4gga m\u00e5nga g\u00e4ster per natt (98 b\u00e4ddar). Publikt akvarium och kurser f\u00f6r allm\u00e4nheten.<\/p>\n<p><strong>Grebbestads Folkh\u00f6gskola<\/strong><br \/>\nMarinbiologisk folkh\u00f6gskolelinje. Studenter, b\u00e5tar och m\u00f6jligheter f\u00f6r f\u00f6rl\u00e4ggning (50 b\u00e4ddar) och utbildning.<\/p>\n<p><strong>Soten\u00e4s Symbioscenter<\/strong><br \/>\nInfrastruktur f\u00f6r innovationssatsningar med synergier kopplade till den marina beredningsindustrin. Planerar f\u00f6r marin biogas, mikoalgsodling och fiskodling.<\/p>\n<p><strong>Campus V\u00e4st<\/strong><br \/>\nYH-utbildning i vattenbruk samt 2 riksrekryterande marina gymnasieutbildningar. Egen lab-infrastruktur.<\/p>\n<p><strong>Sveriges Lantbruksuniversitet Aqua<\/strong><br \/>\nForskningsspets runt best\u00e5ndsuppskattning och ekosystembaserad f\u00f6rvaltning av fiske. Starkt involverade i ICES som s\u00e4tter underlag f\u00f6r fiskekvoterna i EU.<\/p>\n<p><strong>Havets hus<\/strong><br \/>\nInformations- och utbildningsakt\u00f6r med m\u00e5nga bes\u00f6k \u00e5rligen till sitt akvarium. Samarbetar med skolor och universitet.<\/p>\n<p><strong>Klubbans biologiska station Uppsala Universitet<\/strong><br \/>\nMindre station med uppgift att m\u00f6jligg\u00f6ra Uppsala Universitets marina kurser (46 b\u00e4ddar). Har b\u00e5de f\u00f6rl\u00e4ggning och marina laboratorier samt b\u00e5tar.<\/p>\n<p><strong>IVL-Institutet f\u00f6r vatten och luft svenska milj\u00f6institutet<\/strong><br \/>\nForskningsinstitut med sin marina del lokaliserad till Kristineberg.<\/p>\n<p><strong>Lov\u00e9ncentret Kristineberg \u2013 G\u00f6teborgs Universitet<\/strong><br \/>\nForskningsstation med stark st\u00e4llning inom havsf\u00f6rsurning, mikroplast och akvakultur&#8230; Infrastuktur med b\u00e5tar, redskap, elektron- och konfokalmikroskopi, marina laboratorier, odlingsfaciliteter, dykningsservice,\u2026 Stark g\u00e4stforskarverksamhet med m\u00e5nga internationella bes\u00f6k och kurser \u00e5rligen (55 b\u00e4ddar).<\/p>\n<p><strong>Testsite Skagerack<\/strong><br \/>\nTestomr\u00e5den och m\u00f6jlighet att nyttja Kristinebergs infrastruktur f\u00f6r innovationstester inom marin energi. Samverkan RISE, GU och UU.<\/p>\n<h3><\/h3>\n<h3>DE OLIKA ANL\u00c4GGNINGARNAS INRIKTNING<\/h3>\n<p><img loading=\"lazy\" decoding=\"async\" class=\"alignnone wp-image-224\" src=\"https:\/\/www.tillvaxtbohuslan.se\/maritim-naringslivsstrategi\/wp-content\/uploads\/sites\/20\/2017\/01\/forsknings-illustration.jpg\" alt=\"\" width=\"848\" height=\"709\" srcset=\"https:\/\/www.tillvaxtbohuslan.se\/maritim-naringslivsstrategi\/wp-content\/uploads\/sites\/20\/2017\/01\/forsknings-illustration.jpg 1108w, https:\/\/www.tillvaxtbohuslan.se\/maritim-naringslivsstrategi\/wp-content\/uploads\/sites\/20\/2017\/01\/forsknings-illustration-300x251.jpg 300w, https:\/\/www.tillvaxtbohuslan.se\/maritim-naringslivsstrategi\/wp-content\/uploads\/sites\/20\/2017\/01\/forsknings-illustration-768x642.jpg 768w, https:\/\/www.tillvaxtbohuslan.se\/maritim-naringslivsstrategi\/wp-content\/uploads\/sites\/20\/2017\/01\/forsknings-illustration-1024x856.jpg 1024w, https:\/\/www.tillvaxtbohuslan.se\/maritim-naringslivsstrategi\/wp-content\/uploads\/sites\/20\/2017\/01\/forsknings-illustration-555x464.jpg 555w\" sizes=\"auto, (max-width: 848px) 100vw, 848px\" \/><\/p>\n","protected":false},"excerpt":{"rendered":"<p>Sedan artonhundratalet har marin forskning bedrivits i Norra Bohusl\u00e4n. Idag finns h\u00e4r en bred bas av institutioner och stationer som forskar, utbildar och samverkar. Gemensamt g\u00f6r denna bredd av praktisk, teoretisk och didaktisk kunskap regionen till en h\u00e4ftig plats f\u00f6r &hellip; <a href=\"https:\/\/www.tillvaxtbohuslan.se\/maritim-naringslivsstrategi\/forskning\/\" title=\"Kluster Framtida n\u00e4ringar och Forskning\">Forts\u00e4tt l\u00e4sa <span class=\"meta-nav\"><i class=\"icon-long-arrow-right\"><\/i><\/span><\/a><\/p>\n","protected":false},"author":1,"featured_media":0,"parent":0,"menu_order":0,"comment_status":"closed","ping_status":"closed","template":"","meta":{"_acf_changed":false,"footnotes":""},"class_list":["post-208","page","type-page","status-publish","hentry"],"acf":[],"yoast_head":"<!-- This site is optimized with the Yoast SEO plugin v27.4 - https:\/\/yoast.com\/product\/yoast-seo-wordpress\/ -->\n<title>Kluster Framtida n\u00e4ringar och Forskning - Maritim N\u00e4ringslivsstrategi<\/title>\n<meta name=\"robots\" content=\"index, follow, max-snippet:-1, max-image-preview:large, max-video-preview:-1\" \/>\n<link rel=\"canonical\" href=\"https:\/\/www.tillvaxtbohuslan.se\/maritim-naringslivsstrategi\/forskning\/\" \/>\n<meta name=\"twitter:label1\" content=\"Ber\u00e4knad l\u00e4stid\" \/>\n\t<meta name=\"twitter:data1\" content=\"2 minuter\" \/>\n<script type=\"application\/ld+json\" class=\"yoast-schema-graph\">{\"@context\":\"https:\\\/\\\/schema.org\",\"@graph\":[{\"@type\":\"WebPage\",\"@id\":\"https:\\\/\\\/www.tillvaxtbohuslan.se\\\/maritim-naringslivsstrategi\\\/forskning\\\/\",\"url\":\"https:\\\/\\\/www.tillvaxtbohuslan.se\\\/maritim-naringslivsstrategi\\\/forskning\\\/\",\"name\":\"Kluster Framtida n\u00e4ringar och Forskning - Maritim N\u00e4ringslivsstrategi\",\"isPartOf\":{\"@id\":\"https:\\\/\\\/www.tillvaxtbohuslan.se\\\/maritim-naringslivsstrategi\\\/#website\"},\"primaryImageOfPage\":{\"@id\":\"https:\\\/\\\/www.tillvaxtbohuslan.se\\\/maritim-naringslivsstrategi\\\/forskning\\\/#primaryimage\"},\"image\":{\"@id\":\"https:\\\/\\\/www.tillvaxtbohuslan.se\\\/maritim-naringslivsstrategi\\\/forskning\\\/#primaryimage\"},\"thumbnailUrl\":\"https:\\\/\\\/www.tillvaxtbohuslan.se\\\/maritim-naringslivsstrategi\\\/wp-content\\\/uploads\\\/sites\\\/20\\\/2017\\\/01\\\/forsknings-illustration.jpg\",\"datePublished\":\"2017-01-13T08:50:08+00:00\",\"dateModified\":\"2017-01-19T13:02:17+00:00\",\"breadcrumb\":{\"@id\":\"https:\\\/\\\/www.tillvaxtbohuslan.se\\\/maritim-naringslivsstrategi\\\/forskning\\\/#breadcrumb\"},\"inLanguage\":\"sv-SE\",\"potentialAction\":[{\"@type\":\"ReadAction\",\"target\":[\"https:\\\/\\\/www.tillvaxtbohuslan.se\\\/maritim-naringslivsstrategi\\\/forskning\\\/\"]}]},{\"@type\":\"ImageObject\",\"inLanguage\":\"sv-SE\",\"@id\":\"https:\\\/\\\/www.tillvaxtbohuslan.se\\\/maritim-naringslivsstrategi\\\/forskning\\\/#primaryimage\",\"url\":\"https:\\\/\\\/www.tillvaxtbohuslan.se\\\/maritim-naringslivsstrategi\\\/wp-content\\\/uploads\\\/sites\\\/20\\\/2017\\\/01\\\/forsknings-illustration.jpg\",\"contentUrl\":\"https:\\\/\\\/www.tillvaxtbohuslan.se\\\/maritim-naringslivsstrategi\\\/wp-content\\\/uploads\\\/sites\\\/20\\\/2017\\\/01\\\/forsknings-illustration.jpg\",\"width\":1108,\"height\":926},{\"@type\":\"BreadcrumbList\",\"@id\":\"https:\\\/\\\/www.tillvaxtbohuslan.se\\\/maritim-naringslivsstrategi\\\/forskning\\\/#breadcrumb\",\"itemListElement\":[{\"@type\":\"ListItem\",\"position\":1,\"name\":\"Hem\",\"item\":\"https:\\\/\\\/www.tillvaxtbohuslan.se\\\/maritim-naringslivsstrategi\\\/\"},{\"@type\":\"ListItem\",\"position\":2,\"name\":\"Kluster Framtida n\u00e4ringar och Forskning\"}]},{\"@type\":\"WebSite\",\"@id\":\"https:\\\/\\\/www.tillvaxtbohuslan.se\\\/maritim-naringslivsstrategi\\\/#website\",\"url\":\"https:\\\/\\\/www.tillvaxtbohuslan.se\\\/maritim-naringslivsstrategi\\\/\",\"name\":\"Maritim N\u00e4ringslivsstrategi\",\"description\":\"\",\"potentialAction\":[{\"@type\":\"SearchAction\",\"target\":{\"@type\":\"EntryPoint\",\"urlTemplate\":\"https:\\\/\\\/www.tillvaxtbohuslan.se\\\/maritim-naringslivsstrategi\\\/?s={search_term_string}\"},\"query-input\":{\"@type\":\"PropertyValueSpecification\",\"valueRequired\":true,\"valueName\":\"search_term_string\"}}],\"inLanguage\":\"sv-SE\"}]}<\/script>\n<!-- \/ Yoast SEO plugin. -->","yoast_head_json":{"title":"Kluster Framtida n\u00e4ringar och Forskning - Maritim N\u00e4ringslivsstrategi","robots":{"index":"index","follow":"follow","max-snippet":"max-snippet:-1","max-image-preview":"max-image-preview:large","max-video-preview":"max-video-preview:-1"},"canonical":"https:\/\/www.tillvaxtbohuslan.se\/maritim-naringslivsstrategi\/forskning\/","twitter_misc":{"Ber\u00e4knad l\u00e4stid":"2 minuter"},"schema":{"@context":"https:\/\/schema.org","@graph":[{"@type":"WebPage","@id":"https:\/\/www.tillvaxtbohuslan.se\/maritim-naringslivsstrategi\/forskning\/","url":"https:\/\/www.tillvaxtbohuslan.se\/maritim-naringslivsstrategi\/forskning\/","name":"Kluster Framtida n\u00e4ringar och Forskning - Maritim N\u00e4ringslivsstrategi","isPartOf":{"@id":"https:\/\/www.tillvaxtbohuslan.se\/maritim-naringslivsstrategi\/#website"},"primaryImageOfPage":{"@id":"https:\/\/www.tillvaxtbohuslan.se\/maritim-naringslivsstrategi\/forskning\/#primaryimage"},"image":{"@id":"https:\/\/www.tillvaxtbohuslan.se\/maritim-naringslivsstrategi\/forskning\/#primaryimage"},"thumbnailUrl":"https:\/\/www.tillvaxtbohuslan.se\/maritim-naringslivsstrategi\/wp-content\/uploads\/sites\/20\/2017\/01\/forsknings-illustration.jpg","datePublished":"2017-01-13T08:50:08+00:00","dateModified":"2017-01-19T13:02:17+00:00","breadcrumb":{"@id":"https:\/\/www.tillvaxtbohuslan.se\/maritim-naringslivsstrategi\/forskning\/#breadcrumb"},"inLanguage":"sv-SE","potentialAction":[{"@type":"ReadAction","target":["https:\/\/www.tillvaxtbohuslan.se\/maritim-naringslivsstrategi\/forskning\/"]}]},{"@type":"ImageObject","inLanguage":"sv-SE","@id":"https:\/\/www.tillvaxtbohuslan.se\/maritim-naringslivsstrategi\/forskning\/#primaryimage","url":"https:\/\/www.tillvaxtbohuslan.se\/maritim-naringslivsstrategi\/wp-content\/uploads\/sites\/20\/2017\/01\/forsknings-illustration.jpg","contentUrl":"https:\/\/www.tillvaxtbohuslan.se\/maritim-naringslivsstrategi\/wp-content\/uploads\/sites\/20\/2017\/01\/forsknings-illustration.jpg","width":1108,"height":926},{"@type":"BreadcrumbList","@id":"https:\/\/www.tillvaxtbohuslan.se\/maritim-naringslivsstrategi\/forskning\/#breadcrumb","itemListElement":[{"@type":"ListItem","position":1,"name":"Hem","item":"https:\/\/www.tillvaxtbohuslan.se\/maritim-naringslivsstrategi\/"},{"@type":"ListItem","position":2,"name":"Kluster Framtida n\u00e4ringar och Forskning"}]},{"@type":"WebSite","@id":"https:\/\/www.tillvaxtbohuslan.se\/maritim-naringslivsstrategi\/#website","url":"https:\/\/www.tillvaxtbohuslan.se\/maritim-naringslivsstrategi\/","name":"Maritim N\u00e4ringslivsstrategi","description":"","potentialAction":[{"@type":"SearchAction","target":{"@type":"EntryPoint","urlTemplate":"https:\/\/www.tillvaxtbohuslan.se\/maritim-naringslivsstrategi\/?s={search_term_string}"},"query-input":{"@type":"PropertyValueSpecification","valueRequired":true,"valueName":"search_term_string"}}],"inLanguage":"sv-SE"}]}},"_links":{"self":[{"href":"https:\/\/www.tillvaxtbohuslan.se\/maritim-naringslivsstrategi\/wp-json\/wp\/v2\/pages\/208","targetHints":{"allow":["GET"]}}],"collection":[{"href":"https:\/\/www.tillvaxtbohuslan.se\/maritim-naringslivsstrategi\/wp-json\/wp\/v2\/pages"}],"about":[{"href":"https:\/\/www.tillvaxtbohuslan.se\/maritim-naringslivsstrategi\/wp-json\/wp\/v2\/types\/page"}],"author":[{"embeddable":true,"href":"https:\/\/www.tillvaxtbohuslan.se\/maritim-naringslivsstrategi\/wp-json\/wp\/v2\/users\/1"}],"replies":[{"embeddable":true,"href":"https:\/\/www.tillvaxtbohuslan.se\/maritim-naringslivsstrategi\/wp-json\/wp\/v2\/comments?post=208"}],"version-history":[{"count":7,"href":"https:\/\/www.tillvaxtbohuslan.se\/maritim-naringslivsstrategi\/wp-json\/wp\/v2\/pages\/208\/revisions"}],"predecessor-version":[{"id":254,"href":"https:\/\/www.tillvaxtbohuslan.se\/maritim-naringslivsstrategi\/wp-json\/wp\/v2\/pages\/208\/revisions\/254"}],"wp:attachment":[{"href":"https:\/\/www.tillvaxtbohuslan.se\/maritim-naringslivsstrategi\/wp-json\/wp\/v2\/media?parent=208"}],"curies":[{"name":"wp","href":"https:\/\/api.w.org\/{rel}","templated":true}]}}