{"id":2,"date":"2014-02-19T14:39:28","date_gmt":"2014-02-19T13:39:28","guid":{"rendered":"https:\/\/www.tillvaxtbohuslan.se\/maritim-naringslivsstrategi\/?page_id=2"},"modified":"2018-05-17T16:33:57","modified_gmt":"2018-05-17T14:33:57","slug":"attraktiv-kust","status":"publish","type":"page","link":"https:\/\/www.tillvaxtbohuslan.se\/maritim-naringslivsstrategi\/","title":{"rendered":"Maritim N\u00e4ringslivsstrategi"},"content":{"rendered":"<p>I Norra Bohusl\u00e4n finns fantastiska m\u00f6jligheter att f\u00f6rverkliga dr\u00f6mmar p\u00e5, vid och i havet. Precis s\u00e5 som havet har lockat och gett utkomst \u00e5t bohusl\u00e4ningar i \u00e5rhundraden kommer det att g\u00f6ra \u00e4ven i framtiden. Men vi m\u00e5ste v\u00e4rna om v\u00e5ra havsresurser. Rena hav och str\u00e4nder, livskraftiga fisk- och skaldjursbest\u00e5nd och h\u00e5llbara ekosystem \u00e4r de kvaliteter som skapar attraktiviteten och ger f\u00f6ruts\u00e4ttningar f\u00f6r framtida n\u00e4ringar till havs.<\/p>\n<p>Den Maritima n\u00e4ringslivsstrategin och den <a href=\"https:\/\/www.tillvaxtbohuslan.se\/bla-op\/\">Bl\u00e5 \u00f6versiktsplanen<\/a> \u00e4r tv\u00e5 parallellt framtagna politiska dokument som visar intentionen med v\u00e5ra havsresurser i Norra Bohusl\u00e4n. Den Bl\u00e5 \u00f6versiktsplanen bygger p\u00e5 behov identifierade i den Maritima n\u00e4ringslivsstrategin. Strategin baseras p\u00e5 konkretiseringar av de bl\u00e5 samh\u00e4llsbyggnadsm\u00e5len framtagna som grund f\u00f6r strategin och \u00f6versiktsplanen.<br \/>\nDen Maritima n\u00e4ringslivsstrategin \u00e4r framtagen p\u00e5 politiskt uppdrag av styrgruppen f\u00f6r Tillv\u00e4xt Norra Bohusl\u00e4n vilken inbegriper Str\u00f6mstad, Tanum, Soten\u00e4s och Lysekils kommuner.<\/p>\n<p>Det drivs ett flertal andra projekt inom Tillv\u00e4xt Norra Bohusl\u00e4n som drivs enligt den maritima n\u00e4ringslivsstrategins rekommendationer och m\u00e5l, till exempel <a href=\"https:\/\/www.tillvaxtbohuslan.se\/mub\/\">Maritim utveckling i Bohusl\u00e4n<\/a>, <a href=\"https:\/\/www.tillvaxtbohuslan.se\/granitkusten\/\">Granitkusten<\/a> och <a href=\"https:\/\/www.tillvaxtbohuslan.se\/vattenbruksutbildning\/\">Vattenbruk p\u00e5 webben<\/a>.<\/p>\n<h4>Du har v\u00e4l inte missat v\u00e5r lilla film om den maritima n\u00e4ringslivsstrategin? Kika p\u00e5 den h\u00e4r:<\/h4>\n<p><iframe loading=\"lazy\" src=\"https:\/\/player.vimeo.com\/video\/209873308?app_id=122963\" width=\"750\" height=\"422\" frameborder=\"0\" title=\"Maritim N&auml;ringslivsstrategi, Tillv&auml;xt Norra Bohusl&auml;n\" webkitallowfullscreen mozallowfullscreen allowfullscreen><\/iframe><\/p>\n<p>Ladda ner handlingen i sin helhet h\u00e4r: <a href=\"https:\/\/www.tillvaxtbohuslan.se\/maritim-naringslivsstrategi\/wp-content\/uploads\/sites\/20\/2014\/02\/2016-12-01_Antagen-Maritim-N\u00e4ringslivsstrategi_hela.pdf\">2016-12-01_Antagen-Maritim-N\u00e4ringslivsstrategi_hela<br \/>\n<\/a>Ladda ner del 1 med avsiktsf\u00f6rklaring och m\u00e5l h\u00e4r: <a href=\"https:\/\/www.tillvaxtbohuslan.se\/maritim-naringslivsstrategi\/wp-content\/uploads\/sites\/20\/2014\/02\/2016-12-01_Antagen-Maritim-N\u00e4ringslivsstrategi_Del-1.pdf\">2016-12-01_Antagen-Maritim-N\u00e4ringslivsstrategi_Del-1<\/a><\/p>\n<h4>Nu finns en ny version av Bl\u00e5 \u00d6versiktsplans webbkarta med Rekommendationer och f\u00f6ruts\u00e4ttningar.<\/h4>\n<h4>Den finner du h\u00e4r: <a href=\"http:\/\/lysekil.maps.arcgis.com\/apps\/PublicInformation\/index.html?appid=419a553befb44a34b61f33aeb039769a\" target=\"_blank\" rel=\"noopener\">lysekil.maps <\/a><\/h4>\n<p><img loading=\"lazy\" decoding=\"async\" class=\" wp-image-257 alignleft\" src=\"https:\/\/www.tillvaxtbohuslan.se\/maritim-naringslivsstrategi\/wp-content\/uploads\/sites\/20\/2014\/02\/webbkartan-bild.jpg\" alt=\"\" width=\"281\" height=\"245\" srcset=\"https:\/\/www.tillvaxtbohuslan.se\/maritim-naringslivsstrategi\/wp-content\/uploads\/sites\/20\/2014\/02\/webbkartan-bild.jpg 737w, https:\/\/www.tillvaxtbohuslan.se\/maritim-naringslivsstrategi\/wp-content\/uploads\/sites\/20\/2014\/02\/webbkartan-bild-300x262.jpg 300w, https:\/\/www.tillvaxtbohuslan.se\/maritim-naringslivsstrategi\/wp-content\/uploads\/sites\/20\/2014\/02\/webbkartan-bild-555x484.jpg 555w\" sizes=\"auto, (max-width: 281px) 100vw, 281px\" \/><\/p>\n<div class=\"top-menu-right\">\n<div id=\"ShareDialog\"><\/div>\n<div class=\"locate-box\">\n<div id=\"geocoderSearch\" class=\"arcgisSearch\">\n<div class=\"searchGroup\" data-dojo-attach-point=\"containerNode\">\n<div class=\"searchExpandContainer\" data-dojo-attach-point=\"expandNode\">\n<div class=\"searchAnimate\">\n<div class=\"searchInputGroup\">\n<form data-dojo-attach-point=\"formNode\"><input id=\"geocoderSearch_input\" class=\"searchInput\" tabindex=\"0\" title=\"S\u00f6k adress eller ort\" autocomplete=\"off\" maxlength=\"128\" type=\"text\" value=\"\" placeholder=\"S\u00f6k adress eller ort\" data-dojo-attach-point=\"inputNode\" \/><\/form>\n<\/div>\n<\/div>\n<\/div>\n<\/div>\n<\/div>\n<\/div>\n<\/div>\n<div class=\"top-menu-right\"><\/div>\n","protected":false},"excerpt":{"rendered":"<p>I Norra Bohusl\u00e4n finns fantastiska m\u00f6jligheter att f\u00f6rverkliga dr\u00f6mmar p\u00e5, vid och i havet. Precis s\u00e5 som havet har lockat och gett utkomst \u00e5t bohusl\u00e4ningar i \u00e5rhundraden kommer det att g\u00f6ra \u00e4ven i framtiden. Men vi m\u00e5ste v\u00e4rna om v\u00e5ra &hellip; <a href=\"https:\/\/www.tillvaxtbohuslan.se\/maritim-naringslivsstrategi\/\" title=\"Maritim N\u00e4ringslivsstrategi\">Forts\u00e4tt l\u00e4sa <span class=\"meta-nav\"><i class=\"icon-long-arrow-right\"><\/i><\/span><\/a><\/p>\n","protected":false},"author":1,"featured_media":0,"parent":0,"menu_order":0,"comment_status":"closed","ping_status":"closed","template":"","meta":{"_acf_changed":false,"footnotes":""},"class_list":["post-2","page","type-page","status-publish","hentry"],"acf":[],"yoast_head":"<!-- This site is optimized with the Yoast SEO plugin v27.4 - https:\/\/yoast.com\/product\/yoast-seo-wordpress\/ -->\n<title>Maritim N\u00e4ringslivsstrategi - Maritim N\u00e4ringslivsstrategi<\/title>\n<meta name=\"robots\" content=\"index, follow, max-snippet:-1, max-image-preview:large, max-video-preview:-1\" \/>\n<link rel=\"canonical\" href=\"https:\/\/www.tillvaxtbohuslan.se\/maritim-naringslivsstrategi\/\" \/>\n<meta name=\"twitter:label1\" content=\"Ber\u00e4knad l\u00e4stid\" \/>\n\t<meta name=\"twitter:data1\" content=\"1 minut\" \/>\n<script type=\"application\/ld+json\" class=\"yoast-schema-graph\">{\"@context\":\"https:\\\/\\\/schema.org\",\"@graph\":[{\"@type\":\"WebPage\",\"@id\":\"https:\\\/\\\/www.tillvaxtbohuslan.se\\\/maritim-naringslivsstrategi\\\/\",\"url\":\"https:\\\/\\\/www.tillvaxtbohuslan.se\\\/maritim-naringslivsstrategi\\\/\",\"name\":\"Maritim N\u00e4ringslivsstrategi - Maritim N\u00e4ringslivsstrategi\",\"isPartOf\":{\"@id\":\"https:\\\/\\\/www.tillvaxtbohuslan.se\\\/maritim-naringslivsstrategi\\\/#website\"},\"primaryImageOfPage\":{\"@id\":\"https:\\\/\\\/www.tillvaxtbohuslan.se\\\/maritim-naringslivsstrategi\\\/#primaryimage\"},\"image\":{\"@id\":\"https:\\\/\\\/www.tillvaxtbohuslan.se\\\/maritim-naringslivsstrategi\\\/#primaryimage\"},\"thumbnailUrl\":\"https:\\\/\\\/www.tillvaxtbohuslan.se\\\/maritim-naringslivsstrategi\\\/wp-content\\\/uploads\\\/sites\\\/20\\\/2014\\\/02\\\/webbkartan-bild.jpg\",\"datePublished\":\"2014-02-19T13:39:28+00:00\",\"dateModified\":\"2018-05-17T14:33:57+00:00\",\"breadcrumb\":{\"@id\":\"https:\\\/\\\/www.tillvaxtbohuslan.se\\\/maritim-naringslivsstrategi\\\/#breadcrumb\"},\"inLanguage\":\"sv-SE\",\"potentialAction\":[{\"@type\":\"ReadAction\",\"target\":[\"https:\\\/\\\/www.tillvaxtbohuslan.se\\\/maritim-naringslivsstrategi\\\/\"]}]},{\"@type\":\"ImageObject\",\"inLanguage\":\"sv-SE\",\"@id\":\"https:\\\/\\\/www.tillvaxtbohuslan.se\\\/maritim-naringslivsstrategi\\\/#primaryimage\",\"url\":\"https:\\\/\\\/www.tillvaxtbohuslan.se\\\/maritim-naringslivsstrategi\\\/wp-content\\\/uploads\\\/sites\\\/20\\\/2014\\\/02\\\/webbkartan-bild.jpg\",\"contentUrl\":\"https:\\\/\\\/www.tillvaxtbohuslan.se\\\/maritim-naringslivsstrategi\\\/wp-content\\\/uploads\\\/sites\\\/20\\\/2014\\\/02\\\/webbkartan-bild.jpg\",\"width\":737,\"height\":643},{\"@type\":\"BreadcrumbList\",\"@id\":\"https:\\\/\\\/www.tillvaxtbohuslan.se\\\/maritim-naringslivsstrategi\\\/#breadcrumb\",\"itemListElement\":[{\"@type\":\"ListItem\",\"position\":1,\"name\":\"Hem\",\"item\":\"https:\\\/\\\/www.tillvaxtbohuslan.se\\\/maritim-naringslivsstrategi\\\/\"},{\"@type\":\"ListItem\",\"position\":2,\"name\":\"Maritim N\u00e4ringslivsstrategi\"}]},{\"@type\":\"WebSite\",\"@id\":\"https:\\\/\\\/www.tillvaxtbohuslan.se\\\/maritim-naringslivsstrategi\\\/#website\",\"url\":\"https:\\\/\\\/www.tillvaxtbohuslan.se\\\/maritim-naringslivsstrategi\\\/\",\"name\":\"Maritim N\u00e4ringslivsstrategi\",\"description\":\"\",\"potentialAction\":[{\"@type\":\"SearchAction\",\"target\":{\"@type\":\"EntryPoint\",\"urlTemplate\":\"https:\\\/\\\/www.tillvaxtbohuslan.se\\\/maritim-naringslivsstrategi\\\/?s={search_term_string}\"},\"query-input\":{\"@type\":\"PropertyValueSpecification\",\"valueRequired\":true,\"valueName\":\"search_term_string\"}}],\"inLanguage\":\"sv-SE\"}]}<\/script>\n<!-- \/ Yoast SEO plugin. -->","yoast_head_json":{"title":"Maritim N\u00e4ringslivsstrategi - Maritim N\u00e4ringslivsstrategi","robots":{"index":"index","follow":"follow","max-snippet":"max-snippet:-1","max-image-preview":"max-image-preview:large","max-video-preview":"max-video-preview:-1"},"canonical":"https:\/\/www.tillvaxtbohuslan.se\/maritim-naringslivsstrategi\/","twitter_misc":{"Ber\u00e4knad l\u00e4stid":"1 minut"},"schema":{"@context":"https:\/\/schema.org","@graph":[{"@type":"WebPage","@id":"https:\/\/www.tillvaxtbohuslan.se\/maritim-naringslivsstrategi\/","url":"https:\/\/www.tillvaxtbohuslan.se\/maritim-naringslivsstrategi\/","name":"Maritim N\u00e4ringslivsstrategi - Maritim N\u00e4ringslivsstrategi","isPartOf":{"@id":"https:\/\/www.tillvaxtbohuslan.se\/maritim-naringslivsstrategi\/#website"},"primaryImageOfPage":{"@id":"https:\/\/www.tillvaxtbohuslan.se\/maritim-naringslivsstrategi\/#primaryimage"},"image":{"@id":"https:\/\/www.tillvaxtbohuslan.se\/maritim-naringslivsstrategi\/#primaryimage"},"thumbnailUrl":"https:\/\/www.tillvaxtbohuslan.se\/maritim-naringslivsstrategi\/wp-content\/uploads\/sites\/20\/2014\/02\/webbkartan-bild.jpg","datePublished":"2014-02-19T13:39:28+00:00","dateModified":"2018-05-17T14:33:57+00:00","breadcrumb":{"@id":"https:\/\/www.tillvaxtbohuslan.se\/maritim-naringslivsstrategi\/#breadcrumb"},"inLanguage":"sv-SE","potentialAction":[{"@type":"ReadAction","target":["https:\/\/www.tillvaxtbohuslan.se\/maritim-naringslivsstrategi\/"]}]},{"@type":"ImageObject","inLanguage":"sv-SE","@id":"https:\/\/www.tillvaxtbohuslan.se\/maritim-naringslivsstrategi\/#primaryimage","url":"https:\/\/www.tillvaxtbohuslan.se\/maritim-naringslivsstrategi\/wp-content\/uploads\/sites\/20\/2014\/02\/webbkartan-bild.jpg","contentUrl":"https:\/\/www.tillvaxtbohuslan.se\/maritim-naringslivsstrategi\/wp-content\/uploads\/sites\/20\/2014\/02\/webbkartan-bild.jpg","width":737,"height":643},{"@type":"BreadcrumbList","@id":"https:\/\/www.tillvaxtbohuslan.se\/maritim-naringslivsstrategi\/#breadcrumb","itemListElement":[{"@type":"ListItem","position":1,"name":"Hem","item":"https:\/\/www.tillvaxtbohuslan.se\/maritim-naringslivsstrategi\/"},{"@type":"ListItem","position":2,"name":"Maritim N\u00e4ringslivsstrategi"}]},{"@type":"WebSite","@id":"https:\/\/www.tillvaxtbohuslan.se\/maritim-naringslivsstrategi\/#website","url":"https:\/\/www.tillvaxtbohuslan.se\/maritim-naringslivsstrategi\/","name":"Maritim N\u00e4ringslivsstrategi","description":"","potentialAction":[{"@type":"SearchAction","target":{"@type":"EntryPoint","urlTemplate":"https:\/\/www.tillvaxtbohuslan.se\/maritim-naringslivsstrategi\/?s={search_term_string}"},"query-input":{"@type":"PropertyValueSpecification","valueRequired":true,"valueName":"search_term_string"}}],"inLanguage":"sv-SE"}]}},"_links":{"self":[{"href":"https:\/\/www.tillvaxtbohuslan.se\/maritim-naringslivsstrategi\/wp-json\/wp\/v2\/pages\/2","targetHints":{"allow":["GET"]}}],"collection":[{"href":"https:\/\/www.tillvaxtbohuslan.se\/maritim-naringslivsstrategi\/wp-json\/wp\/v2\/pages"}],"about":[{"href":"https:\/\/www.tillvaxtbohuslan.se\/maritim-naringslivsstrategi\/wp-json\/wp\/v2\/types\/page"}],"author":[{"embeddable":true,"href":"https:\/\/www.tillvaxtbohuslan.se\/maritim-naringslivsstrategi\/wp-json\/wp\/v2\/users\/1"}],"replies":[{"embeddable":true,"href":"https:\/\/www.tillvaxtbohuslan.se\/maritim-naringslivsstrategi\/wp-json\/wp\/v2\/comments?post=2"}],"version-history":[{"count":21,"href":"https:\/\/www.tillvaxtbohuslan.se\/maritim-naringslivsstrategi\/wp-json\/wp\/v2\/pages\/2\/revisions"}],"predecessor-version":[{"id":270,"href":"https:\/\/www.tillvaxtbohuslan.se\/maritim-naringslivsstrategi\/wp-json\/wp\/v2\/pages\/2\/revisions\/270"}],"wp:attachment":[{"href":"https:\/\/www.tillvaxtbohuslan.se\/maritim-naringslivsstrategi\/wp-json\/wp\/v2\/media?parent=2"}],"curies":[{"name":"wp","href":"https:\/\/api.w.org\/{rel}","templated":true}]}}