{"id":23,"date":"2014-02-19T16:38:28","date_gmt":"2014-02-19T15:38:28","guid":{"rendered":"https:\/\/www.tillvaxtbohuslan.se\/leader-ranrike-norra-bohuslan\/?page_id=23"},"modified":"2016-10-19T15:23:08","modified_gmt":"2016-10-19T13:23:08","slug":"kontakt","status":"publish","type":"page","link":"https:\/\/www.tillvaxtbohuslan.se\/leader-ranrike\/kontakt\/","title":{"rendered":"Kontakt"},"content":{"rendered":"<p>V\u00e5rt kontor hittar du p\u00e5 <a title=\" (l\u00e4nk till annan webbplats, \u00f6ppnas i nytt f\u00f6nster)\" href=\"http:\/\/www.naturbruk.nu\/dingle\" target=\"_blank\" rel=\"external\">Naturbruksgymnasiet i Dingle<\/a><\/p>\n<h2 id=\"h-svdefaultanchor\"><strong>Kansli<\/strong><\/h2>\n<p>LEADER Ranrike Norra Bohusl\u00e4n<br \/>\nKustv\u00e4gen 12<br \/>\n455 61 DINGLE<\/p>\n<h2 id=\"h-svdefaultanchor-0\"><strong>Verksamhetsledare<\/strong><\/h2>\n<p>Krister Olsson<br \/>\n<a href=\"mailto:krister.olsson@leaderbohuskust.se\">krister.olsson@leaderbohuskust.se<\/a><br \/>\nTel: 0524-282 39, 070-297 39 00<\/p>\n<h2 id=\"h-svdefaultanchor-1\"><strong>Ekonom och Administrat\u00f6r<\/strong><\/h2>\n<p>Bengt Johansson<br \/>\n<a title=\"\" href=\"mailto:bengt.johansson2@stromstad.se\">bengt.johansson2@stromstad.se<\/a><br \/>\nTel: 0524-282 98<\/p>\n<h2 id=\"h-LAGLeadersstyrelse\"><strong>LAG (Leaders styrelse)<\/strong><\/h2>\n<p><strong>Ordf\u00f6rande<br \/>\n<\/strong>Lars Bj\u00f6rneld<br \/>\n<a title=\"\" href=\"mailto:bjorneld@telia.com\">bjorneld@telia.com<\/a><br \/>\nTel: 070-559 61 56<\/p>\n<p><strong>Ideell sektor<br \/>\n<\/strong>Curt Olsson Johanna Wallin, Helen Axelsson \u00d6ststorm, Anette Bargel<br \/>\nErs\u00e4ttare: Dag Lundman<\/p>\n<p><strong>N\u00e4ringslivssektor<br \/>\n<\/strong>H\u00e5kan Christensson, Jan Hognert, Elke Sponholz, Christer Karlsson<br \/>\nErs\u00e4ttare: Jan Landstr\u00f6m, Ingela Sk\u00e4rstr\u00f6m, Caroline B\u00e4cker, Ingrid Klingspor<\/p>\n<p><strong>Offentlig sektor<\/strong><br \/>\nKristina von Schenck, Lars-Erik Knutsson, Clas-\u00c5ke S\u00f6rkvist, Ragnhild Selstam, Anders Olsson<br \/>\nErs\u00e4ttare: Roland Karlsson, \u00c5sa Karlsson, Louise Thunstr\u00f6m, Britt Wall, Elisabeth Johansson<\/p>\n<p><strong>M\u00f6ten 2014<\/strong><\/p>\n<ul>\n<li>21 november<\/li>\n<li>24 oktober<\/li>\n<\/ul>\n","protected":false},"excerpt":{"rendered":"<p>V\u00e5rt kontor hittar du p\u00e5 Naturbruksgymnasiet i Dingle Kansli LEADER Ranrike Norra Bohusl\u00e4n Kustv\u00e4gen 12 455 61 DINGLE Verksamhetsledare Krister Olsson krister.olsson@leaderbohuskust.se Tel: 0524-282 39, 070-297 39 00 Ekonom och Administrat\u00f6r Bengt Johansson bengt.johansson2@stromstad.se Tel: 0524-282 98 LAG (Leaders styrelse) &hellip; <a href=\"https:\/\/www.tillvaxtbohuslan.se\/leader-ranrike\/kontakt\/\" title=\"Kontakt\">Forts\u00e4tt l\u00e4sa <span class=\"meta-nav\"><i class=\"icon-long-arrow-right\"><\/i><\/span><\/a><\/p>\n","protected":false},"author":1,"featured_media":0,"parent":0,"menu_order":0,"comment_status":"closed","ping_status":"closed","template":"","meta":{"_acf_changed":false,"footnotes":""},"class_list":["post-23","page","type-page","status-publish","hentry"],"acf":[],"yoast_head":"<!-- This site is optimized with the Yoast SEO plugin v27.4 - https:\/\/yoast.com\/product\/yoast-seo-wordpress\/ -->\n<title>Kontakt - Leader Ranrike Norra Bohusl\u00e4n<\/title>\n<meta name=\"robots\" content=\"index, follow, max-snippet:-1, max-image-preview:large, max-video-preview:-1\" \/>\n<link rel=\"canonical\" href=\"https:\/\/www.tillvaxtbohuslan.se\/leader-ranrike\/kontakt\/\" \/>\n<meta name=\"twitter:label1\" content=\"Ber\u00e4knad l\u00e4stid\" \/>\n\t<meta name=\"twitter:data1\" content=\"1 minut\" \/>\n<script type=\"application\/ld+json\" class=\"yoast-schema-graph\">{\"@context\":\"https:\\\/\\\/schema.org\",\"@graph\":[{\"@type\":\"WebPage\",\"@id\":\"https:\\\/\\\/www.tillvaxtbohuslan.se\\\/leader-ranrike\\\/kontakt\\\/\",\"url\":\"https:\\\/\\\/www.tillvaxtbohuslan.se\\\/leader-ranrike\\\/kontakt\\\/\",\"name\":\"Kontakt - Leader Ranrike Norra Bohusl\u00e4n\",\"isPartOf\":{\"@id\":\"https:\\\/\\\/www.tillvaxtbohuslan.se\\\/leader-ranrike\\\/#website\"},\"datePublished\":\"2014-02-19T15:38:28+00:00\",\"dateModified\":\"2016-10-19T13:23:08+00:00\",\"breadcrumb\":{\"@id\":\"https:\\\/\\\/www.tillvaxtbohuslan.se\\\/leader-ranrike\\\/kontakt\\\/#breadcrumb\"},\"inLanguage\":\"sv-SE\",\"potentialAction\":[{\"@type\":\"ReadAction\",\"target\":[\"https:\\\/\\\/www.tillvaxtbohuslan.se\\\/leader-ranrike\\\/kontakt\\\/\"]}]},{\"@type\":\"BreadcrumbList\",\"@id\":\"https:\\\/\\\/www.tillvaxtbohuslan.se\\\/leader-ranrike\\\/kontakt\\\/#breadcrumb\",\"itemListElement\":[{\"@type\":\"ListItem\",\"position\":1,\"name\":\"Hem\",\"item\":\"https:\\\/\\\/www.tillvaxtbohuslan.se\\\/leader-ranrike\\\/\"},{\"@type\":\"ListItem\",\"position\":2,\"name\":\"Kontakt\"}]},{\"@type\":\"WebSite\",\"@id\":\"https:\\\/\\\/www.tillvaxtbohuslan.se\\\/leader-ranrike\\\/#website\",\"url\":\"https:\\\/\\\/www.tillvaxtbohuslan.se\\\/leader-ranrike\\\/\",\"name\":\"Leader Ranrike Norra Bohusl\u00e4n\",\"description\":\"\",\"potentialAction\":[{\"@type\":\"SearchAction\",\"target\":{\"@type\":\"EntryPoint\",\"urlTemplate\":\"https:\\\/\\\/www.tillvaxtbohuslan.se\\\/leader-ranrike\\\/?s={search_term_string}\"},\"query-input\":{\"@type\":\"PropertyValueSpecification\",\"valueRequired\":true,\"valueName\":\"search_term_string\"}}],\"inLanguage\":\"sv-SE\"}]}<\/script>\n<!-- \/ Yoast SEO plugin. -->","yoast_head_json":{"title":"Kontakt - Leader Ranrike Norra Bohusl\u00e4n","robots":{"index":"index","follow":"follow","max-snippet":"max-snippet:-1","max-image-preview":"max-image-preview:large","max-video-preview":"max-video-preview:-1"},"canonical":"https:\/\/www.tillvaxtbohuslan.se\/leader-ranrike\/kontakt\/","twitter_misc":{"Ber\u00e4knad l\u00e4stid":"1 minut"},"schema":{"@context":"https:\/\/schema.org","@graph":[{"@type":"WebPage","@id":"https:\/\/www.tillvaxtbohuslan.se\/leader-ranrike\/kontakt\/","url":"https:\/\/www.tillvaxtbohuslan.se\/leader-ranrike\/kontakt\/","name":"Kontakt - Leader Ranrike Norra Bohusl\u00e4n","isPartOf":{"@id":"https:\/\/www.tillvaxtbohuslan.se\/leader-ranrike\/#website"},"datePublished":"2014-02-19T15:38:28+00:00","dateModified":"2016-10-19T13:23:08+00:00","breadcrumb":{"@id":"https:\/\/www.tillvaxtbohuslan.se\/leader-ranrike\/kontakt\/#breadcrumb"},"inLanguage":"sv-SE","potentialAction":[{"@type":"ReadAction","target":["https:\/\/www.tillvaxtbohuslan.se\/leader-ranrike\/kontakt\/"]}]},{"@type":"BreadcrumbList","@id":"https:\/\/www.tillvaxtbohuslan.se\/leader-ranrike\/kontakt\/#breadcrumb","itemListElement":[{"@type":"ListItem","position":1,"name":"Hem","item":"https:\/\/www.tillvaxtbohuslan.se\/leader-ranrike\/"},{"@type":"ListItem","position":2,"name":"Kontakt"}]},{"@type":"WebSite","@id":"https:\/\/www.tillvaxtbohuslan.se\/leader-ranrike\/#website","url":"https:\/\/www.tillvaxtbohuslan.se\/leader-ranrike\/","name":"Leader Ranrike Norra Bohusl\u00e4n","description":"","potentialAction":[{"@type":"SearchAction","target":{"@type":"EntryPoint","urlTemplate":"https:\/\/www.tillvaxtbohuslan.se\/leader-ranrike\/?s={search_term_string}"},"query-input":{"@type":"PropertyValueSpecification","valueRequired":true,"valueName":"search_term_string"}}],"inLanguage":"sv-SE"}]}},"_links":{"self":[{"href":"https:\/\/www.tillvaxtbohuslan.se\/leader-ranrike\/wp-json\/wp\/v2\/pages\/23","targetHints":{"allow":["GET"]}}],"collection":[{"href":"https:\/\/www.tillvaxtbohuslan.se\/leader-ranrike\/wp-json\/wp\/v2\/pages"}],"about":[{"href":"https:\/\/www.tillvaxtbohuslan.se\/leader-ranrike\/wp-json\/wp\/v2\/types\/page"}],"author":[{"embeddable":true,"href":"https:\/\/www.tillvaxtbohuslan.se\/leader-ranrike\/wp-json\/wp\/v2\/users\/1"}],"replies":[{"embeddable":true,"href":"https:\/\/www.tillvaxtbohuslan.se\/leader-ranrike\/wp-json\/wp\/v2\/comments?post=23"}],"version-history":[{"count":17,"href":"https:\/\/www.tillvaxtbohuslan.se\/leader-ranrike\/wp-json\/wp\/v2\/pages\/23\/revisions"}],"predecessor-version":[{"id":377,"href":"https:\/\/www.tillvaxtbohuslan.se\/leader-ranrike\/wp-json\/wp\/v2\/pages\/23\/revisions\/377"}],"wp:attachment":[{"href":"https:\/\/www.tillvaxtbohuslan.se\/leader-ranrike\/wp-json\/wp\/v2\/media?parent=23"}],"curies":[{"name":"wp","href":"https:\/\/api.w.org\/{rel}","templated":true}]}}