{"id":2,"date":"2014-02-19T14:39:28","date_gmt":"2014-02-19T13:39:28","guid":{"rendered":"https:\/\/www.tillvaxtbohuslan.se\/leader-ranrike-norra-bohuslan\/?page_id=2"},"modified":"2017-12-11T10:57:10","modified_gmt":"2017-12-11T09:57:10","slug":"attraktiv-kust","status":"publish","type":"page","link":"https:\/\/www.tillvaxtbohuslan.se\/leader-ranrike\/","title":{"rendered":"V\u00e4lkommen till Leader"},"content":{"rendered":"<p><strong><em>Det tidigare projektet Leader Ranrike \u00e4r avslutat, nya Leader Bohuskust och gr\u00e4nsbygd f\u00f6ljer du p\u00e5 deras hemsida: <\/em><\/strong><a href=\"http:\/\/www.leaderbohuskust.se\" target=\"_blank\" rel=\"noopener\"><strong><em>www.leaderbohuskust.se<\/em><\/strong><\/a><\/p>\n<p>Leader st\u00e5r f\u00f6r Samordnande aktiviteter f\u00f6r ekonomisk utveckling p\u00e5 landsbygden. Satsningen sker p\u00e5 ett geografiskt omr\u00e5de med en lokal styrelse \u2013 LAG (Local Action Group). I den finns representanter fr\u00e5n b\u00e5de ideell, privat och offentlig sektor. LAG arbetar utifr\u00e5n en utvecklingsplan och har medel f\u00f6r att f\u00f6rverkliga den, fr\u00e4mst genom olika utvecklingsprojekt.<\/p>\n<p>&nbsp;<\/p>\n<p>&nbsp;<\/p>\n<p>&nbsp;<\/p>\n","protected":false},"excerpt":{"rendered":"<p>Det tidigare projektet Leader Ranrike \u00e4r avslutat, nya Leader Bohuskust och gr\u00e4nsbygd f\u00f6ljer du p\u00e5 deras hemsida: www.leaderbohuskust.se Leader st\u00e5r f\u00f6r Samordnande aktiviteter f\u00f6r ekonomisk utveckling p\u00e5 landsbygden. Satsningen sker p\u00e5 ett geografiskt omr\u00e5de med en lokal styrelse \u2013 LAG &hellip; <a href=\"https:\/\/www.tillvaxtbohuslan.se\/leader-ranrike\/\" title=\"V\u00e4lkommen till Leader\">Forts\u00e4tt l\u00e4sa <span class=\"meta-nav\"><i class=\"icon-long-arrow-right\"><\/i><\/span><\/a><\/p>\n","protected":false},"author":1,"featured_media":0,"parent":0,"menu_order":0,"comment_status":"closed","ping_status":"closed","template":"","meta":{"_acf_changed":false,"footnotes":""},"class_list":["post-2","page","type-page","status-publish","hentry"],"acf":[],"yoast_head":"<!-- This site is optimized with the Yoast SEO plugin v27.4 - https:\/\/yoast.com\/product\/yoast-seo-wordpress\/ -->\n<title>V\u00e4lkommen till Leader - Leader Ranrike Norra Bohusl\u00e4n<\/title>\n<meta name=\"robots\" content=\"index, follow, max-snippet:-1, max-image-preview:large, max-video-preview:-1\" \/>\n<link rel=\"canonical\" href=\"https:\/\/www.tillvaxtbohuslan.se\/leader-ranrike\/\" \/>\n<script type=\"application\/ld+json\" class=\"yoast-schema-graph\">{\"@context\":\"https:\\\/\\\/schema.org\",\"@graph\":[{\"@type\":\"WebPage\",\"@id\":\"https:\\\/\\\/www.tillvaxtbohuslan.se\\\/leader-ranrike\\\/\",\"url\":\"https:\\\/\\\/www.tillvaxtbohuslan.se\\\/leader-ranrike\\\/\",\"name\":\"V\u00e4lkommen till Leader - Leader Ranrike Norra Bohusl\u00e4n\",\"isPartOf\":{\"@id\":\"https:\\\/\\\/www.tillvaxtbohuslan.se\\\/leader-ranrike\\\/#website\"},\"datePublished\":\"2014-02-19T13:39:28+00:00\",\"dateModified\":\"2017-12-11T09:57:10+00:00\",\"breadcrumb\":{\"@id\":\"https:\\\/\\\/www.tillvaxtbohuslan.se\\\/leader-ranrike\\\/#breadcrumb\"},\"inLanguage\":\"sv-SE\",\"potentialAction\":[{\"@type\":\"ReadAction\",\"target\":[\"https:\\\/\\\/www.tillvaxtbohuslan.se\\\/leader-ranrike\\\/\"]}]},{\"@type\":\"BreadcrumbList\",\"@id\":\"https:\\\/\\\/www.tillvaxtbohuslan.se\\\/leader-ranrike\\\/#breadcrumb\",\"itemListElement\":[{\"@type\":\"ListItem\",\"position\":1,\"name\":\"Hem\",\"item\":\"https:\\\/\\\/www.tillvaxtbohuslan.se\\\/leader-ranrike\\\/\"},{\"@type\":\"ListItem\",\"position\":2,\"name\":\"V\u00e4lkommen till Leader\"}]},{\"@type\":\"WebSite\",\"@id\":\"https:\\\/\\\/www.tillvaxtbohuslan.se\\\/leader-ranrike\\\/#website\",\"url\":\"https:\\\/\\\/www.tillvaxtbohuslan.se\\\/leader-ranrike\\\/\",\"name\":\"Leader Ranrike Norra Bohusl\u00e4n\",\"description\":\"\",\"potentialAction\":[{\"@type\":\"SearchAction\",\"target\":{\"@type\":\"EntryPoint\",\"urlTemplate\":\"https:\\\/\\\/www.tillvaxtbohuslan.se\\\/leader-ranrike\\\/?s={search_term_string}\"},\"query-input\":{\"@type\":\"PropertyValueSpecification\",\"valueRequired\":true,\"valueName\":\"search_term_string\"}}],\"inLanguage\":\"sv-SE\"}]}<\/script>\n<!-- \/ Yoast SEO plugin. -->","yoast_head_json":{"title":"V\u00e4lkommen till Leader - Leader Ranrike Norra Bohusl\u00e4n","robots":{"index":"index","follow":"follow","max-snippet":"max-snippet:-1","max-image-preview":"max-image-preview:large","max-video-preview":"max-video-preview:-1"},"canonical":"https:\/\/www.tillvaxtbohuslan.se\/leader-ranrike\/","schema":{"@context":"https:\/\/schema.org","@graph":[{"@type":"WebPage","@id":"https:\/\/www.tillvaxtbohuslan.se\/leader-ranrike\/","url":"https:\/\/www.tillvaxtbohuslan.se\/leader-ranrike\/","name":"V\u00e4lkommen till Leader - Leader Ranrike Norra Bohusl\u00e4n","isPartOf":{"@id":"https:\/\/www.tillvaxtbohuslan.se\/leader-ranrike\/#website"},"datePublished":"2014-02-19T13:39:28+00:00","dateModified":"2017-12-11T09:57:10+00:00","breadcrumb":{"@id":"https:\/\/www.tillvaxtbohuslan.se\/leader-ranrike\/#breadcrumb"},"inLanguage":"sv-SE","potentialAction":[{"@type":"ReadAction","target":["https:\/\/www.tillvaxtbohuslan.se\/leader-ranrike\/"]}]},{"@type":"BreadcrumbList","@id":"https:\/\/www.tillvaxtbohuslan.se\/leader-ranrike\/#breadcrumb","itemListElement":[{"@type":"ListItem","position":1,"name":"Hem","item":"https:\/\/www.tillvaxtbohuslan.se\/leader-ranrike\/"},{"@type":"ListItem","position":2,"name":"V\u00e4lkommen till Leader"}]},{"@type":"WebSite","@id":"https:\/\/www.tillvaxtbohuslan.se\/leader-ranrike\/#website","url":"https:\/\/www.tillvaxtbohuslan.se\/leader-ranrike\/","name":"Leader Ranrike Norra Bohusl\u00e4n","description":"","potentialAction":[{"@type":"SearchAction","target":{"@type":"EntryPoint","urlTemplate":"https:\/\/www.tillvaxtbohuslan.se\/leader-ranrike\/?s={search_term_string}"},"query-input":{"@type":"PropertyValueSpecification","valueRequired":true,"valueName":"search_term_string"}}],"inLanguage":"sv-SE"}]}},"_links":{"self":[{"href":"https:\/\/www.tillvaxtbohuslan.se\/leader-ranrike\/wp-json\/wp\/v2\/pages\/2","targetHints":{"allow":["GET"]}}],"collection":[{"href":"https:\/\/www.tillvaxtbohuslan.se\/leader-ranrike\/wp-json\/wp\/v2\/pages"}],"about":[{"href":"https:\/\/www.tillvaxtbohuslan.se\/leader-ranrike\/wp-json\/wp\/v2\/types\/page"}],"author":[{"embeddable":true,"href":"https:\/\/www.tillvaxtbohuslan.se\/leader-ranrike\/wp-json\/wp\/v2\/users\/1"}],"replies":[{"embeddable":true,"href":"https:\/\/www.tillvaxtbohuslan.se\/leader-ranrike\/wp-json\/wp\/v2\/comments?post=2"}],"version-history":[{"count":48,"href":"https:\/\/www.tillvaxtbohuslan.se\/leader-ranrike\/wp-json\/wp\/v2\/pages\/2\/revisions"}],"predecessor-version":[{"id":379,"href":"https:\/\/www.tillvaxtbohuslan.se\/leader-ranrike\/wp-json\/wp\/v2\/pages\/2\/revisions\/379"}],"wp:attachment":[{"href":"https:\/\/www.tillvaxtbohuslan.se\/leader-ranrike\/wp-json\/wp\/v2\/media?parent=2"}],"curies":[{"name":"wp","href":"https:\/\/api.w.org\/{rel}","templated":true}]}}