{"id":2,"date":"2014-02-19T14:39:28","date_gmt":"2014-02-19T13:39:28","guid":{"rendered":"https:\/\/www.tillvaxtbohuslan.se\/testar\/?page_id=2"},"modified":"2014-09-09T15:52:42","modified_gmt":"2014-09-09T13:52:42","slug":"startsida-dop-om-mig-till-ratt-namn-och-byt-ut-permalank","status":"publish","type":"page","link":"https:\/\/www.tillvaxtbohuslan.se\/kustzonsplanering\/","title":{"rendered":"Kustzonsplanering &amp; landsbygdsutveckling"},"content":{"rendered":"<p>Id\u00e9n bakom Kustzonsplanering &amp; landsbygdsutveckling var att knyta samman regional utveckling och tillv\u00e4xt, \u00f6versiktlig planering och milj\u00f6politik<b>.<\/b><b> <\/b>Det skulle ske genom<b> <\/b>\u00f6kad samverkan mellan kommunerna i norra Bohusl\u00e4n och med regionala och statliga myndigheter.<\/p>\n<p><b>M\u00e5l<br \/>\n<\/b>Ett m\u00e5l var att skapa gemensamma planer\/strategier f\u00f6r att styra anv\u00e4ndningen och utvecklingen av mark och vatten, med fokus p\u00e5 kustzonen. Ett annat m\u00e5l var att utveckla metoder och verktyg f\u00f6r att arbeta kommun\u00f6vergripande och med andra intressenter.<\/p>\n<p><b>Metoder f\u00f6r samverkan<br \/>\n<\/b>Kustzonsplanering &amp; landsbygdsutveckling skulle utveckla metoder f\u00f6r samverkan mellan de nordbohusl\u00e4nska kommunerna och med regionala och statliga myndigheter. Syftet var att koppla ihop regional utveckling och tillv\u00e4xt, \u00f6versiktlig planering och milj\u00f6politik. Det skulle ge b\u00e5de helhetssyn och l\u00e5ngsiktighet i planeringen, baserad p\u00e5 h\u00e5llbar utveckling.<\/p>\n<p>Projektet finansierades av kommunerna Lysekil, Munkedal, Soten\u00e4s, Tanum och Str\u00f6mstad tillsammans med Naturv\u00e5rdsverket, L\u00e4nsstyrelsen i V\u00e4stra G\u00f6talands l\u00e4n, V\u00e4stra G\u00f6talandsregionen och Nutek.<\/p>\n<p><b>Forts\u00e4ttning i SUSCOD<br \/>\n<\/b>2010 \u00f6vergick resultaten och erfarenheterna fr\u00e5n Kustzonsplanering &amp; landsbygdsutveckling\u00a0till Interreg Nordsj\u00f6-projektet \u2028<a href=\"\/suscod\">SUSCOD, sustainable coastal development in practice<\/a>.<\/p>\n","protected":false},"excerpt":{"rendered":"<p>Id\u00e9n bakom Kustzonsplanering &amp; landsbygdsutveckling var att knyta samman regional utveckling och tillv\u00e4xt, \u00f6versiktlig planering och milj\u00f6politik. Det skulle ske genom \u00f6kad samverkan mellan kommunerna i norra Bohusl\u00e4n och med regionala och statliga myndigheter. M\u00e5l Ett m\u00e5l var att skapa &hellip; <a href=\"https:\/\/www.tillvaxtbohuslan.se\/kustzonsplanering\/\" title=\"Kustzonsplanering &amp; landsbygdsutveckling\">Forts\u00e4tt l\u00e4sa <span class=\"meta-nav\"><i class=\"icon-long-arrow-right\"><\/i><\/span><\/a><\/p>\n","protected":false},"author":1,"featured_media":0,"parent":0,"menu_order":0,"comment_status":"closed","ping_status":"closed","template":"","meta":{"_acf_changed":false,"footnotes":""},"class_list":["post-2","page","type-page","status-publish","hentry"],"acf":[],"yoast_head":"<!-- This site is optimized with the Yoast SEO plugin v27.4 - https:\/\/yoast.com\/product\/yoast-seo-wordpress\/ -->\n<title>Kustzonsplanering &amp; landsbygdsutveckling - Kustzonsplanering och landsbygdsutveckling<\/title>\n<meta name=\"robots\" content=\"index, follow, max-snippet:-1, max-image-preview:large, max-video-preview:-1\" \/>\n<link rel=\"canonical\" href=\"https:\/\/www.tillvaxtbohuslan.se\/kustzonsplanering\/\" \/>\n<meta name=\"twitter:label1\" content=\"Ber\u00e4knad l\u00e4stid\" \/>\n\t<meta name=\"twitter:data1\" content=\"1 minut\" \/>\n<script type=\"application\/ld+json\" class=\"yoast-schema-graph\">{\"@context\":\"https:\\\/\\\/schema.org\",\"@graph\":[{\"@type\":\"WebPage\",\"@id\":\"https:\\\/\\\/www.tillvaxtbohuslan.se\\\/kustzonsplanering\\\/\",\"url\":\"https:\\\/\\\/www.tillvaxtbohuslan.se\\\/kustzonsplanering\\\/\",\"name\":\"Kustzonsplanering &amp; landsbygdsutveckling - Kustzonsplanering och landsbygdsutveckling\",\"isPartOf\":{\"@id\":\"https:\\\/\\\/www.tillvaxtbohuslan.se\\\/kustzonsplanering\\\/#website\"},\"datePublished\":\"2014-02-19T13:39:28+00:00\",\"dateModified\":\"2014-09-09T13:52:42+00:00\",\"breadcrumb\":{\"@id\":\"https:\\\/\\\/www.tillvaxtbohuslan.se\\\/kustzonsplanering\\\/#breadcrumb\"},\"inLanguage\":\"sv-SE\",\"potentialAction\":[{\"@type\":\"ReadAction\",\"target\":[\"https:\\\/\\\/www.tillvaxtbohuslan.se\\\/kustzonsplanering\\\/\"]}]},{\"@type\":\"BreadcrumbList\",\"@id\":\"https:\\\/\\\/www.tillvaxtbohuslan.se\\\/kustzonsplanering\\\/#breadcrumb\",\"itemListElement\":[{\"@type\":\"ListItem\",\"position\":1,\"name\":\"Hem\",\"item\":\"https:\\\/\\\/www.tillvaxtbohuslan.se\\\/kustzonsplanering\\\/\"},{\"@type\":\"ListItem\",\"position\":2,\"name\":\"Kustzonsplanering &amp; landsbygdsutveckling\"}]},{\"@type\":\"WebSite\",\"@id\":\"https:\\\/\\\/www.tillvaxtbohuslan.se\\\/kustzonsplanering\\\/#website\",\"url\":\"https:\\\/\\\/www.tillvaxtbohuslan.se\\\/kustzonsplanering\\\/\",\"name\":\"Kustzonsplanering och landsbygdsutveckling\",\"description\":\"\",\"potentialAction\":[{\"@type\":\"SearchAction\",\"target\":{\"@type\":\"EntryPoint\",\"urlTemplate\":\"https:\\\/\\\/www.tillvaxtbohuslan.se\\\/kustzonsplanering\\\/?s={search_term_string}\"},\"query-input\":{\"@type\":\"PropertyValueSpecification\",\"valueRequired\":true,\"valueName\":\"search_term_string\"}}],\"inLanguage\":\"sv-SE\"}]}<\/script>\n<!-- \/ Yoast SEO plugin. -->","yoast_head_json":{"title":"Kustzonsplanering &amp; landsbygdsutveckling - Kustzonsplanering och landsbygdsutveckling","robots":{"index":"index","follow":"follow","max-snippet":"max-snippet:-1","max-image-preview":"max-image-preview:large","max-video-preview":"max-video-preview:-1"},"canonical":"https:\/\/www.tillvaxtbohuslan.se\/kustzonsplanering\/","twitter_misc":{"Ber\u00e4knad l\u00e4stid":"1 minut"},"schema":{"@context":"https:\/\/schema.org","@graph":[{"@type":"WebPage","@id":"https:\/\/www.tillvaxtbohuslan.se\/kustzonsplanering\/","url":"https:\/\/www.tillvaxtbohuslan.se\/kustzonsplanering\/","name":"Kustzonsplanering &amp; landsbygdsutveckling - Kustzonsplanering och landsbygdsutveckling","isPartOf":{"@id":"https:\/\/www.tillvaxtbohuslan.se\/kustzonsplanering\/#website"},"datePublished":"2014-02-19T13:39:28+00:00","dateModified":"2014-09-09T13:52:42+00:00","breadcrumb":{"@id":"https:\/\/www.tillvaxtbohuslan.se\/kustzonsplanering\/#breadcrumb"},"inLanguage":"sv-SE","potentialAction":[{"@type":"ReadAction","target":["https:\/\/www.tillvaxtbohuslan.se\/kustzonsplanering\/"]}]},{"@type":"BreadcrumbList","@id":"https:\/\/www.tillvaxtbohuslan.se\/kustzonsplanering\/#breadcrumb","itemListElement":[{"@type":"ListItem","position":1,"name":"Hem","item":"https:\/\/www.tillvaxtbohuslan.se\/kustzonsplanering\/"},{"@type":"ListItem","position":2,"name":"Kustzonsplanering &amp; landsbygdsutveckling"}]},{"@type":"WebSite","@id":"https:\/\/www.tillvaxtbohuslan.se\/kustzonsplanering\/#website","url":"https:\/\/www.tillvaxtbohuslan.se\/kustzonsplanering\/","name":"Kustzonsplanering och landsbygdsutveckling","description":"","potentialAction":[{"@type":"SearchAction","target":{"@type":"EntryPoint","urlTemplate":"https:\/\/www.tillvaxtbohuslan.se\/kustzonsplanering\/?s={search_term_string}"},"query-input":{"@type":"PropertyValueSpecification","valueRequired":true,"valueName":"search_term_string"}}],"inLanguage":"sv-SE"}]}},"_links":{"self":[{"href":"https:\/\/www.tillvaxtbohuslan.se\/kustzonsplanering\/wp-json\/wp\/v2\/pages\/2","targetHints":{"allow":["GET"]}}],"collection":[{"href":"https:\/\/www.tillvaxtbohuslan.se\/kustzonsplanering\/wp-json\/wp\/v2\/pages"}],"about":[{"href":"https:\/\/www.tillvaxtbohuslan.se\/kustzonsplanering\/wp-json\/wp\/v2\/types\/page"}],"author":[{"embeddable":true,"href":"https:\/\/www.tillvaxtbohuslan.se\/kustzonsplanering\/wp-json\/wp\/v2\/users\/1"}],"replies":[{"embeddable":true,"href":"https:\/\/www.tillvaxtbohuslan.se\/kustzonsplanering\/wp-json\/wp\/v2\/comments?post=2"}],"version-history":[{"count":16,"href":"https:\/\/www.tillvaxtbohuslan.se\/kustzonsplanering\/wp-json\/wp\/v2\/pages\/2\/revisions"}],"predecessor-version":[{"id":300,"href":"https:\/\/www.tillvaxtbohuslan.se\/kustzonsplanering\/wp-json\/wp\/v2\/pages\/2\/revisions\/300"}],"wp:attachment":[{"href":"https:\/\/www.tillvaxtbohuslan.se\/kustzonsplanering\/wp-json\/wp\/v2\/media?parent=2"}],"curies":[{"name":"wp","href":"https:\/\/api.w.org\/{rel}","templated":true}]}}