{"id":170,"date":"2014-03-28T13:03:01","date_gmt":"2014-03-28T12:03:01","guid":{"rendered":"https:\/\/www.tillvaxtbohuslan.se\/kustzonsplanering\/?page_id=170"},"modified":"2014-09-09T15:52:42","modified_gmt":"2014-09-09T13:52:42","slug":"samverkansplaner-vardefulla-kust-och-havsomraden","status":"publish","type":"page","link":"https:\/\/www.tillvaxtbohuslan.se\/kustzonsplanering\/samverkansplaner-vardefulla-kust-och-havsomraden\/","title":{"rendered":"Samverkansplaner f\u00f6r v\u00e4rdefulla kust- och havsomr\u00e5den"},"content":{"rendered":"<p>&#8221;Samverkansplaner f\u00f6r v\u00e4rdefulla kust- och havsomr\u00e5den&#8221; startades p\u00e5 initiativ av Naturv\u00e5rdsverket och har p\u00e5g\u00e5tt under \u00e5ren 2008-2011. L\u00e4nsstyrelsen i V\u00e4stra G\u00f6talands l\u00e4n har varit ansvarig f\u00f6r ett av pilotprojekten. Projektfasen f\u00f6r Samverkansplan har avslutats och \u00f6verg\u00e5tt in i en sp\u00e4nnande genomf\u00f6randefas.<\/p>\n<p>Huvudm\u00e4nnen f\u00f6r omr\u00e5det norra Bohusl\u00e4n antog under 2011 planeringsunderlagsdelen av Samverkansplanen som ett underlag att inarbeta i \u00f6versiktsplaneringen.<\/p>\n<p>&nbsp;<\/p>\n","protected":false},"excerpt":{"rendered":"<p>&#8221;Samverkansplaner f\u00f6r v\u00e4rdefulla kust- och havsomr\u00e5den&#8221; startades p\u00e5 initiativ av Naturv\u00e5rdsverket och har p\u00e5g\u00e5tt under \u00e5ren 2008-2011. L\u00e4nsstyrelsen i V\u00e4stra G\u00f6talands l\u00e4n har varit ansvarig f\u00f6r ett av pilotprojekten. Projektfasen f\u00f6r Samverkansplan har avslutats och \u00f6verg\u00e5tt in i en sp\u00e4nnande &hellip; <a href=\"https:\/\/www.tillvaxtbohuslan.se\/kustzonsplanering\/samverkansplaner-vardefulla-kust-och-havsomraden\/\" title=\"Samverkansplaner f\u00f6r v\u00e4rdefulla kust- och havsomr\u00e5den\">Forts\u00e4tt l\u00e4sa <span class=\"meta-nav\"><i class=\"icon-long-arrow-right\"><\/i><\/span><\/a><\/p>\n","protected":false},"author":1,"featured_media":0,"parent":0,"menu_order":0,"comment_status":"closed","ping_status":"closed","template":"","meta":{"_acf_changed":false,"footnotes":""},"class_list":["post-170","page","type-page","status-publish","hentry"],"acf":[],"yoast_head":"<!-- This site is optimized with the Yoast SEO plugin v27.4 - https:\/\/yoast.com\/product\/yoast-seo-wordpress\/ -->\n<title>Samverkansplaner f\u00f6r v\u00e4rdefulla kust- och havsomr\u00e5den - Kustzonsplanering och landsbygdsutveckling<\/title>\n<meta name=\"robots\" content=\"index, follow, max-snippet:-1, max-image-preview:large, max-video-preview:-1\" \/>\n<link rel=\"canonical\" href=\"https:\/\/www.tillvaxtbohuslan.se\/kustzonsplanering\/samverkansplaner-vardefulla-kust-och-havsomraden\/\" \/>\n<script type=\"application\/ld+json\" class=\"yoast-schema-graph\">{\"@context\":\"https:\\\/\\\/schema.org\",\"@graph\":[{\"@type\":\"WebPage\",\"@id\":\"https:\\\/\\\/www.tillvaxtbohuslan.se\\\/kustzonsplanering\\\/samverkansplaner-vardefulla-kust-och-havsomraden\\\/\",\"url\":\"https:\\\/\\\/www.tillvaxtbohuslan.se\\\/kustzonsplanering\\\/samverkansplaner-vardefulla-kust-och-havsomraden\\\/\",\"name\":\"Samverkansplaner f\u00f6r v\u00e4rdefulla kust- och havsomr\u00e5den - Kustzonsplanering och landsbygdsutveckling\",\"isPartOf\":{\"@id\":\"https:\\\/\\\/www.tillvaxtbohuslan.se\\\/kustzonsplanering\\\/#website\"},\"datePublished\":\"2014-03-28T12:03:01+00:00\",\"dateModified\":\"2014-09-09T13:52:42+00:00\",\"breadcrumb\":{\"@id\":\"https:\\\/\\\/www.tillvaxtbohuslan.se\\\/kustzonsplanering\\\/samverkansplaner-vardefulla-kust-och-havsomraden\\\/#breadcrumb\"},\"inLanguage\":\"sv-SE\",\"potentialAction\":[{\"@type\":\"ReadAction\",\"target\":[\"https:\\\/\\\/www.tillvaxtbohuslan.se\\\/kustzonsplanering\\\/samverkansplaner-vardefulla-kust-och-havsomraden\\\/\"]}]},{\"@type\":\"BreadcrumbList\",\"@id\":\"https:\\\/\\\/www.tillvaxtbohuslan.se\\\/kustzonsplanering\\\/samverkansplaner-vardefulla-kust-och-havsomraden\\\/#breadcrumb\",\"itemListElement\":[{\"@type\":\"ListItem\",\"position\":1,\"name\":\"Hem\",\"item\":\"https:\\\/\\\/www.tillvaxtbohuslan.se\\\/kustzonsplanering\\\/\"},{\"@type\":\"ListItem\",\"position\":2,\"name\":\"Samverkansplaner f\u00f6r v\u00e4rdefulla kust- och havsomr\u00e5den\"}]},{\"@type\":\"WebSite\",\"@id\":\"https:\\\/\\\/www.tillvaxtbohuslan.se\\\/kustzonsplanering\\\/#website\",\"url\":\"https:\\\/\\\/www.tillvaxtbohuslan.se\\\/kustzonsplanering\\\/\",\"name\":\"Kustzonsplanering och landsbygdsutveckling\",\"description\":\"\",\"potentialAction\":[{\"@type\":\"SearchAction\",\"target\":{\"@type\":\"EntryPoint\",\"urlTemplate\":\"https:\\\/\\\/www.tillvaxtbohuslan.se\\\/kustzonsplanering\\\/?s={search_term_string}\"},\"query-input\":{\"@type\":\"PropertyValueSpecification\",\"valueRequired\":true,\"valueName\":\"search_term_string\"}}],\"inLanguage\":\"sv-SE\"}]}<\/script>\n<!-- \/ Yoast SEO plugin. -->","yoast_head_json":{"title":"Samverkansplaner f\u00f6r v\u00e4rdefulla kust- och havsomr\u00e5den - Kustzonsplanering och landsbygdsutveckling","robots":{"index":"index","follow":"follow","max-snippet":"max-snippet:-1","max-image-preview":"max-image-preview:large","max-video-preview":"max-video-preview:-1"},"canonical":"https:\/\/www.tillvaxtbohuslan.se\/kustzonsplanering\/samverkansplaner-vardefulla-kust-och-havsomraden\/","schema":{"@context":"https:\/\/schema.org","@graph":[{"@type":"WebPage","@id":"https:\/\/www.tillvaxtbohuslan.se\/kustzonsplanering\/samverkansplaner-vardefulla-kust-och-havsomraden\/","url":"https:\/\/www.tillvaxtbohuslan.se\/kustzonsplanering\/samverkansplaner-vardefulla-kust-och-havsomraden\/","name":"Samverkansplaner f\u00f6r v\u00e4rdefulla kust- och havsomr\u00e5den - Kustzonsplanering och landsbygdsutveckling","isPartOf":{"@id":"https:\/\/www.tillvaxtbohuslan.se\/kustzonsplanering\/#website"},"datePublished":"2014-03-28T12:03:01+00:00","dateModified":"2014-09-09T13:52:42+00:00","breadcrumb":{"@id":"https:\/\/www.tillvaxtbohuslan.se\/kustzonsplanering\/samverkansplaner-vardefulla-kust-och-havsomraden\/#breadcrumb"},"inLanguage":"sv-SE","potentialAction":[{"@type":"ReadAction","target":["https:\/\/www.tillvaxtbohuslan.se\/kustzonsplanering\/samverkansplaner-vardefulla-kust-och-havsomraden\/"]}]},{"@type":"BreadcrumbList","@id":"https:\/\/www.tillvaxtbohuslan.se\/kustzonsplanering\/samverkansplaner-vardefulla-kust-och-havsomraden\/#breadcrumb","itemListElement":[{"@type":"ListItem","position":1,"name":"Hem","item":"https:\/\/www.tillvaxtbohuslan.se\/kustzonsplanering\/"},{"@type":"ListItem","position":2,"name":"Samverkansplaner f\u00f6r v\u00e4rdefulla kust- och havsomr\u00e5den"}]},{"@type":"WebSite","@id":"https:\/\/www.tillvaxtbohuslan.se\/kustzonsplanering\/#website","url":"https:\/\/www.tillvaxtbohuslan.se\/kustzonsplanering\/","name":"Kustzonsplanering och landsbygdsutveckling","description":"","potentialAction":[{"@type":"SearchAction","target":{"@type":"EntryPoint","urlTemplate":"https:\/\/www.tillvaxtbohuslan.se\/kustzonsplanering\/?s={search_term_string}"},"query-input":{"@type":"PropertyValueSpecification","valueRequired":true,"valueName":"search_term_string"}}],"inLanguage":"sv-SE"}]}},"_links":{"self":[{"href":"https:\/\/www.tillvaxtbohuslan.se\/kustzonsplanering\/wp-json\/wp\/v2\/pages\/170","targetHints":{"allow":["GET"]}}],"collection":[{"href":"https:\/\/www.tillvaxtbohuslan.se\/kustzonsplanering\/wp-json\/wp\/v2\/pages"}],"about":[{"href":"https:\/\/www.tillvaxtbohuslan.se\/kustzonsplanering\/wp-json\/wp\/v2\/types\/page"}],"author":[{"embeddable":true,"href":"https:\/\/www.tillvaxtbohuslan.se\/kustzonsplanering\/wp-json\/wp\/v2\/users\/1"}],"replies":[{"embeddable":true,"href":"https:\/\/www.tillvaxtbohuslan.se\/kustzonsplanering\/wp-json\/wp\/v2\/comments?post=170"}],"version-history":[{"count":4,"href":"https:\/\/www.tillvaxtbohuslan.se\/kustzonsplanering\/wp-json\/wp\/v2\/pages\/170\/revisions"}],"predecessor-version":[{"id":301,"href":"https:\/\/www.tillvaxtbohuslan.se\/kustzonsplanering\/wp-json\/wp\/v2\/pages\/170\/revisions\/301"}],"wp:attachment":[{"href":"https:\/\/www.tillvaxtbohuslan.se\/kustzonsplanering\/wp-json\/wp\/v2\/media?parent=170"}],"curies":[{"name":"wp","href":"https:\/\/api.w.org\/{rel}","templated":true}]}}