{"id":149,"date":"2014-03-28T12:36:26","date_gmt":"2014-03-28T11:36:26","guid":{"rendered":"https:\/\/www.tillvaxtbohuslan.se\/kustzonsplanering\/?page_id=149"},"modified":"2014-09-09T15:52:42","modified_gmt":"2014-09-09T13:52:42","slug":"finansiarer","status":"publish","type":"page","link":"https:\/\/www.tillvaxtbohuslan.se\/kustzonsplanering\/finansiarer\/","title":{"rendered":"Finansi\u00e4rer"},"content":{"rendered":"<div><a title=\" (l\u00e4nk till annan webbplats, \u00f6ppnas i nytt f\u00f6nster)\" href=\"http:\/\/www.vgregion.se\/sv\/Vastra-Gotalandsregionen\/startsida\/Regionutveckling\/\" target=\"_blank\" rel=\"external\">V\u00e4stra G\u00f6talandsregionen<br \/>\n<\/a><a title=\" (l\u00e4nk till annan webbplats, \u00f6ppnas i nytt f\u00f6nster)\" href=\"http:\/\/www.tillvaxtverket.se\/\" target=\"_blank\" rel=\"external\">Tillv\u00e4xtverket<\/a><a title=\" (l\u00e4nk till annan webbplats, \u00f6ppnas i nytt f\u00f6nster)\" href=\"http:\/\/www.naturvardsverket.se\/sv\/\" target=\"_blank\" rel=\"external\">Naturv\u00e5rdsverket<\/a><a title=\" (l\u00e4nk till annan webbplats, \u00f6ppnas i nytt f\u00f6nster)\" href=\"http:\/\/www.fyrbodal.se\/\" target=\"_blank\" rel=\"external\"><br \/>\nFyrbodals kommunalf\u00f6rbund<br \/>\n<\/a><a title=\" (l\u00e4nk till annan webbplats, \u00f6ppnas i nytt f\u00f6nster)\" href=\"http:\/\/www.lst.se\/vastragotaland\" target=\"_blank\" rel=\"external\">L\u00e4nsstyrelsen i V\u00e4stra G\u00f6taland<\/a><a title=\" (l\u00e4nk till annan webbplats, \u00f6ppnas i nytt f\u00f6nster)\" href=\"http:\/\/www.vastsverige.com\" target=\"_blank\" rel=\"external\">V\u00e4stsvenska<br \/>\nTuristr\u00e5det<br \/>\n<\/a><a title=\" (l\u00e4nk till annan webbplats, \u00f6ppnas i nytt f\u00f6nster)\" href=\"http:\/\/www.boverket.se\/\" target=\"_blank\" rel=\"external\">Boverke<br \/>\n<\/a><a title=\" (l\u00e4nk till annan webbplats, \u00f6ppnas i nytt f\u00f6nster)\" href=\"http:\/\/www.lysekil.se\/\" target=\"_blank\" rel=\"external\">Lysekils kommun<br \/>\n<\/a><a title=\" (l\u00e4nk till annan webbplats, \u00f6ppnas i nytt f\u00f6nster)\" href=\"http:\/\/www.munkedal.se\/\" target=\"_blank\" rel=\"external\">Munkedals kommun<br \/>\n<\/a><a title=\" (l\u00e4nk till annan webbplats, \u00f6ppnas i nytt f\u00f6nster)\" href=\"http:\/\/www.tanum.se\/\" target=\"_blank\" rel=\"external\">Tanums kommun<br \/>\n<\/a><a title=\" (l\u00e4nk till annan webbplats, \u00f6ppnas i nytt f\u00f6nster)\" href=\"http:\/\/www.sotenas.se\/\" target=\"_blank\" rel=\"external\">Soten\u00e4s kommun<br \/>\n<\/a><a title=\" (l\u00e4nk till annan webbplats, \u00f6ppnas i nytt f\u00f6nster)\" href=\"http:\/\/www.stromstad.se\/\" target=\"_blank\" rel=\"external\">Str\u00f6mstads kommun<\/a><\/div>\n","protected":false},"excerpt":{"rendered":"<p>V\u00e4stra G\u00f6talandsregionen Tillv\u00e4xtverketNaturv\u00e5rdsverket Fyrbodals kommunalf\u00f6rbund L\u00e4nsstyrelsen i V\u00e4stra G\u00f6talandV\u00e4stsvenska Turistr\u00e5det Boverke Lysekils kommun Munkedals kommun Tanums kommun Soten\u00e4s kommun Str\u00f6mstads kommun<\/p>\n","protected":false},"author":1,"featured_media":0,"parent":0,"menu_order":0,"comment_status":"closed","ping_status":"closed","template":"page-archive.php","meta":{"_acf_changed":false,"footnotes":""},"class_list":["post-149","page","type-page","status-publish","hentry"],"acf":[],"yoast_head":"<!-- This site is optimized with the Yoast SEO plugin v27.4 - https:\/\/yoast.com\/product\/yoast-seo-wordpress\/ -->\n<title>Finansi\u00e4rer - Kustzonsplanering och landsbygdsutveckling<\/title>\n<meta name=\"robots\" content=\"index, follow, max-snippet:-1, max-image-preview:large, max-video-preview:-1\" \/>\n<link rel=\"canonical\" href=\"https:\/\/www.tillvaxtbohuslan.se\/kustzonsplanering\/finansiarer\/\" \/>\n<script type=\"application\/ld+json\" class=\"yoast-schema-graph\">{\"@context\":\"https:\\\/\\\/schema.org\",\"@graph\":[{\"@type\":\"WebPage\",\"@id\":\"https:\\\/\\\/www.tillvaxtbohuslan.se\\\/kustzonsplanering\\\/finansiarer\\\/\",\"url\":\"https:\\\/\\\/www.tillvaxtbohuslan.se\\\/kustzonsplanering\\\/finansiarer\\\/\",\"name\":\"Finansi\u00e4rer - Kustzonsplanering och landsbygdsutveckling\",\"isPartOf\":{\"@id\":\"https:\\\/\\\/www.tillvaxtbohuslan.se\\\/kustzonsplanering\\\/#website\"},\"datePublished\":\"2014-03-28T11:36:26+00:00\",\"dateModified\":\"2014-09-09T13:52:42+00:00\",\"breadcrumb\":{\"@id\":\"https:\\\/\\\/www.tillvaxtbohuslan.se\\\/kustzonsplanering\\\/finansiarer\\\/#breadcrumb\"},\"inLanguage\":\"sv-SE\",\"potentialAction\":[{\"@type\":\"ReadAction\",\"target\":[\"https:\\\/\\\/www.tillvaxtbohuslan.se\\\/kustzonsplanering\\\/finansiarer\\\/\"]}]},{\"@type\":\"BreadcrumbList\",\"@id\":\"https:\\\/\\\/www.tillvaxtbohuslan.se\\\/kustzonsplanering\\\/finansiarer\\\/#breadcrumb\",\"itemListElement\":[{\"@type\":\"ListItem\",\"position\":1,\"name\":\"Hem\",\"item\":\"https:\\\/\\\/www.tillvaxtbohuslan.se\\\/kustzonsplanering\\\/\"},{\"@type\":\"ListItem\",\"position\":2,\"name\":\"Finansi\u00e4rer\"}]},{\"@type\":\"WebSite\",\"@id\":\"https:\\\/\\\/www.tillvaxtbohuslan.se\\\/kustzonsplanering\\\/#website\",\"url\":\"https:\\\/\\\/www.tillvaxtbohuslan.se\\\/kustzonsplanering\\\/\",\"name\":\"Kustzonsplanering och landsbygdsutveckling\",\"description\":\"\",\"potentialAction\":[{\"@type\":\"SearchAction\",\"target\":{\"@type\":\"EntryPoint\",\"urlTemplate\":\"https:\\\/\\\/www.tillvaxtbohuslan.se\\\/kustzonsplanering\\\/?s={search_term_string}\"},\"query-input\":{\"@type\":\"PropertyValueSpecification\",\"valueRequired\":true,\"valueName\":\"search_term_string\"}}],\"inLanguage\":\"sv-SE\"}]}<\/script>\n<!-- \/ Yoast SEO plugin. -->","yoast_head_json":{"title":"Finansi\u00e4rer - Kustzonsplanering och landsbygdsutveckling","robots":{"index":"index","follow":"follow","max-snippet":"max-snippet:-1","max-image-preview":"max-image-preview:large","max-video-preview":"max-video-preview:-1"},"canonical":"https:\/\/www.tillvaxtbohuslan.se\/kustzonsplanering\/finansiarer\/","schema":{"@context":"https:\/\/schema.org","@graph":[{"@type":"WebPage","@id":"https:\/\/www.tillvaxtbohuslan.se\/kustzonsplanering\/finansiarer\/","url":"https:\/\/www.tillvaxtbohuslan.se\/kustzonsplanering\/finansiarer\/","name":"Finansi\u00e4rer - Kustzonsplanering och landsbygdsutveckling","isPartOf":{"@id":"https:\/\/www.tillvaxtbohuslan.se\/kustzonsplanering\/#website"},"datePublished":"2014-03-28T11:36:26+00:00","dateModified":"2014-09-09T13:52:42+00:00","breadcrumb":{"@id":"https:\/\/www.tillvaxtbohuslan.se\/kustzonsplanering\/finansiarer\/#breadcrumb"},"inLanguage":"sv-SE","potentialAction":[{"@type":"ReadAction","target":["https:\/\/www.tillvaxtbohuslan.se\/kustzonsplanering\/finansiarer\/"]}]},{"@type":"BreadcrumbList","@id":"https:\/\/www.tillvaxtbohuslan.se\/kustzonsplanering\/finansiarer\/#breadcrumb","itemListElement":[{"@type":"ListItem","position":1,"name":"Hem","item":"https:\/\/www.tillvaxtbohuslan.se\/kustzonsplanering\/"},{"@type":"ListItem","position":2,"name":"Finansi\u00e4rer"}]},{"@type":"WebSite","@id":"https:\/\/www.tillvaxtbohuslan.se\/kustzonsplanering\/#website","url":"https:\/\/www.tillvaxtbohuslan.se\/kustzonsplanering\/","name":"Kustzonsplanering och landsbygdsutveckling","description":"","potentialAction":[{"@type":"SearchAction","target":{"@type":"EntryPoint","urlTemplate":"https:\/\/www.tillvaxtbohuslan.se\/kustzonsplanering\/?s={search_term_string}"},"query-input":{"@type":"PropertyValueSpecification","valueRequired":true,"valueName":"search_term_string"}}],"inLanguage":"sv-SE"}]}},"_links":{"self":[{"href":"https:\/\/www.tillvaxtbohuslan.se\/kustzonsplanering\/wp-json\/wp\/v2\/pages\/149","targetHints":{"allow":["GET"]}}],"collection":[{"href":"https:\/\/www.tillvaxtbohuslan.se\/kustzonsplanering\/wp-json\/wp\/v2\/pages"}],"about":[{"href":"https:\/\/www.tillvaxtbohuslan.se\/kustzonsplanering\/wp-json\/wp\/v2\/types\/page"}],"author":[{"embeddable":true,"href":"https:\/\/www.tillvaxtbohuslan.se\/kustzonsplanering\/wp-json\/wp\/v2\/users\/1"}],"replies":[{"embeddable":true,"href":"https:\/\/www.tillvaxtbohuslan.se\/kustzonsplanering\/wp-json\/wp\/v2\/comments?post=149"}],"version-history":[{"count":4,"href":"https:\/\/www.tillvaxtbohuslan.se\/kustzonsplanering\/wp-json\/wp\/v2\/pages\/149\/revisions"}],"predecessor-version":[{"id":160,"href":"https:\/\/www.tillvaxtbohuslan.se\/kustzonsplanering\/wp-json\/wp\/v2\/pages\/149\/revisions\/160"}],"wp:attachment":[{"href":"https:\/\/www.tillvaxtbohuslan.se\/kustzonsplanering\/wp-json\/wp\/v2\/media?parent=149"}],"curies":[{"name":"wp","href":"https:\/\/api.w.org\/{rel}","templated":true}]}}