{"id":147,"date":"2014-03-28T12:36:04","date_gmt":"2014-03-28T11:36:04","guid":{"rendered":"https:\/\/www.tillvaxtbohuslan.se\/kustzonsplanering\/?page_id=147"},"modified":"2014-09-09T15:52:41","modified_gmt":"2014-09-09T13:52:41","slug":"aktiviteter","status":"publish","type":"page","link":"https:\/\/www.tillvaxtbohuslan.se\/kustzonsplanering\/aktiviteter\/","title":{"rendered":"Aktiviteter"},"content":{"rendered":"<div><a href=\"https:\/\/www.tillvaxtbohuslan.se\/kustzonsplanering\/gis-kustzonskarta\/\">GIS kustzonskarta<br \/>\n<\/a><a href=\"https:\/\/www.tillvaxtbohuslan.se\/kustzonsplanering\/hav-moter-land\/\">Hav m\u00f6ter land<br \/>\n<\/a><a href=\"https:\/\/www.tillvaxtbohuslan.se\/kustzonsplanering\/samverkansplaner-vardefulla-kust-och-havsomraden\/\">Samverkansplaner f\u00f6r v\u00e4rdefulla kust- och havsomr\u00e5den<\/a><\/div>\n","protected":false},"excerpt":{"rendered":"<p>GIS kustzonskarta Hav m\u00f6ter land Samverkansplaner f\u00f6r v\u00e4rdefulla kust- och havsomr\u00e5den<\/p>\n","protected":false},"author":1,"featured_media":0,"parent":0,"menu_order":0,"comment_status":"closed","ping_status":"closed","template":"page-archive.php","meta":{"_acf_changed":false,"footnotes":""},"class_list":["post-147","page","type-page","status-publish","hentry"],"acf":[],"yoast_head":"<!-- This site is optimized with the Yoast SEO plugin v27.4 - https:\/\/yoast.com\/product\/yoast-seo-wordpress\/ -->\n<title>Aktiviteter - Kustzonsplanering och landsbygdsutveckling<\/title>\n<meta name=\"robots\" content=\"index, follow, max-snippet:-1, max-image-preview:large, max-video-preview:-1\" \/>\n<link rel=\"canonical\" href=\"https:\/\/www.tillvaxtbohuslan.se\/kustzonsplanering\/aktiviteter\/\" \/>\n<script type=\"application\/ld+json\" class=\"yoast-schema-graph\">{\"@context\":\"https:\\\/\\\/schema.org\",\"@graph\":[{\"@type\":\"WebPage\",\"@id\":\"https:\\\/\\\/www.tillvaxtbohuslan.se\\\/kustzonsplanering\\\/aktiviteter\\\/\",\"url\":\"https:\\\/\\\/www.tillvaxtbohuslan.se\\\/kustzonsplanering\\\/aktiviteter\\\/\",\"name\":\"Aktiviteter - Kustzonsplanering och landsbygdsutveckling\",\"isPartOf\":{\"@id\":\"https:\\\/\\\/www.tillvaxtbohuslan.se\\\/kustzonsplanering\\\/#website\"},\"datePublished\":\"2014-03-28T11:36:04+00:00\",\"dateModified\":\"2014-09-09T13:52:41+00:00\",\"breadcrumb\":{\"@id\":\"https:\\\/\\\/www.tillvaxtbohuslan.se\\\/kustzonsplanering\\\/aktiviteter\\\/#breadcrumb\"},\"inLanguage\":\"sv-SE\",\"potentialAction\":[{\"@type\":\"ReadAction\",\"target\":[\"https:\\\/\\\/www.tillvaxtbohuslan.se\\\/kustzonsplanering\\\/aktiviteter\\\/\"]}]},{\"@type\":\"BreadcrumbList\",\"@id\":\"https:\\\/\\\/www.tillvaxtbohuslan.se\\\/kustzonsplanering\\\/aktiviteter\\\/#breadcrumb\",\"itemListElement\":[{\"@type\":\"ListItem\",\"position\":1,\"name\":\"Hem\",\"item\":\"https:\\\/\\\/www.tillvaxtbohuslan.se\\\/kustzonsplanering\\\/\"},{\"@type\":\"ListItem\",\"position\":2,\"name\":\"Aktiviteter\"}]},{\"@type\":\"WebSite\",\"@id\":\"https:\\\/\\\/www.tillvaxtbohuslan.se\\\/kustzonsplanering\\\/#website\",\"url\":\"https:\\\/\\\/www.tillvaxtbohuslan.se\\\/kustzonsplanering\\\/\",\"name\":\"Kustzonsplanering och landsbygdsutveckling\",\"description\":\"\",\"potentialAction\":[{\"@type\":\"SearchAction\",\"target\":{\"@type\":\"EntryPoint\",\"urlTemplate\":\"https:\\\/\\\/www.tillvaxtbohuslan.se\\\/kustzonsplanering\\\/?s={search_term_string}\"},\"query-input\":{\"@type\":\"PropertyValueSpecification\",\"valueRequired\":true,\"valueName\":\"search_term_string\"}}],\"inLanguage\":\"sv-SE\"}]}<\/script>\n<!-- \/ Yoast SEO plugin. -->","yoast_head_json":{"title":"Aktiviteter - Kustzonsplanering och landsbygdsutveckling","robots":{"index":"index","follow":"follow","max-snippet":"max-snippet:-1","max-image-preview":"max-image-preview:large","max-video-preview":"max-video-preview:-1"},"canonical":"https:\/\/www.tillvaxtbohuslan.se\/kustzonsplanering\/aktiviteter\/","schema":{"@context":"https:\/\/schema.org","@graph":[{"@type":"WebPage","@id":"https:\/\/www.tillvaxtbohuslan.se\/kustzonsplanering\/aktiviteter\/","url":"https:\/\/www.tillvaxtbohuslan.se\/kustzonsplanering\/aktiviteter\/","name":"Aktiviteter - Kustzonsplanering och landsbygdsutveckling","isPartOf":{"@id":"https:\/\/www.tillvaxtbohuslan.se\/kustzonsplanering\/#website"},"datePublished":"2014-03-28T11:36:04+00:00","dateModified":"2014-09-09T13:52:41+00:00","breadcrumb":{"@id":"https:\/\/www.tillvaxtbohuslan.se\/kustzonsplanering\/aktiviteter\/#breadcrumb"},"inLanguage":"sv-SE","potentialAction":[{"@type":"ReadAction","target":["https:\/\/www.tillvaxtbohuslan.se\/kustzonsplanering\/aktiviteter\/"]}]},{"@type":"BreadcrumbList","@id":"https:\/\/www.tillvaxtbohuslan.se\/kustzonsplanering\/aktiviteter\/#breadcrumb","itemListElement":[{"@type":"ListItem","position":1,"name":"Hem","item":"https:\/\/www.tillvaxtbohuslan.se\/kustzonsplanering\/"},{"@type":"ListItem","position":2,"name":"Aktiviteter"}]},{"@type":"WebSite","@id":"https:\/\/www.tillvaxtbohuslan.se\/kustzonsplanering\/#website","url":"https:\/\/www.tillvaxtbohuslan.se\/kustzonsplanering\/","name":"Kustzonsplanering och landsbygdsutveckling","description":"","potentialAction":[{"@type":"SearchAction","target":{"@type":"EntryPoint","urlTemplate":"https:\/\/www.tillvaxtbohuslan.se\/kustzonsplanering\/?s={search_term_string}"},"query-input":{"@type":"PropertyValueSpecification","valueRequired":true,"valueName":"search_term_string"}}],"inLanguage":"sv-SE"}]}},"_links":{"self":[{"href":"https:\/\/www.tillvaxtbohuslan.se\/kustzonsplanering\/wp-json\/wp\/v2\/pages\/147","targetHints":{"allow":["GET"]}}],"collection":[{"href":"https:\/\/www.tillvaxtbohuslan.se\/kustzonsplanering\/wp-json\/wp\/v2\/pages"}],"about":[{"href":"https:\/\/www.tillvaxtbohuslan.se\/kustzonsplanering\/wp-json\/wp\/v2\/types\/page"}],"author":[{"embeddable":true,"href":"https:\/\/www.tillvaxtbohuslan.se\/kustzonsplanering\/wp-json\/wp\/v2\/users\/1"}],"replies":[{"embeddable":true,"href":"https:\/\/www.tillvaxtbohuslan.se\/kustzonsplanering\/wp-json\/wp\/v2\/comments?post=147"}],"version-history":[{"count":4,"href":"https:\/\/www.tillvaxtbohuslan.se\/kustzonsplanering\/wp-json\/wp\/v2\/pages\/147\/revisions"}],"predecessor-version":[{"id":295,"href":"https:\/\/www.tillvaxtbohuslan.se\/kustzonsplanering\/wp-json\/wp\/v2\/pages\/147\/revisions\/295"}],"wp:attachment":[{"href":"https:\/\/www.tillvaxtbohuslan.se\/kustzonsplanering\/wp-json\/wp\/v2\/media?parent=147"}],"curies":[{"name":"wp","href":"https:\/\/api.w.org\/{rel}","templated":true}]}}