{"id":2,"date":"2014-02-19T14:39:28","date_gmt":"2014-02-19T13:39:28","guid":{"rendered":"https:\/\/www.tillvaxtbohuslan.se\/testar\/?page_id=2"},"modified":"2019-12-09T17:41:34","modified_gmt":"2019-12-09T16:41:34","slug":"startsida-dop-om-mig-till-ratt-namn-och-byt-ut-permalank","status":"publish","type":"page","link":"https:\/\/www.tillvaxtbohuslan.se\/kustnara-fiske\/","title":{"rendered":"Det viktiga kustn\u00e4ra fisket"},"content":{"rendered":"<p>Det kustn\u00e4ra fisket har i generationer spelat en viktig roll f\u00f6r Bohuskommunerna. Unika fiskel\u00e4gen, fiskehamnar och lokalt fiske s\u00e4tter \u00e4n idag sin pr\u00e4gel p\u00e5 kustsamh\u00e4llena och bildar en viktig grund f\u00f6r bes\u00f6ksn\u00e4ringen. Flera rapporter visar p\u00e5 det n\u00e4ra sambandet mellan lokalt f\u00f6rankrat fiske och tillv\u00e4xt.<br \/>\nNedan har vi samlat l\u00e4sning om kustfiskets betydelse f\u00f6r kustkommunerna och fakta om fisket.<\/p>\n<h3><strong>H\u00e5llbart fiske &#8211; ett projekt inom Europeiska havs- och fiskerifonden 2018-2019<\/strong><\/h3>\n<p>Inom projektet utf\u00f6rdes:<\/p>\n<p>En intervjustudie av det kustn\u00e4ra fisket i Bohusl\u00e4n 2019<\/p>\n<p>Flera temadagar f\u00f6r fisket, myndigheter och organsiationer<\/p>\n<p>4 artiklar om fiske i Bohusl\u00e4n<\/p>\n<p>Tv\u00e5 stycken tv\u00e5-dagars utbildningar i hur det fiskas i Kosterhavets nationalpark f\u00f6r myndigheter och tj\u00e4nstem\u00e4n<\/p>\n<p>En film om fiske i Kosterhavets nationalpark<\/p>\n<p><a href=\"https:\/\/youtu.be\/Lyz2W_iqEIg\">Trailer<\/a>, <a href=\"https:\/\/youtu.be\/3bDzhYlyizM\">Filmen<\/a> samt en<a href=\"https:\/\/youtu.be\/rlIORvFLhGk\"> kortfilm<\/a> om Samf\u00f6rvaltning norra Bohusl\u00e4n<\/p>\n<p>Se mer info p\u00e5 <a href=\"https:\/\/www.fiskekommunerna.nu\/\">www.fiskekommunerna.nu<\/a> samt <a href=\"http:\/\/www.samforvaltningnorrabohuslan.se\/\">http:\/\/www.samforvaltningnorrabohuslan.se\/<\/a><\/p>\n<p>&nbsp;<\/p>\n<p>&nbsp;<\/p>\n<p><strong>Pressmeddelande och skrivelse till Havs- och vattenmyndigheten, 26 feb 2015<\/strong><\/p>\n<p><a href=\"https:\/\/www.tillvaxtbohuslan.se\/kustnara-fiske\/wp-content\/uploads\/sites\/14\/2014\/02\/skrivelse-2015-1.0.pdf\">Skrivelse 2015<\/a><br \/>\n<a href=\"https:\/\/www.tillvaxtbohuslan.se\/kustnara-fiske\/wp-content\/uploads\/sites\/14\/2015\/02\/pressrealease-2015-02-27.pdf\" target=\"_blank\" rel=\"noopener noreferrer\">Pressrelease 2015-02-26<br \/>\n<\/a><a href=\"https:\/\/www.tillvaxtbohuslan.se\/kustnara-fiske\/wp-content\/uploads\/sites\/14\/2015\/02\/korta-fakta-folder-e65.pdf\" target=\"_blank\" rel=\"noopener noreferrer\">Korta fakta om fisket i norra Bohusl\u00e4n<\/a><\/p>\n<h3><strong>Rapporter och annan information<\/strong><\/h3>\n<ul>\n<li><strong><a href=\"https:\/\/www.tillvaxtbohuslan.se\/kustnara-fiske\/wp-content\/uploads\/sites\/14\/2015\/02\/ny-bla-op-programhandling-slutgiltig.pdf\" target=\"_blank\" rel=\"noopener noreferrer\">Ny Bl\u00e5 \u00d6P programhandling<\/a><\/strong>&#8211; konsensusdokument mellan Str\u00f6mstads, Tanums, Soten\u00e4s och Lysekils kommuner, med m\u00e5l f\u00f6r bland annat fiske.<\/li>\n<li><a href=\"https:\/\/www.tillvaxtbohuslan.se\/kustnara-fiske\/wp-content\/uploads\/sites\/14\/2015\/02\/bla-op-med-maritim-naringslivsstrategi-v2-dec-2013-kort2.pdf\" target=\"_blank\" rel=\"noopener noreferrer\"><strong>Maritim n\u00e4ringslivsstrategi<\/strong> &#8211;<\/a> f\u00f6r Str\u00f6mstads, Tanums, Soten\u00e4s och Lysekils kommuner.<\/li>\n<li><strong><a href=\"https:\/\/www.tillvaxtbohuslan.se\/kustnara-fiske\/wp-content\/uploads\/sites\/14\/2015\/02\/slutrapport-fiskeresursen.pdf\" target=\"_blank\" rel=\"noopener noreferrer\">Fiskeresursen &#8211; hur kan den f\u00f6rdelas?\u00a0<\/a><\/strong><br \/>\nSlutrapport, Samf\u00f6rvaltning Norra Bohusl\u00e4n 2014. Rapport om f\u00f6rdelning av fisker\u00e4ttigheter och diskussion om konsekvenser f\u00f6r den sm\u00e5skaliga n\u00e4ringen vid ett inf\u00f6rande av s\u00e4ljbara fisker\u00e4ttigheter (TFC). Inneh\u00e5ller f\u00f6rslag till definition av kustn\u00e4ra fiske.<\/li>\n<li><a href=\"https:\/\/www.tillvaxtbohuslan.se\/kustnara-fiske\/wp-content\/uploads\/sites\/14\/2015\/02\/13-07-fiskets-betydelse-kustkommunerna-bohuslan-fiskekommunerna-2013.pdf\" target=\"_blank\" rel=\"noopener noreferrer\"><strong>Kustfiskets betydelse f\u00f6r Bohusl\u00e4ns kustkommuner<\/strong> &#8211; <\/a>Rapport, Fiskeomr\u00e5de Bohusl\u00e4n 2013. En genomg\u00e5ng av fiskets f\u00f6rankring i kustkommunerna, beskrivning av nyckelfr\u00e5gor f\u00f6r framtiden och statistik \u00f6ver fiskets utveckling.<\/li>\n<li><strong><a href=\"https:\/\/www.tillvaxtbohuslan.se\/kustnara-fiske\/wp-content\/uploads\/sites\/14\/2015\/02\/fiskerapport-low-2.pdf\" target=\"_blank\" rel=\"noopener noreferrer\">Sm\u00e5skaligt kustn\u00e4ra fiske i Bohusl\u00e4n &#8211;\u00a0 En intervjustudie <\/a><\/strong>Fiskeomr\u00e5de Bohusl\u00e4n 2013. Ett 30-tal fiskare p\u00e5 mindre b\u00e5tar samt f\u00f6retr\u00e4dare f\u00f6r fiskerelaterade kringn\u00e4ringar intervjuas i denna studie. Ger en bild av dagens fiske och av fiskarnas tankar och farh\u00e5gor om framtiden.<\/li>\n<li><a href=\"http:\/\/www.vastsverige.com\/sv\/vastsvenska-turistradet\/artiklar\/Varumarket-Bohuslan--Guiden-till-bilden-av-Bohuslan\/\" target=\"_blank\" rel=\"noopener noreferrer\"><strong>Guide till bilden av Bohusl\u00e4n<\/strong> &#8211; <\/a>V\u00e4stsvenska turistr\u00e5dets strategi f\u00f6r bes\u00f6ksn\u00e4ringen 2013, d\u00e4r \u201dskaldjur\u201d och \u201dm\u00e4nniskor\u201d \u00e4r tv\u00e5 av de profilb\u00e4rare som ska bidra till framg\u00e5ng f\u00f6r bes\u00f6ksn\u00e4ringen.<\/li>\n<\/ul>\n<p>&nbsp;<\/p>\n<h3><strong>P\u00e5 v\u00e4g mot h\u00e5llbart fiske<\/strong><\/h3>\n<p><strong><a href=\"http:\/\/samforvaltningnorrabohuslan.se\/\" target=\"_blank\" rel=\"noopener noreferrer\">samforvaltningnorrabohuslan.se<\/a> <\/strong>, <strong>ett initiativ f\u00f6r h\u00e5llbart fiske i Str\u00f6mstads och Tanums kommuner<\/strong>. Via organisationen <em>Samf\u00f6rvaltning Norra Bohusl\u00e4n<\/em> samf\u00f6rvaltas fiskevattnen med m\u00e5let att kombinera b\u00e5de fiskets och naturv\u00e5rdens intressen. Arbetet omfattar delvis vattnen inom Kosterhavets nationalpark.<\/p>\n<p>&nbsp;<\/p>\n<p>&nbsp;<\/p>\n","protected":false},"excerpt":{"rendered":"<p>Det kustn\u00e4ra fisket har i generationer spelat en viktig roll f\u00f6r Bohuskommunerna. Unika fiskel\u00e4gen, fiskehamnar och lokalt fiske s\u00e4tter \u00e4n idag sin pr\u00e4gel p\u00e5 kustsamh\u00e4llena och bildar en viktig grund f\u00f6r bes\u00f6ksn\u00e4ringen. Flera rapporter visar p\u00e5 det n\u00e4ra sambandet mellan &hellip; <a href=\"https:\/\/www.tillvaxtbohuslan.se\/kustnara-fiske\/\" title=\"Det viktiga kustn\u00e4ra fisket\">Forts\u00e4tt l\u00e4sa <span class=\"meta-nav\"><i class=\"icon-long-arrow-right\"><\/i><\/span><\/a><\/p>\n","protected":false},"author":1,"featured_media":0,"parent":0,"menu_order":0,"comment_status":"closed","ping_status":"closed","template":"","meta":{"_acf_changed":false,"footnotes":""},"class_list":["post-2","page","type-page","status-publish","hentry"],"acf":[],"yoast_head":"<!-- This site is optimized with the Yoast SEO plugin v27.4 - https:\/\/yoast.com\/product\/yoast-seo-wordpress\/ -->\n<title>Det viktiga kustn\u00e4ra fisket - Kustn\u00e4ra fiske - h\u00e5llbart fiske<\/title>\n<meta name=\"robots\" content=\"index, follow, max-snippet:-1, max-image-preview:large, max-video-preview:-1\" \/>\n<link rel=\"canonical\" href=\"https:\/\/www.tillvaxtbohuslan.se\/kustnara-fiske\/\" \/>\n<meta name=\"twitter:label1\" content=\"Ber\u00e4knad l\u00e4stid\" \/>\n\t<meta name=\"twitter:data1\" content=\"2 minuter\" \/>\n<script type=\"application\/ld+json\" class=\"yoast-schema-graph\">{\"@context\":\"https:\\\/\\\/schema.org\",\"@graph\":[{\"@type\":\"WebPage\",\"@id\":\"https:\\\/\\\/www.tillvaxtbohuslan.se\\\/kustnara-fiske\\\/\",\"url\":\"https:\\\/\\\/www.tillvaxtbohuslan.se\\\/kustnara-fiske\\\/\",\"name\":\"Det viktiga kustn\u00e4ra fisket - Kustn\u00e4ra fiske - h\u00e5llbart fiske\",\"isPartOf\":{\"@id\":\"https:\\\/\\\/www.tillvaxtbohuslan.se\\\/kustnara-fiske\\\/#website\"},\"datePublished\":\"2014-02-19T13:39:28+00:00\",\"dateModified\":\"2019-12-09T16:41:34+00:00\",\"breadcrumb\":{\"@id\":\"https:\\\/\\\/www.tillvaxtbohuslan.se\\\/kustnara-fiske\\\/#breadcrumb\"},\"inLanguage\":\"sv-SE\",\"potentialAction\":[{\"@type\":\"ReadAction\",\"target\":[\"https:\\\/\\\/www.tillvaxtbohuslan.se\\\/kustnara-fiske\\\/\"]}]},{\"@type\":\"BreadcrumbList\",\"@id\":\"https:\\\/\\\/www.tillvaxtbohuslan.se\\\/kustnara-fiske\\\/#breadcrumb\",\"itemListElement\":[{\"@type\":\"ListItem\",\"position\":1,\"name\":\"Hem\",\"item\":\"https:\\\/\\\/www.tillvaxtbohuslan.se\\\/kustnara-fiske\\\/\"},{\"@type\":\"ListItem\",\"position\":2,\"name\":\"Det viktiga kustn\u00e4ra fisket\"}]},{\"@type\":\"WebSite\",\"@id\":\"https:\\\/\\\/www.tillvaxtbohuslan.se\\\/kustnara-fiske\\\/#website\",\"url\":\"https:\\\/\\\/www.tillvaxtbohuslan.se\\\/kustnara-fiske\\\/\",\"name\":\"Kustn\u00e4ra fiske - h\u00e5llbart fiske\",\"description\":\"\",\"potentialAction\":[{\"@type\":\"SearchAction\",\"target\":{\"@type\":\"EntryPoint\",\"urlTemplate\":\"https:\\\/\\\/www.tillvaxtbohuslan.se\\\/kustnara-fiske\\\/?s={search_term_string}\"},\"query-input\":{\"@type\":\"PropertyValueSpecification\",\"valueRequired\":true,\"valueName\":\"search_term_string\"}}],\"inLanguage\":\"sv-SE\"}]}<\/script>\n<!-- \/ Yoast SEO plugin. -->","yoast_head_json":{"title":"Det viktiga kustn\u00e4ra fisket - Kustn\u00e4ra fiske - h\u00e5llbart fiske","robots":{"index":"index","follow":"follow","max-snippet":"max-snippet:-1","max-image-preview":"max-image-preview:large","max-video-preview":"max-video-preview:-1"},"canonical":"https:\/\/www.tillvaxtbohuslan.se\/kustnara-fiske\/","twitter_misc":{"Ber\u00e4knad l\u00e4stid":"2 minuter"},"schema":{"@context":"https:\/\/schema.org","@graph":[{"@type":"WebPage","@id":"https:\/\/www.tillvaxtbohuslan.se\/kustnara-fiske\/","url":"https:\/\/www.tillvaxtbohuslan.se\/kustnara-fiske\/","name":"Det viktiga kustn\u00e4ra fisket - Kustn\u00e4ra fiske - h\u00e5llbart fiske","isPartOf":{"@id":"https:\/\/www.tillvaxtbohuslan.se\/kustnara-fiske\/#website"},"datePublished":"2014-02-19T13:39:28+00:00","dateModified":"2019-12-09T16:41:34+00:00","breadcrumb":{"@id":"https:\/\/www.tillvaxtbohuslan.se\/kustnara-fiske\/#breadcrumb"},"inLanguage":"sv-SE","potentialAction":[{"@type":"ReadAction","target":["https:\/\/www.tillvaxtbohuslan.se\/kustnara-fiske\/"]}]},{"@type":"BreadcrumbList","@id":"https:\/\/www.tillvaxtbohuslan.se\/kustnara-fiske\/#breadcrumb","itemListElement":[{"@type":"ListItem","position":1,"name":"Hem","item":"https:\/\/www.tillvaxtbohuslan.se\/kustnara-fiske\/"},{"@type":"ListItem","position":2,"name":"Det viktiga kustn\u00e4ra fisket"}]},{"@type":"WebSite","@id":"https:\/\/www.tillvaxtbohuslan.se\/kustnara-fiske\/#website","url":"https:\/\/www.tillvaxtbohuslan.se\/kustnara-fiske\/","name":"Kustn\u00e4ra fiske - h\u00e5llbart fiske","description":"","potentialAction":[{"@type":"SearchAction","target":{"@type":"EntryPoint","urlTemplate":"https:\/\/www.tillvaxtbohuslan.se\/kustnara-fiske\/?s={search_term_string}"},"query-input":{"@type":"PropertyValueSpecification","valueRequired":true,"valueName":"search_term_string"}}],"inLanguage":"sv-SE"}]}},"_links":{"self":[{"href":"https:\/\/www.tillvaxtbohuslan.se\/kustnara-fiske\/wp-json\/wp\/v2\/pages\/2","targetHints":{"allow":["GET"]}}],"collection":[{"href":"https:\/\/www.tillvaxtbohuslan.se\/kustnara-fiske\/wp-json\/wp\/v2\/pages"}],"about":[{"href":"https:\/\/www.tillvaxtbohuslan.se\/kustnara-fiske\/wp-json\/wp\/v2\/types\/page"}],"author":[{"embeddable":true,"href":"https:\/\/www.tillvaxtbohuslan.se\/kustnara-fiske\/wp-json\/wp\/v2\/users\/1"}],"replies":[{"embeddable":true,"href":"https:\/\/www.tillvaxtbohuslan.se\/kustnara-fiske\/wp-json\/wp\/v2\/comments?post=2"}],"version-history":[{"count":37,"href":"https:\/\/www.tillvaxtbohuslan.se\/kustnara-fiske\/wp-json\/wp\/v2\/pages\/2\/revisions"}],"predecessor-version":[{"id":188,"href":"https:\/\/www.tillvaxtbohuslan.se\/kustnara-fiske\/wp-json\/wp\/v2\/pages\/2\/revisions\/188"}],"wp:attachment":[{"href":"https:\/\/www.tillvaxtbohuslan.se\/kustnara-fiske\/wp-json\/wp\/v2\/media?parent=2"}],"curies":[{"name":"wp","href":"https:\/\/api.w.org\/{rel}","templated":true}]}}