{"id":2,"date":"2014-02-19T14:39:28","date_gmt":"2014-02-19T13:39:28","guid":{"rendered":"https:\/\/www.tillvaxtbohuslan.se\/testar\/?page_id=2"},"modified":"2014-09-09T15:52:19","modified_gmt":"2014-09-09T13:52:19","slug":"startsida-dop-om-mig-till-ratt-namn-och-byt-ut-permalank","status":"publish","type":"page","link":"https:\/\/www.tillvaxtbohuslan.se\/gron-affarsutveckling\/","title":{"rendered":"Gr\u00f6n Aff\u00e4rsutveckling"},"content":{"rendered":"<div>\n<p>Gr\u00f6n aff\u00e4rsutveckling v\u00e4nde sig till lantbrukare och landsbygdsf\u00f6retagare i de sex nordbohusl\u00e4nska kommunerna, Orust, Lysekil, Soten\u00e4s, Munkedal, Tanum och Str\u00f6mstad. Genom st\u00f6d skulle de kunna utveckla b\u00e5de id\u00e9er och l\u00f6nsamhet.<\/p>\n<p><b>M\u00e5l<br \/>\n<\/b>Det f\u00f6rsta av tre huvudm\u00e5l var att f\u00e5nga upp och f\u00f6rst\u00e4rka id\u00e9er hos lantbrukare och landsbygdsf\u00f6retagare f\u00f6r att starta eller vidareutveckla eget f\u00f6retag. Det andra huvudm\u00e5let var att inspirera till id\u00e9er hos den enskilde f\u00f6retagaren och det tredje huvudm\u00e5let att vara en brygga mellan enskilda f\u00f6retagare och andra resurser f\u00f6r aff\u00e4rsutveckling.<\/p>\n<p><b>M\u00e5lgrupp<br \/>\n<\/b>Den prim\u00e4ra m\u00e5lgruppen var \u00e4gare till och brukare av jordbruksfastigheter i de sex nordbohusl\u00e4nska kommunerna. Andra m\u00e5lgrupper var turist- och mikrof\u00f6retagare p\u00e5 landsbygden och i sk\u00e4rg\u00e5rden.<\/p>\n<p><b>St\u00f6d f\u00f6r aff\u00e4rsutveckling<br \/>\n<\/b>Arbetsmetodiken var upps\u00f6kande verksamhet, s\u00e5 kallade &#8221;k\u00f6ksbordsdiskussioner&#8221;, d\u00e4r man via samtal stimulerade till aff\u00e4rsutveckling. Vidare kunde intresserade f\u00e5 hj\u00e4lp med att uppr\u00e4tta investerings- och finansieringsplaner, kalkyler och budgetar samt olika ans\u00f6kningar om finansiering med mera.<\/p>\n<p><b>Bred satsning<br \/>\n<\/b>Gr\u00f6n Aff\u00e4rsutveckling arrangerade seminarier och studiebes\u00f6k f\u00f6r att sprida kompetens inom olika n\u00e4tverk. Bakom satsningen stod de sex kommunerna och LRF V\u00e4st. Medfinansi\u00e4rer var L\u00e4nsstyrelsen, V\u00e4stra G\u00f6talandsregionen\/Naturbruksgymnasiet och Almi V\u00e4st AB. Projekt\u00e4gare var Str\u00f6mstads kommun som ocks\u00e5 utgjorde sekretariatet f\u00f6r Tillv\u00e4xt Norra Bohusl\u00e4n.<\/p>\n<p>&nbsp;<\/p>\n<p>&nbsp;<\/p>\n<p>&nbsp;<\/p>\n<\/div>\n","protected":false},"excerpt":{"rendered":"<p>Gr\u00f6n aff\u00e4rsutveckling v\u00e4nde sig till lantbrukare och landsbygdsf\u00f6retagare i de sex nordbohusl\u00e4nska kommunerna, Orust, Lysekil, Soten\u00e4s, Munkedal, Tanum och Str\u00f6mstad. Genom st\u00f6d skulle de kunna utveckla b\u00e5de id\u00e9er och l\u00f6nsamhet. M\u00e5l Det f\u00f6rsta av tre huvudm\u00e5l var att f\u00e5nga upp &hellip; <a href=\"https:\/\/www.tillvaxtbohuslan.se\/gron-affarsutveckling\/\" title=\"Gr\u00f6n Aff\u00e4rsutveckling\">Forts\u00e4tt l\u00e4sa <span class=\"meta-nav\"><i class=\"icon-long-arrow-right\"><\/i><\/span><\/a><\/p>\n","protected":false},"author":1,"featured_media":0,"parent":0,"menu_order":0,"comment_status":"closed","ping_status":"closed","template":"","meta":{"_acf_changed":false,"footnotes":""},"class_list":["post-2","page","type-page","status-publish","hentry"],"acf":[],"yoast_head":"<!-- This site is optimized with the Yoast SEO plugin v27.4 - https:\/\/yoast.com\/product\/yoast-seo-wordpress\/ -->\n<title>Gr\u00f6n Aff\u00e4rsutveckling - Gr\u00f6n Aff\u00e4rsutveckling<\/title>\n<meta name=\"robots\" content=\"index, follow, max-snippet:-1, max-image-preview:large, max-video-preview:-1\" \/>\n<link rel=\"canonical\" href=\"https:\/\/www.tillvaxtbohuslan.se\/gron-affarsutveckling\/\" \/>\n<meta name=\"twitter:label1\" content=\"Ber\u00e4knad l\u00e4stid\" \/>\n\t<meta name=\"twitter:data1\" content=\"1 minut\" \/>\n<script type=\"application\/ld+json\" class=\"yoast-schema-graph\">{\"@context\":\"https:\\\/\\\/schema.org\",\"@graph\":[{\"@type\":\"WebPage\",\"@id\":\"https:\\\/\\\/www.tillvaxtbohuslan.se\\\/gron-affarsutveckling\\\/\",\"url\":\"https:\\\/\\\/www.tillvaxtbohuslan.se\\\/gron-affarsutveckling\\\/\",\"name\":\"Gr\u00f6n Aff\u00e4rsutveckling - Gr\u00f6n Aff\u00e4rsutveckling\",\"isPartOf\":{\"@id\":\"https:\\\/\\\/www.tillvaxtbohuslan.se\\\/gron-affarsutveckling\\\/#website\"},\"datePublished\":\"2014-02-19T13:39:28+00:00\",\"dateModified\":\"2014-09-09T13:52:19+00:00\",\"inLanguage\":\"sv-SE\",\"potentialAction\":[{\"@type\":\"ReadAction\",\"target\":[\"https:\\\/\\\/www.tillvaxtbohuslan.se\\\/gron-affarsutveckling\\\/\"]}]},{\"@type\":\"WebSite\",\"@id\":\"https:\\\/\\\/www.tillvaxtbohuslan.se\\\/gron-affarsutveckling\\\/#website\",\"url\":\"https:\\\/\\\/www.tillvaxtbohuslan.se\\\/gron-affarsutveckling\\\/\",\"name\":\"Gr\u00f6n Aff\u00e4rsutveckling\",\"description\":\"\",\"potentialAction\":[{\"@type\":\"SearchAction\",\"target\":{\"@type\":\"EntryPoint\",\"urlTemplate\":\"https:\\\/\\\/www.tillvaxtbohuslan.se\\\/gron-affarsutveckling\\\/?s={search_term_string}\"},\"query-input\":{\"@type\":\"PropertyValueSpecification\",\"valueRequired\":true,\"valueName\":\"search_term_string\"}}],\"inLanguage\":\"sv-SE\"}]}<\/script>\n<!-- \/ Yoast SEO plugin. -->","yoast_head_json":{"title":"Gr\u00f6n Aff\u00e4rsutveckling - Gr\u00f6n Aff\u00e4rsutveckling","robots":{"index":"index","follow":"follow","max-snippet":"max-snippet:-1","max-image-preview":"max-image-preview:large","max-video-preview":"max-video-preview:-1"},"canonical":"https:\/\/www.tillvaxtbohuslan.se\/gron-affarsutveckling\/","twitter_misc":{"Ber\u00e4knad l\u00e4stid":"1 minut"},"schema":{"@context":"https:\/\/schema.org","@graph":[{"@type":"WebPage","@id":"https:\/\/www.tillvaxtbohuslan.se\/gron-affarsutveckling\/","url":"https:\/\/www.tillvaxtbohuslan.se\/gron-affarsutveckling\/","name":"Gr\u00f6n Aff\u00e4rsutveckling - Gr\u00f6n Aff\u00e4rsutveckling","isPartOf":{"@id":"https:\/\/www.tillvaxtbohuslan.se\/gron-affarsutveckling\/#website"},"datePublished":"2014-02-19T13:39:28+00:00","dateModified":"2014-09-09T13:52:19+00:00","inLanguage":"sv-SE","potentialAction":[{"@type":"ReadAction","target":["https:\/\/www.tillvaxtbohuslan.se\/gron-affarsutveckling\/"]}]},{"@type":"WebSite","@id":"https:\/\/www.tillvaxtbohuslan.se\/gron-affarsutveckling\/#website","url":"https:\/\/www.tillvaxtbohuslan.se\/gron-affarsutveckling\/","name":"Gr\u00f6n Aff\u00e4rsutveckling","description":"","potentialAction":[{"@type":"SearchAction","target":{"@type":"EntryPoint","urlTemplate":"https:\/\/www.tillvaxtbohuslan.se\/gron-affarsutveckling\/?s={search_term_string}"},"query-input":{"@type":"PropertyValueSpecification","valueRequired":true,"valueName":"search_term_string"}}],"inLanguage":"sv-SE"}]}},"_links":{"self":[{"href":"https:\/\/www.tillvaxtbohuslan.se\/gron-affarsutveckling\/wp-json\/wp\/v2\/pages\/2","targetHints":{"allow":["GET"]}}],"collection":[{"href":"https:\/\/www.tillvaxtbohuslan.se\/gron-affarsutveckling\/wp-json\/wp\/v2\/pages"}],"about":[{"href":"https:\/\/www.tillvaxtbohuslan.se\/gron-affarsutveckling\/wp-json\/wp\/v2\/types\/page"}],"author":[{"embeddable":true,"href":"https:\/\/www.tillvaxtbohuslan.se\/gron-affarsutveckling\/wp-json\/wp\/v2\/users\/1"}],"replies":[{"embeddable":true,"href":"https:\/\/www.tillvaxtbohuslan.se\/gron-affarsutveckling\/wp-json\/wp\/v2\/comments?post=2"}],"version-history":[{"count":13,"href":"https:\/\/www.tillvaxtbohuslan.se\/gron-affarsutveckling\/wp-json\/wp\/v2\/pages\/2\/revisions"}],"predecessor-version":[{"id":160,"href":"https:\/\/www.tillvaxtbohuslan.se\/gron-affarsutveckling\/wp-json\/wp\/v2\/pages\/2\/revisions\/160"}],"wp:attachment":[{"href":"https:\/\/www.tillvaxtbohuslan.se\/gron-affarsutveckling\/wp-json\/wp\/v2\/media?parent=2"}],"curies":[{"name":"wp","href":"https:\/\/api.w.org\/{rel}","templated":true}]}}