{"id":82,"date":"2017-09-28T08:48:22","date_gmt":"2017-09-28T06:48:22","guid":{"rendered":"https:\/\/www.tillvaxtbohuslan.se\/granitkusten\/?page_id=82"},"modified":"2017-09-28T08:48:22","modified_gmt":"2017-09-28T06:48:22","slug":"faq","status":"publish","type":"page","link":"https:\/\/www.tillvaxtbohuslan.se\/granitkusten\/faq\/","title":{"rendered":"FAQ"},"content":{"rendered":"<p><strong>Vad \u00e4r projekt Granitkusten?<\/strong><br \/>\nProjekt GRANITKUSTEN vill etablera en stadigvarande plattform f\u00f6r gemensam utveckling av norra Bohusl\u00e4n som bygger p\u00e5 granitlandskapets unika natur- och kulturarv. GRANITKUSTEN \u00e4r t\u00e4nkt att utg\u00f6ra en portal som ska utveckla natur-och kulturarvsturism genom att st\u00e4rka befintliga akt\u00f6rer samt skapa fler entrepren\u00f6rer inom kultur- och bes\u00f6ksn\u00e4ringen.<br \/>\nGRANITKUSTEN skall skapas utifr\u00e5n en modell som redovisats i f\u00f6rstudien GRANIT. Modellen innefattar sex insatsomr\u00e5den som bygger p\u00e5 ett successivt genomf\u00f6rande och processarbete i dialog med utvalda akt\u00f6rer.<\/p>\n<p><strong>Vad inneb\u00e4r insatsomr\u00e5de\/delprojekt 1?<\/strong><br \/>\nDe intresserade, granitrelaterade akt\u00f6rerna i de utvalda milj\u00f6erna ska i f\u00f6rsta delprojektet genomg\u00e5 en swotanalys f\u00f6r att vaska fram \u00e5tg\u00e4rder och m\u00f6jligheter till samverkan s\u00e5 att varje milj\u00f6 kan utvecklas till ett komplett bes\u00f6ksm\u00e5l. Arbetet skall mynna ut i \u00e5tg\u00e4rds-\/handlingsplaner som skall genomf\u00f6ras genom nya delprojekt d\u00e4r deltagarna kommer att erbjudas utvecklingsst\u00f6d i form av workshops, seminarier, kompetensf\u00f6rs\u00f6rjning, investeringar, framtagande av aff\u00e4rsid\u00e9 m m. Hur n\u00e4sta insatsomr\u00e5de i Granitkusten kommer att se ut p\u00e5verkas av vad som kommer fram i SWOT-analyserna vilket g\u00f6r det sv\u00e5rt att i nul\u00e4get s\u00e4ga exakt hur Granitkusten kommer att se ut.<\/p>\n<p><strong>Vad inneb\u00e4r en SWOT-analys?<\/strong><br \/>\nBokst\u00e4verna i f\u00f6rkortningen SWOT st\u00e5r f\u00f6r &#8221;Strengths&#8221;, &#8221;Weaknesses&#8221;, &#8221;Opportunities&#8221; och<br \/>\n&#8221;Threats&#8221;, dvs Styrkor, svagheter, m\u00f6jligheter och hot. Det \u00e4r ett planeringshj\u00e4lpmedel f\u00f6r att synligg\u00f6ra och analysera t ex ett projekt. Styrkor och svagheter ber\u00f6r de inre faktorer som p\u00e5verkar verksamheten\/projektet medan m\u00f6jligheter och hot \u00e4r yttre faktorer. Exempel p\u00e5 styrka kan vara att det finns mycket kunskap i t ex en hembygdsf\u00f6rening, att det finns gott om eldsj\u00e4lar, eller att intresset\/efterfr\u00e5ga f\u00f6r omr\u00e5det \u00e4r stort. En svaghet kan vara avsaknaden av ovanst\u00e5ende eller t ex att man inte n\u00e5r ut, att man inte har resurser till marknadsf\u00f6ring. En svaghet kan ocks\u00e5 vara att en verksamhet\/milj\u00f6 saknar en l\u00e5ngsiktig f\u00f6rvaltning, t ex \u00e4r det sv\u00e5rt n\u00e4r det inte automatiskt finns n\u00e5gon f\u00f6rening\/organisation som kan h\u00e5lla i eventuella aktiviteter i en milj\u00f6. En m\u00f6jlighet kan vara att hitta nya s\u00e4tt att paketera ett bes\u00f6ksm\u00e5l eller att samverka med andra akt\u00f6rer medan ett hot kan vara att bes\u00f6kare uteblir eller att bidragen f\u00f6rsvinner.<\/p>\n<p><strong>Finns det m\u00f6jlighet att s\u00f6ka bidrag fr\u00e5n Granitkusten till sitt projekt?<\/strong><br \/>\nExakt hur Granitkusten kommer att se ut i n\u00e4sta insatsomr\u00e5de \u00e4r inte klart \u00e4nnu men f\u00f6r att projektet ska vara inkluderande och att s\u00e5 m\u00e5nga som m\u00f6jligt ska kunna f\u00e5 ta del av det kommer troligen bidrag att s\u00f6kas f\u00f6r en resursenhet som kan hj\u00e4lpa till med bidragsans\u00f6kningar, samordning av evenemang och aktiviteter, n\u00e4tverkande, utbildningar, kurser el dyl. V\u00e4stra G\u00f6talandsregionen vill st\u00f6dja samverkan och vi ser m\u00f6jligheter att man kan ha projekt d\u00e4r milj\u00f6erna kan jobba tillsammans under likadana teman. Tillsammans blir vi starkare.<\/p>\n<p><strong>Vilka f\u00e5r vara med?<\/strong><br \/>\nF\u00f6reningar och lokala entrepren\u00f6rer med anknytning till granit och norra Bohusl\u00e4n. Det kan vara alltifr\u00e5n hembygdsf\u00f6reningar, guider och konstn\u00e4rer till kulturscener och bergskl\u00e4ttrare.<\/p>\n<p><strong>Finns det m\u00f6jlighet att komma med i projektet i ett senare skede?<\/strong><br \/>\nJa, det g\u00f6r det men man kanske ha mindre chans att p\u00e5verka hur Granitkusten ska se ut?<\/p>\n<p><strong>\u00c4r det tanken att projektid\u00e9erna ska tas \u00f6ver av Granitkusten?<\/strong><br \/>\nNej, varje projekt \u00e4r var och ens. Granitkusten \u00e4r bara t\u00e4nkt att underl\u00e4tta, samordna, skapa f\u00f6ruts\u00e4ttningar f\u00f6r n\u00e4tverkande m.m.<\/p>\n","protected":false},"excerpt":{"rendered":"<p>Vad \u00e4r projekt Granitkusten? Projekt GRANITKUSTEN vill etablera en stadigvarande plattform f\u00f6r gemensam utveckling av norra Bohusl\u00e4n som bygger p\u00e5 granitlandskapets unika natur- och kulturarv. GRANITKUSTEN \u00e4r t\u00e4nkt att utg\u00f6ra en portal som ska utveckla natur-och kulturarvsturism genom att st\u00e4rka &hellip; <a href=\"https:\/\/www.tillvaxtbohuslan.se\/granitkusten\/faq\/\" title=\"FAQ\">Forts\u00e4tt l\u00e4sa <span class=\"meta-nav\"><i class=\"icon-long-arrow-right\"><\/i><\/span><\/a><\/p>\n","protected":false},"author":1,"featured_media":0,"parent":0,"menu_order":0,"comment_status":"closed","ping_status":"closed","template":"","meta":{"_acf_changed":false,"footnotes":""},"class_list":["post-82","page","type-page","status-publish","hentry"],"acf":[],"yoast_head":"<!-- This site is optimized with the Yoast SEO plugin v27.4 - https:\/\/yoast.com\/product\/yoast-seo-wordpress\/ -->\n<title>FAQ - Granitkusten<\/title>\n<meta name=\"robots\" content=\"index, follow, max-snippet:-1, max-image-preview:large, max-video-preview:-1\" \/>\n<link rel=\"canonical\" href=\"https:\/\/www.tillvaxtbohuslan.se\/granitkusten\/faq\/\" \/>\n<meta property=\"og:locale\" content=\"sv_SE\" \/>\n<meta property=\"og:type\" content=\"article\" \/>\n<meta property=\"og:title\" content=\"FAQ - Granitkusten\" \/>\n<meta property=\"og:description\" content=\"Vad \u00e4r projekt Granitkusten? Projekt GRANITKUSTEN vill etablera en stadigvarande plattform f\u00f6r gemensam utveckling av norra Bohusl\u00e4n som bygger p\u00e5 granitlandskapets unika natur- och kulturarv. GRANITKUSTEN \u00e4r t\u00e4nkt att utg\u00f6ra en portal som ska utveckla natur-och kulturarvsturism genom att st\u00e4rka &hellip; Forts\u00e4tt l\u00e4sa\" \/>\n<meta property=\"og:url\" content=\"https:\/\/www.tillvaxtbohuslan.se\/granitkusten\/faq\/\" \/>\n<meta property=\"og:site_name\" content=\"Granitkusten\" \/>\n<meta name=\"twitter:card\" content=\"summary_large_image\" \/>\n<meta name=\"twitter:label1\" content=\"Ber\u00e4knad l\u00e4stid\" \/>\n\t<meta name=\"twitter:data1\" content=\"3 minuter\" \/>\n<script type=\"application\/ld+json\" class=\"yoast-schema-graph\">{\"@context\":\"https:\\\/\\\/schema.org\",\"@graph\":[{\"@type\":\"WebPage\",\"@id\":\"https:\\\/\\\/www.tillvaxtbohuslan.se\\\/granitkusten\\\/faq\\\/\",\"url\":\"https:\\\/\\\/www.tillvaxtbohuslan.se\\\/granitkusten\\\/faq\\\/\",\"name\":\"FAQ - Granitkusten\",\"isPartOf\":{\"@id\":\"https:\\\/\\\/www.tillvaxtbohuslan.se\\\/granitkusten\\\/#website\"},\"datePublished\":\"2017-09-28T06:48:22+00:00\",\"breadcrumb\":{\"@id\":\"https:\\\/\\\/www.tillvaxtbohuslan.se\\\/granitkusten\\\/faq\\\/#breadcrumb\"},\"inLanguage\":\"sv-SE\",\"potentialAction\":[{\"@type\":\"ReadAction\",\"target\":[\"https:\\\/\\\/www.tillvaxtbohuslan.se\\\/granitkusten\\\/faq\\\/\"]}]},{\"@type\":\"BreadcrumbList\",\"@id\":\"https:\\\/\\\/www.tillvaxtbohuslan.se\\\/granitkusten\\\/faq\\\/#breadcrumb\",\"itemListElement\":[{\"@type\":\"ListItem\",\"position\":1,\"name\":\"Hem\",\"item\":\"https:\\\/\\\/www.tillvaxtbohuslan.se\\\/granitkusten\\\/\"},{\"@type\":\"ListItem\",\"position\":2,\"name\":\"FAQ\"}]},{\"@type\":\"WebSite\",\"@id\":\"https:\\\/\\\/www.tillvaxtbohuslan.se\\\/granitkusten\\\/#website\",\"url\":\"https:\\\/\\\/www.tillvaxtbohuslan.se\\\/granitkusten\\\/\",\"name\":\"Granitkusten\",\"description\":\"\",\"potentialAction\":[{\"@type\":\"SearchAction\",\"target\":{\"@type\":\"EntryPoint\",\"urlTemplate\":\"https:\\\/\\\/www.tillvaxtbohuslan.se\\\/granitkusten\\\/?s={search_term_string}\"},\"query-input\":{\"@type\":\"PropertyValueSpecification\",\"valueRequired\":true,\"valueName\":\"search_term_string\"}}],\"inLanguage\":\"sv-SE\"}]}<\/script>\n<!-- \/ Yoast SEO plugin. -->","yoast_head_json":{"title":"FAQ - Granitkusten","robots":{"index":"index","follow":"follow","max-snippet":"max-snippet:-1","max-image-preview":"max-image-preview:large","max-video-preview":"max-video-preview:-1"},"canonical":"https:\/\/www.tillvaxtbohuslan.se\/granitkusten\/faq\/","og_locale":"sv_SE","og_type":"article","og_title":"FAQ - Granitkusten","og_description":"Vad \u00e4r projekt Granitkusten? Projekt GRANITKUSTEN vill etablera en stadigvarande plattform f\u00f6r gemensam utveckling av norra Bohusl\u00e4n som bygger p\u00e5 granitlandskapets unika natur- och kulturarv. GRANITKUSTEN \u00e4r t\u00e4nkt att utg\u00f6ra en portal som ska utveckla natur-och kulturarvsturism genom att st\u00e4rka &hellip; Forts\u00e4tt l\u00e4sa","og_url":"https:\/\/www.tillvaxtbohuslan.se\/granitkusten\/faq\/","og_site_name":"Granitkusten","twitter_card":"summary_large_image","twitter_misc":{"Ber\u00e4knad l\u00e4stid":"3 minuter"},"schema":{"@context":"https:\/\/schema.org","@graph":[{"@type":"WebPage","@id":"https:\/\/www.tillvaxtbohuslan.se\/granitkusten\/faq\/","url":"https:\/\/www.tillvaxtbohuslan.se\/granitkusten\/faq\/","name":"FAQ - Granitkusten","isPartOf":{"@id":"https:\/\/www.tillvaxtbohuslan.se\/granitkusten\/#website"},"datePublished":"2017-09-28T06:48:22+00:00","breadcrumb":{"@id":"https:\/\/www.tillvaxtbohuslan.se\/granitkusten\/faq\/#breadcrumb"},"inLanguage":"sv-SE","potentialAction":[{"@type":"ReadAction","target":["https:\/\/www.tillvaxtbohuslan.se\/granitkusten\/faq\/"]}]},{"@type":"BreadcrumbList","@id":"https:\/\/www.tillvaxtbohuslan.se\/granitkusten\/faq\/#breadcrumb","itemListElement":[{"@type":"ListItem","position":1,"name":"Hem","item":"https:\/\/www.tillvaxtbohuslan.se\/granitkusten\/"},{"@type":"ListItem","position":2,"name":"FAQ"}]},{"@type":"WebSite","@id":"https:\/\/www.tillvaxtbohuslan.se\/granitkusten\/#website","url":"https:\/\/www.tillvaxtbohuslan.se\/granitkusten\/","name":"Granitkusten","description":"","potentialAction":[{"@type":"SearchAction","target":{"@type":"EntryPoint","urlTemplate":"https:\/\/www.tillvaxtbohuslan.se\/granitkusten\/?s={search_term_string}"},"query-input":{"@type":"PropertyValueSpecification","valueRequired":true,"valueName":"search_term_string"}}],"inLanguage":"sv-SE"}]}},"_links":{"self":[{"href":"https:\/\/www.tillvaxtbohuslan.se\/granitkusten\/wp-json\/wp\/v2\/pages\/82","targetHints":{"allow":["GET"]}}],"collection":[{"href":"https:\/\/www.tillvaxtbohuslan.se\/granitkusten\/wp-json\/wp\/v2\/pages"}],"about":[{"href":"https:\/\/www.tillvaxtbohuslan.se\/granitkusten\/wp-json\/wp\/v2\/types\/page"}],"author":[{"embeddable":true,"href":"https:\/\/www.tillvaxtbohuslan.se\/granitkusten\/wp-json\/wp\/v2\/users\/1"}],"replies":[{"embeddable":true,"href":"https:\/\/www.tillvaxtbohuslan.se\/granitkusten\/wp-json\/wp\/v2\/comments?post=82"}],"version-history":[{"count":1,"href":"https:\/\/www.tillvaxtbohuslan.se\/granitkusten\/wp-json\/wp\/v2\/pages\/82\/revisions"}],"predecessor-version":[{"id":83,"href":"https:\/\/www.tillvaxtbohuslan.se\/granitkusten\/wp-json\/wp\/v2\/pages\/82\/revisions\/83"}],"wp:attachment":[{"href":"https:\/\/www.tillvaxtbohuslan.se\/granitkusten\/wp-json\/wp\/v2\/media?parent=82"}],"curies":[{"name":"wp","href":"https:\/\/api.w.org\/{rel}","templated":true}]}}