{"id":77,"date":"2017-09-28T08:43:35","date_gmt":"2017-09-28T06:43:35","guid":{"rendered":"https:\/\/www.tillvaxtbohuslan.se\/granitkusten\/?page_id=77"},"modified":"2017-10-02T14:14:17","modified_gmt":"2017-10-02T12:14:17","slug":"styrgrupp","status":"publish","type":"page","link":"https:\/\/www.tillvaxtbohuslan.se\/granitkusten\/styrgrupp\/","title":{"rendered":"Styrgrupp"},"content":{"rendered":"<p>Styrguppen f\u00e5r under projektets g\u00e5ng avst\u00e4mningar och har m\u00f6jligheter att diskutera och kommentera. I styrgruppen sitter representanter fr\u00e5n de medverkande kommunerna i norra Bohusl\u00e4n, det vill s\u00e4ga Str\u00f6mstad, Tanum, Munkedal, Soten\u00e4s och Lysekil samt fr\u00e5n Fyrbodal, Tillv\u00e4xt norra Bohusl\u00e4n och V\u00e4stra g\u00f6talandsregionen.<\/p>\n","protected":false},"excerpt":{"rendered":"<p>Styrguppen f\u00e5r under projektets g\u00e5ng avst\u00e4mningar och har m\u00f6jligheter att diskutera och kommentera. I styrgruppen sitter representanter fr\u00e5n de medverkande kommunerna i norra Bohusl\u00e4n, det vill s\u00e4ga Str\u00f6mstad, Tanum, Munkedal, Soten\u00e4s och Lysekil samt fr\u00e5n Fyrbodal, Tillv\u00e4xt norra Bohusl\u00e4n och &hellip; <a href=\"https:\/\/www.tillvaxtbohuslan.se\/granitkusten\/styrgrupp\/\" title=\"Styrgrupp\">Forts\u00e4tt l\u00e4sa <span class=\"meta-nav\"><i class=\"icon-long-arrow-right\"><\/i><\/span><\/a><\/p>\n","protected":false},"author":1,"featured_media":0,"parent":0,"menu_order":0,"comment_status":"closed","ping_status":"closed","template":"","meta":{"_acf_changed":false,"footnotes":""},"class_list":["post-77","page","type-page","status-publish","hentry"],"acf":[],"yoast_head":"<!-- This site is optimized with the Yoast SEO plugin v27.4 - https:\/\/yoast.com\/product\/yoast-seo-wordpress\/ -->\n<title>Styrgrupp - Granitkusten<\/title>\n<meta name=\"robots\" content=\"index, follow, max-snippet:-1, max-image-preview:large, max-video-preview:-1\" \/>\n<link rel=\"canonical\" href=\"https:\/\/www.tillvaxtbohuslan.se\/granitkusten\/styrgrupp\/\" \/>\n<meta property=\"og:locale\" content=\"sv_SE\" \/>\n<meta property=\"og:type\" content=\"article\" \/>\n<meta property=\"og:title\" content=\"Styrgrupp - Granitkusten\" \/>\n<meta property=\"og:description\" content=\"Styrguppen f\u00e5r under projektets g\u00e5ng avst\u00e4mningar och har m\u00f6jligheter att diskutera och kommentera. I styrgruppen sitter representanter fr\u00e5n de medverkande kommunerna i norra Bohusl\u00e4n, det vill s\u00e4ga Str\u00f6mstad, Tanum, Munkedal, Soten\u00e4s och Lysekil samt fr\u00e5n Fyrbodal, Tillv\u00e4xt norra Bohusl\u00e4n och &hellip; Forts\u00e4tt l\u00e4sa\" \/>\n<meta property=\"og:url\" content=\"https:\/\/www.tillvaxtbohuslan.se\/granitkusten\/styrgrupp\/\" \/>\n<meta property=\"og:site_name\" content=\"Granitkusten\" \/>\n<meta property=\"article:modified_time\" content=\"2017-10-02T12:14:17+00:00\" \/>\n<meta name=\"twitter:card\" content=\"summary_large_image\" \/>\n<script type=\"application\/ld+json\" class=\"yoast-schema-graph\">{\"@context\":\"https:\\\/\\\/schema.org\",\"@graph\":[{\"@type\":\"WebPage\",\"@id\":\"https:\\\/\\\/www.tillvaxtbohuslan.se\\\/granitkusten\\\/styrgrupp\\\/\",\"url\":\"https:\\\/\\\/www.tillvaxtbohuslan.se\\\/granitkusten\\\/styrgrupp\\\/\",\"name\":\"Styrgrupp - Granitkusten\",\"isPartOf\":{\"@id\":\"https:\\\/\\\/www.tillvaxtbohuslan.se\\\/granitkusten\\\/#website\"},\"datePublished\":\"2017-09-28T06:43:35+00:00\",\"dateModified\":\"2017-10-02T12:14:17+00:00\",\"breadcrumb\":{\"@id\":\"https:\\\/\\\/www.tillvaxtbohuslan.se\\\/granitkusten\\\/styrgrupp\\\/#breadcrumb\"},\"inLanguage\":\"sv-SE\",\"potentialAction\":[{\"@type\":\"ReadAction\",\"target\":[\"https:\\\/\\\/www.tillvaxtbohuslan.se\\\/granitkusten\\\/styrgrupp\\\/\"]}]},{\"@type\":\"BreadcrumbList\",\"@id\":\"https:\\\/\\\/www.tillvaxtbohuslan.se\\\/granitkusten\\\/styrgrupp\\\/#breadcrumb\",\"itemListElement\":[{\"@type\":\"ListItem\",\"position\":1,\"name\":\"Hem\",\"item\":\"https:\\\/\\\/www.tillvaxtbohuslan.se\\\/granitkusten\\\/\"},{\"@type\":\"ListItem\",\"position\":2,\"name\":\"Styrgrupp\"}]},{\"@type\":\"WebSite\",\"@id\":\"https:\\\/\\\/www.tillvaxtbohuslan.se\\\/granitkusten\\\/#website\",\"url\":\"https:\\\/\\\/www.tillvaxtbohuslan.se\\\/granitkusten\\\/\",\"name\":\"Granitkusten\",\"description\":\"\",\"potentialAction\":[{\"@type\":\"SearchAction\",\"target\":{\"@type\":\"EntryPoint\",\"urlTemplate\":\"https:\\\/\\\/www.tillvaxtbohuslan.se\\\/granitkusten\\\/?s={search_term_string}\"},\"query-input\":{\"@type\":\"PropertyValueSpecification\",\"valueRequired\":true,\"valueName\":\"search_term_string\"}}],\"inLanguage\":\"sv-SE\"}]}<\/script>\n<!-- \/ Yoast SEO plugin. -->","yoast_head_json":{"title":"Styrgrupp - Granitkusten","robots":{"index":"index","follow":"follow","max-snippet":"max-snippet:-1","max-image-preview":"max-image-preview:large","max-video-preview":"max-video-preview:-1"},"canonical":"https:\/\/www.tillvaxtbohuslan.se\/granitkusten\/styrgrupp\/","og_locale":"sv_SE","og_type":"article","og_title":"Styrgrupp - Granitkusten","og_description":"Styrguppen f\u00e5r under projektets g\u00e5ng avst\u00e4mningar och har m\u00f6jligheter att diskutera och kommentera. I styrgruppen sitter representanter fr\u00e5n de medverkande kommunerna i norra Bohusl\u00e4n, det vill s\u00e4ga Str\u00f6mstad, Tanum, Munkedal, Soten\u00e4s och Lysekil samt fr\u00e5n Fyrbodal, Tillv\u00e4xt norra Bohusl\u00e4n och &hellip; Forts\u00e4tt l\u00e4sa","og_url":"https:\/\/www.tillvaxtbohuslan.se\/granitkusten\/styrgrupp\/","og_site_name":"Granitkusten","article_modified_time":"2017-10-02T12:14:17+00:00","twitter_card":"summary_large_image","schema":{"@context":"https:\/\/schema.org","@graph":[{"@type":"WebPage","@id":"https:\/\/www.tillvaxtbohuslan.se\/granitkusten\/styrgrupp\/","url":"https:\/\/www.tillvaxtbohuslan.se\/granitkusten\/styrgrupp\/","name":"Styrgrupp - Granitkusten","isPartOf":{"@id":"https:\/\/www.tillvaxtbohuslan.se\/granitkusten\/#website"},"datePublished":"2017-09-28T06:43:35+00:00","dateModified":"2017-10-02T12:14:17+00:00","breadcrumb":{"@id":"https:\/\/www.tillvaxtbohuslan.se\/granitkusten\/styrgrupp\/#breadcrumb"},"inLanguage":"sv-SE","potentialAction":[{"@type":"ReadAction","target":["https:\/\/www.tillvaxtbohuslan.se\/granitkusten\/styrgrupp\/"]}]},{"@type":"BreadcrumbList","@id":"https:\/\/www.tillvaxtbohuslan.se\/granitkusten\/styrgrupp\/#breadcrumb","itemListElement":[{"@type":"ListItem","position":1,"name":"Hem","item":"https:\/\/www.tillvaxtbohuslan.se\/granitkusten\/"},{"@type":"ListItem","position":2,"name":"Styrgrupp"}]},{"@type":"WebSite","@id":"https:\/\/www.tillvaxtbohuslan.se\/granitkusten\/#website","url":"https:\/\/www.tillvaxtbohuslan.se\/granitkusten\/","name":"Granitkusten","description":"","potentialAction":[{"@type":"SearchAction","target":{"@type":"EntryPoint","urlTemplate":"https:\/\/www.tillvaxtbohuslan.se\/granitkusten\/?s={search_term_string}"},"query-input":{"@type":"PropertyValueSpecification","valueRequired":true,"valueName":"search_term_string"}}],"inLanguage":"sv-SE"}]}},"_links":{"self":[{"href":"https:\/\/www.tillvaxtbohuslan.se\/granitkusten\/wp-json\/wp\/v2\/pages\/77","targetHints":{"allow":["GET"]}}],"collection":[{"href":"https:\/\/www.tillvaxtbohuslan.se\/granitkusten\/wp-json\/wp\/v2\/pages"}],"about":[{"href":"https:\/\/www.tillvaxtbohuslan.se\/granitkusten\/wp-json\/wp\/v2\/types\/page"}],"author":[{"embeddable":true,"href":"https:\/\/www.tillvaxtbohuslan.se\/granitkusten\/wp-json\/wp\/v2\/users\/1"}],"replies":[{"embeddable":true,"href":"https:\/\/www.tillvaxtbohuslan.se\/granitkusten\/wp-json\/wp\/v2\/comments?post=77"}],"version-history":[{"count":3,"href":"https:\/\/www.tillvaxtbohuslan.se\/granitkusten\/wp-json\/wp\/v2\/pages\/77\/revisions"}],"predecessor-version":[{"id":108,"href":"https:\/\/www.tillvaxtbohuslan.se\/granitkusten\/wp-json\/wp\/v2\/pages\/77\/revisions\/108"}],"wp:attachment":[{"href":"https:\/\/www.tillvaxtbohuslan.se\/granitkusten\/wp-json\/wp\/v2\/media?parent=77"}],"curies":[{"name":"wp","href":"https:\/\/api.w.org\/{rel}","templated":true}]}}