{"id":71,"date":"2017-09-28T08:37:52","date_gmt":"2017-09-28T06:37:52","guid":{"rendered":"https:\/\/www.tillvaxtbohuslan.se\/granitkusten\/?page_id=71"},"modified":"2017-10-02T14:13:52","modified_gmt":"2017-10-02T12:13:52","slug":"medverkande-foreningarentreprenorer","status":"publish","type":"page","link":"https:\/\/www.tillvaxtbohuslan.se\/granitkusten\/medverkande-foreningarentreprenorer\/","title":{"rendered":"Medverkande f\u00f6reningar\/entrepren\u00f6rer"},"content":{"rendered":"<p><strong>Samarbetspartners:<br \/>\n<\/strong><br \/>\n\u2022 F\u00f6reningar och lokala entrepren\u00f6rer med anknytning till granit och norra Bohusl\u00e4n, alltifr\u00e5n hembygdsf\u00f6reningar, guider och konstn\u00e4rer till kulturscener och bergskl\u00e4ttrare.<br \/>\n\u2022 V\u00e4stsvenska turistr\u00e5det (bl a genom projektet \u201dEtt enat Bohusl\u00e4n\u201d),<br \/>\n\u2022 Geoparken Bonusgranit<br \/>\n\u2022 EU-projektet \u201dMaritim utveckling i Bohusl\u00e4n\u201d som drivs av Tillv\u00e4xt Norra Bohusl\u00e4n.<br \/>\n\u2022 H\u00f6gskolan V\u00e4st<br \/>\n\u2022 Svinesundskommitt\u00e9n<\/p>\n<p><strong>Dessa f\u00f6reningar\/entrepren\u00f6rer \u00e4r med hittills:<\/strong><\/p>\n<p>KKV Bohusl\u00e4n \u2013 Konstn\u00e4rernas kollektivverkstad<br \/>\nStallebrottet Bohus-Malm\u00f6n <a href=\"http:\/\/stallebrottet.se\/\" target=\"_blank\" rel=\"noopener\">http:\/\/stallebrottet.se\/ <\/a><br \/>\nMalm\u00f6ns hembygdsf\u00f6rening, Bohus-Malm\u00f6n (Gulldalen, guidningar)<br \/>\nStenhuggerimuseet, Hunnebostrand <a href=\"http:\/\/stenhuggerimuseet.se\/\" target=\"_blank\" rel=\"noopener\">http:\/\/stenhuggerimuseet.se\/<\/a><br \/>\nHunnebostrands bildarkiv (Vandringar) <a href=\"http:\/\/www.hunnebostrandsbildarkiv.se\" target=\"_blank\" rel=\"noopener\">www.hunnebostrandsbildarkiv.se<\/a><br \/>\nKrokstrands Folkets hus <a href=\"http:\/\/krokstrand.se\/\" target=\"_blank\" rel=\"noopener\">http:\/\/krokstrand.se\/<\/a><br \/>\nKrokstrands samh\u00e4llsf\u00f6rening<br \/>\nStr\u00f6mstads historief\u00f6rening <a href=\"http:\/\/historieforeningen.se\/\" target=\"_blank\" rel=\"noopener\">http:\/\/historieforeningen.se\/<\/a><br \/>\nEkomuseum Gr\u00e4nsland<br \/>\nLyse Hembygdsf\u00f6rening <a href=\"https:\/\/www.hembygd.se\/lyse\/\" target=\"_blank\" rel=\"noopener\">https:\/\/www.hembygd.se\/lyse\/<\/a><br \/>\nStonezone, H\u00e4llevadsholm <a href=\"http:\/\/stonezone.se\/\" target=\"_blank\" rel=\"noopener\">http:\/\/stonezone.se\/<\/a><br \/>\nGranitleden<a href=\"http:\/\/granitleden.se\/\" target=\"_blank\" rel=\"noopener\"> http:\/\/granitleden.se\/<\/a><br \/>\nSvarteborgs hembygdsf\u00f6rening <a href=\"https:\/\/www.hembygd.se\/svarteborg\/\" target=\"_blank\" rel=\"noopener\">https:\/\/www.hembygd.se\/svarteborg\/<\/a><br \/>\nH\u00e4llevadsholms Folkets hus <a href=\"http:\/\/hallevadsholm.se\/\" target=\"_blank\" rel=\"noopener\">http:\/\/hallevadsholm.se\/<\/a><br \/>\nHamburgsunds bildarkiv &#8211; Samh\u00e4llet ber\u00e4ttar 2.0 <a href=\"https:\/\/hembygd20.wordpress.com\/\" target=\"_blank\" rel=\"noopener\">https:\/\/hembygd20.wordpress.com\/<\/a><br \/>\nKulturlandskapet, Fj\u00e4llbacka<a href=\"http:\/\/www.kulturland.se\/\" target=\"_blank\" rel=\"noopener\"> http:\/\/www.kulturland.se\/<\/a><br \/>\nKulturhuset Hav och Land, Hunnebostrand <a href=\"http:\/\/www.kulturhusethavochland.se\/\" target=\"_blank\" rel=\"noopener\">http:\/\/www.kulturhusethavochland.se\/<\/a><br \/>\nIdeella f\u00f6reningen Open house <a href=\"http:\/\/helgessongonzaga.se\/\" target=\"_blank\" rel=\"noopener\">http:\/\/helgessongonzaga.se\/<\/a><br \/>\nUdden, Hunnebostrand <a href=\"http:\/\/skulpturparkhunnebostrand.se\/\" target=\"_blank\" rel=\"noopener\">http:\/\/skulpturparkhunnebostrand.se\/<\/a><br \/>\nH\u00e5ll\u00f6 fyr <a href=\"http:\/\/www.hallofyr.se\/\" target=\"_blank\" rel=\"noopener\">http:\/\/www.hallofyr.se\/<\/a><br \/>\nVilycke museum<a href=\"http:\/\/www.vitlyckemuseum.se\/\" target=\"_blank\" rel=\"noopener\"> http:\/\/www.vitlyckemuseum.se\/\u00a0<\/a><\/p>\n<p>Listan kommer att kompletteras allteftersom projektet framskrider.<\/p>\n","protected":false},"excerpt":{"rendered":"<p>Samarbetspartners: \u2022 F\u00f6reningar och lokala entrepren\u00f6rer med anknytning till granit och norra Bohusl\u00e4n, alltifr\u00e5n hembygdsf\u00f6reningar, guider och konstn\u00e4rer till kulturscener och bergskl\u00e4ttrare. \u2022 V\u00e4stsvenska turistr\u00e5det (bl a genom projektet \u201dEtt enat Bohusl\u00e4n\u201d), \u2022 Geoparken Bonusgranit \u2022 EU-projektet \u201dMaritim utveckling i &hellip; <a href=\"https:\/\/www.tillvaxtbohuslan.se\/granitkusten\/medverkande-foreningarentreprenorer\/\" title=\"Medverkande f\u00f6reningar\/entrepren\u00f6rer\">Forts\u00e4tt l\u00e4sa <span class=\"meta-nav\"><i class=\"icon-long-arrow-right\"><\/i><\/span><\/a><\/p>\n","protected":false},"author":1,"featured_media":0,"parent":0,"menu_order":0,"comment_status":"closed","ping_status":"closed","template":"","meta":{"_acf_changed":false,"footnotes":""},"class_list":["post-71","page","type-page","status-publish","hentry"],"acf":[],"yoast_head":"<!-- This site is optimized with the Yoast SEO plugin v27.4 - https:\/\/yoast.com\/product\/yoast-seo-wordpress\/ -->\n<title>Medverkande f\u00f6reningar\/entrepren\u00f6rer - Granitkusten<\/title>\n<meta name=\"robots\" content=\"index, follow, max-snippet:-1, max-image-preview:large, max-video-preview:-1\" \/>\n<link rel=\"canonical\" href=\"https:\/\/www.tillvaxtbohuslan.se\/granitkusten\/medverkande-foreningarentreprenorer\/\" \/>\n<meta property=\"og:locale\" content=\"sv_SE\" \/>\n<meta property=\"og:type\" content=\"article\" \/>\n<meta property=\"og:title\" content=\"Medverkande f\u00f6reningar\/entrepren\u00f6rer - Granitkusten\" \/>\n<meta property=\"og:description\" content=\"Samarbetspartners: \u2022 F\u00f6reningar och lokala entrepren\u00f6rer med anknytning till granit och norra Bohusl\u00e4n, alltifr\u00e5n hembygdsf\u00f6reningar, guider och konstn\u00e4rer till kulturscener och bergskl\u00e4ttrare. \u2022 V\u00e4stsvenska turistr\u00e5det (bl a genom projektet \u201dEtt enat Bohusl\u00e4n\u201d), \u2022 Geoparken Bonusgranit \u2022 EU-projektet \u201dMaritim utveckling i &hellip; Forts\u00e4tt l\u00e4sa\" \/>\n<meta property=\"og:url\" content=\"https:\/\/www.tillvaxtbohuslan.se\/granitkusten\/medverkande-foreningarentreprenorer\/\" \/>\n<meta property=\"og:site_name\" content=\"Granitkusten\" \/>\n<meta property=\"article:modified_time\" content=\"2017-10-02T12:13:52+00:00\" \/>\n<meta name=\"twitter:card\" content=\"summary_large_image\" \/>\n<meta name=\"twitter:label1\" content=\"Ber\u00e4knad l\u00e4stid\" \/>\n\t<meta name=\"twitter:data1\" content=\"1 minut\" \/>\n<script type=\"application\/ld+json\" class=\"yoast-schema-graph\">{\"@context\":\"https:\\\/\\\/schema.org\",\"@graph\":[{\"@type\":\"WebPage\",\"@id\":\"https:\\\/\\\/www.tillvaxtbohuslan.se\\\/granitkusten\\\/medverkande-foreningarentreprenorer\\\/\",\"url\":\"https:\\\/\\\/www.tillvaxtbohuslan.se\\\/granitkusten\\\/medverkande-foreningarentreprenorer\\\/\",\"name\":\"Medverkande f\u00f6reningar\\\/entrepren\u00f6rer - Granitkusten\",\"isPartOf\":{\"@id\":\"https:\\\/\\\/www.tillvaxtbohuslan.se\\\/granitkusten\\\/#website\"},\"datePublished\":\"2017-09-28T06:37:52+00:00\",\"dateModified\":\"2017-10-02T12:13:52+00:00\",\"breadcrumb\":{\"@id\":\"https:\\\/\\\/www.tillvaxtbohuslan.se\\\/granitkusten\\\/medverkande-foreningarentreprenorer\\\/#breadcrumb\"},\"inLanguage\":\"sv-SE\",\"potentialAction\":[{\"@type\":\"ReadAction\",\"target\":[\"https:\\\/\\\/www.tillvaxtbohuslan.se\\\/granitkusten\\\/medverkande-foreningarentreprenorer\\\/\"]}]},{\"@type\":\"BreadcrumbList\",\"@id\":\"https:\\\/\\\/www.tillvaxtbohuslan.se\\\/granitkusten\\\/medverkande-foreningarentreprenorer\\\/#breadcrumb\",\"itemListElement\":[{\"@type\":\"ListItem\",\"position\":1,\"name\":\"Hem\",\"item\":\"https:\\\/\\\/www.tillvaxtbohuslan.se\\\/granitkusten\\\/\"},{\"@type\":\"ListItem\",\"position\":2,\"name\":\"Medverkande f\u00f6reningar\\\/entrepren\u00f6rer\"}]},{\"@type\":\"WebSite\",\"@id\":\"https:\\\/\\\/www.tillvaxtbohuslan.se\\\/granitkusten\\\/#website\",\"url\":\"https:\\\/\\\/www.tillvaxtbohuslan.se\\\/granitkusten\\\/\",\"name\":\"Granitkusten\",\"description\":\"\",\"potentialAction\":[{\"@type\":\"SearchAction\",\"target\":{\"@type\":\"EntryPoint\",\"urlTemplate\":\"https:\\\/\\\/www.tillvaxtbohuslan.se\\\/granitkusten\\\/?s={search_term_string}\"},\"query-input\":{\"@type\":\"PropertyValueSpecification\",\"valueRequired\":true,\"valueName\":\"search_term_string\"}}],\"inLanguage\":\"sv-SE\"}]}<\/script>\n<!-- \/ Yoast SEO plugin. -->","yoast_head_json":{"title":"Medverkande f\u00f6reningar\/entrepren\u00f6rer - Granitkusten","robots":{"index":"index","follow":"follow","max-snippet":"max-snippet:-1","max-image-preview":"max-image-preview:large","max-video-preview":"max-video-preview:-1"},"canonical":"https:\/\/www.tillvaxtbohuslan.se\/granitkusten\/medverkande-foreningarentreprenorer\/","og_locale":"sv_SE","og_type":"article","og_title":"Medverkande f\u00f6reningar\/entrepren\u00f6rer - Granitkusten","og_description":"Samarbetspartners: \u2022 F\u00f6reningar och lokala entrepren\u00f6rer med anknytning till granit och norra Bohusl\u00e4n, alltifr\u00e5n hembygdsf\u00f6reningar, guider och konstn\u00e4rer till kulturscener och bergskl\u00e4ttrare. \u2022 V\u00e4stsvenska turistr\u00e5det (bl a genom projektet \u201dEtt enat Bohusl\u00e4n\u201d), \u2022 Geoparken Bonusgranit \u2022 EU-projektet \u201dMaritim utveckling i &hellip; Forts\u00e4tt l\u00e4sa","og_url":"https:\/\/www.tillvaxtbohuslan.se\/granitkusten\/medverkande-foreningarentreprenorer\/","og_site_name":"Granitkusten","article_modified_time":"2017-10-02T12:13:52+00:00","twitter_card":"summary_large_image","twitter_misc":{"Ber\u00e4knad l\u00e4stid":"1 minut"},"schema":{"@context":"https:\/\/schema.org","@graph":[{"@type":"WebPage","@id":"https:\/\/www.tillvaxtbohuslan.se\/granitkusten\/medverkande-foreningarentreprenorer\/","url":"https:\/\/www.tillvaxtbohuslan.se\/granitkusten\/medverkande-foreningarentreprenorer\/","name":"Medverkande f\u00f6reningar\/entrepren\u00f6rer - Granitkusten","isPartOf":{"@id":"https:\/\/www.tillvaxtbohuslan.se\/granitkusten\/#website"},"datePublished":"2017-09-28T06:37:52+00:00","dateModified":"2017-10-02T12:13:52+00:00","breadcrumb":{"@id":"https:\/\/www.tillvaxtbohuslan.se\/granitkusten\/medverkande-foreningarentreprenorer\/#breadcrumb"},"inLanguage":"sv-SE","potentialAction":[{"@type":"ReadAction","target":["https:\/\/www.tillvaxtbohuslan.se\/granitkusten\/medverkande-foreningarentreprenorer\/"]}]},{"@type":"BreadcrumbList","@id":"https:\/\/www.tillvaxtbohuslan.se\/granitkusten\/medverkande-foreningarentreprenorer\/#breadcrumb","itemListElement":[{"@type":"ListItem","position":1,"name":"Hem","item":"https:\/\/www.tillvaxtbohuslan.se\/granitkusten\/"},{"@type":"ListItem","position":2,"name":"Medverkande f\u00f6reningar\/entrepren\u00f6rer"}]},{"@type":"WebSite","@id":"https:\/\/www.tillvaxtbohuslan.se\/granitkusten\/#website","url":"https:\/\/www.tillvaxtbohuslan.se\/granitkusten\/","name":"Granitkusten","description":"","potentialAction":[{"@type":"SearchAction","target":{"@type":"EntryPoint","urlTemplate":"https:\/\/www.tillvaxtbohuslan.se\/granitkusten\/?s={search_term_string}"},"query-input":{"@type":"PropertyValueSpecification","valueRequired":true,"valueName":"search_term_string"}}],"inLanguage":"sv-SE"}]}},"_links":{"self":[{"href":"https:\/\/www.tillvaxtbohuslan.se\/granitkusten\/wp-json\/wp\/v2\/pages\/71","targetHints":{"allow":["GET"]}}],"collection":[{"href":"https:\/\/www.tillvaxtbohuslan.se\/granitkusten\/wp-json\/wp\/v2\/pages"}],"about":[{"href":"https:\/\/www.tillvaxtbohuslan.se\/granitkusten\/wp-json\/wp\/v2\/types\/page"}],"author":[{"embeddable":true,"href":"https:\/\/www.tillvaxtbohuslan.se\/granitkusten\/wp-json\/wp\/v2\/users\/1"}],"replies":[{"embeddable":true,"href":"https:\/\/www.tillvaxtbohuslan.se\/granitkusten\/wp-json\/wp\/v2\/comments?post=71"}],"version-history":[{"count":7,"href":"https:\/\/www.tillvaxtbohuslan.se\/granitkusten\/wp-json\/wp\/v2\/pages\/71\/revisions"}],"predecessor-version":[{"id":107,"href":"https:\/\/www.tillvaxtbohuslan.se\/granitkusten\/wp-json\/wp\/v2\/pages\/71\/revisions\/107"}],"wp:attachment":[{"href":"https:\/\/www.tillvaxtbohuslan.se\/granitkusten\/wp-json\/wp\/v2\/media?parent=71"}],"curies":[{"name":"wp","href":"https:\/\/api.w.org\/{rel}","templated":true}]}}