{"id":68,"date":"2017-09-28T08:35:01","date_gmt":"2017-09-28T06:35:01","guid":{"rendered":"https:\/\/www.tillvaxtbohuslan.se\/granitkusten\/?page_id=68"},"modified":"2017-09-28T08:35:27","modified_gmt":"2017-09-28T06:35:27","slug":"kalender-2017","status":"publish","type":"page","link":"https:\/\/www.tillvaxtbohuslan.se\/granitkusten\/kalender-2017\/","title":{"rendered":"Kalender 2017"},"content":{"rendered":"<p>28 februari \u2013 Styrgruppsm\u00f6te med representanter fr\u00e5n medverkande kommuner<br \/>\n27 Mars- Infom\u00f6te Krokstrand Folkets hus<br \/>\n29 mars &#8211; Infom\u00f6te KKV Bohusl\u00e4n<br \/>\n30 mars \u2013 Infom\u00f6te Tossene bygdeg\u00e5rd<br \/>\n3 april \u2013 Infom\u00f6te H\u00e4llevadsholms Folkets hus<br \/>\n4 april \u2013 Infom\u00f6te H\u00e4rn\u00e4sets Folkets hus<br \/>\n4 maj \u2013 Styrgruppsm\u00f6te med representanter fr\u00e5n medverkande kommuner<br \/>\n13 juni \u2013 Workshop Hav och Land, Hunnebostrand<br \/>\n14 juni \u2013 Workshop Bohus Malm\u00f6ns Folkets hus<br \/>\n15 juni \u2013 Brastads Folkets hus<br \/>\n21 juni \u2013 Krokstrands Folkets hus och Str\u00f6mstads kommun<br \/>\n12 september &#8211; Styrgruppsm\u00f6te med representanter fr\u00e5n medverkande kommuner<br \/>\n14 september \u2013 Workshop Tema, Stonezone, H\u00e4llevadsholm<br \/>\n19 september \u2013 Workshop Tema, Dingleskolan<\/p>\n","protected":false},"excerpt":{"rendered":"<p>28 februari \u2013 Styrgruppsm\u00f6te med representanter fr\u00e5n medverkande kommuner 27 Mars- Infom\u00f6te Krokstrand Folkets hus 29 mars &#8211; Infom\u00f6te KKV Bohusl\u00e4n 30 mars \u2013 Infom\u00f6te Tossene bygdeg\u00e5rd 3 april \u2013 Infom\u00f6te H\u00e4llevadsholms Folkets hus 4 april \u2013 Infom\u00f6te H\u00e4rn\u00e4sets Folkets &hellip; <a href=\"https:\/\/www.tillvaxtbohuslan.se\/granitkusten\/kalender-2017\/\" title=\"Kalender 2017\">Forts\u00e4tt l\u00e4sa <span class=\"meta-nav\"><i class=\"icon-long-arrow-right\"><\/i><\/span><\/a><\/p>\n","protected":false},"author":1,"featured_media":0,"parent":0,"menu_order":0,"comment_status":"closed","ping_status":"closed","template":"","meta":{"_acf_changed":false,"footnotes":""},"class_list":["post-68","page","type-page","status-publish","hentry"],"acf":[],"yoast_head":"<!-- This site is optimized with the Yoast SEO plugin v27.4 - https:\/\/yoast.com\/product\/yoast-seo-wordpress\/ -->\n<title>Kalender 2017 - Granitkusten<\/title>\n<meta name=\"robots\" content=\"index, follow, max-snippet:-1, max-image-preview:large, max-video-preview:-1\" \/>\n<link rel=\"canonical\" href=\"https:\/\/www.tillvaxtbohuslan.se\/granitkusten\/kalender-2017\/\" \/>\n<meta property=\"og:locale\" content=\"sv_SE\" \/>\n<meta property=\"og:type\" content=\"article\" \/>\n<meta property=\"og:title\" content=\"Kalender 2017 - Granitkusten\" \/>\n<meta property=\"og:description\" content=\"28 februari \u2013 Styrgruppsm\u00f6te med representanter fr\u00e5n medverkande kommuner 27 Mars- Infom\u00f6te Krokstrand Folkets hus 29 mars &#8211; Infom\u00f6te KKV Bohusl\u00e4n 30 mars \u2013 Infom\u00f6te Tossene bygdeg\u00e5rd 3 april \u2013 Infom\u00f6te H\u00e4llevadsholms Folkets hus 4 april \u2013 Infom\u00f6te H\u00e4rn\u00e4sets Folkets &hellip; Forts\u00e4tt l\u00e4sa\" \/>\n<meta property=\"og:url\" content=\"https:\/\/www.tillvaxtbohuslan.se\/granitkusten\/kalender-2017\/\" \/>\n<meta property=\"og:site_name\" content=\"Granitkusten\" \/>\n<meta property=\"article:modified_time\" content=\"2017-09-28T06:35:27+00:00\" \/>\n<meta name=\"twitter:card\" content=\"summary_large_image\" \/>\n<script type=\"application\/ld+json\" class=\"yoast-schema-graph\">{\"@context\":\"https:\\\/\\\/schema.org\",\"@graph\":[{\"@type\":\"WebPage\",\"@id\":\"https:\\\/\\\/www.tillvaxtbohuslan.se\\\/granitkusten\\\/kalender-2017\\\/\",\"url\":\"https:\\\/\\\/www.tillvaxtbohuslan.se\\\/granitkusten\\\/kalender-2017\\\/\",\"name\":\"Kalender 2017 - Granitkusten\",\"isPartOf\":{\"@id\":\"https:\\\/\\\/www.tillvaxtbohuslan.se\\\/granitkusten\\\/#website\"},\"datePublished\":\"2017-09-28T06:35:01+00:00\",\"dateModified\":\"2017-09-28T06:35:27+00:00\",\"breadcrumb\":{\"@id\":\"https:\\\/\\\/www.tillvaxtbohuslan.se\\\/granitkusten\\\/kalender-2017\\\/#breadcrumb\"},\"inLanguage\":\"sv-SE\",\"potentialAction\":[{\"@type\":\"ReadAction\",\"target\":[\"https:\\\/\\\/www.tillvaxtbohuslan.se\\\/granitkusten\\\/kalender-2017\\\/\"]}]},{\"@type\":\"BreadcrumbList\",\"@id\":\"https:\\\/\\\/www.tillvaxtbohuslan.se\\\/granitkusten\\\/kalender-2017\\\/#breadcrumb\",\"itemListElement\":[{\"@type\":\"ListItem\",\"position\":1,\"name\":\"Hem\",\"item\":\"https:\\\/\\\/www.tillvaxtbohuslan.se\\\/granitkusten\\\/\"},{\"@type\":\"ListItem\",\"position\":2,\"name\":\"Kalender 2017\"}]},{\"@type\":\"WebSite\",\"@id\":\"https:\\\/\\\/www.tillvaxtbohuslan.se\\\/granitkusten\\\/#website\",\"url\":\"https:\\\/\\\/www.tillvaxtbohuslan.se\\\/granitkusten\\\/\",\"name\":\"Granitkusten\",\"description\":\"\",\"potentialAction\":[{\"@type\":\"SearchAction\",\"target\":{\"@type\":\"EntryPoint\",\"urlTemplate\":\"https:\\\/\\\/www.tillvaxtbohuslan.se\\\/granitkusten\\\/?s={search_term_string}\"},\"query-input\":{\"@type\":\"PropertyValueSpecification\",\"valueRequired\":true,\"valueName\":\"search_term_string\"}}],\"inLanguage\":\"sv-SE\"}]}<\/script>\n<!-- \/ Yoast SEO plugin. -->","yoast_head_json":{"title":"Kalender 2017 - Granitkusten","robots":{"index":"index","follow":"follow","max-snippet":"max-snippet:-1","max-image-preview":"max-image-preview:large","max-video-preview":"max-video-preview:-1"},"canonical":"https:\/\/www.tillvaxtbohuslan.se\/granitkusten\/kalender-2017\/","og_locale":"sv_SE","og_type":"article","og_title":"Kalender 2017 - Granitkusten","og_description":"28 februari \u2013 Styrgruppsm\u00f6te med representanter fr\u00e5n medverkande kommuner 27 Mars- Infom\u00f6te Krokstrand Folkets hus 29 mars &#8211; Infom\u00f6te KKV Bohusl\u00e4n 30 mars \u2013 Infom\u00f6te Tossene bygdeg\u00e5rd 3 april \u2013 Infom\u00f6te H\u00e4llevadsholms Folkets hus 4 april \u2013 Infom\u00f6te H\u00e4rn\u00e4sets Folkets &hellip; Forts\u00e4tt l\u00e4sa","og_url":"https:\/\/www.tillvaxtbohuslan.se\/granitkusten\/kalender-2017\/","og_site_name":"Granitkusten","article_modified_time":"2017-09-28T06:35:27+00:00","twitter_card":"summary_large_image","schema":{"@context":"https:\/\/schema.org","@graph":[{"@type":"WebPage","@id":"https:\/\/www.tillvaxtbohuslan.se\/granitkusten\/kalender-2017\/","url":"https:\/\/www.tillvaxtbohuslan.se\/granitkusten\/kalender-2017\/","name":"Kalender 2017 - Granitkusten","isPartOf":{"@id":"https:\/\/www.tillvaxtbohuslan.se\/granitkusten\/#website"},"datePublished":"2017-09-28T06:35:01+00:00","dateModified":"2017-09-28T06:35:27+00:00","breadcrumb":{"@id":"https:\/\/www.tillvaxtbohuslan.se\/granitkusten\/kalender-2017\/#breadcrumb"},"inLanguage":"sv-SE","potentialAction":[{"@type":"ReadAction","target":["https:\/\/www.tillvaxtbohuslan.se\/granitkusten\/kalender-2017\/"]}]},{"@type":"BreadcrumbList","@id":"https:\/\/www.tillvaxtbohuslan.se\/granitkusten\/kalender-2017\/#breadcrumb","itemListElement":[{"@type":"ListItem","position":1,"name":"Hem","item":"https:\/\/www.tillvaxtbohuslan.se\/granitkusten\/"},{"@type":"ListItem","position":2,"name":"Kalender 2017"}]},{"@type":"WebSite","@id":"https:\/\/www.tillvaxtbohuslan.se\/granitkusten\/#website","url":"https:\/\/www.tillvaxtbohuslan.se\/granitkusten\/","name":"Granitkusten","description":"","potentialAction":[{"@type":"SearchAction","target":{"@type":"EntryPoint","urlTemplate":"https:\/\/www.tillvaxtbohuslan.se\/granitkusten\/?s={search_term_string}"},"query-input":{"@type":"PropertyValueSpecification","valueRequired":true,"valueName":"search_term_string"}}],"inLanguage":"sv-SE"}]}},"_links":{"self":[{"href":"https:\/\/www.tillvaxtbohuslan.se\/granitkusten\/wp-json\/wp\/v2\/pages\/68","targetHints":{"allow":["GET"]}}],"collection":[{"href":"https:\/\/www.tillvaxtbohuslan.se\/granitkusten\/wp-json\/wp\/v2\/pages"}],"about":[{"href":"https:\/\/www.tillvaxtbohuslan.se\/granitkusten\/wp-json\/wp\/v2\/types\/page"}],"author":[{"embeddable":true,"href":"https:\/\/www.tillvaxtbohuslan.se\/granitkusten\/wp-json\/wp\/v2\/users\/1"}],"replies":[{"embeddable":true,"href":"https:\/\/www.tillvaxtbohuslan.se\/granitkusten\/wp-json\/wp\/v2\/comments?post=68"}],"version-history":[{"count":1,"href":"https:\/\/www.tillvaxtbohuslan.se\/granitkusten\/wp-json\/wp\/v2\/pages\/68\/revisions"}],"predecessor-version":[{"id":69,"href":"https:\/\/www.tillvaxtbohuslan.se\/granitkusten\/wp-json\/wp\/v2\/pages\/68\/revisions\/69"}],"wp:attachment":[{"href":"https:\/\/www.tillvaxtbohuslan.se\/granitkusten\/wp-json\/wp\/v2\/media?parent=68"}],"curies":[{"name":"wp","href":"https:\/\/api.w.org\/{rel}","templated":true}]}}