{"id":65,"date":"2017-09-28T08:32:12","date_gmt":"2017-09-28T06:32:12","guid":{"rendered":"https:\/\/www.tillvaxtbohuslan.se\/granitkusten\/?page_id=65"},"modified":"2017-10-02T14:13:19","modified_gmt":"2017-10-02T12:13:19","slug":"aktuellt-delprojekt","status":"publish","type":"page","link":"https:\/\/www.tillvaxtbohuslan.se\/granitkusten\/aktuellt-delprojekt\/","title":{"rendered":"Aktuellt delprojekt"},"content":{"rendered":"<h3>Under 2017 p\u00e5g\u00e5r insatsomr\u00e5de 1: SWOT-analyser, aff\u00e4rsid\u00e9er, handlingsplaner<\/h3>\n<p>F\u00f6r att kunna arbeta fram plattformen Granitkusten kr\u00e4vs att man har ett gediget underlag om vad alla milj\u00f6er har och inte har, vilket tas fram i SWOT-analyserna i insatsomr\u00e5de 1. Kulturlandskapet,som \u00e4r processledare, har tagit kontakt med f\u00f6reningar och lokala entrepren\u00f6rer i de 12 utvalda milj\u00f6erna och genomf\u00f6r workshoppar med de som visat intresse f\u00f6r deltagande. I Swot-analysen ska varje projekt f\u00f6rtydliga dess styrkor, svagheter, m\u00f6jligheter och hot och utifr\u00e5n detta kan man sedan formulera handlingsplaner. Efter det genomf\u00f6rda processarbetet kommer materialet bearbetas<br \/>\nav Kulturlandskapet och s\u00e4ndas ut f\u00f6r \u00e5terkoppling. I handlingsplanerna kan det unika och attraktiva f\u00f6r bes\u00f6karen lyftas fram och aff\u00e4rsid\u00e9n f\u00f6r varje bes\u00f6ksm\u00e5l formuleras. Det kan ocks\u00e5 f\u00f6rtydligas vad som kr\u00e4vs inom respektive omr\u00e5de f\u00f6r att st\u00e4rka\/st\u00f6dja varje milj\u00f6s eventuella behov g\u00e4llande till exempel kunskapsinsamling\/ sammanst\u00e4llning, kompetens eller infrastruktur samt hur respektive milj\u00f6 kopplas till helheten f\u00f6r norra Bohusl\u00e4n.<\/p>\n<p><strong>De projekt som finns kan delas in i f\u00f6ljande teman:<\/strong><\/p>\n<p>\u2022 Konstn\u00e4rliga upplevelser<br \/>\n\u2022 Kulturscener<br \/>\n\u2022 Vandringsleder<br \/>\n\u2022 Barn och ungdomar<br \/>\n\u2022 Guidning och f\u00f6rmedling<br \/>\n\u2022 Historik, ber\u00e4ttande, inventering<\/p>\n<p><a href=\"https:\/\/www.tillvaxtbohuslan.se\/granitkusten\/wp-content\/uploads\/sites\/21\/2017\/09\/teman-i-cirklar.pdf\">Ett arbetsmodell \u00f6ver indelningen i teman kan du se h\u00e4r<\/a><\/p>\n","protected":false},"excerpt":{"rendered":"<p>Under 2017 p\u00e5g\u00e5r insatsomr\u00e5de 1: SWOT-analyser, aff\u00e4rsid\u00e9er, handlingsplaner F\u00f6r att kunna arbeta fram plattformen Granitkusten kr\u00e4vs att man har ett gediget underlag om vad alla milj\u00f6er har och inte har, vilket tas fram i SWOT-analyserna i insatsomr\u00e5de 1. Kulturlandskapet,som \u00e4r &hellip; <a href=\"https:\/\/www.tillvaxtbohuslan.se\/granitkusten\/aktuellt-delprojekt\/\" title=\"Aktuellt delprojekt\">Forts\u00e4tt l\u00e4sa <span class=\"meta-nav\"><i class=\"icon-long-arrow-right\"><\/i><\/span><\/a><\/p>\n","protected":false},"author":1,"featured_media":0,"parent":0,"menu_order":0,"comment_status":"closed","ping_status":"closed","template":"","meta":{"_acf_changed":false,"footnotes":""},"class_list":["post-65","page","type-page","status-publish","hentry"],"acf":[],"yoast_head":"<!-- This site is optimized with the Yoast SEO plugin v27.4 - https:\/\/yoast.com\/product\/yoast-seo-wordpress\/ -->\n<title>Aktuellt delprojekt - Granitkusten<\/title>\n<meta name=\"robots\" content=\"index, follow, max-snippet:-1, max-image-preview:large, max-video-preview:-1\" \/>\n<link rel=\"canonical\" href=\"https:\/\/www.tillvaxtbohuslan.se\/granitkusten\/aktuellt-delprojekt\/\" \/>\n<meta property=\"og:locale\" content=\"sv_SE\" \/>\n<meta property=\"og:type\" content=\"article\" \/>\n<meta property=\"og:title\" content=\"Aktuellt delprojekt - Granitkusten\" \/>\n<meta property=\"og:description\" content=\"Under 2017 p\u00e5g\u00e5r insatsomr\u00e5de 1: SWOT-analyser, aff\u00e4rsid\u00e9er, handlingsplaner F\u00f6r att kunna arbeta fram plattformen Granitkusten kr\u00e4vs att man har ett gediget underlag om vad alla milj\u00f6er har och inte har, vilket tas fram i SWOT-analyserna i insatsomr\u00e5de 1. Kulturlandskapet,som \u00e4r &hellip; Forts\u00e4tt l\u00e4sa\" \/>\n<meta property=\"og:url\" content=\"https:\/\/www.tillvaxtbohuslan.se\/granitkusten\/aktuellt-delprojekt\/\" \/>\n<meta property=\"og:site_name\" content=\"Granitkusten\" \/>\n<meta property=\"article:modified_time\" content=\"2017-10-02T12:13:19+00:00\" \/>\n<meta name=\"twitter:card\" content=\"summary_large_image\" \/>\n<meta name=\"twitter:label1\" content=\"Ber\u00e4knad l\u00e4stid\" \/>\n\t<meta name=\"twitter:data1\" content=\"1 minut\" \/>\n<script type=\"application\/ld+json\" class=\"yoast-schema-graph\">{\"@context\":\"https:\\\/\\\/schema.org\",\"@graph\":[{\"@type\":\"WebPage\",\"@id\":\"https:\\\/\\\/www.tillvaxtbohuslan.se\\\/granitkusten\\\/aktuellt-delprojekt\\\/\",\"url\":\"https:\\\/\\\/www.tillvaxtbohuslan.se\\\/granitkusten\\\/aktuellt-delprojekt\\\/\",\"name\":\"Aktuellt delprojekt - Granitkusten\",\"isPartOf\":{\"@id\":\"https:\\\/\\\/www.tillvaxtbohuslan.se\\\/granitkusten\\\/#website\"},\"datePublished\":\"2017-09-28T06:32:12+00:00\",\"dateModified\":\"2017-10-02T12:13:19+00:00\",\"breadcrumb\":{\"@id\":\"https:\\\/\\\/www.tillvaxtbohuslan.se\\\/granitkusten\\\/aktuellt-delprojekt\\\/#breadcrumb\"},\"inLanguage\":\"sv-SE\",\"potentialAction\":[{\"@type\":\"ReadAction\",\"target\":[\"https:\\\/\\\/www.tillvaxtbohuslan.se\\\/granitkusten\\\/aktuellt-delprojekt\\\/\"]}]},{\"@type\":\"BreadcrumbList\",\"@id\":\"https:\\\/\\\/www.tillvaxtbohuslan.se\\\/granitkusten\\\/aktuellt-delprojekt\\\/#breadcrumb\",\"itemListElement\":[{\"@type\":\"ListItem\",\"position\":1,\"name\":\"Hem\",\"item\":\"https:\\\/\\\/www.tillvaxtbohuslan.se\\\/granitkusten\\\/\"},{\"@type\":\"ListItem\",\"position\":2,\"name\":\"Aktuellt delprojekt\"}]},{\"@type\":\"WebSite\",\"@id\":\"https:\\\/\\\/www.tillvaxtbohuslan.se\\\/granitkusten\\\/#website\",\"url\":\"https:\\\/\\\/www.tillvaxtbohuslan.se\\\/granitkusten\\\/\",\"name\":\"Granitkusten\",\"description\":\"\",\"potentialAction\":[{\"@type\":\"SearchAction\",\"target\":{\"@type\":\"EntryPoint\",\"urlTemplate\":\"https:\\\/\\\/www.tillvaxtbohuslan.se\\\/granitkusten\\\/?s={search_term_string}\"},\"query-input\":{\"@type\":\"PropertyValueSpecification\",\"valueRequired\":true,\"valueName\":\"search_term_string\"}}],\"inLanguage\":\"sv-SE\"}]}<\/script>\n<!-- \/ Yoast SEO plugin. -->","yoast_head_json":{"title":"Aktuellt delprojekt - Granitkusten","robots":{"index":"index","follow":"follow","max-snippet":"max-snippet:-1","max-image-preview":"max-image-preview:large","max-video-preview":"max-video-preview:-1"},"canonical":"https:\/\/www.tillvaxtbohuslan.se\/granitkusten\/aktuellt-delprojekt\/","og_locale":"sv_SE","og_type":"article","og_title":"Aktuellt delprojekt - Granitkusten","og_description":"Under 2017 p\u00e5g\u00e5r insatsomr\u00e5de 1: SWOT-analyser, aff\u00e4rsid\u00e9er, handlingsplaner F\u00f6r att kunna arbeta fram plattformen Granitkusten kr\u00e4vs att man har ett gediget underlag om vad alla milj\u00f6er har och inte har, vilket tas fram i SWOT-analyserna i insatsomr\u00e5de 1. Kulturlandskapet,som \u00e4r &hellip; Forts\u00e4tt l\u00e4sa","og_url":"https:\/\/www.tillvaxtbohuslan.se\/granitkusten\/aktuellt-delprojekt\/","og_site_name":"Granitkusten","article_modified_time":"2017-10-02T12:13:19+00:00","twitter_card":"summary_large_image","twitter_misc":{"Ber\u00e4knad l\u00e4stid":"1 minut"},"schema":{"@context":"https:\/\/schema.org","@graph":[{"@type":"WebPage","@id":"https:\/\/www.tillvaxtbohuslan.se\/granitkusten\/aktuellt-delprojekt\/","url":"https:\/\/www.tillvaxtbohuslan.se\/granitkusten\/aktuellt-delprojekt\/","name":"Aktuellt delprojekt - Granitkusten","isPartOf":{"@id":"https:\/\/www.tillvaxtbohuslan.se\/granitkusten\/#website"},"datePublished":"2017-09-28T06:32:12+00:00","dateModified":"2017-10-02T12:13:19+00:00","breadcrumb":{"@id":"https:\/\/www.tillvaxtbohuslan.se\/granitkusten\/aktuellt-delprojekt\/#breadcrumb"},"inLanguage":"sv-SE","potentialAction":[{"@type":"ReadAction","target":["https:\/\/www.tillvaxtbohuslan.se\/granitkusten\/aktuellt-delprojekt\/"]}]},{"@type":"BreadcrumbList","@id":"https:\/\/www.tillvaxtbohuslan.se\/granitkusten\/aktuellt-delprojekt\/#breadcrumb","itemListElement":[{"@type":"ListItem","position":1,"name":"Hem","item":"https:\/\/www.tillvaxtbohuslan.se\/granitkusten\/"},{"@type":"ListItem","position":2,"name":"Aktuellt delprojekt"}]},{"@type":"WebSite","@id":"https:\/\/www.tillvaxtbohuslan.se\/granitkusten\/#website","url":"https:\/\/www.tillvaxtbohuslan.se\/granitkusten\/","name":"Granitkusten","description":"","potentialAction":[{"@type":"SearchAction","target":{"@type":"EntryPoint","urlTemplate":"https:\/\/www.tillvaxtbohuslan.se\/granitkusten\/?s={search_term_string}"},"query-input":{"@type":"PropertyValueSpecification","valueRequired":true,"valueName":"search_term_string"}}],"inLanguage":"sv-SE"}]}},"_links":{"self":[{"href":"https:\/\/www.tillvaxtbohuslan.se\/granitkusten\/wp-json\/wp\/v2\/pages\/65","targetHints":{"allow":["GET"]}}],"collection":[{"href":"https:\/\/www.tillvaxtbohuslan.se\/granitkusten\/wp-json\/wp\/v2\/pages"}],"about":[{"href":"https:\/\/www.tillvaxtbohuslan.se\/granitkusten\/wp-json\/wp\/v2\/types\/page"}],"author":[{"embeddable":true,"href":"https:\/\/www.tillvaxtbohuslan.se\/granitkusten\/wp-json\/wp\/v2\/users\/1"}],"replies":[{"embeddable":true,"href":"https:\/\/www.tillvaxtbohuslan.se\/granitkusten\/wp-json\/wp\/v2\/comments?post=65"}],"version-history":[{"count":4,"href":"https:\/\/www.tillvaxtbohuslan.se\/granitkusten\/wp-json\/wp\/v2\/pages\/65\/revisions"}],"predecessor-version":[{"id":106,"href":"https:\/\/www.tillvaxtbohuslan.se\/granitkusten\/wp-json\/wp\/v2\/pages\/65\/revisions\/106"}],"wp:attachment":[{"href":"https:\/\/www.tillvaxtbohuslan.se\/granitkusten\/wp-json\/wp\/v2\/media?parent=65"}],"curies":[{"name":"wp","href":"https:\/\/api.w.org\/{rel}","templated":true}]}}