{"id":10,"date":"2017-05-29T14:07:51","date_gmt":"2017-05-29T12:07:51","guid":{"rendered":"https:\/\/www.tillvaxtbohuslan.se\/granitkusten\/?page_id=10"},"modified":"2017-10-02T14:10:30","modified_gmt":"2017-10-02T12:10:30","slug":"om-projektet","status":"publish","type":"page","link":"https:\/\/www.tillvaxtbohuslan.se\/granitkusten\/","title":{"rendered":"Om projektet"},"content":{"rendered":"<p>Den r\u00f6da granitkusten \u00e4r unik i v\u00e4rlden och har d\u00e4rmed en stor potential att locka bes\u00f6kare till v\u00e5rt vackra granitlandskap. Genom en f\u00f6rstudie har man analyserat fram 12 unika milj\u00f6er som genom speciella insatser ska kunna utvecklas till kvalitativa bes\u00f6ksm\u00e5l inom konceptet granitkusten. Under GRANITKUSTEN som portal vill vi utveckla natur-och kulturarvsturism genom att st\u00e4rka befintliga akt\u00f6rer samt skapa fler entrepren\u00f6rer inom kultur- och bes\u00f6ksn\u00e4ringen. Projektet \u00e4r ett samarbetsprojekt mellan kommunerna i norra Bohusl\u00e4n (Str\u00f6mstad, Tanum, Munkedal, Soten\u00e4s och Lysekil) med Soten\u00e4s kommun som projekt\u00e4gare.<\/p>\n<h4><strong>Projektet genomf\u00f6rs i fyra steg. F\u00f6r att n\u00e5 fram till m\u00e5let har en modell utarbetats \u00f6ver projektets steg:<br \/>\n<\/strong><\/h4>\n<ul>\n<li>Insatsomr\u00e5de 1: SWOT-analyser, aff\u00e4rsid\u00e9er, handlingsplaner<\/li>\n<li>Insatsomr\u00e5de 2: Kompetensf\u00f6rs\u00f6jning<\/li>\n<li>Insatsomr\u00e5de 3: Infrastruktur<\/li>\n<li>Insatsomr\u00e5de 4: Produktutveckling<\/li>\n<li>Insatsomr\u00e5de 5: WEB-l\u00f6sningar<\/li>\n<li>Insatsomr\u00e5de 6: Marknadsf\u00f6ring<\/li>\n<\/ul>\n<p><a href=\"https:\/\/www.tillvaxtbohuslan.se\/granitkusten\/wp-content\/uploads\/sites\/21\/2017\/05\/the-granit-coast-uppdaterad.pdf\">Se \u00e4ven modell h\u00e4r<\/a><\/p>\n<p>Prelimin\u00e4r tidsplan: 2017-2020<\/p>\n<h2><strong>Finansi\u00e4rer<\/strong><\/h2>\n<p><img loading=\"lazy\" decoding=\"async\" class=\"img-responsive alignnone wp-image-35\" src=\"https:\/\/www.tillvaxtbohuslan.se\/granitkusten\/wp-content\/uploads\/sites\/21\/2017\/05\/V.2-Loggor.jpg\" alt=\"\" width=\"682\" height=\"290\" \/><\/p>\n<p><img loading=\"lazy\" decoding=\"async\" class=\"img-responsive alignnone wp-image-96\" src=\"https:\/\/www.tillvaxtbohuslan.se\/granitkusten\/wp-content\/uploads\/sites\/21\/2017\/05\/loggor-bild-1.jpg\" alt=\"\" width=\"590\" height=\"408\" srcset=\"https:\/\/www.tillvaxtbohuslan.se\/granitkusten\/wp-content\/uploads\/sites\/21\/2017\/05\/loggor-bild-1.jpg 584w, https:\/\/www.tillvaxtbohuslan.se\/granitkusten\/wp-content\/uploads\/sites\/21\/2017\/05\/loggor-bild-1-300x208.jpg 300w, https:\/\/www.tillvaxtbohuslan.se\/granitkusten\/wp-content\/uploads\/sites\/21\/2017\/05\/loggor-bild-1-555x384.jpg 555w\" sizes=\"auto, (max-width: 590px) 100vw, 590px\" \/><\/p>\n<p>&nbsp;<\/p>\n","protected":false},"excerpt":{"rendered":"<p>Den r\u00f6da granitkusten \u00e4r unik i v\u00e4rlden och har d\u00e4rmed en stor potential att locka bes\u00f6kare till v\u00e5rt vackra granitlandskap. Genom en f\u00f6rstudie har man analyserat fram 12 unika milj\u00f6er som genom speciella insatser ska kunna utvecklas till kvalitativa bes\u00f6ksm\u00e5l &hellip; <a href=\"https:\/\/www.tillvaxtbohuslan.se\/granitkusten\/\" title=\"Om projektet\">Forts\u00e4tt l\u00e4sa <span class=\"meta-nav\"><i class=\"icon-long-arrow-right\"><\/i><\/span><\/a><\/p>\n","protected":false},"author":1,"featured_media":0,"parent":0,"menu_order":0,"comment_status":"closed","ping_status":"closed","template":"","meta":{"_acf_changed":false,"footnotes":""},"class_list":["post-10","page","type-page","status-publish","hentry"],"acf":[],"yoast_head":"<!-- This site is optimized with the Yoast SEO plugin v27.4 - https:\/\/yoast.com\/product\/yoast-seo-wordpress\/ -->\n<title>Om projektet - Granitkusten<\/title>\n<meta name=\"robots\" content=\"index, follow, max-snippet:-1, max-image-preview:large, max-video-preview:-1\" \/>\n<link rel=\"canonical\" href=\"https:\/\/www.tillvaxtbohuslan.se\/granitkusten\/\" \/>\n<meta property=\"og:locale\" content=\"sv_SE\" \/>\n<meta property=\"og:type\" content=\"article\" \/>\n<meta property=\"og:title\" content=\"Om projektet - Granitkusten\" \/>\n<meta property=\"og:description\" content=\"Den r\u00f6da granitkusten \u00e4r unik i v\u00e4rlden och har d\u00e4rmed en stor potential att locka bes\u00f6kare till v\u00e5rt vackra granitlandskap. Genom en f\u00f6rstudie har man analyserat fram 12 unika milj\u00f6er som genom speciella insatser ska kunna utvecklas till kvalitativa bes\u00f6ksm\u00e5l &hellip; Forts\u00e4tt l\u00e4sa\" \/>\n<meta property=\"og:url\" content=\"https:\/\/www.tillvaxtbohuslan.se\/granitkusten\/\" \/>\n<meta property=\"og:site_name\" content=\"Granitkusten\" \/>\n<meta property=\"article:modified_time\" content=\"2017-10-02T12:10:30+00:00\" \/>\n<meta property=\"og:image\" content=\"https:\/\/www.tillvaxtbohuslan.se\/granitkusten\/wp-content\/uploads\/sites\/21\/2017\/05\/V.2-Loggor.jpg\" \/>\n<meta name=\"twitter:card\" content=\"summary_large_image\" \/>\n<meta name=\"twitter:label1\" content=\"Ber\u00e4knad l\u00e4stid\" \/>\n\t<meta name=\"twitter:data1\" content=\"1 minut\" \/>\n<script type=\"application\/ld+json\" class=\"yoast-schema-graph\">{\"@context\":\"https:\\\/\\\/schema.org\",\"@graph\":[{\"@type\":\"WebPage\",\"@id\":\"https:\\\/\\\/www.tillvaxtbohuslan.se\\\/granitkusten\\\/\",\"url\":\"https:\\\/\\\/www.tillvaxtbohuslan.se\\\/granitkusten\\\/\",\"name\":\"Om projektet - Granitkusten\",\"isPartOf\":{\"@id\":\"https:\\\/\\\/www.tillvaxtbohuslan.se\\\/granitkusten\\\/#website\"},\"primaryImageOfPage\":{\"@id\":\"https:\\\/\\\/www.tillvaxtbohuslan.se\\\/granitkusten\\\/#primaryimage\"},\"image\":{\"@id\":\"https:\\\/\\\/www.tillvaxtbohuslan.se\\\/granitkusten\\\/#primaryimage\"},\"thumbnailUrl\":\"https:\\\/\\\/www.tillvaxtbohuslan.se\\\/granitkusten\\\/wp-content\\\/uploads\\\/sites\\\/21\\\/2017\\\/05\\\/V.2-Loggor.jpg\",\"datePublished\":\"2017-05-29T12:07:51+00:00\",\"dateModified\":\"2017-10-02T12:10:30+00:00\",\"breadcrumb\":{\"@id\":\"https:\\\/\\\/www.tillvaxtbohuslan.se\\\/granitkusten\\\/#breadcrumb\"},\"inLanguage\":\"sv-SE\",\"potentialAction\":[{\"@type\":\"ReadAction\",\"target\":[\"https:\\\/\\\/www.tillvaxtbohuslan.se\\\/granitkusten\\\/\"]}]},{\"@type\":\"ImageObject\",\"inLanguage\":\"sv-SE\",\"@id\":\"https:\\\/\\\/www.tillvaxtbohuslan.se\\\/granitkusten\\\/#primaryimage\",\"url\":\"https:\\\/\\\/www.tillvaxtbohuslan.se\\\/granitkusten\\\/wp-content\\\/uploads\\\/sites\\\/21\\\/2017\\\/05\\\/V.2-Loggor.jpg\",\"contentUrl\":\"https:\\\/\\\/www.tillvaxtbohuslan.se\\\/granitkusten\\\/wp-content\\\/uploads\\\/sites\\\/21\\\/2017\\\/05\\\/V.2-Loggor.jpg\",\"width\":550,\"height\":200},{\"@type\":\"BreadcrumbList\",\"@id\":\"https:\\\/\\\/www.tillvaxtbohuslan.se\\\/granitkusten\\\/#breadcrumb\",\"itemListElement\":[{\"@type\":\"ListItem\",\"position\":1,\"name\":\"Hem\",\"item\":\"https:\\\/\\\/www.tillvaxtbohuslan.se\\\/granitkusten\\\/\"},{\"@type\":\"ListItem\",\"position\":2,\"name\":\"Om projektet\"}]},{\"@type\":\"WebSite\",\"@id\":\"https:\\\/\\\/www.tillvaxtbohuslan.se\\\/granitkusten\\\/#website\",\"url\":\"https:\\\/\\\/www.tillvaxtbohuslan.se\\\/granitkusten\\\/\",\"name\":\"Granitkusten\",\"description\":\"\",\"potentialAction\":[{\"@type\":\"SearchAction\",\"target\":{\"@type\":\"EntryPoint\",\"urlTemplate\":\"https:\\\/\\\/www.tillvaxtbohuslan.se\\\/granitkusten\\\/?s={search_term_string}\"},\"query-input\":{\"@type\":\"PropertyValueSpecification\",\"valueRequired\":true,\"valueName\":\"search_term_string\"}}],\"inLanguage\":\"sv-SE\"}]}<\/script>\n<!-- \/ Yoast SEO plugin. -->","yoast_head_json":{"title":"Om projektet - Granitkusten","robots":{"index":"index","follow":"follow","max-snippet":"max-snippet:-1","max-image-preview":"max-image-preview:large","max-video-preview":"max-video-preview:-1"},"canonical":"https:\/\/www.tillvaxtbohuslan.se\/granitkusten\/","og_locale":"sv_SE","og_type":"article","og_title":"Om projektet - Granitkusten","og_description":"Den r\u00f6da granitkusten \u00e4r unik i v\u00e4rlden och har d\u00e4rmed en stor potential att locka bes\u00f6kare till v\u00e5rt vackra granitlandskap. Genom en f\u00f6rstudie har man analyserat fram 12 unika milj\u00f6er som genom speciella insatser ska kunna utvecklas till kvalitativa bes\u00f6ksm\u00e5l &hellip; Forts\u00e4tt l\u00e4sa","og_url":"https:\/\/www.tillvaxtbohuslan.se\/granitkusten\/","og_site_name":"Granitkusten","article_modified_time":"2017-10-02T12:10:30+00:00","og_image":[{"url":"https:\/\/www.tillvaxtbohuslan.se\/granitkusten\/wp-content\/uploads\/sites\/21\/2017\/05\/V.2-Loggor.jpg","type":"","width":"","height":""}],"twitter_card":"summary_large_image","twitter_misc":{"Ber\u00e4knad l\u00e4stid":"1 minut"},"schema":{"@context":"https:\/\/schema.org","@graph":[{"@type":"WebPage","@id":"https:\/\/www.tillvaxtbohuslan.se\/granitkusten\/","url":"https:\/\/www.tillvaxtbohuslan.se\/granitkusten\/","name":"Om projektet - Granitkusten","isPartOf":{"@id":"https:\/\/www.tillvaxtbohuslan.se\/granitkusten\/#website"},"primaryImageOfPage":{"@id":"https:\/\/www.tillvaxtbohuslan.se\/granitkusten\/#primaryimage"},"image":{"@id":"https:\/\/www.tillvaxtbohuslan.se\/granitkusten\/#primaryimage"},"thumbnailUrl":"https:\/\/www.tillvaxtbohuslan.se\/granitkusten\/wp-content\/uploads\/sites\/21\/2017\/05\/V.2-Loggor.jpg","datePublished":"2017-05-29T12:07:51+00:00","dateModified":"2017-10-02T12:10:30+00:00","breadcrumb":{"@id":"https:\/\/www.tillvaxtbohuslan.se\/granitkusten\/#breadcrumb"},"inLanguage":"sv-SE","potentialAction":[{"@type":"ReadAction","target":["https:\/\/www.tillvaxtbohuslan.se\/granitkusten\/"]}]},{"@type":"ImageObject","inLanguage":"sv-SE","@id":"https:\/\/www.tillvaxtbohuslan.se\/granitkusten\/#primaryimage","url":"https:\/\/www.tillvaxtbohuslan.se\/granitkusten\/wp-content\/uploads\/sites\/21\/2017\/05\/V.2-Loggor.jpg","contentUrl":"https:\/\/www.tillvaxtbohuslan.se\/granitkusten\/wp-content\/uploads\/sites\/21\/2017\/05\/V.2-Loggor.jpg","width":550,"height":200},{"@type":"BreadcrumbList","@id":"https:\/\/www.tillvaxtbohuslan.se\/granitkusten\/#breadcrumb","itemListElement":[{"@type":"ListItem","position":1,"name":"Hem","item":"https:\/\/www.tillvaxtbohuslan.se\/granitkusten\/"},{"@type":"ListItem","position":2,"name":"Om projektet"}]},{"@type":"WebSite","@id":"https:\/\/www.tillvaxtbohuslan.se\/granitkusten\/#website","url":"https:\/\/www.tillvaxtbohuslan.se\/granitkusten\/","name":"Granitkusten","description":"","potentialAction":[{"@type":"SearchAction","target":{"@type":"EntryPoint","urlTemplate":"https:\/\/www.tillvaxtbohuslan.se\/granitkusten\/?s={search_term_string}"},"query-input":{"@type":"PropertyValueSpecification","valueRequired":true,"valueName":"search_term_string"}}],"inLanguage":"sv-SE"}]}},"_links":{"self":[{"href":"https:\/\/www.tillvaxtbohuslan.se\/granitkusten\/wp-json\/wp\/v2\/pages\/10","targetHints":{"allow":["GET"]}}],"collection":[{"href":"https:\/\/www.tillvaxtbohuslan.se\/granitkusten\/wp-json\/wp\/v2\/pages"}],"about":[{"href":"https:\/\/www.tillvaxtbohuslan.se\/granitkusten\/wp-json\/wp\/v2\/types\/page"}],"author":[{"embeddable":true,"href":"https:\/\/www.tillvaxtbohuslan.se\/granitkusten\/wp-json\/wp\/v2\/users\/1"}],"replies":[{"embeddable":true,"href":"https:\/\/www.tillvaxtbohuslan.se\/granitkusten\/wp-json\/wp\/v2\/comments?post=10"}],"version-history":[{"count":21,"href":"https:\/\/www.tillvaxtbohuslan.se\/granitkusten\/wp-json\/wp\/v2\/pages\/10\/revisions"}],"predecessor-version":[{"id":105,"href":"https:\/\/www.tillvaxtbohuslan.se\/granitkusten\/wp-json\/wp\/v2\/pages\/10\/revisions\/105"}],"wp:attachment":[{"href":"https:\/\/www.tillvaxtbohuslan.se\/granitkusten\/wp-json\/wp\/v2\/media?parent=10"}],"curies":[{"name":"wp","href":"https:\/\/api.w.org\/{rel}","templated":true}]}}