{"id":98,"date":"2014-03-31T16:26:33","date_gmt":"2014-03-31T14:26:33","guid":{"rendered":"https:\/\/www.tillvaxtbohuslan.se\/delarsboende\/?page_id=98"},"modified":"2014-09-09T15:50:46","modified_gmt":"2014-09-09T13:50:46","slug":"intervjustudien-juni-september","status":"publish","type":"page","link":"https:\/\/www.tillvaxtbohuslan.se\/delarsboende\/intervjustudien-juni-september\/","title":{"rendered":"Intervjustudien, juni- september"},"content":{"rendered":"<p>Intervjustudien bestod av tre delar. Intervjuer har genomf\u00f6rts med del\u00e5rsboende, lokala f\u00f6retagare samt n\u00e5gra tj\u00e4nstem\u00e4n inom offentlig sektor (de tv\u00e5 senare per telefon).<\/p>\n<p><strong>Syftet<\/strong> med att intervjua del\u00e5rsboende i de fyra kommunerna var att s\u00f6ka svar om vilka behov och \u00f6nskem\u00e5l de del\u00e5rsboende har vad g\u00e4ller kommunal och annan service, men ocks\u00e5 att unders\u00f6ka vilka resurser de sj\u00e4lva kan och vill bidra med i det lokala tillv\u00e4xtarbetet (om de vill engagera sig i samh\u00e4llsutvecklingen). Inte minst avs\u00e5g intervjustudien s\u00f6ka svar om vad som avg\u00f6r om den del\u00e5rsboende flyttar hit sitt f\u00f6retag och\/eller flyttar hit permanent (om en \u00f6nskan om det framkommer).<\/p>\n<p>Intervjustudien blev klar 30 september. Analys av intervjumaterialet p\u00e5b\u00f6rjades i oktober p\u00e5 Ume\u00e5 Universitet och slutrapport ber\u00e4knas klar till december m\u00e5nad.<\/p>\n","protected":false},"excerpt":{"rendered":"<p>Intervjustudien bestod av tre delar. Intervjuer har genomf\u00f6rts med del\u00e5rsboende, lokala f\u00f6retagare samt n\u00e5gra tj\u00e4nstem\u00e4n inom offentlig sektor (de tv\u00e5 senare per telefon). Syftet med att intervjua del\u00e5rsboende i de fyra kommunerna var att s\u00f6ka svar om vilka behov och &hellip; <a href=\"https:\/\/www.tillvaxtbohuslan.se\/delarsboende\/intervjustudien-juni-september\/\" title=\"Intervjustudien, juni- september\">Forts\u00e4tt l\u00e4sa <span class=\"meta-nav\"><i class=\"icon-long-arrow-right\"><\/i><\/span><\/a><\/p>\n","protected":false},"author":1,"featured_media":0,"parent":0,"menu_order":0,"comment_status":"closed","ping_status":"open","template":"","meta":{"_acf_changed":false,"footnotes":""},"class_list":["post-98","page","type-page","status-publish","hentry"],"acf":[],"yoast_head":"<!-- This site is optimized with the Yoast SEO plugin v27.4 - https:\/\/yoast.com\/product\/yoast-seo-wordpress\/ -->\n<title>Intervjustudien, juni- september - Del\u00e5rsboende<\/title>\n<meta name=\"robots\" content=\"index, follow, max-snippet:-1, max-image-preview:large, max-video-preview:-1\" \/>\n<link rel=\"canonical\" href=\"https:\/\/www.tillvaxtbohuslan.se\/delarsboende\/intervjustudien-juni-september\/\" \/>\n<meta name=\"twitter:label1\" content=\"Ber\u00e4knad l\u00e4stid\" \/>\n\t<meta name=\"twitter:data1\" content=\"1 minut\" \/>\n<script type=\"application\/ld+json\" class=\"yoast-schema-graph\">{\"@context\":\"https:\\\/\\\/schema.org\",\"@graph\":[{\"@type\":\"WebPage\",\"@id\":\"https:\\\/\\\/www.tillvaxtbohuslan.se\\\/delarsboende\\\/intervjustudien-juni-september\\\/\",\"url\":\"https:\\\/\\\/www.tillvaxtbohuslan.se\\\/delarsboende\\\/intervjustudien-juni-september\\\/\",\"name\":\"Intervjustudien, juni- september - Del\u00e5rsboende\",\"isPartOf\":{\"@id\":\"https:\\\/\\\/www.tillvaxtbohuslan.se\\\/delarsboende\\\/#website\"},\"datePublished\":\"2014-03-31T14:26:33+00:00\",\"dateModified\":\"2014-09-09T13:50:46+00:00\",\"breadcrumb\":{\"@id\":\"https:\\\/\\\/www.tillvaxtbohuslan.se\\\/delarsboende\\\/intervjustudien-juni-september\\\/#breadcrumb\"},\"inLanguage\":\"sv-SE\",\"potentialAction\":[{\"@type\":\"ReadAction\",\"target\":[\"https:\\\/\\\/www.tillvaxtbohuslan.se\\\/delarsboende\\\/intervjustudien-juni-september\\\/\"]}]},{\"@type\":\"BreadcrumbList\",\"@id\":\"https:\\\/\\\/www.tillvaxtbohuslan.se\\\/delarsboende\\\/intervjustudien-juni-september\\\/#breadcrumb\",\"itemListElement\":[{\"@type\":\"ListItem\",\"position\":1,\"name\":\"Hem\",\"item\":\"https:\\\/\\\/www.tillvaxtbohuslan.se\\\/delarsboende\\\/\"},{\"@type\":\"ListItem\",\"position\":2,\"name\":\"Intervjustudien, juni- september\"}]},{\"@type\":\"WebSite\",\"@id\":\"https:\\\/\\\/www.tillvaxtbohuslan.se\\\/delarsboende\\\/#website\",\"url\":\"https:\\\/\\\/www.tillvaxtbohuslan.se\\\/delarsboende\\\/\",\"name\":\"Del\u00e5rsboende\",\"description\":\"\",\"potentialAction\":[{\"@type\":\"SearchAction\",\"target\":{\"@type\":\"EntryPoint\",\"urlTemplate\":\"https:\\\/\\\/www.tillvaxtbohuslan.se\\\/delarsboende\\\/?s={search_term_string}\"},\"query-input\":{\"@type\":\"PropertyValueSpecification\",\"valueRequired\":true,\"valueName\":\"search_term_string\"}}],\"inLanguage\":\"sv-SE\"}]}<\/script>\n<!-- \/ Yoast SEO plugin. -->","yoast_head_json":{"title":"Intervjustudien, juni- september - Del\u00e5rsboende","robots":{"index":"index","follow":"follow","max-snippet":"max-snippet:-1","max-image-preview":"max-image-preview:large","max-video-preview":"max-video-preview:-1"},"canonical":"https:\/\/www.tillvaxtbohuslan.se\/delarsboende\/intervjustudien-juni-september\/","twitter_misc":{"Ber\u00e4knad l\u00e4stid":"1 minut"},"schema":{"@context":"https:\/\/schema.org","@graph":[{"@type":"WebPage","@id":"https:\/\/www.tillvaxtbohuslan.se\/delarsboende\/intervjustudien-juni-september\/","url":"https:\/\/www.tillvaxtbohuslan.se\/delarsboende\/intervjustudien-juni-september\/","name":"Intervjustudien, juni- september - Del\u00e5rsboende","isPartOf":{"@id":"https:\/\/www.tillvaxtbohuslan.se\/delarsboende\/#website"},"datePublished":"2014-03-31T14:26:33+00:00","dateModified":"2014-09-09T13:50:46+00:00","breadcrumb":{"@id":"https:\/\/www.tillvaxtbohuslan.se\/delarsboende\/intervjustudien-juni-september\/#breadcrumb"},"inLanguage":"sv-SE","potentialAction":[{"@type":"ReadAction","target":["https:\/\/www.tillvaxtbohuslan.se\/delarsboende\/intervjustudien-juni-september\/"]}]},{"@type":"BreadcrumbList","@id":"https:\/\/www.tillvaxtbohuslan.se\/delarsboende\/intervjustudien-juni-september\/#breadcrumb","itemListElement":[{"@type":"ListItem","position":1,"name":"Hem","item":"https:\/\/www.tillvaxtbohuslan.se\/delarsboende\/"},{"@type":"ListItem","position":2,"name":"Intervjustudien, juni- september"}]},{"@type":"WebSite","@id":"https:\/\/www.tillvaxtbohuslan.se\/delarsboende\/#website","url":"https:\/\/www.tillvaxtbohuslan.se\/delarsboende\/","name":"Del\u00e5rsboende","description":"","potentialAction":[{"@type":"SearchAction","target":{"@type":"EntryPoint","urlTemplate":"https:\/\/www.tillvaxtbohuslan.se\/delarsboende\/?s={search_term_string}"},"query-input":{"@type":"PropertyValueSpecification","valueRequired":true,"valueName":"search_term_string"}}],"inLanguage":"sv-SE"}]}},"_links":{"self":[{"href":"https:\/\/www.tillvaxtbohuslan.se\/delarsboende\/wp-json\/wp\/v2\/pages\/98","targetHints":{"allow":["GET"]}}],"collection":[{"href":"https:\/\/www.tillvaxtbohuslan.se\/delarsboende\/wp-json\/wp\/v2\/pages"}],"about":[{"href":"https:\/\/www.tillvaxtbohuslan.se\/delarsboende\/wp-json\/wp\/v2\/types\/page"}],"author":[{"embeddable":true,"href":"https:\/\/www.tillvaxtbohuslan.se\/delarsboende\/wp-json\/wp\/v2\/users\/1"}],"replies":[{"embeddable":true,"href":"https:\/\/www.tillvaxtbohuslan.se\/delarsboende\/wp-json\/wp\/v2\/comments?post=98"}],"version-history":[{"count":1,"href":"https:\/\/www.tillvaxtbohuslan.se\/delarsboende\/wp-json\/wp\/v2\/pages\/98\/revisions"}],"predecessor-version":[{"id":99,"href":"https:\/\/www.tillvaxtbohuslan.se\/delarsboende\/wp-json\/wp\/v2\/pages\/98\/revisions\/99"}],"wp:attachment":[{"href":"https:\/\/www.tillvaxtbohuslan.se\/delarsboende\/wp-json\/wp\/v2\/media?parent=98"}],"curies":[{"name":"wp","href":"https:\/\/api.w.org\/{rel}","templated":true}]}}