{"id":96,"date":"2014-03-31T16:24:24","date_gmt":"2014-03-31T14:24:24","guid":{"rendered":"https:\/\/www.tillvaxtbohuslan.se\/delarsboende\/?page_id=96"},"modified":"2014-09-09T15:50:46","modified_gmt":"2014-09-09T13:50:46","slug":"mote-med-arbetsgrupp-4-maj-2012","status":"publish","type":"page","link":"https:\/\/www.tillvaxtbohuslan.se\/delarsboende\/mote-med-arbetsgrupp-4-maj-2012\/","title":{"rendered":"M\u00f6te med arbetsgrupp 4 maj 2012"},"content":{"rendered":"<p>4 maj arrangerades det f\u00f6rsta m\u00f6tet med arbetsgruppen som utg\u00f6rs av n\u00e4ringslivs- och informationsansvariga i Lysekils, Soten\u00e4s, Str\u00f6mstads och Tanums kommun. M\u00f6tet inleddes med att projektledningen introducerade projektets bakgrund, projektplan, m\u00e5l och syfte. \u201dDel\u00e5rsboende som resurs\u201d i samh\u00e4llsutvecklingen diskuterades och problematiserades d\u00e4refter. Tv\u00e5 personer i arbetsgruppen har sj\u00e4lva g\u00e5tt fr\u00e5n att vara del\u00e5rs- till hel\u00e5rsboende, vilket inte minst bidrog till ett sp\u00e4nnande perspektiv. P\u00e5 m\u00f6tet fastslogs n\u00e5gra fr\u00e5gest\u00e4llningar som senare kom att utg\u00f6ra del av fr\u00e5gemallar i intervjustudien med del\u00e5rsboende och f\u00f6retagare.<\/p>\n<p>Id\u00e9 till en l\u00e4mplig studieresa lyftes fram. Fredrikshamns kommun ligger i framkant n\u00e4r det kommer till att integrera del\u00e5rsboende i samh\u00e4llslivet, vilket de aktivt har arbetat med sedan 1997-98. Man f\u00f6rstod att n\u00e5gonting beh\u00f6vde g\u00f6ras i Skagen i samband med att allt fler tj\u00e4nstef\u00f6retag f\u00f6rsvann. Genom diverse satsningar har de f\u00f6rl\u00e4ngt s\u00e4songen fr\u00e5n april till november. Med tanke p\u00e5 den liknande geografi som r\u00e5der i norra Bohusl\u00e4n \u00e4r det intressant att titta n\u00e4rmare p\u00e5 hur Skagen har arbetat och arbetar med gruppen del\u00e5rsboende. \u00c4ven lyftes det i sammanhanget fram att del\u00e5rsboende p\u00e5 \u00d6sterlen \u00e4r mer delaktiga i samh\u00e4llslivet j\u00e4mf\u00f6rt med i norra Bohusl\u00e4n. Fr\u00e5gan \u00e4r: hur kommer det sig? \u00c4ven det vore av stort intresse att s\u00f6ka mer kunskap om.<\/p>\n","protected":false},"excerpt":{"rendered":"<p>4 maj arrangerades det f\u00f6rsta m\u00f6tet med arbetsgruppen som utg\u00f6rs av n\u00e4ringslivs- och informationsansvariga i Lysekils, Soten\u00e4s, Str\u00f6mstads och Tanums kommun. M\u00f6tet inleddes med att projektledningen introducerade projektets bakgrund, projektplan, m\u00e5l och syfte. \u201dDel\u00e5rsboende som resurs\u201d i samh\u00e4llsutvecklingen diskuterades och &hellip; <a href=\"https:\/\/www.tillvaxtbohuslan.se\/delarsboende\/mote-med-arbetsgrupp-4-maj-2012\/\" title=\"M\u00f6te med arbetsgrupp 4 maj 2012\">Forts\u00e4tt l\u00e4sa <span class=\"meta-nav\"><i class=\"icon-long-arrow-right\"><\/i><\/span><\/a><\/p>\n","protected":false},"author":1,"featured_media":0,"parent":0,"menu_order":0,"comment_status":"closed","ping_status":"open","template":"","meta":{"_acf_changed":false,"footnotes":""},"class_list":["post-96","page","type-page","status-publish","hentry"],"acf":[],"yoast_head":"<!-- This site is optimized with the Yoast SEO plugin v27.4 - https:\/\/yoast.com\/product\/yoast-seo-wordpress\/ -->\n<title>M\u00f6te med arbetsgrupp 4 maj 2012 - Del\u00e5rsboende<\/title>\n<meta name=\"robots\" content=\"index, follow, max-snippet:-1, max-image-preview:large, max-video-preview:-1\" \/>\n<link rel=\"canonical\" href=\"https:\/\/www.tillvaxtbohuslan.se\/delarsboende\/mote-med-arbetsgrupp-4-maj-2012\/\" \/>\n<meta name=\"twitter:label1\" content=\"Ber\u00e4knad l\u00e4stid\" \/>\n\t<meta name=\"twitter:data1\" content=\"1 minut\" \/>\n<script type=\"application\/ld+json\" class=\"yoast-schema-graph\">{\"@context\":\"https:\\\/\\\/schema.org\",\"@graph\":[{\"@type\":\"WebPage\",\"@id\":\"https:\\\/\\\/www.tillvaxtbohuslan.se\\\/delarsboende\\\/mote-med-arbetsgrupp-4-maj-2012\\\/\",\"url\":\"https:\\\/\\\/www.tillvaxtbohuslan.se\\\/delarsboende\\\/mote-med-arbetsgrupp-4-maj-2012\\\/\",\"name\":\"M\u00f6te med arbetsgrupp 4 maj 2012 - Del\u00e5rsboende\",\"isPartOf\":{\"@id\":\"https:\\\/\\\/www.tillvaxtbohuslan.se\\\/delarsboende\\\/#website\"},\"datePublished\":\"2014-03-31T14:24:24+00:00\",\"dateModified\":\"2014-09-09T13:50:46+00:00\",\"breadcrumb\":{\"@id\":\"https:\\\/\\\/www.tillvaxtbohuslan.se\\\/delarsboende\\\/mote-med-arbetsgrupp-4-maj-2012\\\/#breadcrumb\"},\"inLanguage\":\"sv-SE\",\"potentialAction\":[{\"@type\":\"ReadAction\",\"target\":[\"https:\\\/\\\/www.tillvaxtbohuslan.se\\\/delarsboende\\\/mote-med-arbetsgrupp-4-maj-2012\\\/\"]}]},{\"@type\":\"BreadcrumbList\",\"@id\":\"https:\\\/\\\/www.tillvaxtbohuslan.se\\\/delarsboende\\\/mote-med-arbetsgrupp-4-maj-2012\\\/#breadcrumb\",\"itemListElement\":[{\"@type\":\"ListItem\",\"position\":1,\"name\":\"Hem\",\"item\":\"https:\\\/\\\/www.tillvaxtbohuslan.se\\\/delarsboende\\\/\"},{\"@type\":\"ListItem\",\"position\":2,\"name\":\"M\u00f6te med arbetsgrupp 4 maj 2012\"}]},{\"@type\":\"WebSite\",\"@id\":\"https:\\\/\\\/www.tillvaxtbohuslan.se\\\/delarsboende\\\/#website\",\"url\":\"https:\\\/\\\/www.tillvaxtbohuslan.se\\\/delarsboende\\\/\",\"name\":\"Del\u00e5rsboende\",\"description\":\"\",\"potentialAction\":[{\"@type\":\"SearchAction\",\"target\":{\"@type\":\"EntryPoint\",\"urlTemplate\":\"https:\\\/\\\/www.tillvaxtbohuslan.se\\\/delarsboende\\\/?s={search_term_string}\"},\"query-input\":{\"@type\":\"PropertyValueSpecification\",\"valueRequired\":true,\"valueName\":\"search_term_string\"}}],\"inLanguage\":\"sv-SE\"}]}<\/script>\n<!-- \/ Yoast SEO plugin. -->","yoast_head_json":{"title":"M\u00f6te med arbetsgrupp 4 maj 2012 - Del\u00e5rsboende","robots":{"index":"index","follow":"follow","max-snippet":"max-snippet:-1","max-image-preview":"max-image-preview:large","max-video-preview":"max-video-preview:-1"},"canonical":"https:\/\/www.tillvaxtbohuslan.se\/delarsboende\/mote-med-arbetsgrupp-4-maj-2012\/","twitter_misc":{"Ber\u00e4knad l\u00e4stid":"1 minut"},"schema":{"@context":"https:\/\/schema.org","@graph":[{"@type":"WebPage","@id":"https:\/\/www.tillvaxtbohuslan.se\/delarsboende\/mote-med-arbetsgrupp-4-maj-2012\/","url":"https:\/\/www.tillvaxtbohuslan.se\/delarsboende\/mote-med-arbetsgrupp-4-maj-2012\/","name":"M\u00f6te med arbetsgrupp 4 maj 2012 - Del\u00e5rsboende","isPartOf":{"@id":"https:\/\/www.tillvaxtbohuslan.se\/delarsboende\/#website"},"datePublished":"2014-03-31T14:24:24+00:00","dateModified":"2014-09-09T13:50:46+00:00","breadcrumb":{"@id":"https:\/\/www.tillvaxtbohuslan.se\/delarsboende\/mote-med-arbetsgrupp-4-maj-2012\/#breadcrumb"},"inLanguage":"sv-SE","potentialAction":[{"@type":"ReadAction","target":["https:\/\/www.tillvaxtbohuslan.se\/delarsboende\/mote-med-arbetsgrupp-4-maj-2012\/"]}]},{"@type":"BreadcrumbList","@id":"https:\/\/www.tillvaxtbohuslan.se\/delarsboende\/mote-med-arbetsgrupp-4-maj-2012\/#breadcrumb","itemListElement":[{"@type":"ListItem","position":1,"name":"Hem","item":"https:\/\/www.tillvaxtbohuslan.se\/delarsboende\/"},{"@type":"ListItem","position":2,"name":"M\u00f6te med arbetsgrupp 4 maj 2012"}]},{"@type":"WebSite","@id":"https:\/\/www.tillvaxtbohuslan.se\/delarsboende\/#website","url":"https:\/\/www.tillvaxtbohuslan.se\/delarsboende\/","name":"Del\u00e5rsboende","description":"","potentialAction":[{"@type":"SearchAction","target":{"@type":"EntryPoint","urlTemplate":"https:\/\/www.tillvaxtbohuslan.se\/delarsboende\/?s={search_term_string}"},"query-input":{"@type":"PropertyValueSpecification","valueRequired":true,"valueName":"search_term_string"}}],"inLanguage":"sv-SE"}]}},"_links":{"self":[{"href":"https:\/\/www.tillvaxtbohuslan.se\/delarsboende\/wp-json\/wp\/v2\/pages\/96","targetHints":{"allow":["GET"]}}],"collection":[{"href":"https:\/\/www.tillvaxtbohuslan.se\/delarsboende\/wp-json\/wp\/v2\/pages"}],"about":[{"href":"https:\/\/www.tillvaxtbohuslan.se\/delarsboende\/wp-json\/wp\/v2\/types\/page"}],"author":[{"embeddable":true,"href":"https:\/\/www.tillvaxtbohuslan.se\/delarsboende\/wp-json\/wp\/v2\/users\/1"}],"replies":[{"embeddable":true,"href":"https:\/\/www.tillvaxtbohuslan.se\/delarsboende\/wp-json\/wp\/v2\/comments?post=96"}],"version-history":[{"count":1,"href":"https:\/\/www.tillvaxtbohuslan.se\/delarsboende\/wp-json\/wp\/v2\/pages\/96\/revisions"}],"predecessor-version":[{"id":97,"href":"https:\/\/www.tillvaxtbohuslan.se\/delarsboende\/wp-json\/wp\/v2\/pages\/96\/revisions\/97"}],"wp:attachment":[{"href":"https:\/\/www.tillvaxtbohuslan.se\/delarsboende\/wp-json\/wp\/v2\/media?parent=96"}],"curies":[{"name":"wp","href":"https:\/\/api.w.org\/{rel}","templated":true}]}}