{"id":9,"date":"2014-02-19T16:35:55","date_gmt":"2014-02-19T15:35:55","guid":{"rendered":"https:\/\/www.tillvaxtbohuslan.se\/delarsboende\/?page_id=9"},"modified":"2014-09-09T15:50:46","modified_gmt":"2014-09-09T13:50:46","slug":"om-projektet","status":"publish","type":"page","link":"https:\/\/www.tillvaxtbohuslan.se\/delarsboende\/om-projektet\/","title":{"rendered":"Om satsningen"},"content":{"rendered":"<h2 id=\"h-svdefaultanchor\"><strong>Enk\u00e4tunders\u00f6kningen som inspirerade <\/strong><\/h2>\n<p>Projektet Tillv\u00e4xtgrupp del\u00e5rsboende \u00e4r att f\u00f6rst\u00e5 som en f\u00f6rdjupning av och forts\u00e4ttning p\u00e5 projektet Del\u00e5rsboende- en resurs f\u00f6r h\u00e5llbar utveckling, 2009- 2010. Projektet ang\u00e5r Lysekils, Soten\u00e4s, Str\u00f6mstads och Tanums kommun. I den enk\u00e4tunders\u00f6kning som genomf\u00f6rdes 2009 framkom det bland annat att flertalet del\u00e5rsboende kan t\u00e4nka sig att flytta permanent till sin fritidsbostadskommun. D\u00e4rtill anger relativt m\u00e5nga att de kan t\u00e4nka sig att flytta sitt f\u00f6retag till\/starta upp ny verksamhet i sin fritidsbostadskommun.<\/p>\n<p>Enk\u00e4tunders\u00f6kningens resultat v\u00e4ckte m\u00e5nga nya fr\u00e5gor. Vilka \u00e4r f\u00f6ruts\u00e4ttningarna f\u00f6r att del\u00e5rsboende ska trivas \u00e4nnu b\u00e4ttre, vistas i sin fritidsbostad under l\u00e4ngre tid, starta upp f\u00f6retag, bli mer\/vara fortsatt engagerad i samh\u00e4llslivet eller rentav att flytta till sin fritidsbostad permanent? Vilka specifika behov finns av kommersiell och offentlig service? Att s\u00f6ka svar p\u00e5 dessa fr\u00e5gor \u00e4r h\u00f6grelevant i arbetet att utveckla kommunerna till att bli mer attraktiva att bo och verka i. Detta projekt \u00e4r med andra ord till minst lika stor gl\u00e4dje f\u00f6r de som redan \u00e4r hel\u00e5rsboende i Lysekils, Soten\u00e4s, Str\u00f6mstads och Tanums kommun.<\/p>\n<h2 id=\"h-svdefaultanchor-0\"><strong>N\u00e4stan lika m\u00e5nga del\u00e5rs- som hel\u00e5rsboende <\/strong><\/h2>\n<p>I stapeldiagrammet nedan illustreras f\u00f6rdelningen av antalet hel\u00e5rs- och del\u00e5rsboende i Lysekils, Soten\u00e4s, Str\u00f6mstads och Tanums kommun.<\/p>\n<p><a href=\"https:\/\/www.tillvaxtbohuslan.se\/delarsboende\/wp-content\/uploads\/sites\/5\/2014\/02\/Grafik1.jpg\"><img loading=\"lazy\" decoding=\"async\" class=\"img-responsive img-responsive alignnone size-full wp-image-30\" alt=\"Grafik1\" src=\"https:\/\/www.tillvaxtbohuslan.se\/delarsboende\/wp-content\/uploads\/sites\/5\/2014\/02\/Grafik1.jpg\" width=\"452\" height=\"246\" srcset=\"https:\/\/www.tillvaxtbohuslan.se\/delarsboende\/wp-content\/uploads\/sites\/5\/2014\/02\/Grafik1.jpg 452w, https:\/\/www.tillvaxtbohuslan.se\/delarsboende\/wp-content\/uploads\/sites\/5\/2014\/02\/Grafik1-300x163.jpg 300w\" sizes=\"auto, (max-width: 452px) 100vw, 452px\" \/><\/a><span style=\"color: #000000; font-family: Calibri; font-size: medium;\">(Klicka p\u00e5 bilden\u00a0f\u00f6r att f\u00f6rstora)<br \/>\n<\/span><\/p>\n<p>Stapeldiagram. F\u00f6rdelning av hel\u00e5rs- och del\u00e5rsboende, 2011. K\u00e4lla: Hel\u00e5rsboende: <a title=\" (l\u00e4nk till annan webbplats, \u00f6ppnas i nytt f\u00f6nster)\" href=\"http:\/\/www.ssd.scb.se\/\" target=\"_blank\" rel=\"external\">www.ssd.scb.se<img decoding=\"async\" alt=\"l\u00e4nk till annan webbplats, \u00f6ppnas i nytt f\u00f6nster\" src=\"https:\/\/www.tillvaxtbohuslan.se\/sitevision\/util\/images\/externallinknewwindow.png\" \/><\/a>, Del\u00e5rsboende: <a title=\" (l\u00e4nk till annan webbplats, \u00f6ppnas i nytt f\u00f6nster)\" href=\"http:\/\/www.regionfakta.com\/\" target=\"_blank\" rel=\"external\">www.regionfakta.com<img decoding=\"async\" alt=\"l\u00e4nk till annan webbplats, \u00f6ppnas i nytt f\u00f6nster\" src=\"https:\/\/www.tillvaxtbohuslan.se\/sitevision\/util\/images\/externallinknewwindow.png\" \/><\/a> (uppskattning har gjorts: 3x antalet fritidshus).<\/p>\n<p>Antalet del\u00e5rsboende \u00e4r inte att f\u00f6rst\u00e5 fundamentalt, utan som en god uppskattning. Det finns idag inga precisa siffror d\u00e5 del\u00e5rsboende varken inryms befolknings- eller turismstatistiken. Som framkommer av stapeldiagrammet ovan \u00e4r antalet del\u00e5rs- och hel\u00e5rsbor uppskattningsvis n\u00e4stan lika m\u00e5nga totalt sett i norra Bohusl\u00e4ns kustkommuner. I Tanums kommun uppskattas del\u00e5rsboende till och med vara n\u00e5got fler j\u00e4mf\u00f6rt med antalet hel\u00e5rsboende. Sannolikheten \u00e4r dessutom stor att gruppen del\u00e5rsboende \u00e4r \u00e4nnu st\u00f6rre med tanke p\u00e5 att det idag inte finns statistik \u00f6ver de som \u00e4ger en bostadsr\u00e4tt i kommunerna.<\/p>\n<h2 id=\"h-svdefaultanchor-1\"><strong><br \/>\nIntressen och kunskaper att tillvarata <\/strong><\/h2>\n<p>F\u00f6ljande figur illustrerar intressen och kunskaper som b\u00f6r bejakas och tillvaratas i s\u00e5v\u00e4l lokalt n\u00e4ringsliv som offentlig sektor.<\/p>\n<p><span style=\"color: #000000; font-family: Calibri; font-size: medium;\"><a href=\"https:\/\/www.tillvaxtbohuslan.se\/delarsboende\/wp-content\/uploads\/sites\/5\/2014\/02\/Grafik2.jpg\"><img loading=\"lazy\" decoding=\"async\" class=\"img-responsive img-responsive alignnone size-full wp-image-32\" alt=\"Grafik2\" src=\"https:\/\/www.tillvaxtbohuslan.se\/delarsboende\/wp-content\/uploads\/sites\/5\/2014\/02\/Grafik2.jpg\" width=\"341\" height=\"243\" srcset=\"https:\/\/www.tillvaxtbohuslan.se\/delarsboende\/wp-content\/uploads\/sites\/5\/2014\/02\/Grafik2.jpg 341w, https:\/\/www.tillvaxtbohuslan.se\/delarsboende\/wp-content\/uploads\/sites\/5\/2014\/02\/Grafik2-300x213.jpg 300w\" sizes=\"auto, (max-width: 341px) 100vw, 341px\" \/><\/a><\/span>Figur. Intressen och kunskaper att tillvarata. K\u00e4lla: Johansson Martina (2012)<br \/>\n(Klicka p\u00e5 bilden\u00a0f\u00f6r att f\u00f6rstora)<br \/>\nFiguren ovan illustrerar att del\u00e5rsboendens intressen och kunskaper liksom hel\u00e5rsboendens och bes\u00f6ksn\u00e4ringens b\u00f6r bejakas och tillvaratas i s\u00e5v\u00e4l lokalt n\u00e4ringsliv som offentlig sektor f\u00f6r att uppn\u00e5 l\u00e5ngsiktigt h\u00e5llbar utveckling. Del\u00e5rsboende kvarst\u00e5r dock i dialog om samh\u00e4llsutveckling. Enligt enk\u00e4tunders\u00f6kningen 2009 \u00f6nskar m\u00e5nga del\u00e5rsboende dialog med kommunen. Likas\u00e5 \u00f6nskar m\u00e5nga del\u00e5rsboende mer och b\u00e4ttre samlad information om vad som h\u00e4nder i kommunen i stort som sm\u00e5tt. Projektet avser d\u00e4rf\u00f6r l\u00e4gga en bra grund f\u00f6r kommunikation med och information till del\u00e5rsboende, nu och fram\u00f6ver. Det kommer dels att ske genom en intervjustudie dels genom att etablera digitala och fysiska informationscentrum.<\/p>\n<p>&nbsp;<\/p>\n<h2 id=\"h-svdefaultanchor-2\"><strong>Projektets m\u00e5ls\u00e4ttningar <\/strong><\/h2>\n<p>\u00d6vergripande m\u00e5l\/vision<\/p>\n<ul>\n<li>Att en m\u00e4rkbar andel del\u00e5rsboende har etablerat sina verksamheter del\u00e5rs- eller hel\u00e5rsvis och vistas under l\u00e4ngre tid i &#8211; allra helst har flyttat permanent till &#8211; sina fritidsbostadskommuner.<\/li>\n<\/ul>\n<p>Projektm\u00e5l<\/p>\n<ul>\n<li>Att intervjustudiens resultat och kommunens informations- och kommunikationssatsning har gett och forts\u00e4tter att ge inspiration till utveckling av\/skapande av nya kommersiella tj\u00e4nster.<\/li>\n<li>Att de del\u00e5rsboende har blivit en \u201dsynlig grupp\u201d och inkluderas i offentlig samh\u00e4llsplanering p\u00e5 lokal, regional och nationell niv\u00e5.<\/li>\n<\/ul>\n<p>Resultatm\u00e5l (ska ha uppn\u00e5tts vid projektets slut, september 2013)<\/p>\n<ul>\n<li>Att analys av intervjustudien har bidragit med ett gediget kunskapsunderlag om del\u00e5rsboendes servicebehov och vilka f\u00f6ruts\u00e4ttningarna \u00e4r f\u00f6r att de ska bli mer engagerade i samh\u00e4llslivet, flytta hit sina\/starta upp nya verksamheter och\/eller flytta hit permanent.<\/li>\n<li>Att en struktur och kultur f\u00f6r dialog har skapats med gruppen del\u00e5rsboende.<\/li>\n<li>Att kunskapen sprids och f\u00f6rdjupad kunskap inh\u00e4mtas fr\u00e5n forskning\/andra kommuner.<\/li>\n<\/ul>\n<p>&nbsp;<\/p>\n<h2>Projektverksamhet<\/h2>\n<p><strong>V\u00e5r och sommar (mars- september)<\/strong><\/p>\n<ul>\n<li>Projektplan l\u00e4ggs (omv\u00e4rldsanalys, riskanalys, aktivitetsplan m.m.)<\/li>\n<li>Del\u00e5rsboende s\u00f6ks till intervjustudien<\/li>\n<li>Arbetsgrupp skapas och tr\u00e4ffas<\/li>\n<li>Intervjumallar formuleras (syfte, m\u00e5l och fr\u00e5gest\u00e4llningar)<\/li>\n<li>Respondenter kartl\u00e4ggs, urval genomf\u00f6rs<\/li>\n<li>F\u00f6retagsregister tas fram, urval genomf\u00f6rs<\/li>\n<li>Rekrytering och introduktion av 4 intervjuare<\/li>\n<li>Intervjuer genomf\u00f6rs och referat sammanst\u00e4lls, juni- september<\/li>\n<\/ul>\n<p><strong>H\u00f6st och vinter<\/strong><\/p>\n<ul>\n<li>M\u00f6te med samh\u00e4llsf\u00f6reningar och arbetsgrupp<\/li>\n<li>Kompletterar intervjustudien: intervjuer med nyinflyttade (f.d. del\u00e5rsboende)<\/li>\n<li>Tv\u00e5 dagars servicekonferens: \u201dLokal utveckling genom samverkan med n\u00e4ringslivet\u201d<\/li>\n<li>Analys av intervjumaterial p\u00e5 Ume\u00e5 Universitet, oktober- december<\/li>\n<\/ul>\n<p><strong>Slutrapport<\/strong> av intervjustudien klar i december (rapporten presenteras 10-11\/12 i Soten\u00e4s och Tanums kommun av forskaren Lars Larsson)<\/p>\n<p>Planering av studieresa, m\u00f6ten och fortsatt projektprocess: vilka kompetenser beh\u00f6ver vi knyta an till projektet och vilken kompetensutveckling beh\u00f6ver vi sj\u00e4lva?<\/p>\n<p><strong>Januari &#8211; september 2013<\/strong><\/p>\n<p>N\u00e5gon form av konkret serviceutveckling kommer att p\u00e5b\u00f6rjas 2013, baserat p\u00e5 insikter som intervjustudien har v\u00e4ckt, studieresor och samtal som har f\u00f6rts med samh\u00e4llsf\u00f6reningar, landbygdsutvecklare och arbetsgrupp. Projektet avslutas september 2013.<\/p>\n<ul>\n<li>M\u00f6te med arbetsgrupp 4 maj 2012<\/li>\n<li>Intervjustudien, juni-sep 2012<\/li>\n<li>M\u00f6te med samh\u00e4llsf\u00f6reningar 25 sep 2012<\/li>\n<li>Servicekonferens i Floda och N\u00e4\u00e4s<\/li>\n<li>M\u00f6te med arbetsgrupp 11 okt 2012<\/li>\n<\/ul>\n","protected":false},"excerpt":{"rendered":"<p>Enk\u00e4tunders\u00f6kningen som inspirerade Projektet Tillv\u00e4xtgrupp del\u00e5rsboende \u00e4r att f\u00f6rst\u00e5 som en f\u00f6rdjupning av och forts\u00e4ttning p\u00e5 projektet Del\u00e5rsboende- en resurs f\u00f6r h\u00e5llbar utveckling, 2009- 2010. Projektet ang\u00e5r Lysekils, Soten\u00e4s, Str\u00f6mstads och Tanums kommun. I den enk\u00e4tunders\u00f6kning som genomf\u00f6rdes 2009 framkom &hellip; <a href=\"https:\/\/www.tillvaxtbohuslan.se\/delarsboende\/om-projektet\/\" title=\"Om satsningen\">Forts\u00e4tt l\u00e4sa <span class=\"meta-nav\"><i class=\"icon-long-arrow-right\"><\/i><\/span><\/a><\/p>\n","protected":false},"author":1,"featured_media":0,"parent":0,"menu_order":0,"comment_status":"closed","ping_status":"open","template":"","meta":{"_acf_changed":false,"footnotes":""},"class_list":["post-9","page","type-page","status-publish","hentry"],"acf":[],"yoast_head":"<!-- This site is optimized with the Yoast SEO plugin v27.4 - https:\/\/yoast.com\/product\/yoast-seo-wordpress\/ -->\n<title>Om satsningen - Del\u00e5rsboende<\/title>\n<meta name=\"robots\" content=\"index, follow, max-snippet:-1, max-image-preview:large, max-video-preview:-1\" \/>\n<link rel=\"canonical\" href=\"https:\/\/www.tillvaxtbohuslan.se\/delarsboende\/om-projektet\/\" \/>\n<meta name=\"twitter:label1\" content=\"Ber\u00e4knad l\u00e4stid\" \/>\n\t<meta name=\"twitter:data1\" content=\"5 minuter\" \/>\n<script type=\"application\/ld+json\" class=\"yoast-schema-graph\">{\"@context\":\"https:\\\/\\\/schema.org\",\"@graph\":[{\"@type\":\"WebPage\",\"@id\":\"https:\\\/\\\/www.tillvaxtbohuslan.se\\\/delarsboende\\\/om-projektet\\\/\",\"url\":\"https:\\\/\\\/www.tillvaxtbohuslan.se\\\/delarsboende\\\/om-projektet\\\/\",\"name\":\"Om satsningen - Del\u00e5rsboende\",\"isPartOf\":{\"@id\":\"https:\\\/\\\/www.tillvaxtbohuslan.se\\\/delarsboende\\\/#website\"},\"primaryImageOfPage\":{\"@id\":\"https:\\\/\\\/www.tillvaxtbohuslan.se\\\/delarsboende\\\/om-projektet\\\/#primaryimage\"},\"image\":{\"@id\":\"https:\\\/\\\/www.tillvaxtbohuslan.se\\\/delarsboende\\\/om-projektet\\\/#primaryimage\"},\"thumbnailUrl\":\"https:\\\/\\\/www.tillvaxtbohuslan.se\\\/delarsboende\\\/wp-content\\\/uploads\\\/sites\\\/5\\\/2014\\\/02\\\/Grafik1.jpg\",\"datePublished\":\"2014-02-19T15:35:55+00:00\",\"dateModified\":\"2014-09-09T13:50:46+00:00\",\"breadcrumb\":{\"@id\":\"https:\\\/\\\/www.tillvaxtbohuslan.se\\\/delarsboende\\\/om-projektet\\\/#breadcrumb\"},\"inLanguage\":\"sv-SE\",\"potentialAction\":[{\"@type\":\"ReadAction\",\"target\":[\"https:\\\/\\\/www.tillvaxtbohuslan.se\\\/delarsboende\\\/om-projektet\\\/\"]}]},{\"@type\":\"ImageObject\",\"inLanguage\":\"sv-SE\",\"@id\":\"https:\\\/\\\/www.tillvaxtbohuslan.se\\\/delarsboende\\\/om-projektet\\\/#primaryimage\",\"url\":\"https:\\\/\\\/www.tillvaxtbohuslan.se\\\/delarsboende\\\/wp-content\\\/uploads\\\/sites\\\/5\\\/2014\\\/02\\\/Grafik1.jpg\",\"contentUrl\":\"https:\\\/\\\/www.tillvaxtbohuslan.se\\\/delarsboende\\\/wp-content\\\/uploads\\\/sites\\\/5\\\/2014\\\/02\\\/Grafik1.jpg\"},{\"@type\":\"BreadcrumbList\",\"@id\":\"https:\\\/\\\/www.tillvaxtbohuslan.se\\\/delarsboende\\\/om-projektet\\\/#breadcrumb\",\"itemListElement\":[{\"@type\":\"ListItem\",\"position\":1,\"name\":\"Hem\",\"item\":\"https:\\\/\\\/www.tillvaxtbohuslan.se\\\/delarsboende\\\/\"},{\"@type\":\"ListItem\",\"position\":2,\"name\":\"Om satsningen\"}]},{\"@type\":\"WebSite\",\"@id\":\"https:\\\/\\\/www.tillvaxtbohuslan.se\\\/delarsboende\\\/#website\",\"url\":\"https:\\\/\\\/www.tillvaxtbohuslan.se\\\/delarsboende\\\/\",\"name\":\"Del\u00e5rsboende\",\"description\":\"\",\"potentialAction\":[{\"@type\":\"SearchAction\",\"target\":{\"@type\":\"EntryPoint\",\"urlTemplate\":\"https:\\\/\\\/www.tillvaxtbohuslan.se\\\/delarsboende\\\/?s={search_term_string}\"},\"query-input\":{\"@type\":\"PropertyValueSpecification\",\"valueRequired\":true,\"valueName\":\"search_term_string\"}}],\"inLanguage\":\"sv-SE\"}]}<\/script>\n<!-- \/ Yoast SEO plugin. -->","yoast_head_json":{"title":"Om satsningen - Del\u00e5rsboende","robots":{"index":"index","follow":"follow","max-snippet":"max-snippet:-1","max-image-preview":"max-image-preview:large","max-video-preview":"max-video-preview:-1"},"canonical":"https:\/\/www.tillvaxtbohuslan.se\/delarsboende\/om-projektet\/","twitter_misc":{"Ber\u00e4knad l\u00e4stid":"5 minuter"},"schema":{"@context":"https:\/\/schema.org","@graph":[{"@type":"WebPage","@id":"https:\/\/www.tillvaxtbohuslan.se\/delarsboende\/om-projektet\/","url":"https:\/\/www.tillvaxtbohuslan.se\/delarsboende\/om-projektet\/","name":"Om satsningen - Del\u00e5rsboende","isPartOf":{"@id":"https:\/\/www.tillvaxtbohuslan.se\/delarsboende\/#website"},"primaryImageOfPage":{"@id":"https:\/\/www.tillvaxtbohuslan.se\/delarsboende\/om-projektet\/#primaryimage"},"image":{"@id":"https:\/\/www.tillvaxtbohuslan.se\/delarsboende\/om-projektet\/#primaryimage"},"thumbnailUrl":"https:\/\/www.tillvaxtbohuslan.se\/delarsboende\/wp-content\/uploads\/sites\/5\/2014\/02\/Grafik1.jpg","datePublished":"2014-02-19T15:35:55+00:00","dateModified":"2014-09-09T13:50:46+00:00","breadcrumb":{"@id":"https:\/\/www.tillvaxtbohuslan.se\/delarsboende\/om-projektet\/#breadcrumb"},"inLanguage":"sv-SE","potentialAction":[{"@type":"ReadAction","target":["https:\/\/www.tillvaxtbohuslan.se\/delarsboende\/om-projektet\/"]}]},{"@type":"ImageObject","inLanguage":"sv-SE","@id":"https:\/\/www.tillvaxtbohuslan.se\/delarsboende\/om-projektet\/#primaryimage","url":"https:\/\/www.tillvaxtbohuslan.se\/delarsboende\/wp-content\/uploads\/sites\/5\/2014\/02\/Grafik1.jpg","contentUrl":"https:\/\/www.tillvaxtbohuslan.se\/delarsboende\/wp-content\/uploads\/sites\/5\/2014\/02\/Grafik1.jpg"},{"@type":"BreadcrumbList","@id":"https:\/\/www.tillvaxtbohuslan.se\/delarsboende\/om-projektet\/#breadcrumb","itemListElement":[{"@type":"ListItem","position":1,"name":"Hem","item":"https:\/\/www.tillvaxtbohuslan.se\/delarsboende\/"},{"@type":"ListItem","position":2,"name":"Om satsningen"}]},{"@type":"WebSite","@id":"https:\/\/www.tillvaxtbohuslan.se\/delarsboende\/#website","url":"https:\/\/www.tillvaxtbohuslan.se\/delarsboende\/","name":"Del\u00e5rsboende","description":"","potentialAction":[{"@type":"SearchAction","target":{"@type":"EntryPoint","urlTemplate":"https:\/\/www.tillvaxtbohuslan.se\/delarsboende\/?s={search_term_string}"},"query-input":{"@type":"PropertyValueSpecification","valueRequired":true,"valueName":"search_term_string"}}],"inLanguage":"sv-SE"}]}},"_links":{"self":[{"href":"https:\/\/www.tillvaxtbohuslan.se\/delarsboende\/wp-json\/wp\/v2\/pages\/9","targetHints":{"allow":["GET"]}}],"collection":[{"href":"https:\/\/www.tillvaxtbohuslan.se\/delarsboende\/wp-json\/wp\/v2\/pages"}],"about":[{"href":"https:\/\/www.tillvaxtbohuslan.se\/delarsboende\/wp-json\/wp\/v2\/types\/page"}],"author":[{"embeddable":true,"href":"https:\/\/www.tillvaxtbohuslan.se\/delarsboende\/wp-json\/wp\/v2\/users\/1"}],"replies":[{"embeddable":true,"href":"https:\/\/www.tillvaxtbohuslan.se\/delarsboende\/wp-json\/wp\/v2\/comments?post=9"}],"version-history":[{"count":13,"href":"https:\/\/www.tillvaxtbohuslan.se\/delarsboende\/wp-json\/wp\/v2\/pages\/9\/revisions"}],"predecessor-version":[{"id":121,"href":"https:\/\/www.tillvaxtbohuslan.se\/delarsboende\/wp-json\/wp\/v2\/pages\/9\/revisions\/121"}],"wp:attachment":[{"href":"https:\/\/www.tillvaxtbohuslan.se\/delarsboende\/wp-json\/wp\/v2\/media?parent=9"}],"curies":[{"name":"wp","href":"https:\/\/api.w.org\/{rel}","templated":true}]}}