{"id":7,"date":"2014-02-19T16:35:39","date_gmt":"2014-02-19T15:35:39","guid":{"rendered":"https:\/\/www.tillvaxtbohuslan.se\/delarsboende\/?page_id=7"},"modified":"2014-09-09T15:50:46","modified_gmt":"2014-09-09T13:50:46","slug":"finansiarer","status":"publish","type":"page","link":"https:\/\/www.tillvaxtbohuslan.se\/delarsboende\/finansiarer\/","title":{"rendered":"Finansi\u00e4rer"},"content":{"rendered":"<p><a title=\" (l\u00e4nk till annan webbplats)\" href=\"http:\/\/www.tillvaxtverket.se\/huvudmeny\/insatserfortillvaxt\/regionalutveckling\/lokaltochregionalttillvaxtarbete.4.21099e4211fdba8c87b800017789.html\">Tillv\u00e4xtverket<\/a><a title=\" (l\u00e4nk till annan webbplats)\" href=\"http:\/\/www.vgregion.se\/sv\/Vastra-Gotalandsregionen\/startsida\/Regionutveckling\/\"><br \/>\nV\u00e4stra G\u00f6talandsregionen<\/a><a title=\" (l\u00e4nk till annan webbplats)\" href=\"http:\/\/www.fyrbodal.se\/\"><br \/>\nFyrbodals kommunalf\u00f6rbund<\/a><a title=\" (l\u00e4nk till annan webbplats)\" href=\"http:\/\/www.lysekil.se\/invanare.4.32ee29ac120fa660f3180003755.html\"><br \/>\nLysekils Kommun<\/a><a title=\" (l\u00e4nk till annan webbplats)\" href=\"http:\/\/www.sotenas.se\/\"><br \/>\nSoten\u00e4s Kommun<\/a><a title=\" (l\u00e4nk till annan webbplats)\" href=\"http:\/\/www.stromstad.se\/startsida.5935.html\"><br \/>\nStr\u00f6mstads Kommun<\/a><a title=\" (l\u00e4nk till annan webbplats)\" href=\"http:\/\/www.tanum.se\/\"><br \/>\nTanums Kommun<\/a><br \/>\n<a href=\"http:\/\/www.munkedal.se\/\" target=\"_blank\">Munkedals kommun<\/a><\/p>\n","protected":false},"excerpt":{"rendered":"<p>Tillv\u00e4xtverket V\u00e4stra G\u00f6talandsregionen Fyrbodals kommunalf\u00f6rbund Lysekils Kommun Soten\u00e4s Kommun Str\u00f6mstads Kommun Tanums Kommun Munkedals kommun<\/p>\n","protected":false},"author":1,"featured_media":0,"parent":0,"menu_order":0,"comment_status":"closed","ping_status":"open","template":"","meta":{"_acf_changed":false,"footnotes":""},"class_list":["post-7","page","type-page","status-publish","hentry"],"acf":[],"yoast_head":"<!-- This site is optimized with the Yoast SEO plugin v27.4 - https:\/\/yoast.com\/product\/yoast-seo-wordpress\/ -->\n<title>Finansi\u00e4rer - Del\u00e5rsboende<\/title>\n<meta name=\"robots\" content=\"index, follow, max-snippet:-1, max-image-preview:large, max-video-preview:-1\" \/>\n<link rel=\"canonical\" href=\"https:\/\/www.tillvaxtbohuslan.se\/delarsboende\/finansiarer\/\" \/>\n<script type=\"application\/ld+json\" class=\"yoast-schema-graph\">{\"@context\":\"https:\\\/\\\/schema.org\",\"@graph\":[{\"@type\":\"WebPage\",\"@id\":\"https:\\\/\\\/www.tillvaxtbohuslan.se\\\/delarsboende\\\/finansiarer\\\/\",\"url\":\"https:\\\/\\\/www.tillvaxtbohuslan.se\\\/delarsboende\\\/finansiarer\\\/\",\"name\":\"Finansi\u00e4rer - Del\u00e5rsboende\",\"isPartOf\":{\"@id\":\"https:\\\/\\\/www.tillvaxtbohuslan.se\\\/delarsboende\\\/#website\"},\"datePublished\":\"2014-02-19T15:35:39+00:00\",\"dateModified\":\"2014-09-09T13:50:46+00:00\",\"breadcrumb\":{\"@id\":\"https:\\\/\\\/www.tillvaxtbohuslan.se\\\/delarsboende\\\/finansiarer\\\/#breadcrumb\"},\"inLanguage\":\"sv-SE\",\"potentialAction\":[{\"@type\":\"ReadAction\",\"target\":[\"https:\\\/\\\/www.tillvaxtbohuslan.se\\\/delarsboende\\\/finansiarer\\\/\"]}]},{\"@type\":\"BreadcrumbList\",\"@id\":\"https:\\\/\\\/www.tillvaxtbohuslan.se\\\/delarsboende\\\/finansiarer\\\/#breadcrumb\",\"itemListElement\":[{\"@type\":\"ListItem\",\"position\":1,\"name\":\"Hem\",\"item\":\"https:\\\/\\\/www.tillvaxtbohuslan.se\\\/delarsboende\\\/\"},{\"@type\":\"ListItem\",\"position\":2,\"name\":\"Finansi\u00e4rer\"}]},{\"@type\":\"WebSite\",\"@id\":\"https:\\\/\\\/www.tillvaxtbohuslan.se\\\/delarsboende\\\/#website\",\"url\":\"https:\\\/\\\/www.tillvaxtbohuslan.se\\\/delarsboende\\\/\",\"name\":\"Del\u00e5rsboende\",\"description\":\"\",\"potentialAction\":[{\"@type\":\"SearchAction\",\"target\":{\"@type\":\"EntryPoint\",\"urlTemplate\":\"https:\\\/\\\/www.tillvaxtbohuslan.se\\\/delarsboende\\\/?s={search_term_string}\"},\"query-input\":{\"@type\":\"PropertyValueSpecification\",\"valueRequired\":true,\"valueName\":\"search_term_string\"}}],\"inLanguage\":\"sv-SE\"}]}<\/script>\n<!-- \/ Yoast SEO plugin. -->","yoast_head_json":{"title":"Finansi\u00e4rer - Del\u00e5rsboende","robots":{"index":"index","follow":"follow","max-snippet":"max-snippet:-1","max-image-preview":"max-image-preview:large","max-video-preview":"max-video-preview:-1"},"canonical":"https:\/\/www.tillvaxtbohuslan.se\/delarsboende\/finansiarer\/","schema":{"@context":"https:\/\/schema.org","@graph":[{"@type":"WebPage","@id":"https:\/\/www.tillvaxtbohuslan.se\/delarsboende\/finansiarer\/","url":"https:\/\/www.tillvaxtbohuslan.se\/delarsboende\/finansiarer\/","name":"Finansi\u00e4rer - Del\u00e5rsboende","isPartOf":{"@id":"https:\/\/www.tillvaxtbohuslan.se\/delarsboende\/#website"},"datePublished":"2014-02-19T15:35:39+00:00","dateModified":"2014-09-09T13:50:46+00:00","breadcrumb":{"@id":"https:\/\/www.tillvaxtbohuslan.se\/delarsboende\/finansiarer\/#breadcrumb"},"inLanguage":"sv-SE","potentialAction":[{"@type":"ReadAction","target":["https:\/\/www.tillvaxtbohuslan.se\/delarsboende\/finansiarer\/"]}]},{"@type":"BreadcrumbList","@id":"https:\/\/www.tillvaxtbohuslan.se\/delarsboende\/finansiarer\/#breadcrumb","itemListElement":[{"@type":"ListItem","position":1,"name":"Hem","item":"https:\/\/www.tillvaxtbohuslan.se\/delarsboende\/"},{"@type":"ListItem","position":2,"name":"Finansi\u00e4rer"}]},{"@type":"WebSite","@id":"https:\/\/www.tillvaxtbohuslan.se\/delarsboende\/#website","url":"https:\/\/www.tillvaxtbohuslan.se\/delarsboende\/","name":"Del\u00e5rsboende","description":"","potentialAction":[{"@type":"SearchAction","target":{"@type":"EntryPoint","urlTemplate":"https:\/\/www.tillvaxtbohuslan.se\/delarsboende\/?s={search_term_string}"},"query-input":{"@type":"PropertyValueSpecification","valueRequired":true,"valueName":"search_term_string"}}],"inLanguage":"sv-SE"}]}},"_links":{"self":[{"href":"https:\/\/www.tillvaxtbohuslan.se\/delarsboende\/wp-json\/wp\/v2\/pages\/7","targetHints":{"allow":["GET"]}}],"collection":[{"href":"https:\/\/www.tillvaxtbohuslan.se\/delarsboende\/wp-json\/wp\/v2\/pages"}],"about":[{"href":"https:\/\/www.tillvaxtbohuslan.se\/delarsboende\/wp-json\/wp\/v2\/types\/page"}],"author":[{"embeddable":true,"href":"https:\/\/www.tillvaxtbohuslan.se\/delarsboende\/wp-json\/wp\/v2\/users\/1"}],"replies":[{"embeddable":true,"href":"https:\/\/www.tillvaxtbohuslan.se\/delarsboende\/wp-json\/wp\/v2\/comments?post=7"}],"version-history":[{"count":8,"href":"https:\/\/www.tillvaxtbohuslan.se\/delarsboende\/wp-json\/wp\/v2\/pages\/7\/revisions"}],"predecessor-version":[{"id":95,"href":"https:\/\/www.tillvaxtbohuslan.se\/delarsboende\/wp-json\/wp\/v2\/pages\/7\/revisions\/95"}],"wp:attachment":[{"href":"https:\/\/www.tillvaxtbohuslan.se\/delarsboende\/wp-json\/wp\/v2\/media?parent=7"}],"curies":[{"name":"wp","href":"https:\/\/api.w.org\/{rel}","templated":true}]}}