{"id":2,"date":"2014-02-19T15:34:04","date_gmt":"2014-02-19T14:34:04","guid":{"rendered":"https:\/\/www.tillvaxtbohuslan.se\/delarsboende\/?page_id=2"},"modified":"2014-09-09T15:50:46","modified_gmt":"2014-09-09T13:50:46","slug":"delarsboende","status":"publish","type":"page","link":"https:\/\/www.tillvaxtbohuslan.se\/delarsboende\/","title":{"rendered":"Del\u00e5rsboende"},"content":{"rendered":"<p>Vilka behov av service har de del\u00e5rsboende i<b> <\/b>norra Bohusl\u00e4ns kommuner? Vad kr\u00e4vs f\u00f6r att de ist\u00e4llet ska bli hel\u00e5rsboende? Det var utg\u00e5ngspunkten f\u00f6r satsningen Del\u00e5rsboende.<\/p>\n<p><b>M\u00e5l<br \/>\n<\/b>Ambitionen var att medverka till att skapa tillv\u00e4xt genom att inspirera och motivera de del\u00e5rsboende i norra Bohusl\u00e4n att bli hel\u00e5rsboende, alternativt tillbringa mer tid i v\u00e5ra kommuner och aktivt delta i n\u00e4ringslivets och samh\u00e4llets utveckling.<\/p>\n<p><b>Enk\u00e4t med del\u00e5rsboende<br \/>\n<\/b>Satsningen har sitt ursprung i Del\u00e5rsboende \u2013 en resurs f\u00f6r h\u00e5llbar utveckling, som p\u00e5gick 2009-2010. Genom en enk\u00e4t med 4 639 del\u00e5rsboende fick kommunerna en bild av deras intresse och kompetens f\u00f6r att delta i det lokala utvecklingsarbetet och p\u00e5\u00a0vilket s\u00e4tt de kan bidra med id\u00e9er, kompetens och nya behov av tj\u00e4nster. Ett resultat av arbetet var ocks\u00e5 m\u00e4ssan Levande Bohusl\u00e4n i Kungshamn i juli 2010.<\/p>\n<p><b>F\u00f6rdjupad studie<br \/>\n<\/b>Forts\u00e4ttningen Del\u00e5rsboende inneb\u00e4r en f\u00f6rdjupning. En intervjustudie fr\u00e5n 2012 visar bland annat att f\u00f6retagen i norra Bohusl\u00e4n uppskattar de del\u00e5rsboende, eftersom de \u00f6kar efterfr\u00e5gan f\u00f6r f\u00f6retagen, ger underlag f\u00f6r servicefunktioner, bidrar till att skapa vackrare stads- och boendemilj\u00f6er och f\u00f6r med sig trender och erfarenheter fr\u00e5n andra delar av Sverige och v\u00e4rlden. Samtidigt skapar hel\u00e5rsboende ett stabilare kundunderlag och bidrar till en mer balanserad utveckling.<\/p>\n<p>&nbsp;<\/p>\n","protected":false},"excerpt":{"rendered":"<p>Vilka behov av service har de del\u00e5rsboende i norra Bohusl\u00e4ns kommuner? Vad kr\u00e4vs f\u00f6r att de ist\u00e4llet ska bli hel\u00e5rsboende? Det var utg\u00e5ngspunkten f\u00f6r satsningen Del\u00e5rsboende. M\u00e5l Ambitionen var att medverka till att skapa tillv\u00e4xt genom att inspirera och motivera &hellip; <a href=\"https:\/\/www.tillvaxtbohuslan.se\/delarsboende\/\" title=\"Del\u00e5rsboende\">Forts\u00e4tt l\u00e4sa <span class=\"meta-nav\"><i class=\"icon-long-arrow-right\"><\/i><\/span><\/a><\/p>\n","protected":false},"author":1,"featured_media":0,"parent":0,"menu_order":0,"comment_status":"closed","ping_status":"closed","template":"","meta":{"_acf_changed":false,"footnotes":""},"class_list":["post-2","page","type-page","status-publish","hentry"],"acf":[],"yoast_head":"<!-- This site is optimized with the Yoast SEO plugin v27.4 - https:\/\/yoast.com\/product\/yoast-seo-wordpress\/ -->\n<title>Del\u00e5rsboende - Del\u00e5rsboende<\/title>\n<meta name=\"robots\" content=\"index, follow, max-snippet:-1, max-image-preview:large, max-video-preview:-1\" \/>\n<link rel=\"canonical\" href=\"https:\/\/www.tillvaxtbohuslan.se\/delarsboende\/\" \/>\n<meta name=\"twitter:label1\" content=\"Ber\u00e4knad l\u00e4stid\" \/>\n\t<meta name=\"twitter:data1\" content=\"1 minut\" \/>\n<script type=\"application\/ld+json\" class=\"yoast-schema-graph\">{\"@context\":\"https:\\\/\\\/schema.org\",\"@graph\":[{\"@type\":\"WebPage\",\"@id\":\"https:\\\/\\\/www.tillvaxtbohuslan.se\\\/delarsboende\\\/\",\"url\":\"https:\\\/\\\/www.tillvaxtbohuslan.se\\\/delarsboende\\\/\",\"name\":\"Del\u00e5rsboende - Del\u00e5rsboende\",\"isPartOf\":{\"@id\":\"https:\\\/\\\/www.tillvaxtbohuslan.se\\\/delarsboende\\\/#website\"},\"datePublished\":\"2014-02-19T14:34:04+00:00\",\"dateModified\":\"2014-09-09T13:50:46+00:00\",\"breadcrumb\":{\"@id\":\"https:\\\/\\\/www.tillvaxtbohuslan.se\\\/delarsboende\\\/#breadcrumb\"},\"inLanguage\":\"sv-SE\",\"potentialAction\":[{\"@type\":\"ReadAction\",\"target\":[\"https:\\\/\\\/www.tillvaxtbohuslan.se\\\/delarsboende\\\/\"]}]},{\"@type\":\"BreadcrumbList\",\"@id\":\"https:\\\/\\\/www.tillvaxtbohuslan.se\\\/delarsboende\\\/#breadcrumb\",\"itemListElement\":[{\"@type\":\"ListItem\",\"position\":1,\"name\":\"Hem\",\"item\":\"https:\\\/\\\/www.tillvaxtbohuslan.se\\\/delarsboende\\\/\"},{\"@type\":\"ListItem\",\"position\":2,\"name\":\"Del\u00e5rsboende\"}]},{\"@type\":\"WebSite\",\"@id\":\"https:\\\/\\\/www.tillvaxtbohuslan.se\\\/delarsboende\\\/#website\",\"url\":\"https:\\\/\\\/www.tillvaxtbohuslan.se\\\/delarsboende\\\/\",\"name\":\"Del\u00e5rsboende\",\"description\":\"\",\"potentialAction\":[{\"@type\":\"SearchAction\",\"target\":{\"@type\":\"EntryPoint\",\"urlTemplate\":\"https:\\\/\\\/www.tillvaxtbohuslan.se\\\/delarsboende\\\/?s={search_term_string}\"},\"query-input\":{\"@type\":\"PropertyValueSpecification\",\"valueRequired\":true,\"valueName\":\"search_term_string\"}}],\"inLanguage\":\"sv-SE\"}]}<\/script>\n<!-- \/ Yoast SEO plugin. -->","yoast_head_json":{"title":"Del\u00e5rsboende - Del\u00e5rsboende","robots":{"index":"index","follow":"follow","max-snippet":"max-snippet:-1","max-image-preview":"max-image-preview:large","max-video-preview":"max-video-preview:-1"},"canonical":"https:\/\/www.tillvaxtbohuslan.se\/delarsboende\/","twitter_misc":{"Ber\u00e4knad l\u00e4stid":"1 minut"},"schema":{"@context":"https:\/\/schema.org","@graph":[{"@type":"WebPage","@id":"https:\/\/www.tillvaxtbohuslan.se\/delarsboende\/","url":"https:\/\/www.tillvaxtbohuslan.se\/delarsboende\/","name":"Del\u00e5rsboende - Del\u00e5rsboende","isPartOf":{"@id":"https:\/\/www.tillvaxtbohuslan.se\/delarsboende\/#website"},"datePublished":"2014-02-19T14:34:04+00:00","dateModified":"2014-09-09T13:50:46+00:00","breadcrumb":{"@id":"https:\/\/www.tillvaxtbohuslan.se\/delarsboende\/#breadcrumb"},"inLanguage":"sv-SE","potentialAction":[{"@type":"ReadAction","target":["https:\/\/www.tillvaxtbohuslan.se\/delarsboende\/"]}]},{"@type":"BreadcrumbList","@id":"https:\/\/www.tillvaxtbohuslan.se\/delarsboende\/#breadcrumb","itemListElement":[{"@type":"ListItem","position":1,"name":"Hem","item":"https:\/\/www.tillvaxtbohuslan.se\/delarsboende\/"},{"@type":"ListItem","position":2,"name":"Del\u00e5rsboende"}]},{"@type":"WebSite","@id":"https:\/\/www.tillvaxtbohuslan.se\/delarsboende\/#website","url":"https:\/\/www.tillvaxtbohuslan.se\/delarsboende\/","name":"Del\u00e5rsboende","description":"","potentialAction":[{"@type":"SearchAction","target":{"@type":"EntryPoint","urlTemplate":"https:\/\/www.tillvaxtbohuslan.se\/delarsboende\/?s={search_term_string}"},"query-input":{"@type":"PropertyValueSpecification","valueRequired":true,"valueName":"search_term_string"}}],"inLanguage":"sv-SE"}]}},"_links":{"self":[{"href":"https:\/\/www.tillvaxtbohuslan.se\/delarsboende\/wp-json\/wp\/v2\/pages\/2","targetHints":{"allow":["GET"]}}],"collection":[{"href":"https:\/\/www.tillvaxtbohuslan.se\/delarsboende\/wp-json\/wp\/v2\/pages"}],"about":[{"href":"https:\/\/www.tillvaxtbohuslan.se\/delarsboende\/wp-json\/wp\/v2\/types\/page"}],"author":[{"embeddable":true,"href":"https:\/\/www.tillvaxtbohuslan.se\/delarsboende\/wp-json\/wp\/v2\/users\/1"}],"replies":[{"embeddable":true,"href":"https:\/\/www.tillvaxtbohuslan.se\/delarsboende\/wp-json\/wp\/v2\/comments?post=2"}],"version-history":[{"count":13,"href":"https:\/\/www.tillvaxtbohuslan.se\/delarsboende\/wp-json\/wp\/v2\/pages\/2\/revisions"}],"predecessor-version":[{"id":128,"href":"https:\/\/www.tillvaxtbohuslan.se\/delarsboende\/wp-json\/wp\/v2\/pages\/2\/revisions\/128"}],"wp:attachment":[{"href":"https:\/\/www.tillvaxtbohuslan.se\/delarsboende\/wp-json\/wp\/v2\/media?parent=2"}],"curies":[{"name":"wp","href":"https:\/\/api.w.org\/{rel}","templated":true}]}}