{"id":105,"date":"2014-03-31T16:32:02","date_gmt":"2014-03-31T14:32:02","guid":{"rendered":"https:\/\/www.tillvaxtbohuslan.se\/delarsboende\/?page_id=105"},"modified":"2014-09-09T15:50:45","modified_gmt":"2014-09-09T13:50:45","slug":"mote-med-arbetsgrupp-11-okt-2012","status":"publish","type":"page","link":"https:\/\/www.tillvaxtbohuslan.se\/delarsboende\/mote-med-arbetsgrupp-11-okt-2012\/","title":{"rendered":"M\u00f6te med arbetsgrupp 11 okt 2012"},"content":{"rendered":"<p>11 oktober samlades n\u00e5gra ur arbetsgruppen i Kungshamn f\u00f6r att diskutera projektprocessen och vilka fr\u00e5gor och insikter som har v\u00e4ckts sedan maj m\u00e5nad.<\/p>\n<p>Vad g\u00e4ller informationsstrategisk utveckling betonas vikten av att inte l\u00e4gga \u00e4n mer ansvar och arbete p\u00e5 redan befintliga tj\u00e4nster i kommunerna, s\u00e5som webb- och informationsansvariga. Om det seri\u00f6st ska satsas p\u00e5 informationsstrategisk utveckling b\u00f6r n\u00e5gon eller n\u00e5gra personer anst\u00e4llas f\u00f6r det, och att det intas ett l\u00e5ngsiktigt perspektiv (vad h\u00e4nder n\u00e4r projektet tar slut?).<\/p>\n<p>Det b\u00f6r, om informationssatsningens ska tas p\u00e5 allvar, anst\u00e4llas n\u00e5gon form av redakt\u00f6r\/informat\u00f6r f\u00f6r att skriva nyhetsbrev med mera. Kanske handlar det om inte annat om att strukturera om redan befintlig struktur?<\/p>\n<p>I Tanums kommun satsar man just nu p\u00e5 en mer tillg\u00e4nglig sida (fr.o.m. 26\/10). Men, kanske borde det g\u00f6ras en satsning som \u00e4r gemensam d\u00e4r samtliga kommuner strukturerar informationen p\u00e5 ett enhetligt vis? Ett f\u00f6rslag lyfts fram: i flera l\u00e4nder spelar m\u00e4klarna en aktiv roll n\u00e4r det kommer till informationsspridning och dialog (med s\u00e5v\u00e4l nyinflyttade som hel\u00e5rs- och del\u00e5rsboende). Kanske det vore en l\u00e4mplig id\u00e9, att utveckla n\u00e5got samarbete med kommunens m\u00e4klare?<\/p>\n<p>Samtliga som n\u00e4rvarade p\u00e5 m\u00f6tet inst\u00e4mde i att det \u00e4r av vikt och stort v\u00e4rde att dialog med samh\u00e4llsf\u00f6reningarna har p\u00e5b\u00f6rjats.<\/p>\n","protected":false},"excerpt":{"rendered":"<p>11 oktober samlades n\u00e5gra ur arbetsgruppen i Kungshamn f\u00f6r att diskutera projektprocessen och vilka fr\u00e5gor och insikter som har v\u00e4ckts sedan maj m\u00e5nad. Vad g\u00e4ller informationsstrategisk utveckling betonas vikten av att inte l\u00e4gga \u00e4n mer ansvar och arbete p\u00e5 redan &hellip; <a href=\"https:\/\/www.tillvaxtbohuslan.se\/delarsboende\/mote-med-arbetsgrupp-11-okt-2012\/\" title=\"M\u00f6te med arbetsgrupp 11 okt 2012\">Forts\u00e4tt l\u00e4sa <span class=\"meta-nav\"><i class=\"icon-long-arrow-right\"><\/i><\/span><\/a><\/p>\n","protected":false},"author":1,"featured_media":0,"parent":0,"menu_order":0,"comment_status":"closed","ping_status":"open","template":"","meta":{"_acf_changed":false,"footnotes":""},"class_list":["post-105","page","type-page","status-publish","hentry"],"acf":[],"yoast_head":"<!-- This site is optimized with the Yoast SEO plugin v27.4 - https:\/\/yoast.com\/product\/yoast-seo-wordpress\/ -->\n<title>M\u00f6te med arbetsgrupp 11 okt 2012 - Del\u00e5rsboende<\/title>\n<meta name=\"robots\" content=\"index, follow, max-snippet:-1, max-image-preview:large, max-video-preview:-1\" \/>\n<link rel=\"canonical\" href=\"https:\/\/www.tillvaxtbohuslan.se\/delarsboende\/mote-med-arbetsgrupp-11-okt-2012\/\" \/>\n<meta name=\"twitter:label1\" content=\"Ber\u00e4knad l\u00e4stid\" \/>\n\t<meta name=\"twitter:data1\" content=\"1 minut\" \/>\n<script type=\"application\/ld+json\" class=\"yoast-schema-graph\">{\"@context\":\"https:\\\/\\\/schema.org\",\"@graph\":[{\"@type\":\"WebPage\",\"@id\":\"https:\\\/\\\/www.tillvaxtbohuslan.se\\\/delarsboende\\\/mote-med-arbetsgrupp-11-okt-2012\\\/\",\"url\":\"https:\\\/\\\/www.tillvaxtbohuslan.se\\\/delarsboende\\\/mote-med-arbetsgrupp-11-okt-2012\\\/\",\"name\":\"M\u00f6te med arbetsgrupp 11 okt 2012 - Del\u00e5rsboende\",\"isPartOf\":{\"@id\":\"https:\\\/\\\/www.tillvaxtbohuslan.se\\\/delarsboende\\\/#website\"},\"datePublished\":\"2014-03-31T14:32:02+00:00\",\"dateModified\":\"2014-09-09T13:50:45+00:00\",\"breadcrumb\":{\"@id\":\"https:\\\/\\\/www.tillvaxtbohuslan.se\\\/delarsboende\\\/mote-med-arbetsgrupp-11-okt-2012\\\/#breadcrumb\"},\"inLanguage\":\"sv-SE\",\"potentialAction\":[{\"@type\":\"ReadAction\",\"target\":[\"https:\\\/\\\/www.tillvaxtbohuslan.se\\\/delarsboende\\\/mote-med-arbetsgrupp-11-okt-2012\\\/\"]}]},{\"@type\":\"BreadcrumbList\",\"@id\":\"https:\\\/\\\/www.tillvaxtbohuslan.se\\\/delarsboende\\\/mote-med-arbetsgrupp-11-okt-2012\\\/#breadcrumb\",\"itemListElement\":[{\"@type\":\"ListItem\",\"position\":1,\"name\":\"Hem\",\"item\":\"https:\\\/\\\/www.tillvaxtbohuslan.se\\\/delarsboende\\\/\"},{\"@type\":\"ListItem\",\"position\":2,\"name\":\"M\u00f6te med arbetsgrupp 11 okt 2012\"}]},{\"@type\":\"WebSite\",\"@id\":\"https:\\\/\\\/www.tillvaxtbohuslan.se\\\/delarsboende\\\/#website\",\"url\":\"https:\\\/\\\/www.tillvaxtbohuslan.se\\\/delarsboende\\\/\",\"name\":\"Del\u00e5rsboende\",\"description\":\"\",\"potentialAction\":[{\"@type\":\"SearchAction\",\"target\":{\"@type\":\"EntryPoint\",\"urlTemplate\":\"https:\\\/\\\/www.tillvaxtbohuslan.se\\\/delarsboende\\\/?s={search_term_string}\"},\"query-input\":{\"@type\":\"PropertyValueSpecification\",\"valueRequired\":true,\"valueName\":\"search_term_string\"}}],\"inLanguage\":\"sv-SE\"}]}<\/script>\n<!-- \/ Yoast SEO plugin. -->","yoast_head_json":{"title":"M\u00f6te med arbetsgrupp 11 okt 2012 - Del\u00e5rsboende","robots":{"index":"index","follow":"follow","max-snippet":"max-snippet:-1","max-image-preview":"max-image-preview:large","max-video-preview":"max-video-preview:-1"},"canonical":"https:\/\/www.tillvaxtbohuslan.se\/delarsboende\/mote-med-arbetsgrupp-11-okt-2012\/","twitter_misc":{"Ber\u00e4knad l\u00e4stid":"1 minut"},"schema":{"@context":"https:\/\/schema.org","@graph":[{"@type":"WebPage","@id":"https:\/\/www.tillvaxtbohuslan.se\/delarsboende\/mote-med-arbetsgrupp-11-okt-2012\/","url":"https:\/\/www.tillvaxtbohuslan.se\/delarsboende\/mote-med-arbetsgrupp-11-okt-2012\/","name":"M\u00f6te med arbetsgrupp 11 okt 2012 - Del\u00e5rsboende","isPartOf":{"@id":"https:\/\/www.tillvaxtbohuslan.se\/delarsboende\/#website"},"datePublished":"2014-03-31T14:32:02+00:00","dateModified":"2014-09-09T13:50:45+00:00","breadcrumb":{"@id":"https:\/\/www.tillvaxtbohuslan.se\/delarsboende\/mote-med-arbetsgrupp-11-okt-2012\/#breadcrumb"},"inLanguage":"sv-SE","potentialAction":[{"@type":"ReadAction","target":["https:\/\/www.tillvaxtbohuslan.se\/delarsboende\/mote-med-arbetsgrupp-11-okt-2012\/"]}]},{"@type":"BreadcrumbList","@id":"https:\/\/www.tillvaxtbohuslan.se\/delarsboende\/mote-med-arbetsgrupp-11-okt-2012\/#breadcrumb","itemListElement":[{"@type":"ListItem","position":1,"name":"Hem","item":"https:\/\/www.tillvaxtbohuslan.se\/delarsboende\/"},{"@type":"ListItem","position":2,"name":"M\u00f6te med arbetsgrupp 11 okt 2012"}]},{"@type":"WebSite","@id":"https:\/\/www.tillvaxtbohuslan.se\/delarsboende\/#website","url":"https:\/\/www.tillvaxtbohuslan.se\/delarsboende\/","name":"Del\u00e5rsboende","description":"","potentialAction":[{"@type":"SearchAction","target":{"@type":"EntryPoint","urlTemplate":"https:\/\/www.tillvaxtbohuslan.se\/delarsboende\/?s={search_term_string}"},"query-input":{"@type":"PropertyValueSpecification","valueRequired":true,"valueName":"search_term_string"}}],"inLanguage":"sv-SE"}]}},"_links":{"self":[{"href":"https:\/\/www.tillvaxtbohuslan.se\/delarsboende\/wp-json\/wp\/v2\/pages\/105","targetHints":{"allow":["GET"]}}],"collection":[{"href":"https:\/\/www.tillvaxtbohuslan.se\/delarsboende\/wp-json\/wp\/v2\/pages"}],"about":[{"href":"https:\/\/www.tillvaxtbohuslan.se\/delarsboende\/wp-json\/wp\/v2\/types\/page"}],"author":[{"embeddable":true,"href":"https:\/\/www.tillvaxtbohuslan.se\/delarsboende\/wp-json\/wp\/v2\/users\/1"}],"replies":[{"embeddable":true,"href":"https:\/\/www.tillvaxtbohuslan.se\/delarsboende\/wp-json\/wp\/v2\/comments?post=105"}],"version-history":[{"count":1,"href":"https:\/\/www.tillvaxtbohuslan.se\/delarsboende\/wp-json\/wp\/v2\/pages\/105\/revisions"}],"predecessor-version":[{"id":106,"href":"https:\/\/www.tillvaxtbohuslan.se\/delarsboende\/wp-json\/wp\/v2\/pages\/105\/revisions\/106"}],"wp:attachment":[{"href":"https:\/\/www.tillvaxtbohuslan.se\/delarsboende\/wp-json\/wp\/v2\/media?parent=105"}],"curies":[{"name":"wp","href":"https:\/\/api.w.org\/{rel}","templated":true}]}}