{"id":102,"date":"2014-03-31T16:31:09","date_gmt":"2014-03-31T14:31:09","guid":{"rendered":"https:\/\/www.tillvaxtbohuslan.se\/delarsboende\/?page_id=102"},"modified":"2014-09-09T15:50:46","modified_gmt":"2014-09-09T13:50:46","slug":"servicekonferens-floda-och-naas","status":"publish","type":"page","link":"https:\/\/www.tillvaxtbohuslan.se\/delarsboende\/om-projektet\/servicekonferens-floda-och-naas\/","title":{"rendered":"Servicekonferens i Floda och N\u00e4\u00e4s"},"content":{"rendered":"<p>2-3 oktober deltog projektledningen f\u00f6r Tillv\u00e4xtgrupp del\u00e5rsboende i en 2 dagars service- och l\u00e4rkonferens med rubriken: \u201dLokal utveckling genom samverkan med n\u00e4ringslivet\u201d. Konferensen var ett samarbete mellan Tillv\u00e4xtverket, V\u00e4stra G\u00f6talandsregionen och projektet BID (Business Improvement Districts). Projektledare f\u00f6r en rad olika projekt inom programmet Lokala servicel\u00f6sningar, regionala kontaktpersoner f\u00f6r servicefr\u00e5gor samt ett antal lokala och regionala f\u00f6retr\u00e4dare f\u00f6r regionen, kommuner och f\u00f6retag var inbjudna. F\u00f6rsta dagen fokuserades det p\u00e5 samverkansmodellen Business Improvement Districts (BID). I korthet handlar BID om ett annat s\u00e4tt att utveckla en bygd\/ort \u00e4n vi idag \u00e4r vana vid i Sverige. Det handlar om samverkan mellan offentlig och privat sektor d\u00e4r sikte tas mot gemensamma m\u00e5l inom ett geografiskt avgr\u00e4nsat omr\u00e5de. Processledare fr\u00e5n Floda och Vr\u00e5ng\u00f6 n\u00e4rvarade p\u00e5 konferensen vilka ber\u00e4ttade om sina erfarenheter. De menade att denna modell m\u00f6jligg\u00f6r en v\u00e4ndning av en negativ utveckling av service, och att det \u00e4r vad de nu ser h\u00e4nder i s\u00e5v\u00e4l Floda som p\u00e5 Vr\u00e5ng\u00f6. F\u00f6r med information h\u00e4rom, g\u00e5 till:<a href=\"http:\/\/www.vgregion.se\/sv\/Vastra-Gotalandsregionen\/startsida\/Regionutveckling\/Naringsliv\/Nyheter\/BID\/\" target=\"_blank\"> http:\/\/www.vgregion.se\/sv\/Vastra-Gotalandsregionen\/startsida\/Regionutveckling\/Naringsliv\/Nyheter\/BID<\/a>\/ och <a href=\"http:\/\/www.bidsweden.se\/\" target=\"_blank\">http:\/\/bidsweden.se\/<\/a>l\u00e4nk till annan webbplats (2012-10-30). Av konferensens olika talare framkom tydligt vikten av att f\u00f6retagare och de som bor p\u00e5 en ort sj\u00e4lva f\u00e5r definiera vilken service som b\u00f6r utvecklas och att inte att beslut fattas \u201dovanifr\u00e5n\u201d. Endast p\u00e5 s\u00e5 vis kan service anpassas.<\/p>\n<p>&nbsp;<\/p>\n<p>Dag tv\u00e5, p\u00e5 N\u00e4\u00e4s Fabriker, bestod i presentation av fem olika lokala projekt som drivs inom ramen f\u00f6r programmet \u201dLokala Servicel\u00f6sningar\u201d. D\u00e4ribland presenterades projekt Tillv\u00e4xtgrupp Del\u00e5rsboende. Presentationerna finns refererade p\u00e5 Tillv\u00e4xtverkets hemsida: <a href=\"https:\/\/www.tillvaxtbohuslan.se\/delarsboende\/wp-content\/uploads\/sites\/5\/2014\/03\/minnesanteckningar-naas.3okt-2012.pdf\">minnesanteckningar-naas.3okt-2012<\/a><\/p>\n","protected":false},"excerpt":{"rendered":"<p>2-3 oktober deltog projektledningen f\u00f6r Tillv\u00e4xtgrupp del\u00e5rsboende i en 2 dagars service- och l\u00e4rkonferens med rubriken: \u201dLokal utveckling genom samverkan med n\u00e4ringslivet\u201d. Konferensen var ett samarbete mellan Tillv\u00e4xtverket, V\u00e4stra G\u00f6talandsregionen och projektet BID (Business Improvement Districts). Projektledare f\u00f6r en rad &hellip; <a href=\"https:\/\/www.tillvaxtbohuslan.se\/delarsboende\/om-projektet\/servicekonferens-floda-och-naas\/\" title=\"Servicekonferens i Floda och N\u00e4\u00e4s\">Forts\u00e4tt l\u00e4sa <span class=\"meta-nav\"><i class=\"icon-long-arrow-right\"><\/i><\/span><\/a><\/p>\n","protected":false},"author":1,"featured_media":0,"parent":9,"menu_order":0,"comment_status":"closed","ping_status":"closed","template":"","meta":{"_acf_changed":false,"footnotes":""},"class_list":["post-102","page","type-page","status-publish","hentry"],"acf":[],"yoast_head":"<!-- This site is optimized with the Yoast SEO plugin v27.4 - https:\/\/yoast.com\/product\/yoast-seo-wordpress\/ -->\n<title>Servicekonferens i Floda och N\u00e4\u00e4s - Del\u00e5rsboende<\/title>\n<meta name=\"robots\" content=\"index, follow, max-snippet:-1, max-image-preview:large, max-video-preview:-1\" \/>\n<link rel=\"canonical\" href=\"https:\/\/www.tillvaxtbohuslan.se\/delarsboende\/om-projektet\/servicekonferens-floda-och-naas\/\" \/>\n<meta name=\"twitter:label1\" content=\"Ber\u00e4knad l\u00e4stid\" \/>\n\t<meta name=\"twitter:data1\" content=\"2 minuter\" \/>\n<script type=\"application\/ld+json\" class=\"yoast-schema-graph\">{\"@context\":\"https:\\\/\\\/schema.org\",\"@graph\":[{\"@type\":\"WebPage\",\"@id\":\"https:\\\/\\\/www.tillvaxtbohuslan.se\\\/delarsboende\\\/om-projektet\\\/servicekonferens-floda-och-naas\\\/\",\"url\":\"https:\\\/\\\/www.tillvaxtbohuslan.se\\\/delarsboende\\\/om-projektet\\\/servicekonferens-floda-och-naas\\\/\",\"name\":\"Servicekonferens i Floda och N\u00e4\u00e4s - Del\u00e5rsboende\",\"isPartOf\":{\"@id\":\"https:\\\/\\\/www.tillvaxtbohuslan.se\\\/delarsboende\\\/#website\"},\"datePublished\":\"2014-03-31T14:31:09+00:00\",\"dateModified\":\"2014-09-09T13:50:46+00:00\",\"breadcrumb\":{\"@id\":\"https:\\\/\\\/www.tillvaxtbohuslan.se\\\/delarsboende\\\/om-projektet\\\/servicekonferens-floda-och-naas\\\/#breadcrumb\"},\"inLanguage\":\"sv-SE\",\"potentialAction\":[{\"@type\":\"ReadAction\",\"target\":[\"https:\\\/\\\/www.tillvaxtbohuslan.se\\\/delarsboende\\\/om-projektet\\\/servicekonferens-floda-och-naas\\\/\"]}]},{\"@type\":\"BreadcrumbList\",\"@id\":\"https:\\\/\\\/www.tillvaxtbohuslan.se\\\/delarsboende\\\/om-projektet\\\/servicekonferens-floda-och-naas\\\/#breadcrumb\",\"itemListElement\":[{\"@type\":\"ListItem\",\"position\":1,\"name\":\"Hem\",\"item\":\"https:\\\/\\\/www.tillvaxtbohuslan.se\\\/delarsboende\\\/\"},{\"@type\":\"ListItem\",\"position\":2,\"name\":\"Om satsningen\",\"item\":\"https:\\\/\\\/www.tillvaxtbohuslan.se\\\/delarsboende\\\/om-projektet\\\/\"},{\"@type\":\"ListItem\",\"position\":3,\"name\":\"Servicekonferens i Floda och N\u00e4\u00e4s\"}]},{\"@type\":\"WebSite\",\"@id\":\"https:\\\/\\\/www.tillvaxtbohuslan.se\\\/delarsboende\\\/#website\",\"url\":\"https:\\\/\\\/www.tillvaxtbohuslan.se\\\/delarsboende\\\/\",\"name\":\"Del\u00e5rsboende\",\"description\":\"\",\"potentialAction\":[{\"@type\":\"SearchAction\",\"target\":{\"@type\":\"EntryPoint\",\"urlTemplate\":\"https:\\\/\\\/www.tillvaxtbohuslan.se\\\/delarsboende\\\/?s={search_term_string}\"},\"query-input\":{\"@type\":\"PropertyValueSpecification\",\"valueRequired\":true,\"valueName\":\"search_term_string\"}}],\"inLanguage\":\"sv-SE\"}]}<\/script>\n<!-- \/ Yoast SEO plugin. -->","yoast_head_json":{"title":"Servicekonferens i Floda och N\u00e4\u00e4s - Del\u00e5rsboende","robots":{"index":"index","follow":"follow","max-snippet":"max-snippet:-1","max-image-preview":"max-image-preview:large","max-video-preview":"max-video-preview:-1"},"canonical":"https:\/\/www.tillvaxtbohuslan.se\/delarsboende\/om-projektet\/servicekonferens-floda-och-naas\/","twitter_misc":{"Ber\u00e4knad l\u00e4stid":"2 minuter"},"schema":{"@context":"https:\/\/schema.org","@graph":[{"@type":"WebPage","@id":"https:\/\/www.tillvaxtbohuslan.se\/delarsboende\/om-projektet\/servicekonferens-floda-och-naas\/","url":"https:\/\/www.tillvaxtbohuslan.se\/delarsboende\/om-projektet\/servicekonferens-floda-och-naas\/","name":"Servicekonferens i Floda och N\u00e4\u00e4s - Del\u00e5rsboende","isPartOf":{"@id":"https:\/\/www.tillvaxtbohuslan.se\/delarsboende\/#website"},"datePublished":"2014-03-31T14:31:09+00:00","dateModified":"2014-09-09T13:50:46+00:00","breadcrumb":{"@id":"https:\/\/www.tillvaxtbohuslan.se\/delarsboende\/om-projektet\/servicekonferens-floda-och-naas\/#breadcrumb"},"inLanguage":"sv-SE","potentialAction":[{"@type":"ReadAction","target":["https:\/\/www.tillvaxtbohuslan.se\/delarsboende\/om-projektet\/servicekonferens-floda-och-naas\/"]}]},{"@type":"BreadcrumbList","@id":"https:\/\/www.tillvaxtbohuslan.se\/delarsboende\/om-projektet\/servicekonferens-floda-och-naas\/#breadcrumb","itemListElement":[{"@type":"ListItem","position":1,"name":"Hem","item":"https:\/\/www.tillvaxtbohuslan.se\/delarsboende\/"},{"@type":"ListItem","position":2,"name":"Om satsningen","item":"https:\/\/www.tillvaxtbohuslan.se\/delarsboende\/om-projektet\/"},{"@type":"ListItem","position":3,"name":"Servicekonferens i Floda och N\u00e4\u00e4s"}]},{"@type":"WebSite","@id":"https:\/\/www.tillvaxtbohuslan.se\/delarsboende\/#website","url":"https:\/\/www.tillvaxtbohuslan.se\/delarsboende\/","name":"Del\u00e5rsboende","description":"","potentialAction":[{"@type":"SearchAction","target":{"@type":"EntryPoint","urlTemplate":"https:\/\/www.tillvaxtbohuslan.se\/delarsboende\/?s={search_term_string}"},"query-input":{"@type":"PropertyValueSpecification","valueRequired":true,"valueName":"search_term_string"}}],"inLanguage":"sv-SE"}]}},"_links":{"self":[{"href":"https:\/\/www.tillvaxtbohuslan.se\/delarsboende\/wp-json\/wp\/v2\/pages\/102","targetHints":{"allow":["GET"]}}],"collection":[{"href":"https:\/\/www.tillvaxtbohuslan.se\/delarsboende\/wp-json\/wp\/v2\/pages"}],"about":[{"href":"https:\/\/www.tillvaxtbohuslan.se\/delarsboende\/wp-json\/wp\/v2\/types\/page"}],"author":[{"embeddable":true,"href":"https:\/\/www.tillvaxtbohuslan.se\/delarsboende\/wp-json\/wp\/v2\/users\/1"}],"replies":[{"embeddable":true,"href":"https:\/\/www.tillvaxtbohuslan.se\/delarsboende\/wp-json\/wp\/v2\/comments?post=102"}],"version-history":[{"count":1,"href":"https:\/\/www.tillvaxtbohuslan.se\/delarsboende\/wp-json\/wp\/v2\/pages\/102\/revisions"}],"predecessor-version":[{"id":104,"href":"https:\/\/www.tillvaxtbohuslan.se\/delarsboende\/wp-json\/wp\/v2\/pages\/102\/revisions\/104"}],"up":[{"embeddable":true,"href":"https:\/\/www.tillvaxtbohuslan.se\/delarsboende\/wp-json\/wp\/v2\/pages\/9"}],"wp:attachment":[{"href":"https:\/\/www.tillvaxtbohuslan.se\/delarsboende\/wp-json\/wp\/v2\/media?parent=102"}],"curies":[{"name":"wp","href":"https:\/\/api.w.org\/{rel}","templated":true}]}}