{"id":725,"date":"2018-09-24T12:15:40","date_gmt":"2018-09-24T10:15:40","guid":{"rendered":"https:\/\/www.tillvaxtbohuslan.se\/bla-op\/?page_id=725"},"modified":"2018-09-24T12:19:05","modified_gmt":"2018-09-24T10:19:05","slug":"processen-for-bla-op","status":"publish","type":"page","link":"https:\/\/www.tillvaxtbohuslan.se\/bla-op\/processen-for-bla-op\/","title":{"rendered":"Processen f\u00f6r Bl\u00e5 \u00d6P"},"content":{"rendered":"<p>I menyn under denna sida kan du l\u00e4sa mer om de olika stegen i arbetsprocessen kring den Bl\u00e5 \u00f6versiktsplanen.<\/p>\n","protected":false},"excerpt":{"rendered":"<p>I menyn under denna sida kan du l\u00e4sa mer om de olika stegen i arbetsprocessen kring den Bl\u00e5 \u00f6versiktsplanen.<\/p>\n","protected":false},"author":1,"featured_media":0,"parent":0,"menu_order":0,"comment_status":"closed","ping_status":"closed","template":"","meta":{"_acf_changed":false,"jetpack_post_was_ever_published":false,"footnotes":""},"class_list":["post-725","page","type-page","status-publish","hentry"],"acf":[],"yoast_head":"<!-- This site is optimized with the Yoast SEO plugin v27.4 - https:\/\/yoast.com\/product\/yoast-seo-wordpress\/ -->\n<title>Processen f\u00f6r Bl\u00e5 \u00d6P - Bl\u00e5 \u00d6versiktsplan<\/title>\n<meta name=\"robots\" content=\"index, follow, max-snippet:-1, max-image-preview:large, max-video-preview:-1\" \/>\n<link rel=\"canonical\" href=\"https:\/\/www.tillvaxtbohuslan.se\/bla-op\/processen-for-bla-op\/\" \/>\n<script type=\"application\/ld+json\" class=\"yoast-schema-graph\">{\"@context\":\"https:\\\/\\\/schema.org\",\"@graph\":[{\"@type\":\"WebPage\",\"@id\":\"https:\\\/\\\/www.tillvaxtbohuslan.se\\\/bla-op\\\/processen-for-bla-op\\\/\",\"url\":\"https:\\\/\\\/www.tillvaxtbohuslan.se\\\/bla-op\\\/processen-for-bla-op\\\/\",\"name\":\"Processen f\u00f6r Bl\u00e5 \u00d6P - Bl\u00e5 \u00d6versiktsplan\",\"isPartOf\":{\"@id\":\"https:\\\/\\\/www.tillvaxtbohuslan.se\\\/bla-op\\\/#website\"},\"datePublished\":\"2018-09-24T10:15:40+00:00\",\"dateModified\":\"2018-09-24T10:19:05+00:00\",\"breadcrumb\":{\"@id\":\"https:\\\/\\\/www.tillvaxtbohuslan.se\\\/bla-op\\\/processen-for-bla-op\\\/#breadcrumb\"},\"inLanguage\":\"sv-SE\",\"potentialAction\":[{\"@type\":\"ReadAction\",\"target\":[\"https:\\\/\\\/www.tillvaxtbohuslan.se\\\/bla-op\\\/processen-for-bla-op\\\/\"]}]},{\"@type\":\"BreadcrumbList\",\"@id\":\"https:\\\/\\\/www.tillvaxtbohuslan.se\\\/bla-op\\\/processen-for-bla-op\\\/#breadcrumb\",\"itemListElement\":[{\"@type\":\"ListItem\",\"position\":1,\"name\":\"Hem\",\"item\":\"https:\\\/\\\/www.tillvaxtbohuslan.se\\\/bla-op\\\/\"},{\"@type\":\"ListItem\",\"position\":2,\"name\":\"Processen f\u00f6r Bl\u00e5 \u00d6P\"}]},{\"@type\":\"WebSite\",\"@id\":\"https:\\\/\\\/www.tillvaxtbohuslan.se\\\/bla-op\\\/#website\",\"url\":\"https:\\\/\\\/www.tillvaxtbohuslan.se\\\/bla-op\\\/\",\"name\":\"Bl\u00e5 \u00d6versiktsplan\",\"description\":\"\",\"potentialAction\":[{\"@type\":\"SearchAction\",\"target\":{\"@type\":\"EntryPoint\",\"urlTemplate\":\"https:\\\/\\\/www.tillvaxtbohuslan.se\\\/bla-op\\\/?s={search_term_string}\"},\"query-input\":{\"@type\":\"PropertyValueSpecification\",\"valueRequired\":true,\"valueName\":\"search_term_string\"}}],\"inLanguage\":\"sv-SE\"}]}<\/script>\n<!-- \/ Yoast SEO plugin. -->","yoast_head_json":{"title":"Processen f\u00f6r Bl\u00e5 \u00d6P - Bl\u00e5 \u00d6versiktsplan","robots":{"index":"index","follow":"follow","max-snippet":"max-snippet:-1","max-image-preview":"max-image-preview:large","max-video-preview":"max-video-preview:-1"},"canonical":"https:\/\/www.tillvaxtbohuslan.se\/bla-op\/processen-for-bla-op\/","schema":{"@context":"https:\/\/schema.org","@graph":[{"@type":"WebPage","@id":"https:\/\/www.tillvaxtbohuslan.se\/bla-op\/processen-for-bla-op\/","url":"https:\/\/www.tillvaxtbohuslan.se\/bla-op\/processen-for-bla-op\/","name":"Processen f\u00f6r Bl\u00e5 \u00d6P - Bl\u00e5 \u00d6versiktsplan","isPartOf":{"@id":"https:\/\/www.tillvaxtbohuslan.se\/bla-op\/#website"},"datePublished":"2018-09-24T10:15:40+00:00","dateModified":"2018-09-24T10:19:05+00:00","breadcrumb":{"@id":"https:\/\/www.tillvaxtbohuslan.se\/bla-op\/processen-for-bla-op\/#breadcrumb"},"inLanguage":"sv-SE","potentialAction":[{"@type":"ReadAction","target":["https:\/\/www.tillvaxtbohuslan.se\/bla-op\/processen-for-bla-op\/"]}]},{"@type":"BreadcrumbList","@id":"https:\/\/www.tillvaxtbohuslan.se\/bla-op\/processen-for-bla-op\/#breadcrumb","itemListElement":[{"@type":"ListItem","position":1,"name":"Hem","item":"https:\/\/www.tillvaxtbohuslan.se\/bla-op\/"},{"@type":"ListItem","position":2,"name":"Processen f\u00f6r Bl\u00e5 \u00d6P"}]},{"@type":"WebSite","@id":"https:\/\/www.tillvaxtbohuslan.se\/bla-op\/#website","url":"https:\/\/www.tillvaxtbohuslan.se\/bla-op\/","name":"Bl\u00e5 \u00d6versiktsplan","description":"","potentialAction":[{"@type":"SearchAction","target":{"@type":"EntryPoint","urlTemplate":"https:\/\/www.tillvaxtbohuslan.se\/bla-op\/?s={search_term_string}"},"query-input":{"@type":"PropertyValueSpecification","valueRequired":true,"valueName":"search_term_string"}}],"inLanguage":"sv-SE"}]}},"jetpack_sharing_enabled":true,"_links":{"self":[{"href":"https:\/\/www.tillvaxtbohuslan.se\/bla-op\/wp-json\/wp\/v2\/pages\/725","targetHints":{"allow":["GET"]}}],"collection":[{"href":"https:\/\/www.tillvaxtbohuslan.se\/bla-op\/wp-json\/wp\/v2\/pages"}],"about":[{"href":"https:\/\/www.tillvaxtbohuslan.se\/bla-op\/wp-json\/wp\/v2\/types\/page"}],"author":[{"embeddable":true,"href":"https:\/\/www.tillvaxtbohuslan.se\/bla-op\/wp-json\/wp\/v2\/users\/1"}],"replies":[{"embeddable":true,"href":"https:\/\/www.tillvaxtbohuslan.se\/bla-op\/wp-json\/wp\/v2\/comments?post=725"}],"version-history":[{"count":2,"href":"https:\/\/www.tillvaxtbohuslan.se\/bla-op\/wp-json\/wp\/v2\/pages\/725\/revisions"}],"predecessor-version":[{"id":729,"href":"https:\/\/www.tillvaxtbohuslan.se\/bla-op\/wp-json\/wp\/v2\/pages\/725\/revisions\/729"}],"wp:attachment":[{"href":"https:\/\/www.tillvaxtbohuslan.se\/bla-op\/wp-json\/wp\/v2\/media?parent=725"}],"curies":[{"name":"wp","href":"https:\/\/api.w.org\/{rel}","templated":true}]}}