{"id":645,"date":"2017-12-05T07:12:48","date_gmt":"2017-12-05T06:12:48","guid":{"rendered":"https:\/\/www.tillvaxtbohuslan.se\/bla-op\/?page_id=645"},"modified":"2018-06-14T13:58:05","modified_gmt":"2018-06-14T11:58:05","slug":"utstallning-bla-op","status":"publish","type":"page","link":"https:\/\/www.tillvaxtbohuslan.se\/bla-op\/utstallning-bla-op\/","title":{"rendered":"Utst\u00e4llning Bl\u00e5 \u00d6P"},"content":{"rendered":"<p>De fyra kommunerna i Norra Bohusl\u00e4n &#8211; Str\u00f6mstad, Tanum, Soten\u00e4s och Lysekil arbetar gemensamt med en \u00f6versiktsplan f\u00f6r kustvattendelen och territorialdelen av havet, dvs. det havsomr\u00e5de som innefattas av kommungr\u00e4nserna. Arbetet grundar sig p\u00e5 en l\u00e4ngre tids samarbete med plan- och utvecklingsfr\u00e5gor i havsbandet.<\/p>\n<p>Den bl\u00e5 \u00f6versiktsplanen kommer att bli ett viktigt verktyg f\u00f6r att styra hur vi skall nyttja v\u00e5ra gemensamma resurser s\u00e5 att Norra Bohusl\u00e4ns kust och hav \u00e4ven i framtiden kommer att vara attraktivt f\u00f6r boende, verksamheter och bes\u00f6kare.<\/p>\n<p>Ett f\u00f6rslag har varit uts\u00e4nt p\u00e5 samr\u00e5d mars-juni 2017. Nu skickas ett bearbetat f\u00f6rslag p\u00e5 utst\u00e4llning. Syftet med utst\u00e4llningen \u00e4r att f\u00f6rb\u00e4ttra beslutsunderlaget och att ge dem som kan bli ber\u00f6rda insyn i arbetet och m\u00f6jlighet att p\u00e5verka planens utformning.<\/p>\n<p>Bl\u00e5 \u00d6P har varit p\u00e5 utst\u00e4llning 15 mars till 15 maj 2018.<\/p>\n<p><b>Utst\u00e4llningen \u00e4r avslutad.<\/b><\/p>\n<p><iframe loading=\"lazy\" src=\"https:\/\/player.vimeo.com\/video\/264268088?app_id=122963\" width=\"750\" height=\"422\" frameborder=\"0\" title=\"Bl&aring; &Ouml;versiktsplan\" webkitallowfullscreen mozallowfullscreen allowfullscreen><\/iframe><\/p>\n<p>&nbsp;<\/p>\n<p>&nbsp;<\/p>\n<p>&nbsp;<\/p>\n<p><a href=\"https:\/\/www.tillvaxtbohuslan.se\/bla-op\/wp-content\/uploads\/sites\/4\/2018\/03\/bla-op-utstallning-foljebrev-180315.pdf\">Bl\u00e5 \u00d6P Utst\u00e4llning f\u00f6ljebrev 2018-03-15<\/a><\/p>\n<p><a href=\"https:\/\/www.tillvaxtbohuslan.se\/bla-op\/wp-content\/uploads\/sites\/4\/2018\/03\/Planbeskrivning_Bla-OP_utstallning_180309_hog.pdf\">Planbeskrivning_Bl\u00e5 \u00d6P_utst\u00e4llning_180309 (h\u00f6g\u00a0uppl\u00f6sning)<\/a><\/p>\n<p><a href=\"https:\/\/www.tillvaxtbohuslan.se\/bla-op\/wp-content\/uploads\/sites\/4\/2018\/03\/Planbeskrivning_Bla-OP_utstallning_180309_lag.pdf\">Planbeskrivning_Bl\u00e5 \u00d6P_utst\u00e4llning_180309 (mindre\u00a0fil)<\/a><\/p>\n<p><a href=\"https:\/\/www.tillvaxtbohuslan.se\/bla-op\/wp-content\/uploads\/sites\/4\/2018\/03\/Planeringsforutsattningar_Bla-OP_utstallning_180309_hog.pdf\">Planeringsf\u00f6ruts\u00e4ttningar_Bl\u00e5 \u00d6P_utst\u00e4llning_180309\u00a0(h\u00f6g\u00a0uppl\u00f6sning)<\/a><\/p>\n<p><a href=\"https:\/\/www.tillvaxtbohuslan.se\/bla-op\/wp-content\/uploads\/sites\/4\/2018\/03\/Planeringsforutsattningar_Bla-OP_utstallning_180309_lag.pdf\">Planeringsf\u00f6ruts\u00e4ttningar_Bl\u00e5 \u00d6P_utst\u00e4llning_180309\u00a0(mindre\u00a0fil)<\/a><\/p>\n<p><a href=\"https:\/\/www.tillvaxtbohuslan.se\/bla-op\/wp-content\/uploads\/sites\/4\/2018\/03\/Rekommendationer_Bla-OP_utstallning_180309_hog.pdf\">Rekommendationer_Bl\u00e5 \u00d6P_utst\u00e4llning_180309_(h\u00f6g\u00a0uppl\u00f6sning)<\/a><\/p>\n<p><a href=\"https:\/\/www.tillvaxtbohuslan.se\/bla-op\/wp-content\/uploads\/sites\/4\/2018\/03\/Rekommendationer_Bla-OP_utstallning_180309_lag.pdf\">Rekommendationskarta_Bl\u00e5 \u00d6P_utst\u00e4llning_180309\u00a0(mindre\u00a0fil)<\/a><\/p>\n<p><a href=\"https:\/\/www.tillvaxtbohuslan.se\/bla-op\/wp-content\/uploads\/sites\/4\/2017\/12\/20171201-Samr\u00e5dsredogorelse-Bl\u00e5-\u00d6P.pdf\">20171201 Samr\u00e5dsredog\u00f6relse Bl\u00e5 \u00d6P<\/a><\/p>\n<h3>Webbkartan kan du kika p\u00e5 h\u00e4r: B<a href=\"http:\/\/lysekil.maps.arcgis.com\/apps\/PublicInformation\/index.html?appid=bf96df926f174cc488a6b8b921bf338b\" target=\"_blank\" rel=\"noopener\">l\u00e5 \u00f6versiktsplan webbkarta<\/a><\/h3>\n<p>&nbsp;<\/p>\n<p><a href=\"http:\/\/lysekil.maps.arcgis.com\/apps\/PublicInformation\/index.html?appid=bf96df926f174cc488a6b8b921bf338b\"><img loading=\"lazy\" decoding=\"async\" class=\"alignnone wp-image-674\" src=\"https:\/\/www.tillvaxtbohuslan.se\/bla-op\/wp-content\/uploads\/sites\/4\/2018\/03\/webbkartan-bild-555x484.jpg\" alt=\"\" width=\"373\" height=\"325\" srcset=\"https:\/\/www.tillvaxtbohuslan.se\/bla-op\/wp-content\/uploads\/sites\/4\/2018\/03\/webbkartan-bild-555x484.jpg 555w, https:\/\/www.tillvaxtbohuslan.se\/bla-op\/wp-content\/uploads\/sites\/4\/2018\/03\/webbkartan-bild-555x484-300x262.jpg 300w\" sizes=\"auto, (max-width: 373px) 100vw, 373px\" \/><\/a><\/p>\n<p>&nbsp;<\/p>\n","protected":false},"excerpt":{"rendered":"<p>De fyra kommunerna i Norra Bohusl\u00e4n &#8211; Str\u00f6mstad, Tanum, Soten\u00e4s och Lysekil arbetar gemensamt med en \u00f6versiktsplan f\u00f6r kustvattendelen och territorialdelen av havet, dvs. det havsomr\u00e5de som innefattas av kommungr\u00e4nserna. Arbetet grundar sig p\u00e5 en l\u00e4ngre tids samarbete med plan- &hellip; <a href=\"https:\/\/www.tillvaxtbohuslan.se\/bla-op\/utstallning-bla-op\/\" title=\"Utst\u00e4llning Bl\u00e5 \u00d6P\">Forts\u00e4tt l\u00e4sa <span class=\"meta-nav\"><i class=\"icon-long-arrow-right\"><\/i><\/span><\/a><\/p>\n","protected":false},"author":6,"featured_media":0,"parent":0,"menu_order":0,"comment_status":"closed","ping_status":"closed","template":"","meta":{"_acf_changed":false,"jetpack_post_was_ever_published":false,"footnotes":""},"class_list":["post-645","page","type-page","status-publish","hentry"],"acf":[],"yoast_head":"<!-- This site is optimized with the Yoast SEO plugin v27.4 - https:\/\/yoast.com\/product\/yoast-seo-wordpress\/ -->\n<title>Utst\u00e4llning Bl\u00e5 \u00d6P - Bl\u00e5 \u00d6versiktsplan<\/title>\n<meta name=\"robots\" content=\"index, follow, max-snippet:-1, max-image-preview:large, max-video-preview:-1\" \/>\n<link rel=\"canonical\" href=\"https:\/\/www.tillvaxtbohuslan.se\/bla-op\/utstallning-bla-op\/\" \/>\n<meta name=\"twitter:label1\" content=\"Ber\u00e4knad l\u00e4stid\" \/>\n\t<meta name=\"twitter:data1\" content=\"1 minut\" \/>\n<script type=\"application\/ld+json\" class=\"yoast-schema-graph\">{\"@context\":\"https:\\\/\\\/schema.org\",\"@graph\":[{\"@type\":\"WebPage\",\"@id\":\"https:\\\/\\\/www.tillvaxtbohuslan.se\\\/bla-op\\\/utstallning-bla-op\\\/\",\"url\":\"https:\\\/\\\/www.tillvaxtbohuslan.se\\\/bla-op\\\/utstallning-bla-op\\\/\",\"name\":\"Utst\u00e4llning Bl\u00e5 \u00d6P - Bl\u00e5 \u00d6versiktsplan\",\"isPartOf\":{\"@id\":\"https:\\\/\\\/www.tillvaxtbohuslan.se\\\/bla-op\\\/#website\"},\"primaryImageOfPage\":{\"@id\":\"https:\\\/\\\/www.tillvaxtbohuslan.se\\\/bla-op\\\/utstallning-bla-op\\\/#primaryimage\"},\"image\":{\"@id\":\"https:\\\/\\\/www.tillvaxtbohuslan.se\\\/bla-op\\\/utstallning-bla-op\\\/#primaryimage\"},\"thumbnailUrl\":\"https:\\\/\\\/www.tillvaxtbohuslan.se\\\/bla-op\\\/wp-content\\\/uploads\\\/sites\\\/4\\\/2018\\\/03\\\/webbkartan-bild-555x484.jpg\",\"datePublished\":\"2017-12-05T06:12:48+00:00\",\"dateModified\":\"2018-06-14T11:58:05+00:00\",\"breadcrumb\":{\"@id\":\"https:\\\/\\\/www.tillvaxtbohuslan.se\\\/bla-op\\\/utstallning-bla-op\\\/#breadcrumb\"},\"inLanguage\":\"sv-SE\",\"potentialAction\":[{\"@type\":\"ReadAction\",\"target\":[\"https:\\\/\\\/www.tillvaxtbohuslan.se\\\/bla-op\\\/utstallning-bla-op\\\/\"]}]},{\"@type\":\"ImageObject\",\"inLanguage\":\"sv-SE\",\"@id\":\"https:\\\/\\\/www.tillvaxtbohuslan.se\\\/bla-op\\\/utstallning-bla-op\\\/#primaryimage\",\"url\":\"https:\\\/\\\/www.tillvaxtbohuslan.se\\\/bla-op\\\/wp-content\\\/uploads\\\/sites\\\/4\\\/2018\\\/03\\\/webbkartan-bild-555x484.jpg\",\"contentUrl\":\"https:\\\/\\\/www.tillvaxtbohuslan.se\\\/bla-op\\\/wp-content\\\/uploads\\\/sites\\\/4\\\/2018\\\/03\\\/webbkartan-bild-555x484.jpg\"},{\"@type\":\"BreadcrumbList\",\"@id\":\"https:\\\/\\\/www.tillvaxtbohuslan.se\\\/bla-op\\\/utstallning-bla-op\\\/#breadcrumb\",\"itemListElement\":[{\"@type\":\"ListItem\",\"position\":1,\"name\":\"Hem\",\"item\":\"https:\\\/\\\/www.tillvaxtbohuslan.se\\\/bla-op\\\/\"},{\"@type\":\"ListItem\",\"position\":2,\"name\":\"Utst\u00e4llning Bl\u00e5 \u00d6P\"}]},{\"@type\":\"WebSite\",\"@id\":\"https:\\\/\\\/www.tillvaxtbohuslan.se\\\/bla-op\\\/#website\",\"url\":\"https:\\\/\\\/www.tillvaxtbohuslan.se\\\/bla-op\\\/\",\"name\":\"Bl\u00e5 \u00d6versiktsplan\",\"description\":\"\",\"potentialAction\":[{\"@type\":\"SearchAction\",\"target\":{\"@type\":\"EntryPoint\",\"urlTemplate\":\"https:\\\/\\\/www.tillvaxtbohuslan.se\\\/bla-op\\\/?s={search_term_string}\"},\"query-input\":{\"@type\":\"PropertyValueSpecification\",\"valueRequired\":true,\"valueName\":\"search_term_string\"}}],\"inLanguage\":\"sv-SE\"}]}<\/script>\n<!-- \/ Yoast SEO plugin. -->","yoast_head_json":{"title":"Utst\u00e4llning Bl\u00e5 \u00d6P - Bl\u00e5 \u00d6versiktsplan","robots":{"index":"index","follow":"follow","max-snippet":"max-snippet:-1","max-image-preview":"max-image-preview:large","max-video-preview":"max-video-preview:-1"},"canonical":"https:\/\/www.tillvaxtbohuslan.se\/bla-op\/utstallning-bla-op\/","twitter_misc":{"Ber\u00e4knad l\u00e4stid":"1 minut"},"schema":{"@context":"https:\/\/schema.org","@graph":[{"@type":"WebPage","@id":"https:\/\/www.tillvaxtbohuslan.se\/bla-op\/utstallning-bla-op\/","url":"https:\/\/www.tillvaxtbohuslan.se\/bla-op\/utstallning-bla-op\/","name":"Utst\u00e4llning Bl\u00e5 \u00d6P - Bl\u00e5 \u00d6versiktsplan","isPartOf":{"@id":"https:\/\/www.tillvaxtbohuslan.se\/bla-op\/#website"},"primaryImageOfPage":{"@id":"https:\/\/www.tillvaxtbohuslan.se\/bla-op\/utstallning-bla-op\/#primaryimage"},"image":{"@id":"https:\/\/www.tillvaxtbohuslan.se\/bla-op\/utstallning-bla-op\/#primaryimage"},"thumbnailUrl":"https:\/\/www.tillvaxtbohuslan.se\/bla-op\/wp-content\/uploads\/sites\/4\/2018\/03\/webbkartan-bild-555x484.jpg","datePublished":"2017-12-05T06:12:48+00:00","dateModified":"2018-06-14T11:58:05+00:00","breadcrumb":{"@id":"https:\/\/www.tillvaxtbohuslan.se\/bla-op\/utstallning-bla-op\/#breadcrumb"},"inLanguage":"sv-SE","potentialAction":[{"@type":"ReadAction","target":["https:\/\/www.tillvaxtbohuslan.se\/bla-op\/utstallning-bla-op\/"]}]},{"@type":"ImageObject","inLanguage":"sv-SE","@id":"https:\/\/www.tillvaxtbohuslan.se\/bla-op\/utstallning-bla-op\/#primaryimage","url":"https:\/\/www.tillvaxtbohuslan.se\/bla-op\/wp-content\/uploads\/sites\/4\/2018\/03\/webbkartan-bild-555x484.jpg","contentUrl":"https:\/\/www.tillvaxtbohuslan.se\/bla-op\/wp-content\/uploads\/sites\/4\/2018\/03\/webbkartan-bild-555x484.jpg"},{"@type":"BreadcrumbList","@id":"https:\/\/www.tillvaxtbohuslan.se\/bla-op\/utstallning-bla-op\/#breadcrumb","itemListElement":[{"@type":"ListItem","position":1,"name":"Hem","item":"https:\/\/www.tillvaxtbohuslan.se\/bla-op\/"},{"@type":"ListItem","position":2,"name":"Utst\u00e4llning Bl\u00e5 \u00d6P"}]},{"@type":"WebSite","@id":"https:\/\/www.tillvaxtbohuslan.se\/bla-op\/#website","url":"https:\/\/www.tillvaxtbohuslan.se\/bla-op\/","name":"Bl\u00e5 \u00d6versiktsplan","description":"","potentialAction":[{"@type":"SearchAction","target":{"@type":"EntryPoint","urlTemplate":"https:\/\/www.tillvaxtbohuslan.se\/bla-op\/?s={search_term_string}"},"query-input":{"@type":"PropertyValueSpecification","valueRequired":true,"valueName":"search_term_string"}}],"inLanguage":"sv-SE"}]}},"jetpack_sharing_enabled":true,"_links":{"self":[{"href":"https:\/\/www.tillvaxtbohuslan.se\/bla-op\/wp-json\/wp\/v2\/pages\/645","targetHints":{"allow":["GET"]}}],"collection":[{"href":"https:\/\/www.tillvaxtbohuslan.se\/bla-op\/wp-json\/wp\/v2\/pages"}],"about":[{"href":"https:\/\/www.tillvaxtbohuslan.se\/bla-op\/wp-json\/wp\/v2\/types\/page"}],"author":[{"embeddable":true,"href":"https:\/\/www.tillvaxtbohuslan.se\/bla-op\/wp-json\/wp\/v2\/users\/6"}],"replies":[{"embeddable":true,"href":"https:\/\/www.tillvaxtbohuslan.se\/bla-op\/wp-json\/wp\/v2\/comments?post=645"}],"version-history":[{"count":20,"href":"https:\/\/www.tillvaxtbohuslan.se\/bla-op\/wp-json\/wp\/v2\/pages\/645\/revisions"}],"predecessor-version":[{"id":705,"href":"https:\/\/www.tillvaxtbohuslan.se\/bla-op\/wp-json\/wp\/v2\/pages\/645\/revisions\/705"}],"wp:attachment":[{"href":"https:\/\/www.tillvaxtbohuslan.se\/bla-op\/wp-json\/wp\/v2\/media?parent=645"}],"curies":[{"name":"wp","href":"https:\/\/api.w.org\/{rel}","templated":true}]}}