{"id":253,"date":"2014-06-17T12:53:59","date_gmt":"2014-06-17T10:53:59","guid":{"rendered":"https:\/\/www.tillvaxtbohuslan.se\/bla-op\/?page_id=253"},"modified":"2015-09-17T14:50:37","modified_gmt":"2015-09-17T12:50:37","slug":"program-bla-oversiktsplan-norra-bohuslan","status":"publish","type":"page","link":"https:\/\/www.tillvaxtbohuslan.se\/bla-op\/program-bla-oversiktsplan-norra-bohuslan\/","title":{"rendered":"Program f\u00f6r Bl\u00e5 \u00d6versiktsplan f\u00f6r norra Bohusl\u00e4n"},"content":{"rendered":"<p>Str\u00f6mstad, Tanum, Soten\u00e4s och Lysekils kommuner g\u00f6r gemensam sak i att planera havet inom kommungr\u00e4nserna. Programmet \u00e4r f\u00f6rsta steget i detta arbete.<\/p>\n<p>Programsamr\u00e5d f\u00f6r <a href=\"https:\/\/www.tillvaxtbohuslan.se\/bla-op\/wp-content\/uploads\/sites\/4\/2014\/06\/ny-bla-op-programhandling-slutgiltig.pdf\" target=\"_blank\">Program f\u00f6r Bl\u00e5 \u00d6versiktsplan f\u00f6r norra Bohusl\u00e4n<\/a>\u00a0gjordes 23\/6-15\/9 2014.<\/p>\n<p><a href=\"https:\/\/www.tillvaxtbohuslan.se\/bla-op\/wp-content\/uploads\/sites\/4\/2014\/06\/ny-bla-op-programhandling-slutgiltig.pdf\" target=\"_blank\">H\u00e4r<\/a> kan du ta del av programmet som \u00e4r basen f\u00f6r det fortsatta arbetet med samr\u00e5dshandlingen som p\u00e5g\u00e5r.<\/p>\n","protected":false},"excerpt":{"rendered":"<p>Str\u00f6mstad, Tanum, Soten\u00e4s och Lysekils kommuner g\u00f6r gemensam sak i att planera havet inom kommungr\u00e4nserna. Programmet \u00e4r f\u00f6rsta steget i detta arbete. Programsamr\u00e5d f\u00f6r Program f\u00f6r Bl\u00e5 \u00d6versiktsplan f\u00f6r norra Bohusl\u00e4n\u00a0gjordes 23\/6-15\/9 2014. H\u00e4r kan du ta del av programmet &hellip; <a href=\"https:\/\/www.tillvaxtbohuslan.se\/bla-op\/program-bla-oversiktsplan-norra-bohuslan\/\" title=\"Program f\u00f6r Bl\u00e5 \u00d6versiktsplan f\u00f6r norra Bohusl\u00e4n\">Forts\u00e4tt l\u00e4sa <span class=\"meta-nav\"><i class=\"icon-long-arrow-right\"><\/i><\/span><\/a><\/p>\n","protected":false},"author":1,"featured_media":0,"parent":0,"menu_order":0,"comment_status":"closed","ping_status":"closed","template":"","meta":{"_acf_changed":false,"jetpack_post_was_ever_published":false,"footnotes":""},"class_list":["post-253","page","type-page","status-publish","hentry"],"acf":[],"yoast_head":"<!-- This site is optimized with the Yoast SEO plugin v27.4 - https:\/\/yoast.com\/product\/yoast-seo-wordpress\/ -->\n<title>Program f\u00f6r Bl\u00e5 \u00d6versiktsplan f\u00f6r norra Bohusl\u00e4n - Bl\u00e5 \u00d6versiktsplan<\/title>\n<meta name=\"description\" content=\"L\u00e4s v\u00e5r programhandling f\u00f6r Bl\u00e5 \u00d6versiktsplan och l\u00e4mna dina \u00e5sikter.\" \/>\n<meta name=\"robots\" content=\"index, follow, max-snippet:-1, max-image-preview:large, max-video-preview:-1\" \/>\n<link rel=\"canonical\" href=\"https:\/\/www.tillvaxtbohuslan.se\/bla-op\/program-bla-oversiktsplan-norra-bohuslan\/\" \/>\n<script type=\"application\/ld+json\" class=\"yoast-schema-graph\">{\"@context\":\"https:\\\/\\\/schema.org\",\"@graph\":[{\"@type\":\"WebPage\",\"@id\":\"https:\\\/\\\/www.tillvaxtbohuslan.se\\\/bla-op\\\/program-bla-oversiktsplan-norra-bohuslan\\\/\",\"url\":\"https:\\\/\\\/www.tillvaxtbohuslan.se\\\/bla-op\\\/program-bla-oversiktsplan-norra-bohuslan\\\/\",\"name\":\"Program f\u00f6r Bl\u00e5 \u00d6versiktsplan f\u00f6r norra Bohusl\u00e4n - Bl\u00e5 \u00d6versiktsplan\",\"isPartOf\":{\"@id\":\"https:\\\/\\\/www.tillvaxtbohuslan.se\\\/bla-op\\\/#website\"},\"datePublished\":\"2014-06-17T10:53:59+00:00\",\"dateModified\":\"2015-09-17T12:50:37+00:00\",\"description\":\"L\u00e4s v\u00e5r programhandling f\u00f6r Bl\u00e5 \u00d6versiktsplan och l\u00e4mna dina \u00e5sikter.\",\"breadcrumb\":{\"@id\":\"https:\\\/\\\/www.tillvaxtbohuslan.se\\\/bla-op\\\/program-bla-oversiktsplan-norra-bohuslan\\\/#breadcrumb\"},\"inLanguage\":\"sv-SE\",\"potentialAction\":[{\"@type\":\"ReadAction\",\"target\":[\"https:\\\/\\\/www.tillvaxtbohuslan.se\\\/bla-op\\\/program-bla-oversiktsplan-norra-bohuslan\\\/\"]}]},{\"@type\":\"BreadcrumbList\",\"@id\":\"https:\\\/\\\/www.tillvaxtbohuslan.se\\\/bla-op\\\/program-bla-oversiktsplan-norra-bohuslan\\\/#breadcrumb\",\"itemListElement\":[{\"@type\":\"ListItem\",\"position\":1,\"name\":\"Hem\",\"item\":\"https:\\\/\\\/www.tillvaxtbohuslan.se\\\/bla-op\\\/\"},{\"@type\":\"ListItem\",\"position\":2,\"name\":\"Program f\u00f6r Bl\u00e5 \u00d6versiktsplan f\u00f6r norra Bohusl\u00e4n\"}]},{\"@type\":\"WebSite\",\"@id\":\"https:\\\/\\\/www.tillvaxtbohuslan.se\\\/bla-op\\\/#website\",\"url\":\"https:\\\/\\\/www.tillvaxtbohuslan.se\\\/bla-op\\\/\",\"name\":\"Bl\u00e5 \u00d6versiktsplan\",\"description\":\"\",\"potentialAction\":[{\"@type\":\"SearchAction\",\"target\":{\"@type\":\"EntryPoint\",\"urlTemplate\":\"https:\\\/\\\/www.tillvaxtbohuslan.se\\\/bla-op\\\/?s={search_term_string}\"},\"query-input\":{\"@type\":\"PropertyValueSpecification\",\"valueRequired\":true,\"valueName\":\"search_term_string\"}}],\"inLanguage\":\"sv-SE\"}]}<\/script>\n<!-- \/ Yoast SEO plugin. -->","yoast_head_json":{"title":"Program f\u00f6r Bl\u00e5 \u00d6versiktsplan f\u00f6r norra Bohusl\u00e4n - Bl\u00e5 \u00d6versiktsplan","description":"L\u00e4s v\u00e5r programhandling f\u00f6r Bl\u00e5 \u00d6versiktsplan och l\u00e4mna dina \u00e5sikter.","robots":{"index":"index","follow":"follow","max-snippet":"max-snippet:-1","max-image-preview":"max-image-preview:large","max-video-preview":"max-video-preview:-1"},"canonical":"https:\/\/www.tillvaxtbohuslan.se\/bla-op\/program-bla-oversiktsplan-norra-bohuslan\/","schema":{"@context":"https:\/\/schema.org","@graph":[{"@type":"WebPage","@id":"https:\/\/www.tillvaxtbohuslan.se\/bla-op\/program-bla-oversiktsplan-norra-bohuslan\/","url":"https:\/\/www.tillvaxtbohuslan.se\/bla-op\/program-bla-oversiktsplan-norra-bohuslan\/","name":"Program f\u00f6r Bl\u00e5 \u00d6versiktsplan f\u00f6r norra Bohusl\u00e4n - Bl\u00e5 \u00d6versiktsplan","isPartOf":{"@id":"https:\/\/www.tillvaxtbohuslan.se\/bla-op\/#website"},"datePublished":"2014-06-17T10:53:59+00:00","dateModified":"2015-09-17T12:50:37+00:00","description":"L\u00e4s v\u00e5r programhandling f\u00f6r Bl\u00e5 \u00d6versiktsplan och l\u00e4mna dina \u00e5sikter.","breadcrumb":{"@id":"https:\/\/www.tillvaxtbohuslan.se\/bla-op\/program-bla-oversiktsplan-norra-bohuslan\/#breadcrumb"},"inLanguage":"sv-SE","potentialAction":[{"@type":"ReadAction","target":["https:\/\/www.tillvaxtbohuslan.se\/bla-op\/program-bla-oversiktsplan-norra-bohuslan\/"]}]},{"@type":"BreadcrumbList","@id":"https:\/\/www.tillvaxtbohuslan.se\/bla-op\/program-bla-oversiktsplan-norra-bohuslan\/#breadcrumb","itemListElement":[{"@type":"ListItem","position":1,"name":"Hem","item":"https:\/\/www.tillvaxtbohuslan.se\/bla-op\/"},{"@type":"ListItem","position":2,"name":"Program f\u00f6r Bl\u00e5 \u00d6versiktsplan f\u00f6r norra Bohusl\u00e4n"}]},{"@type":"WebSite","@id":"https:\/\/www.tillvaxtbohuslan.se\/bla-op\/#website","url":"https:\/\/www.tillvaxtbohuslan.se\/bla-op\/","name":"Bl\u00e5 \u00d6versiktsplan","description":"","potentialAction":[{"@type":"SearchAction","target":{"@type":"EntryPoint","urlTemplate":"https:\/\/www.tillvaxtbohuslan.se\/bla-op\/?s={search_term_string}"},"query-input":{"@type":"PropertyValueSpecification","valueRequired":true,"valueName":"search_term_string"}}],"inLanguage":"sv-SE"}]}},"jetpack_sharing_enabled":true,"_links":{"self":[{"href":"https:\/\/www.tillvaxtbohuslan.se\/bla-op\/wp-json\/wp\/v2\/pages\/253","targetHints":{"allow":["GET"]}}],"collection":[{"href":"https:\/\/www.tillvaxtbohuslan.se\/bla-op\/wp-json\/wp\/v2\/pages"}],"about":[{"href":"https:\/\/www.tillvaxtbohuslan.se\/bla-op\/wp-json\/wp\/v2\/types\/page"}],"author":[{"embeddable":true,"href":"https:\/\/www.tillvaxtbohuslan.se\/bla-op\/wp-json\/wp\/v2\/users\/1"}],"replies":[{"embeddable":true,"href":"https:\/\/www.tillvaxtbohuslan.se\/bla-op\/wp-json\/wp\/v2\/comments?post=253"}],"version-history":[{"count":21,"href":"https:\/\/www.tillvaxtbohuslan.se\/bla-op\/wp-json\/wp\/v2\/pages\/253\/revisions"}],"predecessor-version":[{"id":419,"href":"https:\/\/www.tillvaxtbohuslan.se\/bla-op\/wp-json\/wp\/v2\/pages\/253\/revisions\/419"}],"wp:attachment":[{"href":"https:\/\/www.tillvaxtbohuslan.se\/bla-op\/wp-json\/wp\/v2\/media?parent=253"}],"curies":[{"name":"wp","href":"https:\/\/api.w.org\/{rel}","templated":true}]}}