{"id":144,"date":"2014-04-04T12:36:45","date_gmt":"2014-04-04T10:36:45","guid":{"rendered":"https:\/\/www.tillvaxtbohuslan.se\/bla-op\/?page_id=144"},"modified":"2016-12-14T14:18:49","modified_gmt":"2016-12-14T13:18:49","slug":"maritim-naringslivsstrategi","status":"publish","type":"page","link":"https:\/\/www.tillvaxtbohuslan.se\/bla-op\/maritim-naringslivsstrategi\/","title":{"rendered":"Maritim N\u00e4ringslivsstrategi"},"content":{"rendered":"<h3>Maritim N\u00e4ringslivsstrategi<\/h3>\n<p><img loading=\"lazy\" decoding=\"async\" class=\"alignright wp-image-512 size-medium\" src=\"https:\/\/www.tillvaxtbohuslan.se\/bla-op\/wp-content\/uploads\/sites\/4\/2014\/04\/Flickan-och-krabban-268x300.jpg\" alt=\"flickan-och-krabban\" width=\"268\" height=\"300\" srcset=\"https:\/\/www.tillvaxtbohuslan.se\/bla-op\/wp-content\/uploads\/sites\/4\/2014\/04\/Flickan-och-krabban-268x300.jpg 268w, https:\/\/www.tillvaxtbohuslan.se\/bla-op\/wp-content\/uploads\/sites\/4\/2014\/04\/Flickan-och-krabban-768x858.jpg 768w, https:\/\/www.tillvaxtbohuslan.se\/bla-op\/wp-content\/uploads\/sites\/4\/2014\/04\/Flickan-och-krabban-916x1024.jpg 916w, https:\/\/www.tillvaxtbohuslan.se\/bla-op\/wp-content\/uploads\/sites\/4\/2014\/04\/Flickan-och-krabban-497x555.jpg 497w\" sizes=\"auto, (max-width: 268px) 100vw, 268px\" \/>Efter mycket h\u00e5rt arbete fr\u00e5n samtliga parter s\u00e5 kan vi nu gl\u00e4djande nog meddela att strategin \u00e4r antagen i samtliga kommuner.<\/p>\n<p>Det \u00e4r m\u00e5nga intressen som konkurrerar om havet som resurs. D\u00e4rf\u00f6r beh\u00f6vs ett gemensamt\u00a0 f\u00f6rh\u00e5llningss\u00e4tt som l\u00e5ngsiktigt b\u00e5de skyddar och utvecklar livet p\u00e5, i och vid havet i norra Bohusl\u00e4n.<\/p>\n<p>Ett robust, h\u00e5llbart n\u00e4ringsliv som hittat havets djupa m\u00f6jligheter. Ett n\u00e4ringsliv i symbios med rekreation och turism d\u00e4r tillst\u00e5ndsgivning \u00e4r ansvarsfull, v\u00e4l f\u00f6rberedd, rak och snabb. Samh\u00e4llen d\u00e4r kommunerna arbetar tillsammans med varandra och med n\u00e4ringslivet i en gemensam planering som v\u00e4rnar den unika milj\u00f6n och dess m\u00f6jligheter p\u00e5 ett sj\u00e4lvklart s\u00e4tt.<\/p>\n<p>Den maritima n\u00e4ringslivsstrategin \u00e4r n\u00e4ra sammankopplad och \u00f6msesidigt beroende av den Bl\u00e5 \u00d6P:n. Initialt har f\u00f6retr\u00e4dare f\u00f6r branscher kopplade till havet och beroende av havsn\u00e4ra l\u00e4gen och kvaliteter f\u00e5tt l\u00e4mna synpunkter i intervjuer, dialoger, eller m\u00f6ten. Detta underlag tillsammans med existerande utredningar, strategier och bakgrundsfakta utg\u00f6r basen f\u00f6r denna strategi.<\/p>\n<p>Nu kan strategin anv\u00e4ndas i praktiken f\u00f6r att forts\u00e4tta utveckla Bohusl\u00e4ns n\u00e4ringsliv i symbios med havet och mellan olika akt\u00f6rer. Vi hoppas att detta dokument ska hj\u00e4lpa n\u00e4ringsidkare, politiker och inv\u00e5nare att ta kloka och l\u00e5ngsiktiga beslut med respekt f\u00f6r havet.<\/p>\n<p>&nbsp;<\/p>\n<h2>Strategi och Underlag<\/h2>\n<p>Strategin finns i tv\u00e5 versioner en kort utan underlaget och en l\u00e4ngre omfattande skrift.<\/p>\n<p><a href=\"https:\/\/www.tillvaxtbohuslan.se\/bla-op\/wp-content\/uploads\/sites\/4\/2014\/04\/2016-06-10_Maritim-N\u00e4ringslivsstrategi_del1.pdf\">2016-06-13_Maritim-N\u00e4ringslivsstrategi_del1<\/a><br \/>\n<a href=\"https:\/\/www.tillvaxtbohuslan.se\/bla-op\/wp-content\/uploads\/sites\/4\/2014\/04\/2016-09-09_Antagandehandling-och-underlag-Maritim-N\u00e4ringslivsstrategi_hela.pdf\">Antagandehandling och underlag-Maritim-N\u00e4ringslivsstrategi_hela<\/a><\/p>\n<p>&nbsp;<\/p>\n","protected":false},"excerpt":{"rendered":"<p>Maritim N\u00e4ringslivsstrategi Efter mycket h\u00e5rt arbete fr\u00e5n samtliga parter s\u00e5 kan vi nu gl\u00e4djande nog meddela att strategin \u00e4r antagen i samtliga kommuner. Det \u00e4r m\u00e5nga intressen som konkurrerar om havet som resurs. D\u00e4rf\u00f6r beh\u00f6vs ett gemensamt\u00a0 f\u00f6rh\u00e5llningss\u00e4tt som l\u00e5ngsiktigt &hellip; <a href=\"https:\/\/www.tillvaxtbohuslan.se\/bla-op\/maritim-naringslivsstrategi\/\" title=\"Maritim N\u00e4ringslivsstrategi\">Forts\u00e4tt l\u00e4sa <span class=\"meta-nav\"><i class=\"icon-long-arrow-right\"><\/i><\/span><\/a><\/p>\n","protected":false},"author":1,"featured_media":0,"parent":0,"menu_order":0,"comment_status":"closed","ping_status":"open","template":"","meta":{"_acf_changed":false,"jetpack_post_was_ever_published":false,"footnotes":""},"class_list":["post-144","page","type-page","status-publish","hentry"],"acf":[],"yoast_head":"<!-- This site is optimized with the Yoast SEO plugin v27.4 - https:\/\/yoast.com\/product\/yoast-seo-wordpress\/ -->\n<title>Maritim N\u00e4ringslivsstrategi - Bl\u00e5 \u00d6versiktsplan<\/title>\n<meta name=\"robots\" content=\"index, follow, max-snippet:-1, max-image-preview:large, max-video-preview:-1\" \/>\n<link rel=\"canonical\" href=\"https:\/\/www.tillvaxtbohuslan.se\/bla-op\/maritim-naringslivsstrategi\/\" \/>\n<meta name=\"twitter:label1\" content=\"Ber\u00e4knad l\u00e4stid\" \/>\n\t<meta name=\"twitter:data1\" content=\"1 minut\" \/>\n<script type=\"application\/ld+json\" class=\"yoast-schema-graph\">{\"@context\":\"https:\\\/\\\/schema.org\",\"@graph\":[{\"@type\":\"WebPage\",\"@id\":\"https:\\\/\\\/www.tillvaxtbohuslan.se\\\/bla-op\\\/maritim-naringslivsstrategi\\\/\",\"url\":\"https:\\\/\\\/www.tillvaxtbohuslan.se\\\/bla-op\\\/maritim-naringslivsstrategi\\\/\",\"name\":\"Maritim N\u00e4ringslivsstrategi - Bl\u00e5 \u00d6versiktsplan\",\"isPartOf\":{\"@id\":\"https:\\\/\\\/www.tillvaxtbohuslan.se\\\/bla-op\\\/#website\"},\"primaryImageOfPage\":{\"@id\":\"https:\\\/\\\/www.tillvaxtbohuslan.se\\\/bla-op\\\/maritim-naringslivsstrategi\\\/#primaryimage\"},\"image\":{\"@id\":\"https:\\\/\\\/www.tillvaxtbohuslan.se\\\/bla-op\\\/maritim-naringslivsstrategi\\\/#primaryimage\"},\"thumbnailUrl\":\"https:\\\/\\\/www.tillvaxtbohuslan.se\\\/bla-op\\\/wp-content\\\/uploads\\\/sites\\\/4\\\/2014\\\/04\\\/Flickan-och-krabban-268x300.jpg\",\"datePublished\":\"2014-04-04T10:36:45+00:00\",\"dateModified\":\"2016-12-14T13:18:49+00:00\",\"breadcrumb\":{\"@id\":\"https:\\\/\\\/www.tillvaxtbohuslan.se\\\/bla-op\\\/maritim-naringslivsstrategi\\\/#breadcrumb\"},\"inLanguage\":\"sv-SE\",\"potentialAction\":[{\"@type\":\"ReadAction\",\"target\":[\"https:\\\/\\\/www.tillvaxtbohuslan.se\\\/bla-op\\\/maritim-naringslivsstrategi\\\/\"]}]},{\"@type\":\"ImageObject\",\"inLanguage\":\"sv-SE\",\"@id\":\"https:\\\/\\\/www.tillvaxtbohuslan.se\\\/bla-op\\\/maritim-naringslivsstrategi\\\/#primaryimage\",\"url\":\"https:\\\/\\\/www.tillvaxtbohuslan.se\\\/bla-op\\\/wp-content\\\/uploads\\\/sites\\\/4\\\/2014\\\/04\\\/Flickan-och-krabban.jpg\",\"contentUrl\":\"https:\\\/\\\/www.tillvaxtbohuslan.se\\\/bla-op\\\/wp-content\\\/uploads\\\/sites\\\/4\\\/2014\\\/04\\\/Flickan-och-krabban.jpg\",\"width\":2480,\"height\":2772},{\"@type\":\"BreadcrumbList\",\"@id\":\"https:\\\/\\\/www.tillvaxtbohuslan.se\\\/bla-op\\\/maritim-naringslivsstrategi\\\/#breadcrumb\",\"itemListElement\":[{\"@type\":\"ListItem\",\"position\":1,\"name\":\"Hem\",\"item\":\"https:\\\/\\\/www.tillvaxtbohuslan.se\\\/bla-op\\\/\"},{\"@type\":\"ListItem\",\"position\":2,\"name\":\"Maritim N\u00e4ringslivsstrategi\"}]},{\"@type\":\"WebSite\",\"@id\":\"https:\\\/\\\/www.tillvaxtbohuslan.se\\\/bla-op\\\/#website\",\"url\":\"https:\\\/\\\/www.tillvaxtbohuslan.se\\\/bla-op\\\/\",\"name\":\"Bl\u00e5 \u00d6versiktsplan\",\"description\":\"\",\"potentialAction\":[{\"@type\":\"SearchAction\",\"target\":{\"@type\":\"EntryPoint\",\"urlTemplate\":\"https:\\\/\\\/www.tillvaxtbohuslan.se\\\/bla-op\\\/?s={search_term_string}\"},\"query-input\":{\"@type\":\"PropertyValueSpecification\",\"valueRequired\":true,\"valueName\":\"search_term_string\"}}],\"inLanguage\":\"sv-SE\"}]}<\/script>\n<!-- \/ Yoast SEO plugin. -->","yoast_head_json":{"title":"Maritim N\u00e4ringslivsstrategi - Bl\u00e5 \u00d6versiktsplan","robots":{"index":"index","follow":"follow","max-snippet":"max-snippet:-1","max-image-preview":"max-image-preview:large","max-video-preview":"max-video-preview:-1"},"canonical":"https:\/\/www.tillvaxtbohuslan.se\/bla-op\/maritim-naringslivsstrategi\/","twitter_misc":{"Ber\u00e4knad l\u00e4stid":"1 minut"},"schema":{"@context":"https:\/\/schema.org","@graph":[{"@type":"WebPage","@id":"https:\/\/www.tillvaxtbohuslan.se\/bla-op\/maritim-naringslivsstrategi\/","url":"https:\/\/www.tillvaxtbohuslan.se\/bla-op\/maritim-naringslivsstrategi\/","name":"Maritim N\u00e4ringslivsstrategi - Bl\u00e5 \u00d6versiktsplan","isPartOf":{"@id":"https:\/\/www.tillvaxtbohuslan.se\/bla-op\/#website"},"primaryImageOfPage":{"@id":"https:\/\/www.tillvaxtbohuslan.se\/bla-op\/maritim-naringslivsstrategi\/#primaryimage"},"image":{"@id":"https:\/\/www.tillvaxtbohuslan.se\/bla-op\/maritim-naringslivsstrategi\/#primaryimage"},"thumbnailUrl":"https:\/\/www.tillvaxtbohuslan.se\/bla-op\/wp-content\/uploads\/sites\/4\/2014\/04\/Flickan-och-krabban-268x300.jpg","datePublished":"2014-04-04T10:36:45+00:00","dateModified":"2016-12-14T13:18:49+00:00","breadcrumb":{"@id":"https:\/\/www.tillvaxtbohuslan.se\/bla-op\/maritim-naringslivsstrategi\/#breadcrumb"},"inLanguage":"sv-SE","potentialAction":[{"@type":"ReadAction","target":["https:\/\/www.tillvaxtbohuslan.se\/bla-op\/maritim-naringslivsstrategi\/"]}]},{"@type":"ImageObject","inLanguage":"sv-SE","@id":"https:\/\/www.tillvaxtbohuslan.se\/bla-op\/maritim-naringslivsstrategi\/#primaryimage","url":"https:\/\/www.tillvaxtbohuslan.se\/bla-op\/wp-content\/uploads\/sites\/4\/2014\/04\/Flickan-och-krabban.jpg","contentUrl":"https:\/\/www.tillvaxtbohuslan.se\/bla-op\/wp-content\/uploads\/sites\/4\/2014\/04\/Flickan-och-krabban.jpg","width":2480,"height":2772},{"@type":"BreadcrumbList","@id":"https:\/\/www.tillvaxtbohuslan.se\/bla-op\/maritim-naringslivsstrategi\/#breadcrumb","itemListElement":[{"@type":"ListItem","position":1,"name":"Hem","item":"https:\/\/www.tillvaxtbohuslan.se\/bla-op\/"},{"@type":"ListItem","position":2,"name":"Maritim N\u00e4ringslivsstrategi"}]},{"@type":"WebSite","@id":"https:\/\/www.tillvaxtbohuslan.se\/bla-op\/#website","url":"https:\/\/www.tillvaxtbohuslan.se\/bla-op\/","name":"Bl\u00e5 \u00d6versiktsplan","description":"","potentialAction":[{"@type":"SearchAction","target":{"@type":"EntryPoint","urlTemplate":"https:\/\/www.tillvaxtbohuslan.se\/bla-op\/?s={search_term_string}"},"query-input":{"@type":"PropertyValueSpecification","valueRequired":true,"valueName":"search_term_string"}}],"inLanguage":"sv-SE"}]}},"jetpack_sharing_enabled":true,"_links":{"self":[{"href":"https:\/\/www.tillvaxtbohuslan.se\/bla-op\/wp-json\/wp\/v2\/pages\/144","targetHints":{"allow":["GET"]}}],"collection":[{"href":"https:\/\/www.tillvaxtbohuslan.se\/bla-op\/wp-json\/wp\/v2\/pages"}],"about":[{"href":"https:\/\/www.tillvaxtbohuslan.se\/bla-op\/wp-json\/wp\/v2\/types\/page"}],"author":[{"embeddable":true,"href":"https:\/\/www.tillvaxtbohuslan.se\/bla-op\/wp-json\/wp\/v2\/users\/1"}],"replies":[{"embeddable":true,"href":"https:\/\/www.tillvaxtbohuslan.se\/bla-op\/wp-json\/wp\/v2\/comments?post=144"}],"version-history":[{"count":34,"href":"https:\/\/www.tillvaxtbohuslan.se\/bla-op\/wp-json\/wp\/v2\/pages\/144\/revisions"}],"predecessor-version":[{"id":514,"href":"https:\/\/www.tillvaxtbohuslan.se\/bla-op\/wp-json\/wp\/v2\/pages\/144\/revisions\/514"}],"wp:attachment":[{"href":"https:\/\/www.tillvaxtbohuslan.se\/bla-op\/wp-json\/wp\/v2\/media?parent=144"}],"curies":[{"name":"wp","href":"https:\/\/api.w.org\/{rel}","templated":true}]}}