{"id":10,"date":"2014-03-26T12:39:29","date_gmt":"2014-03-26T11:39:29","guid":{"rendered":"https:\/\/www.tillvaxtbohuslan.se\/bla-op\/?page_id=10"},"modified":"2017-04-19T11:05:46","modified_gmt":"2017-04-19T09:05:46","slug":"finansiarer","status":"publish","type":"page","link":"https:\/\/www.tillvaxtbohuslan.se\/bla-op\/finansiarer\/","title":{"rendered":"Finansi\u00e4rer"},"content":{"rendered":"<p><img loading=\"lazy\" decoding=\"async\" class=\"alignnone  wp-image-632\" src=\"https:\/\/www.tillvaxtbohuslan.se\/bla-op\/wp-content\/uploads\/sites\/4\/2014\/03\/bild-samtliga-loggor.jpg\" alt=\"\" width=\"654\" height=\"570\" srcset=\"https:\/\/www.tillvaxtbohuslan.se\/bla-op\/wp-content\/uploads\/sites\/4\/2014\/03\/bild-samtliga-loggor.jpg 737w, https:\/\/www.tillvaxtbohuslan.se\/bla-op\/wp-content\/uploads\/sites\/4\/2014\/03\/bild-samtliga-loggor-300x262.jpg 300w, https:\/\/www.tillvaxtbohuslan.se\/bla-op\/wp-content\/uploads\/sites\/4\/2014\/03\/bild-samtliga-loggor-555x484.jpg 555w\" sizes=\"auto, (max-width: 654px) 100vw, 654px\" \/><\/p>\n","protected":false},"excerpt":{"rendered":"","protected":false},"author":1,"featured_media":0,"parent":0,"menu_order":0,"comment_status":"closed","ping_status":"open","template":"","meta":{"_acf_changed":false,"jetpack_post_was_ever_published":false,"footnotes":""},"class_list":["post-10","page","type-page","status-publish","hentry"],"acf":[],"yoast_head":"<!-- This site is optimized with the Yoast SEO plugin v27.4 - https:\/\/yoast.com\/product\/yoast-seo-wordpress\/ -->\n<title>Finansi\u00e4rer - Bl\u00e5 \u00d6versiktsplan<\/title>\n<meta name=\"robots\" content=\"index, follow, max-snippet:-1, max-image-preview:large, max-video-preview:-1\" \/>\n<link rel=\"canonical\" href=\"https:\/\/www.tillvaxtbohuslan.se\/bla-op\/finansiarer\/\" \/>\n<script type=\"application\/ld+json\" class=\"yoast-schema-graph\">{\"@context\":\"https:\\\/\\\/schema.org\",\"@graph\":[{\"@type\":\"WebPage\",\"@id\":\"https:\\\/\\\/www.tillvaxtbohuslan.se\\\/bla-op\\\/finansiarer\\\/\",\"url\":\"https:\\\/\\\/www.tillvaxtbohuslan.se\\\/bla-op\\\/finansiarer\\\/\",\"name\":\"Finansi\u00e4rer - Bl\u00e5 \u00d6versiktsplan\",\"isPartOf\":{\"@id\":\"https:\\\/\\\/www.tillvaxtbohuslan.se\\\/bla-op\\\/#website\"},\"primaryImageOfPage\":{\"@id\":\"https:\\\/\\\/www.tillvaxtbohuslan.se\\\/bla-op\\\/finansiarer\\\/#primaryimage\"},\"image\":{\"@id\":\"https:\\\/\\\/www.tillvaxtbohuslan.se\\\/bla-op\\\/finansiarer\\\/#primaryimage\"},\"thumbnailUrl\":\"https:\\\/\\\/www.tillvaxtbohuslan.se\\\/bla-op\\\/wp-content\\\/uploads\\\/sites\\\/4\\\/2014\\\/03\\\/bild-samtliga-loggor.jpg\",\"datePublished\":\"2014-03-26T11:39:29+00:00\",\"dateModified\":\"2017-04-19T09:05:46+00:00\",\"breadcrumb\":{\"@id\":\"https:\\\/\\\/www.tillvaxtbohuslan.se\\\/bla-op\\\/finansiarer\\\/#breadcrumb\"},\"inLanguage\":\"sv-SE\",\"potentialAction\":[{\"@type\":\"ReadAction\",\"target\":[\"https:\\\/\\\/www.tillvaxtbohuslan.se\\\/bla-op\\\/finansiarer\\\/\"]}]},{\"@type\":\"ImageObject\",\"inLanguage\":\"sv-SE\",\"@id\":\"https:\\\/\\\/www.tillvaxtbohuslan.se\\\/bla-op\\\/finansiarer\\\/#primaryimage\",\"url\":\"https:\\\/\\\/www.tillvaxtbohuslan.se\\\/bla-op\\\/wp-content\\\/uploads\\\/sites\\\/4\\\/2014\\\/03\\\/bild-samtliga-loggor.jpg\",\"contentUrl\":\"https:\\\/\\\/www.tillvaxtbohuslan.se\\\/bla-op\\\/wp-content\\\/uploads\\\/sites\\\/4\\\/2014\\\/03\\\/bild-samtliga-loggor.jpg\",\"width\":737,\"height\":643},{\"@type\":\"BreadcrumbList\",\"@id\":\"https:\\\/\\\/www.tillvaxtbohuslan.se\\\/bla-op\\\/finansiarer\\\/#breadcrumb\",\"itemListElement\":[{\"@type\":\"ListItem\",\"position\":1,\"name\":\"Hem\",\"item\":\"https:\\\/\\\/www.tillvaxtbohuslan.se\\\/bla-op\\\/\"},{\"@type\":\"ListItem\",\"position\":2,\"name\":\"Finansi\u00e4rer\"}]},{\"@type\":\"WebSite\",\"@id\":\"https:\\\/\\\/www.tillvaxtbohuslan.se\\\/bla-op\\\/#website\",\"url\":\"https:\\\/\\\/www.tillvaxtbohuslan.se\\\/bla-op\\\/\",\"name\":\"Bl\u00e5 \u00d6versiktsplan\",\"description\":\"\",\"potentialAction\":[{\"@type\":\"SearchAction\",\"target\":{\"@type\":\"EntryPoint\",\"urlTemplate\":\"https:\\\/\\\/www.tillvaxtbohuslan.se\\\/bla-op\\\/?s={search_term_string}\"},\"query-input\":{\"@type\":\"PropertyValueSpecification\",\"valueRequired\":true,\"valueName\":\"search_term_string\"}}],\"inLanguage\":\"sv-SE\"}]}<\/script>\n<!-- \/ Yoast SEO plugin. -->","yoast_head_json":{"title":"Finansi\u00e4rer - Bl\u00e5 \u00d6versiktsplan","robots":{"index":"index","follow":"follow","max-snippet":"max-snippet:-1","max-image-preview":"max-image-preview:large","max-video-preview":"max-video-preview:-1"},"canonical":"https:\/\/www.tillvaxtbohuslan.se\/bla-op\/finansiarer\/","schema":{"@context":"https:\/\/schema.org","@graph":[{"@type":"WebPage","@id":"https:\/\/www.tillvaxtbohuslan.se\/bla-op\/finansiarer\/","url":"https:\/\/www.tillvaxtbohuslan.se\/bla-op\/finansiarer\/","name":"Finansi\u00e4rer - Bl\u00e5 \u00d6versiktsplan","isPartOf":{"@id":"https:\/\/www.tillvaxtbohuslan.se\/bla-op\/#website"},"primaryImageOfPage":{"@id":"https:\/\/www.tillvaxtbohuslan.se\/bla-op\/finansiarer\/#primaryimage"},"image":{"@id":"https:\/\/www.tillvaxtbohuslan.se\/bla-op\/finansiarer\/#primaryimage"},"thumbnailUrl":"https:\/\/www.tillvaxtbohuslan.se\/bla-op\/wp-content\/uploads\/sites\/4\/2014\/03\/bild-samtliga-loggor.jpg","datePublished":"2014-03-26T11:39:29+00:00","dateModified":"2017-04-19T09:05:46+00:00","breadcrumb":{"@id":"https:\/\/www.tillvaxtbohuslan.se\/bla-op\/finansiarer\/#breadcrumb"},"inLanguage":"sv-SE","potentialAction":[{"@type":"ReadAction","target":["https:\/\/www.tillvaxtbohuslan.se\/bla-op\/finansiarer\/"]}]},{"@type":"ImageObject","inLanguage":"sv-SE","@id":"https:\/\/www.tillvaxtbohuslan.se\/bla-op\/finansiarer\/#primaryimage","url":"https:\/\/www.tillvaxtbohuslan.se\/bla-op\/wp-content\/uploads\/sites\/4\/2014\/03\/bild-samtliga-loggor.jpg","contentUrl":"https:\/\/www.tillvaxtbohuslan.se\/bla-op\/wp-content\/uploads\/sites\/4\/2014\/03\/bild-samtliga-loggor.jpg","width":737,"height":643},{"@type":"BreadcrumbList","@id":"https:\/\/www.tillvaxtbohuslan.se\/bla-op\/finansiarer\/#breadcrumb","itemListElement":[{"@type":"ListItem","position":1,"name":"Hem","item":"https:\/\/www.tillvaxtbohuslan.se\/bla-op\/"},{"@type":"ListItem","position":2,"name":"Finansi\u00e4rer"}]},{"@type":"WebSite","@id":"https:\/\/www.tillvaxtbohuslan.se\/bla-op\/#website","url":"https:\/\/www.tillvaxtbohuslan.se\/bla-op\/","name":"Bl\u00e5 \u00d6versiktsplan","description":"","potentialAction":[{"@type":"SearchAction","target":{"@type":"EntryPoint","urlTemplate":"https:\/\/www.tillvaxtbohuslan.se\/bla-op\/?s={search_term_string}"},"query-input":{"@type":"PropertyValueSpecification","valueRequired":true,"valueName":"search_term_string"}}],"inLanguage":"sv-SE"}]}},"jetpack_sharing_enabled":true,"_links":{"self":[{"href":"https:\/\/www.tillvaxtbohuslan.se\/bla-op\/wp-json\/wp\/v2\/pages\/10","targetHints":{"allow":["GET"]}}],"collection":[{"href":"https:\/\/www.tillvaxtbohuslan.se\/bla-op\/wp-json\/wp\/v2\/pages"}],"about":[{"href":"https:\/\/www.tillvaxtbohuslan.se\/bla-op\/wp-json\/wp\/v2\/types\/page"}],"author":[{"embeddable":true,"href":"https:\/\/www.tillvaxtbohuslan.se\/bla-op\/wp-json\/wp\/v2\/users\/1"}],"replies":[{"embeddable":true,"href":"https:\/\/www.tillvaxtbohuslan.se\/bla-op\/wp-json\/wp\/v2\/comments?post=10"}],"version-history":[{"count":9,"href":"https:\/\/www.tillvaxtbohuslan.se\/bla-op\/wp-json\/wp\/v2\/pages\/10\/revisions"}],"predecessor-version":[{"id":633,"href":"https:\/\/www.tillvaxtbohuslan.se\/bla-op\/wp-json\/wp\/v2\/pages\/10\/revisions\/633"}],"wp:attachment":[{"href":"https:\/\/www.tillvaxtbohuslan.se\/bla-op\/wp-json\/wp\/v2\/media?parent=10"}],"curies":[{"name":"wp","href":"https:\/\/api.w.org\/{rel}","templated":true}]}}