{"id":2,"date":"2014-02-19T14:39:28","date_gmt":"2014-02-19T13:39:28","guid":{"rendered":"https:\/\/www.tillvaxtbohuslan.se\/testar\/?page_id=2"},"modified":"2014-09-09T15:51:52","modified_gmt":"2014-09-09T13:51:52","slug":"startsida-dop-om-mig-till-ratt-namn-och-byt-ut-permalank","status":"publish","type":"page","link":"https:\/\/www.tillvaxtbohuslan.se\/besoksrad-norra-bohuslan\/","title":{"rendered":"Bes\u00f6ksr\u00e5d norra Bohusl\u00e4n"},"content":{"rendered":"<div>\n<p>Norra Bohusl\u00e4n \u00e4r en uppskattad och m\u00e5ngsidig destination. Men f\u00f6r att kunna utvecklas p\u00e5 ett h\u00e5llbart s\u00e4tt och beh\u00e5lla sin attraktionskraft beh\u00f6vde kommunerna en gemensam strategi, ett f\u00f6rdjupat samarbete och en gemensam, l\u00e5ngsiktigt h\u00e5llbar organisation.<\/p>\n<p><b>M\u00e5l<br \/>\n<\/b>M\u00e5let var att utveckla norra Bohusl\u00e4n som en h\u00e5llbar turismdestination \u00e5ret runt. Ett delm\u00e5l var att utveckla den gemensamma marknadsf\u00f6ringen.<\/p>\n<p><b>Lokalt n\u00e4ringsliv i fokus<br \/>\n<\/b>Den nya paraplyorganisationen skulle till sin verksamhet och finansiering vara en samlande f\u00f6retr\u00e4dare f\u00f6r turismn\u00e4ringen och baseras p\u00e5 n\u00e4ringslivets gemensamma behov i norra Bohusl\u00e4n. Arbetet i organisationen utgick fr\u00e5n behov och \u00f6nskem\u00e5l i de lokala n\u00e4ringslivsorganisationerna, det vill s\u00e4ga turistorganisationerna, f\u00f6retagarf\u00f6reningarna och k\u00f6pmannaf\u00f6reningarna.<\/p>\n<p><b>Gemensam strategi<br \/>\n<\/b>Turistorganisationerna skulle utveckla en gemensam aff\u00e4rs- och marknadsplan f\u00f6r omr\u00e5det och sedan arbeta tillsammans efter den. De politiska organisationerna i norra Bohusl\u00e4n utformade en gemensam strategi f\u00f6r bes\u00f6ksn\u00e4ringen. I projektet medverkade \u00e4ven turismn\u00e4ringen f\u00f6r att \u00f6ka sitt samarbete och bli starkare tillsammans.<\/p>\n<\/div>\n","protected":false},"excerpt":{"rendered":"<p>Norra Bohusl\u00e4n \u00e4r en uppskattad och m\u00e5ngsidig destination. Men f\u00f6r att kunna utvecklas p\u00e5 ett h\u00e5llbart s\u00e4tt och beh\u00e5lla sin attraktionskraft beh\u00f6vde kommunerna en gemensam strategi, ett f\u00f6rdjupat samarbete och en gemensam, l\u00e5ngsiktigt h\u00e5llbar organisation. M\u00e5l M\u00e5let var att utveckla &hellip; <a href=\"https:\/\/www.tillvaxtbohuslan.se\/besoksrad-norra-bohuslan\/\" title=\"Bes\u00f6ksr\u00e5d norra Bohusl\u00e4n\">Forts\u00e4tt l\u00e4sa <span class=\"meta-nav\"><i class=\"icon-long-arrow-right\"><\/i><\/span><\/a><\/p>\n","protected":false},"author":1,"featured_media":0,"parent":0,"menu_order":0,"comment_status":"closed","ping_status":"closed","template":"","meta":{"_acf_changed":false,"footnotes":""},"class_list":["post-2","page","type-page","status-publish","hentry"],"acf":[],"yoast_head":"<!-- This site is optimized with the Yoast SEO plugin v27.4 - https:\/\/yoast.com\/product\/yoast-seo-wordpress\/ -->\n<title>Bes\u00f6ksr\u00e5d norra Bohusl\u00e4n - Bes\u00f6ksr\u00e5d norra Bohusl\u00e4n<\/title>\n<meta name=\"robots\" content=\"index, follow, max-snippet:-1, max-image-preview:large, max-video-preview:-1\" \/>\n<link rel=\"canonical\" href=\"https:\/\/www.tillvaxtbohuslan.se\/besoksrad-norra-bohuslan\/\" \/>\n<meta name=\"twitter:label1\" content=\"Ber\u00e4knad l\u00e4stid\" \/>\n\t<meta name=\"twitter:data1\" content=\"1 minut\" \/>\n<script type=\"application\/ld+json\" class=\"yoast-schema-graph\">{\"@context\":\"https:\\\/\\\/schema.org\",\"@graph\":[{\"@type\":\"WebPage\",\"@id\":\"https:\\\/\\\/www.tillvaxtbohuslan.se\\\/besoksrad-norra-bohuslan\\\/\",\"url\":\"https:\\\/\\\/www.tillvaxtbohuslan.se\\\/besoksrad-norra-bohuslan\\\/\",\"name\":\"Bes\u00f6ksr\u00e5d norra Bohusl\u00e4n - Bes\u00f6ksr\u00e5d norra Bohusl\u00e4n\",\"isPartOf\":{\"@id\":\"https:\\\/\\\/www.tillvaxtbohuslan.se\\\/besoksrad-norra-bohuslan\\\/#website\"},\"datePublished\":\"2014-02-19T13:39:28+00:00\",\"dateModified\":\"2014-09-09T13:51:52+00:00\",\"breadcrumb\":{\"@id\":\"https:\\\/\\\/www.tillvaxtbohuslan.se\\\/besoksrad-norra-bohuslan\\\/#breadcrumb\"},\"inLanguage\":\"sv-SE\",\"potentialAction\":[{\"@type\":\"ReadAction\",\"target\":[\"https:\\\/\\\/www.tillvaxtbohuslan.se\\\/besoksrad-norra-bohuslan\\\/\"]}]},{\"@type\":\"BreadcrumbList\",\"@id\":\"https:\\\/\\\/www.tillvaxtbohuslan.se\\\/besoksrad-norra-bohuslan\\\/#breadcrumb\",\"itemListElement\":[{\"@type\":\"ListItem\",\"position\":1,\"name\":\"Hem\",\"item\":\"https:\\\/\\\/www.tillvaxtbohuslan.se\\\/besoksrad-norra-bohuslan\\\/\"},{\"@type\":\"ListItem\",\"position\":2,\"name\":\"Bes\u00f6ksr\u00e5d norra Bohusl\u00e4n\"}]},{\"@type\":\"WebSite\",\"@id\":\"https:\\\/\\\/www.tillvaxtbohuslan.se\\\/besoksrad-norra-bohuslan\\\/#website\",\"url\":\"https:\\\/\\\/www.tillvaxtbohuslan.se\\\/besoksrad-norra-bohuslan\\\/\",\"name\":\"Bes\u00f6ksr\u00e5d norra Bohusl\u00e4n\",\"description\":\"\",\"potentialAction\":[{\"@type\":\"SearchAction\",\"target\":{\"@type\":\"EntryPoint\",\"urlTemplate\":\"https:\\\/\\\/www.tillvaxtbohuslan.se\\\/besoksrad-norra-bohuslan\\\/?s={search_term_string}\"},\"query-input\":{\"@type\":\"PropertyValueSpecification\",\"valueRequired\":true,\"valueName\":\"search_term_string\"}}],\"inLanguage\":\"sv-SE\"}]}<\/script>\n<!-- \/ Yoast SEO plugin. -->","yoast_head_json":{"title":"Bes\u00f6ksr\u00e5d norra Bohusl\u00e4n - Bes\u00f6ksr\u00e5d norra Bohusl\u00e4n","robots":{"index":"index","follow":"follow","max-snippet":"max-snippet:-1","max-image-preview":"max-image-preview:large","max-video-preview":"max-video-preview:-1"},"canonical":"https:\/\/www.tillvaxtbohuslan.se\/besoksrad-norra-bohuslan\/","twitter_misc":{"Ber\u00e4knad l\u00e4stid":"1 minut"},"schema":{"@context":"https:\/\/schema.org","@graph":[{"@type":"WebPage","@id":"https:\/\/www.tillvaxtbohuslan.se\/besoksrad-norra-bohuslan\/","url":"https:\/\/www.tillvaxtbohuslan.se\/besoksrad-norra-bohuslan\/","name":"Bes\u00f6ksr\u00e5d norra Bohusl\u00e4n - Bes\u00f6ksr\u00e5d norra Bohusl\u00e4n","isPartOf":{"@id":"https:\/\/www.tillvaxtbohuslan.se\/besoksrad-norra-bohuslan\/#website"},"datePublished":"2014-02-19T13:39:28+00:00","dateModified":"2014-09-09T13:51:52+00:00","breadcrumb":{"@id":"https:\/\/www.tillvaxtbohuslan.se\/besoksrad-norra-bohuslan\/#breadcrumb"},"inLanguage":"sv-SE","potentialAction":[{"@type":"ReadAction","target":["https:\/\/www.tillvaxtbohuslan.se\/besoksrad-norra-bohuslan\/"]}]},{"@type":"BreadcrumbList","@id":"https:\/\/www.tillvaxtbohuslan.se\/besoksrad-norra-bohuslan\/#breadcrumb","itemListElement":[{"@type":"ListItem","position":1,"name":"Hem","item":"https:\/\/www.tillvaxtbohuslan.se\/besoksrad-norra-bohuslan\/"},{"@type":"ListItem","position":2,"name":"Bes\u00f6ksr\u00e5d norra Bohusl\u00e4n"}]},{"@type":"WebSite","@id":"https:\/\/www.tillvaxtbohuslan.se\/besoksrad-norra-bohuslan\/#website","url":"https:\/\/www.tillvaxtbohuslan.se\/besoksrad-norra-bohuslan\/","name":"Bes\u00f6ksr\u00e5d norra Bohusl\u00e4n","description":"","potentialAction":[{"@type":"SearchAction","target":{"@type":"EntryPoint","urlTemplate":"https:\/\/www.tillvaxtbohuslan.se\/besoksrad-norra-bohuslan\/?s={search_term_string}"},"query-input":{"@type":"PropertyValueSpecification","valueRequired":true,"valueName":"search_term_string"}}],"inLanguage":"sv-SE"}]}},"_links":{"self":[{"href":"https:\/\/www.tillvaxtbohuslan.se\/besoksrad-norra-bohuslan\/wp-json\/wp\/v2\/pages\/2","targetHints":{"allow":["GET"]}}],"collection":[{"href":"https:\/\/www.tillvaxtbohuslan.se\/besoksrad-norra-bohuslan\/wp-json\/wp\/v2\/pages"}],"about":[{"href":"https:\/\/www.tillvaxtbohuslan.se\/besoksrad-norra-bohuslan\/wp-json\/wp\/v2\/types\/page"}],"author":[{"embeddable":true,"href":"https:\/\/www.tillvaxtbohuslan.se\/besoksrad-norra-bohuslan\/wp-json\/wp\/v2\/users\/1"}],"replies":[{"embeddable":true,"href":"https:\/\/www.tillvaxtbohuslan.se\/besoksrad-norra-bohuslan\/wp-json\/wp\/v2\/comments?post=2"}],"version-history":[{"count":13,"href":"https:\/\/www.tillvaxtbohuslan.se\/besoksrad-norra-bohuslan\/wp-json\/wp\/v2\/pages\/2\/revisions"}],"predecessor-version":[{"id":182,"href":"https:\/\/www.tillvaxtbohuslan.se\/besoksrad-norra-bohuslan\/wp-json\/wp\/v2\/pages\/2\/revisions\/182"}],"wp:attachment":[{"href":"https:\/\/www.tillvaxtbohuslan.se\/besoksrad-norra-bohuslan\/wp-json\/wp\/v2\/media?parent=2"}],"curies":[{"name":"wp","href":"https:\/\/api.w.org\/{rel}","templated":true}]}}