{"id":149,"date":"2014-03-26T16:24:25","date_gmt":"2014-03-26T15:24:25","guid":{"rendered":"https:\/\/www.tillvaxtbohuslan.se\/besoksrad-norra-bohuslan\/?page_id=149"},"modified":"2014-09-09T15:51:53","modified_gmt":"2014-09-09T13:51:53","slug":"finansiarer","status":"publish","type":"page","link":"https:\/\/www.tillvaxtbohuslan.se\/besoksrad-norra-bohuslan\/finansiarer\/","title":{"rendered":"Finansi\u00e4rer"},"content":{"rendered":"<div><a title=\" (l\u00e4nk till annan webbplats)\" href=\"http:\/\/www.vastsverige.com\" target=\"_blank\">V\u00e4stsvenska Turistr\u00e5det<br \/>\n<\/a><a href=\"https:\/\/www.tillvaxtbohuslan.se\/samarbetsprojekt\/leaderranrikenorrabohuslan.4.4f12e2b41399619c73cf43.html\" target=\"_blank\">Leader Ranrike<br \/>\nNorra Bohusl\u00e4n<br \/>\n<\/a><a title=\" (l\u00e4nk till annan webbplats)\" href=\"http:\/\/www.vastsverige.com\/lysekil\" target=\"_blank\">Lysekils Turistbyr\u00e5 AB<br \/>\n<\/a><a title=\" (l\u00e4nk till annan webbplats)\" href=\"http:\/\/www.foretagarna.se\/\" target=\"_blank\">F\u00f6retagarna Munkedal<br \/>\n<\/a><a title=\" (l\u00e4nk till annan webbplats)\" href=\"http:\/\/www.vastsverige.com\/sv\/sotenas\/\" target=\"_blank\">Soten\u00e4s Turism<br \/>\n<\/a><a title=\" (l\u00e4nk till annan webbplats)\" href=\"http:\/\/www.vastsverige.com\/sv\/stromstad\/\" target=\"_blank\">Str\u00f6mstad Tourist<br \/>\n<\/a><a title=\" (l\u00e4nk till annan webbplats)\" href=\"http:\/\/www.tanumshamn.se\/\" target=\"_blank\">Tanums Hamn &amp; Turism<\/a><\/div>\n","protected":false},"excerpt":{"rendered":"<p>V\u00e4stsvenska Turistr\u00e5det Leader Ranrike Norra Bohusl\u00e4n Lysekils Turistbyr\u00e5 AB F\u00f6retagarna Munkedal Soten\u00e4s Turism Str\u00f6mstad Tourist Tanums Hamn &amp; Turism<\/p>\n","protected":false},"author":1,"featured_media":0,"parent":0,"menu_order":0,"comment_status":"closed","ping_status":"closed","template":"","meta":{"_acf_changed":false,"footnotes":""},"class_list":["post-149","page","type-page","status-publish","hentry"],"acf":[],"yoast_head":"<!-- This site is optimized with the Yoast SEO plugin v27.4 - https:\/\/yoast.com\/product\/yoast-seo-wordpress\/ -->\n<title>Finansi\u00e4rer - Bes\u00f6ksr\u00e5d norra Bohusl\u00e4n<\/title>\n<meta name=\"robots\" content=\"index, follow, max-snippet:-1, max-image-preview:large, max-video-preview:-1\" \/>\n<link rel=\"canonical\" href=\"https:\/\/www.tillvaxtbohuslan.se\/besoksrad-norra-bohuslan\/finansiarer\/\" \/>\n<script type=\"application\/ld+json\" class=\"yoast-schema-graph\">{\"@context\":\"https:\\\/\\\/schema.org\",\"@graph\":[{\"@type\":\"WebPage\",\"@id\":\"https:\\\/\\\/www.tillvaxtbohuslan.se\\\/besoksrad-norra-bohuslan\\\/finansiarer\\\/\",\"url\":\"https:\\\/\\\/www.tillvaxtbohuslan.se\\\/besoksrad-norra-bohuslan\\\/finansiarer\\\/\",\"name\":\"Finansi\u00e4rer - Bes\u00f6ksr\u00e5d norra Bohusl\u00e4n\",\"isPartOf\":{\"@id\":\"https:\\\/\\\/www.tillvaxtbohuslan.se\\\/besoksrad-norra-bohuslan\\\/#website\"},\"datePublished\":\"2014-03-26T15:24:25+00:00\",\"dateModified\":\"2014-09-09T13:51:53+00:00\",\"breadcrumb\":{\"@id\":\"https:\\\/\\\/www.tillvaxtbohuslan.se\\\/besoksrad-norra-bohuslan\\\/finansiarer\\\/#breadcrumb\"},\"inLanguage\":\"sv-SE\",\"potentialAction\":[{\"@type\":\"ReadAction\",\"target\":[\"https:\\\/\\\/www.tillvaxtbohuslan.se\\\/besoksrad-norra-bohuslan\\\/finansiarer\\\/\"]}]},{\"@type\":\"BreadcrumbList\",\"@id\":\"https:\\\/\\\/www.tillvaxtbohuslan.se\\\/besoksrad-norra-bohuslan\\\/finansiarer\\\/#breadcrumb\",\"itemListElement\":[{\"@type\":\"ListItem\",\"position\":1,\"name\":\"Hem\",\"item\":\"https:\\\/\\\/www.tillvaxtbohuslan.se\\\/besoksrad-norra-bohuslan\\\/\"},{\"@type\":\"ListItem\",\"position\":2,\"name\":\"Finansi\u00e4rer\"}]},{\"@type\":\"WebSite\",\"@id\":\"https:\\\/\\\/www.tillvaxtbohuslan.se\\\/besoksrad-norra-bohuslan\\\/#website\",\"url\":\"https:\\\/\\\/www.tillvaxtbohuslan.se\\\/besoksrad-norra-bohuslan\\\/\",\"name\":\"Bes\u00f6ksr\u00e5d norra Bohusl\u00e4n\",\"description\":\"\",\"potentialAction\":[{\"@type\":\"SearchAction\",\"target\":{\"@type\":\"EntryPoint\",\"urlTemplate\":\"https:\\\/\\\/www.tillvaxtbohuslan.se\\\/besoksrad-norra-bohuslan\\\/?s={search_term_string}\"},\"query-input\":{\"@type\":\"PropertyValueSpecification\",\"valueRequired\":true,\"valueName\":\"search_term_string\"}}],\"inLanguage\":\"sv-SE\"}]}<\/script>\n<!-- \/ Yoast SEO plugin. -->","yoast_head_json":{"title":"Finansi\u00e4rer - Bes\u00f6ksr\u00e5d norra Bohusl\u00e4n","robots":{"index":"index","follow":"follow","max-snippet":"max-snippet:-1","max-image-preview":"max-image-preview:large","max-video-preview":"max-video-preview:-1"},"canonical":"https:\/\/www.tillvaxtbohuslan.se\/besoksrad-norra-bohuslan\/finansiarer\/","schema":{"@context":"https:\/\/schema.org","@graph":[{"@type":"WebPage","@id":"https:\/\/www.tillvaxtbohuslan.se\/besoksrad-norra-bohuslan\/finansiarer\/","url":"https:\/\/www.tillvaxtbohuslan.se\/besoksrad-norra-bohuslan\/finansiarer\/","name":"Finansi\u00e4rer - Bes\u00f6ksr\u00e5d norra Bohusl\u00e4n","isPartOf":{"@id":"https:\/\/www.tillvaxtbohuslan.se\/besoksrad-norra-bohuslan\/#website"},"datePublished":"2014-03-26T15:24:25+00:00","dateModified":"2014-09-09T13:51:53+00:00","breadcrumb":{"@id":"https:\/\/www.tillvaxtbohuslan.se\/besoksrad-norra-bohuslan\/finansiarer\/#breadcrumb"},"inLanguage":"sv-SE","potentialAction":[{"@type":"ReadAction","target":["https:\/\/www.tillvaxtbohuslan.se\/besoksrad-norra-bohuslan\/finansiarer\/"]}]},{"@type":"BreadcrumbList","@id":"https:\/\/www.tillvaxtbohuslan.se\/besoksrad-norra-bohuslan\/finansiarer\/#breadcrumb","itemListElement":[{"@type":"ListItem","position":1,"name":"Hem","item":"https:\/\/www.tillvaxtbohuslan.se\/besoksrad-norra-bohuslan\/"},{"@type":"ListItem","position":2,"name":"Finansi\u00e4rer"}]},{"@type":"WebSite","@id":"https:\/\/www.tillvaxtbohuslan.se\/besoksrad-norra-bohuslan\/#website","url":"https:\/\/www.tillvaxtbohuslan.se\/besoksrad-norra-bohuslan\/","name":"Bes\u00f6ksr\u00e5d norra Bohusl\u00e4n","description":"","potentialAction":[{"@type":"SearchAction","target":{"@type":"EntryPoint","urlTemplate":"https:\/\/www.tillvaxtbohuslan.se\/besoksrad-norra-bohuslan\/?s={search_term_string}"},"query-input":{"@type":"PropertyValueSpecification","valueRequired":true,"valueName":"search_term_string"}}],"inLanguage":"sv-SE"}]}},"_links":{"self":[{"href":"https:\/\/www.tillvaxtbohuslan.se\/besoksrad-norra-bohuslan\/wp-json\/wp\/v2\/pages\/149","targetHints":{"allow":["GET"]}}],"collection":[{"href":"https:\/\/www.tillvaxtbohuslan.se\/besoksrad-norra-bohuslan\/wp-json\/wp\/v2\/pages"}],"about":[{"href":"https:\/\/www.tillvaxtbohuslan.se\/besoksrad-norra-bohuslan\/wp-json\/wp\/v2\/types\/page"}],"author":[{"embeddable":true,"href":"https:\/\/www.tillvaxtbohuslan.se\/besoksrad-norra-bohuslan\/wp-json\/wp\/v2\/users\/1"}],"replies":[{"embeddable":true,"href":"https:\/\/www.tillvaxtbohuslan.se\/besoksrad-norra-bohuslan\/wp-json\/wp\/v2\/comments?post=149"}],"version-history":[{"count":2,"href":"https:\/\/www.tillvaxtbohuslan.se\/besoksrad-norra-bohuslan\/wp-json\/wp\/v2\/pages\/149\/revisions"}],"predecessor-version":[{"id":151,"href":"https:\/\/www.tillvaxtbohuslan.se\/besoksrad-norra-bohuslan\/wp-json\/wp\/v2\/pages\/149\/revisions\/151"}],"wp:attachment":[{"href":"https:\/\/www.tillvaxtbohuslan.se\/besoksrad-norra-bohuslan\/wp-json\/wp\/v2\/media?parent=149"}],"curies":[{"name":"wp","href":"https:\/\/api.w.org\/{rel}","templated":true}]}}