{"id":21,"date":"2014-02-19T16:38:18","date_gmt":"2014-02-19T15:38:18","guid":{"rendered":"https:\/\/www.tillvaxtbohuslan.se\/attraktiv-kust\/?page_id=21"},"modified":"2014-09-09T15:49:16","modified_gmt":"2014-09-09T13:49:16","slug":"finansiarer","status":"publish","type":"page","link":"https:\/\/www.tillvaxtbohuslan.se\/attraktiv-kust\/finansiarer\/","title":{"rendered":"Finansi\u00e4rer"},"content":{"rendered":"<p><a href=\"http:\/\/www.vgregion.se\/sv\/Vastra-Gotalandsregionen\/startsida\/Regionutveckling\/\" target=\"_blank\">V\u00e4stra G\u00f6talandsregionenRegionutveckling<\/a><br \/>\n<a href=\"http:\/\/www.vgregion.se\/sv\/Vastra-Gotalandsregionen\/startsida\/Miljo\/\" target=\"_blank\">V\u00e4stra G\u00f6talandsregionen Milj\u00f6<\/a><br \/>\n<a href=\"http:\/\/www.naturvardsverket.se\/sv\/Start\/Naturvard\/\" target=\"_blank\">Naturv\u00e5rdsverket<\/a><br \/>\n<a href=\"http:\/\/www.havsmiljoinstitutet.se\/seminarier\/regionalaseminarier\/goteborg\/\" target=\"_blank\">Havsmilj\u00f6institutet\/G\u00f6teborgs universitet<\/a><br \/>\n<a href=\"http:\/\/www.vastkuststiftelsen.se\/\" target=\"_blank\">V\u00e4stkuststiftelsen<\/a><br \/>\n<a href=\"http:\/\/www.vastsverige.com\/sv\/vastsvenska-turistradet\/Press\/Artiklar\/Bildbanken---Vastsvenska-Turistradet\/\" target=\"_blank\">V\u00e4stsvenska Turistr\u00e5det<\/a><br \/>\n<a href=\"http:\/\/www.lysekil.se\/\" target=\"_blank\">Lysekils kommun<\/a><br \/>\n<a href=\"http:\/\/www.sotenas.se\/\" target=\"_blank\">Soten\u00e4s kommun<\/a><br \/>\n<a href=\"http:\/\/www.stromstad.se\/startsida.5935.html\" target=\"_blank\">Str\u00f6mstads kommun<\/a><br \/>\n<a href=\"http:\/\/www.tanum.se\/\" target=\"_blank\">Tanums kommun<\/a><\/p>\n","protected":false},"excerpt":{"rendered":"<p>V\u00e4stra G\u00f6talandsregionenRegionutveckling V\u00e4stra G\u00f6talandsregionen Milj\u00f6 Naturv\u00e5rdsverket Havsmilj\u00f6institutet\/G\u00f6teborgs universitet V\u00e4stkuststiftelsen V\u00e4stsvenska Turistr\u00e5det Lysekils kommun Soten\u00e4s kommun Str\u00f6mstads kommun Tanums kommun<\/p>\n","protected":false},"author":1,"featured_media":0,"parent":0,"menu_order":0,"comment_status":"closed","ping_status":"open","template":"","meta":{"_acf_changed":false,"footnotes":""},"class_list":["post-21","page","type-page","status-publish","hentry"],"acf":[],"yoast_head":"<!-- This site is optimized with the Yoast SEO plugin v27.4 - https:\/\/yoast.com\/product\/yoast-seo-wordpress\/ -->\n<title>Finansi\u00e4rer - Attraktiv kust<\/title>\n<meta name=\"robots\" content=\"index, follow, max-snippet:-1, max-image-preview:large, max-video-preview:-1\" \/>\n<link rel=\"canonical\" href=\"https:\/\/www.tillvaxtbohuslan.se\/attraktiv-kust\/finansiarer\/\" \/>\n<script type=\"application\/ld+json\" class=\"yoast-schema-graph\">{\"@context\":\"https:\\\/\\\/schema.org\",\"@graph\":[{\"@type\":\"WebPage\",\"@id\":\"https:\\\/\\\/www.tillvaxtbohuslan.se\\\/attraktiv-kust\\\/finansiarer\\\/\",\"url\":\"https:\\\/\\\/www.tillvaxtbohuslan.se\\\/attraktiv-kust\\\/finansiarer\\\/\",\"name\":\"Finansi\u00e4rer - Attraktiv kust\",\"isPartOf\":{\"@id\":\"https:\\\/\\\/www.tillvaxtbohuslan.se\\\/attraktiv-kust\\\/#website\"},\"datePublished\":\"2014-02-19T15:38:18+00:00\",\"dateModified\":\"2014-09-09T13:49:16+00:00\",\"breadcrumb\":{\"@id\":\"https:\\\/\\\/www.tillvaxtbohuslan.se\\\/attraktiv-kust\\\/finansiarer\\\/#breadcrumb\"},\"inLanguage\":\"sv-SE\",\"potentialAction\":[{\"@type\":\"ReadAction\",\"target\":[\"https:\\\/\\\/www.tillvaxtbohuslan.se\\\/attraktiv-kust\\\/finansiarer\\\/\"]}]},{\"@type\":\"BreadcrumbList\",\"@id\":\"https:\\\/\\\/www.tillvaxtbohuslan.se\\\/attraktiv-kust\\\/finansiarer\\\/#breadcrumb\",\"itemListElement\":[{\"@type\":\"ListItem\",\"position\":1,\"name\":\"Hem\",\"item\":\"https:\\\/\\\/www.tillvaxtbohuslan.se\\\/attraktiv-kust\\\/\"},{\"@type\":\"ListItem\",\"position\":2,\"name\":\"Finansi\u00e4rer\"}]},{\"@type\":\"WebSite\",\"@id\":\"https:\\\/\\\/www.tillvaxtbohuslan.se\\\/attraktiv-kust\\\/#website\",\"url\":\"https:\\\/\\\/www.tillvaxtbohuslan.se\\\/attraktiv-kust\\\/\",\"name\":\"Attraktiv kust\",\"description\":\"\",\"potentialAction\":[{\"@type\":\"SearchAction\",\"target\":{\"@type\":\"EntryPoint\",\"urlTemplate\":\"https:\\\/\\\/www.tillvaxtbohuslan.se\\\/attraktiv-kust\\\/?s={search_term_string}\"},\"query-input\":{\"@type\":\"PropertyValueSpecification\",\"valueRequired\":true,\"valueName\":\"search_term_string\"}}],\"inLanguage\":\"sv-SE\"}]}<\/script>\n<!-- \/ Yoast SEO plugin. -->","yoast_head_json":{"title":"Finansi\u00e4rer - Attraktiv kust","robots":{"index":"index","follow":"follow","max-snippet":"max-snippet:-1","max-image-preview":"max-image-preview:large","max-video-preview":"max-video-preview:-1"},"canonical":"https:\/\/www.tillvaxtbohuslan.se\/attraktiv-kust\/finansiarer\/","schema":{"@context":"https:\/\/schema.org","@graph":[{"@type":"WebPage","@id":"https:\/\/www.tillvaxtbohuslan.se\/attraktiv-kust\/finansiarer\/","url":"https:\/\/www.tillvaxtbohuslan.se\/attraktiv-kust\/finansiarer\/","name":"Finansi\u00e4rer - Attraktiv kust","isPartOf":{"@id":"https:\/\/www.tillvaxtbohuslan.se\/attraktiv-kust\/#website"},"datePublished":"2014-02-19T15:38:18+00:00","dateModified":"2014-09-09T13:49:16+00:00","breadcrumb":{"@id":"https:\/\/www.tillvaxtbohuslan.se\/attraktiv-kust\/finansiarer\/#breadcrumb"},"inLanguage":"sv-SE","potentialAction":[{"@type":"ReadAction","target":["https:\/\/www.tillvaxtbohuslan.se\/attraktiv-kust\/finansiarer\/"]}]},{"@type":"BreadcrumbList","@id":"https:\/\/www.tillvaxtbohuslan.se\/attraktiv-kust\/finansiarer\/#breadcrumb","itemListElement":[{"@type":"ListItem","position":1,"name":"Hem","item":"https:\/\/www.tillvaxtbohuslan.se\/attraktiv-kust\/"},{"@type":"ListItem","position":2,"name":"Finansi\u00e4rer"}]},{"@type":"WebSite","@id":"https:\/\/www.tillvaxtbohuslan.se\/attraktiv-kust\/#website","url":"https:\/\/www.tillvaxtbohuslan.se\/attraktiv-kust\/","name":"Attraktiv kust","description":"","potentialAction":[{"@type":"SearchAction","target":{"@type":"EntryPoint","urlTemplate":"https:\/\/www.tillvaxtbohuslan.se\/attraktiv-kust\/?s={search_term_string}"},"query-input":{"@type":"PropertyValueSpecification","valueRequired":true,"valueName":"search_term_string"}}],"inLanguage":"sv-SE"}]}},"_links":{"self":[{"href":"https:\/\/www.tillvaxtbohuslan.se\/attraktiv-kust\/wp-json\/wp\/v2\/pages\/21","targetHints":{"allow":["GET"]}}],"collection":[{"href":"https:\/\/www.tillvaxtbohuslan.se\/attraktiv-kust\/wp-json\/wp\/v2\/pages"}],"about":[{"href":"https:\/\/www.tillvaxtbohuslan.se\/attraktiv-kust\/wp-json\/wp\/v2\/types\/page"}],"author":[{"embeddable":true,"href":"https:\/\/www.tillvaxtbohuslan.se\/attraktiv-kust\/wp-json\/wp\/v2\/users\/1"}],"replies":[{"embeddable":true,"href":"https:\/\/www.tillvaxtbohuslan.se\/attraktiv-kust\/wp-json\/wp\/v2\/comments?post=21"}],"version-history":[{"count":9,"href":"https:\/\/www.tillvaxtbohuslan.se\/attraktiv-kust\/wp-json\/wp\/v2\/pages\/21\/revisions"}],"predecessor-version":[{"id":165,"href":"https:\/\/www.tillvaxtbohuslan.se\/attraktiv-kust\/wp-json\/wp\/v2\/pages\/21\/revisions\/165"}],"wp:attachment":[{"href":"https:\/\/www.tillvaxtbohuslan.se\/attraktiv-kust\/wp-json\/wp\/v2\/media?parent=21"}],"curies":[{"name":"wp","href":"https:\/\/api.w.org\/{rel}","templated":true}]}}